{"id":3701,"date":"2026-01-09T21:01:12","date_gmt":"2026-01-09T13:01:12","guid":{"rendered":"https:\/\/www.hongyitube.com\/?post_type=product&#038;p=3701"},"modified":"2026-01-09T21:01:12","modified_gmt":"2026-01-09T13:01:12","slug":"semi-transparent-light-yellow-pearlescent-35mm-id-pe-soft-tube-packaging-container-with-a-capacity-of-75-ml-hongyi-plastic","status":"publish","type":"product","link":"https:\/\/www.hongyitube.com\/pt\/product\/semi-transparent-light-yellow-pearlescent-35mm-id-pe-soft-tube-packaging-container-with-a-capacity-of-75-ml-hongyi-plastic\/","title":{"rendered":"Contenedor semi-transparente, amarelo claro e perlelescente de 35mm ID PE tubo mole embalagem com uma capacidade de 75 ml.- Hongyi Plastic"},"content":{"rendered":"<p>Hongyi[UNK]PlasticSemi-transparent, amarelo claro, contedor de embalagem de tubo mole PE 35mm ID com uma capacidade de 75 ml.<\/p>\n<p>&nbsp;<\/p>\n<p>&nbsp;<\/p>\n<ol>\n<li>Descri\u00e7\u00e3o do recipiente de embalagem semi-transparente, amarelo claro, de tubo mole PE 35mm ID com capacidade de 75 ml:<\/li>\n<\/ol>\n<p>Este recipiente de embalagem de tubos moles PE amarelo e semi-transparente de di\u00e2metro 35 mm \u00e9 um recipiente de embalagem de tubos moles PE de di\u00e2metro 35 mm com uma filosofia est\u00e9tica b\u00e1sica centrada em \u201ctextura quente e cl\u00e1ssicos sem tempo\u201d. Tem uma capacidade de 75 mililitros. O corpo do tubo apresenta um material \u00fanico \u201csemi-transparente efeito de perla amarela clara\u201d, dando-lhe uma apar\u00eancia quente e transl\u00facida semelhante a ambra, mel, ou os primeiros raios de luz solar. A luz interage suavemente com sua superf\u00edcie e interior, produzindo refra\u00e7\u00f5es sutis e efeitos parecidos com perlas. Toda informa\u00e7\u00e3o do produto \u00e9 claramente mostrada em ambos os lados atrav\u00e9s de impress\u00e3o negra simples, criando um contraste cl\u00e1ssico e de alto contraste com o corpo do tubo quente. A embalagem apresenta um projeto de cap a de screw de alta qualidade, completado com um capa de screw de alta qualidade de perlas da mesma cor que o corpo do tubo, assegurando uma unidade visual e completidade n\u00e3o comparada entre o corpo do tubo e o capa em termos de cor, textura e lustro. O design \u00e9 simples e natural.<\/p>\n<p>O material do recipiente de embalagem de tubos moles PE semi-transparentes, amarelos claros, de 35 mm ID, com uma capacidade de 75 ml<\/p>\n<ul>\n<li>Material prim\u00e1rio: Material composto PE amarelo claro projetado personalizado. atrav\u00e9s da combina\u00e7\u00e3o precisa de masterbatch especial de perlas e masterbatch semi-transparente de cores, este material atinge um excelente equil\u00edbrio de transpar\u00eancia sutil, uma cor de base quente e efeitos delicados de brilho de perlas, superando a textura de pl\u00e1sticos de cores comuns.<\/li>\n<li>Propriedades chave: Apesar de manter excelente flexibilidade, possui uma resist\u00eancia excepcional ao envelhecimento ultravioleto, assegurando que a cor amarela n\u00e3o desaparece ou a cor n\u00e3o perde seu lustro mesmo ap\u00f3s uso prolongado ou exibi\u00e7\u00e3o.<\/li>\n<li>Seguran\u00e7a: Compliante com padr\u00f5es globais para materiais usados em contato com alimentos e farmac\u00eauticos. As propriedades qu\u00edmicas do material s \u00e3o est\u00e1veis e inertes, tornando-o adequado para uma ampla gama de conte\u00fados de formula\u00e7\u00e3o.<\/li>\n<\/ul>\n<p><strong><b>Aplica\u00e7\u00f5es recomendadas <\/b><\/strong>\"<\/p>\n<p>Utiliza\u00e7\u00e3o recomendada para este recipiente de embalagem de tubos moles semi-transparentes, amarelos claros, de 35 mm ID PE com capacidade de 75 ml<\/p>\n<p>A ind\u00fastria da beleza e da pele.<\/p>\n<p>&nbsp;<\/p>\n<ul>\n<li>O mercado feminino: cremas de m\u00e3o de alto n\u00edvel, balmas de l\u00e1bios naturais, \u00f3leos de cuidado corporal e produtos alimentares com \u201cmel\u201d, \u201cpropolis de abelhas\u201d ou \u201cbuckthorn marinho\u201d como ingredientes essenciais. A cor amarela quente e o final de perlas transmitem uma mensagem forte de \"alimenta\u00e7\u00e3o natural\", \"cuidado luxuoso\", e \"eleg\u00e2ncia cl\u00e1ssica\".<\/li>\n<li>Mercado masculino: Lo\u00e7\u00e3o de cuidado ap\u00f3s rasar com uma base cl\u00e1ssica de col\u00f4nia, lot\u00e3o corporal cheirosa de couro e creme de cuidado de cabelo de alto n\u00edvel. O design unificado no mesmo esquema de cores exude eleg\u00e2ncia subestimada. A cor amarelo quente mitiga um sentido de frio, incorporando uma est\u00e9tica masculina sofisticada e refinada.<\/li>\n<li>Mercado infantil: N\u00e3o \u00e9 aplic\u00e1vel. As texturas semi-transparentes e iridescentes s \u00e3o muito sofisticadas e elegantes, o que n\u00e3o se alinha com a linguagem de design necess\u00e1ria para os produtos infantis, que deveriam ser intuitivos, brilhantes e brincantes.<\/li>\n<\/ul>\n<p>&nbsp;<\/p>\n<p>A ind\u00fastria de agentes mec\u00e2nicos de manuten\u00e7\u00e3o para produtos farmac\u00eauticos de engrenagem.<\/p>\n<p>&nbsp;<\/p>\n<ul>\n<li>Mercado de aten\u00e7\u00e3o ao consumidor de alta intensidade: creme de repara\u00e7\u00e3o de alta intensidade umidificante (para uso em \u00e1reas extremamente secas), engrenagem vegetal leve, gordura lubrificante de manuten\u00e7\u00e3o de instrumentos de alta qualidade (como petr\u00f3leo de cadeia de bicicletas de pr\u00e9mio e petr\u00f3leo de manuten\u00e7\u00e3o de instrumentos de precis\u00e3o). A textura desses produtos transmite no\u00e7\u00f5es de \u201cpureza\u201d, \u201cpureza\u201d e \u201cprotec\u00e7\u00e3o\u201d, tornando-os adequados para o segmento de consumidores de alto n\u00edvel que valorizam experi\u00eancias prim\u00e1rias.<\/li>\n<\/ul>\n<p>&nbsp;<\/p>\n<p>A ind\u00fastria industrial de pigmentos qu\u00edmicos.<\/p>\n<p>&nbsp;<\/p>\n<ul>\n<li>Specialty and Luxury Accessories: Agentes espec\u00edficos para a restaura\u00e7\u00e3o e manuten\u00e7\u00e3o do agato ambro\/moss, pasta de tintura de couro de alto n\u00edvel, cera de restaura\u00e7\u00e3o de mobili\u00e1rio para pe\u00e7as cl\u00e1ssicas e pasta de limpeza de couro de luxo. O tema visual \"ambro\" da embalagem est\u00e1 altamente alinhado com esses materiais naturais que requerem manuten\u00e7\u00e3o (couro, madeira) em termos de est\u00e9tica e conceito, refletindo profissionalismo e eleg\u00e2ncia.<\/li>\n<\/ul>\n<p>&nbsp;<\/p>\n<h3>1. <strong><b>Atributos do produto<\/b><\/strong><\/h3>\n<p>Caracter\u00edsticas do recipiente de embalagem de tubo mole PE semi-transparente, amarelo claro, de 35 mm ID, com capacidade de 75 ml:<\/p>\n<ul>\n<li>Completez integrada excepcional: A concord\u00e2ncia inequ\u00edvoca entre o corpo do tubo e a tampa em termos de cor, lustro e textura (brilho) atinge o efeito visual \u201cconex\u00e3o inequ\u00edvoca\u201d buscado no design industrial, dando ao produto uma apar\u00eancia escultural global e um senso de sofistica\u00e7\u00e3o.<\/li>\n<li>Experi\u00eancia sensorial \u00fanica: O material semi-transparente permite que a luz passe, criando um senso de profundidade e mist\u00e9rio atrav\u00e9s das formas sutis do conte\u00fado intertecido com o cor amarelo quente do tubo e as camadas das camadas. A textura suave aumenta o sentido geral do prazer.<\/li>\n<li>Esquema de cores cl\u00e1ssicas sem tempo: A combina\u00e7\u00e3o de amarelo claro (amarelo\/ouro) e preto \u00e9 um esquema de cores sem tempo e luxuoso que transcende era e cultura. Ela transmite sem esfor\u00e7o qualidades, valor e sem tempo, nunca saindo do estilo.<\/li>\n<li>Associa\u00e7\u00e3o sugestiva de ingredientes: amarelo claro evoca facilmente associa\u00e7\u00f5es com ingredientes alimentares naturais como mel, gel\u00e9ia real, manteiga de shea e \u00f3leo de bacalhaus marinhos. Mesmo que o produto n\u00e3o cont\u00e9m esses ingredientes, pode criar associa\u00e7\u00f5es subconscientes positivas de \"riqueza\" e \"repara\u00e7\u00e3o\".<\/li>\n<\/ul>","protected":false},"excerpt":{"rendered":"<ul>\n<li><b><\/b><strong><b>Design de Tube Body<\/b><\/strong>.<\/li>\n<\/ul>\n<p>O design do corpo de tubo para o recipiente de embalagem de tubo mole semi-transparente, amarelo claro e perlescente 35 mm ID PE com uma capacidade de 75 ml.<\/p>\n<ul>\n<li>Associa\u00e7\u00f5es psicol\u00f3gicas de cores e materiais:<\/li>\n<li>Semi-transparente perlelescente amarela clara: Simultaneamente evoca m\u00faltiplas associa\u00e7\u00f5es de alto valor \u2013 ambro (eterno, precioso), mel (natural, doce, nutritivo), sol (quente, energizante) e ouro (luxuoso, valioso). Este conjunto composto de associa\u00e7\u00f5es o imbue com connota\u00e7\u00f5es positivas e emotivas.<\/li>\n<li>Filosofia de design integrada: Ao evitar a pr\u00e1tica comum de criar contraste ou interesse visual atrav\u00e9s da cor da capa, optar por \u201cintegra\u00e7\u00e3o em cor\u201d representa uma escolha de design altamente confiante. Ela enfatiza a unidade, pureza e um senso de qualidade intacta, com o objetivo de luxo subestimado e eleg\u00e2ncia restrita, apelando aos consumidores que n\u00e3o gostam da complexidade e apreciam o poder da simplicidade.<\/li>\n<li>Balan\u00e7o de funcionalidade e est\u00e9tica: A impress\u00e3o de tela de seda negra garante que toda a informa\u00e7\u00e3o essencial \u00e9 claramente leg\u00edvel na cor de fundo mais adequada (amarelo claro quente), garantindo a funcionalidade. A tampa de screw de alto dente oferece uma seguran\u00e7a superior de selagem em compara\u00e7\u00e3o com a tampa de baixo dente e um sentimento mais confort\u00e1vel ao abrir e fechar.<\/li>\n<\/ul>\n<p><strong><b>Escen\u00e1rios onde pode ser utilizado um recipiente de embalagem de tubos moles PE semi-transparente, amarelo claro e perlelescente de 35 mm com capacidade de 75 ml:<\/b><\/strong><\/p>\n<p>A \u201cexperi\u00eancia padr\u00e3o\u201d para suites luxuosos de hotel: Nos banheiros de hot\u00e9is de alto n\u00edvel como Four Seasons e Aman, esta embalagem de produtos de cuidado pessoal se integra sem problemas com o ambiente luxuoso e sereno, melhorando a experi\u00eancia geral dos convidados.<\/p>\n<ul>\n<li>\"A Escolha do Experto\" de uma \"Gentleman's Grooming Shop\": Esta embalagem de aftershave ou de petr\u00f3leo de cabelo funciona maravilhosamente tanto em barbeiras tradicionais de homens como em sal\u00f5es modernos de grooming, complementando o sentimento cl\u00e1ssico com uma ambi\u00eancia profissional.<\/li>\n<li>Uma \u201cferramenta confi\u00e1vel\u201d para est\u00fadios profissionais: Este recipiente \u00e9 usado por fabricantes de violino ou restauradores de mobili\u00e1rio habilitados para armazenar \u00f3leos de manuten\u00e7\u00e3o especializados. Sua embalagem reflete os altos padr\u00f5es que mant\u00eam para suas ferramentas e materiais.<\/li>\n<li>\"Elementos de estilo de vida\" de Boutique Boutiques: Numa loja que mostra velas cheiradas e artigos manuais, este produto aparece como um creme de m\u00e3o visualmente atraente. Os clientes compram como representa\u00e7\u00e3o do estilo de vida global e est\u00e9tico que aspiram.<\/li>\n<li>A \u201cEscena de Mesa de Makeup\u201d de uma Casa Cozy: numa mesa de makeup favorecida pelos consumidores que priorizam a est\u00e9tica dom\u00e9stica, seu esquema de cores quentes e seu design coerente se integram seamlessly no decor, trazendo um senso de tranquilidade e prazer \u00e0s rotinas de corte de pele da manh\u00e3.<\/li>\n<\/ul>","protected":false},"featured_media":3708,"comment_status":"closed","ping_status":"closed","template":"","meta":[],"product_brand":[],"product_cat":[29,46],"product_tag":[],"class_list":{"0":"post-3701","1":"product","2":"type-product","3":"status-publish","4":"has-post-thumbnail","6":"product_cat-skin-care-plastic-tube","7":"product_cat-35-pe-plastic-tube","9":"first","10":"instock","11":"shipping-taxable","12":"purchasable","13":"product-type-simple"},"_links":{"self":[{"href":"https:\/\/www.hongyitube.com\/pt\/wp-json\/wp\/v2\/product\/3701","targetHints":{"allow":["GET"]}}],"collection":[{"href":"https:\/\/www.hongyitube.com\/pt\/wp-json\/wp\/v2\/product"}],"about":[{"href":"https:\/\/www.hongyitube.com\/pt\/wp-json\/wp\/v2\/types\/product"}],"replies":[{"embeddable":true,"href":"https:\/\/www.hongyitube.com\/pt\/wp-json\/wp\/v2\/comments?post=3701"}],"wp:featuredmedia":[{"embeddable":true,"href":"https:\/\/www.hongyitube.com\/pt\/wp-json\/wp\/v2\/media\/3708"}],"wp:attachment":[{"href":"https:\/\/www.hongyitube.com\/pt\/wp-json\/wp\/v2\/media?parent=3701"}],"wp:term":[{"taxonomy":"product_brand","embeddable":true,"href":"https:\/\/www.hongyitube.com\/pt\/wp-json\/wp\/v2\/product_brand?post=3701"},{"taxonomy":"product_cat","embeddable":true,"href":"https:\/\/www.hongyitube.com\/pt\/wp-json\/wp\/v2\/product_cat?post=3701"},{"taxonomy":"product_tag","embeddable":true,"href":"https:\/\/www.hongyitube.com\/pt\/wp-json\/wp\/v2\/product_tag?post=3701"}],"curies":[{"name":"wp","href":"https:\/\/api.w.org\/{rel}","templated":true}]}}