{"id":3679,"date":"2026-01-09T20:47:47","date_gmt":"2026-01-09T12:47:47","guid":{"rendered":"https:\/\/www.hongyitube.com\/?post_type=product&#038;p=3679"},"modified":"2026-01-09T20:47:47","modified_gmt":"2026-01-09T12:47:47","slug":"35mm-diameter-earths-texture-theme-75ml-pe-soft-tube-hongyi-plastic","status":"publish","type":"product","link":"https:\/\/www.hongyitube.com\/pt\/product\/35mm-diameter-earths-texture-theme-75ml-pe-soft-tube-hongyi-plastic\/","title":{"rendered":"Di\u00e2metro de 35 mm, tema \"Textura da Terra\", tubo mole PE de 75 ml. - Hongyi Plastic"},"content":{"rendered":"<p>Hongyi[UNK]Plastic35mm diameter, \u201cEarth\u2019s Texture\u201d theme, 75ml PE soft tube.<\/p>\n<p>&nbsp;<\/p>\n<p>1.Descri\u00e7\u00e3o do di\u00e2metro de 35mm \"Textura da Terra\" com 75 ml de tubo mole PE:<\/p>\n<p>Tema de di\u00e2metro 35 mm, \u201cEarth\u2019s Texture\u201d, tubo mole de 75 ml PE, \u00e9 um recipiente de embalagem de tubos moles de 35 mm de di\u00e2metro PE, com uma filosofia de design central centrada em \u201ctextura natural e informa\u00e7\u00e3o modular\u201d. Tem uma capacidade de 75 mililitros. O corpo do tubo apresenta uma base de mat\u00e9 branco pura, dando-lhe uma sensa\u00e7\u00e3o de alta qualidade, semelhante ao papel. O design utiliza uma impress\u00e3o offset com camadas precisas para criar um fluxo de informa\u00e7\u00e3o visualmente din\u00e2mico: na frente do tubo, blocos m\u00faltiplos de cores em marr\u00e3o escuro, marr\u00e3o m\u00e9dio, marr\u00e3o claro (ou sombras de cinza dentro do mesmo sistema) s\u00e3o pilhados em intervalos precisamente definidos (como 1 mm) para manter texto promocional e gr\u00e1ficos n\u00facleos. O ponto focal visual \u00e9 um padr\u00e3o de \u00e1rvore estilizado, medindo 35x37mm em marr\u00e3o claro (ou gris claro) no ombro do tubo, sobreposto com texto de conte\u00fado marr\u00e3o escuro (ou gris escuro), criando um forte ponto de recupera\u00e7\u00e3o da marca. O lado inverso do tubo segue a mesma l\u00f3gica, com informa\u00e7\u00e3o baseada em texto predominando. A embalagem apresenta um design inovador de baixo perfil que pode ser aberto e fechado com facilidade usando diversos materiais como tons de terra (terra cotta marr\u00e3o, cor de pedra de areia), cores met\u00e1licas (cobre de mat\u00e9, gris de tit\u00e2nio) ou acr\u00edlico transparente, assegurando uma linguagem de design global unificada e sofisticada.<\/p>\n<p>O material do di\u00e2metro 35 mm \"Textura da Terra\" tem 75 ml de tubo mole PE.<\/p>\n<ul>\n<li>Material prim\u00e1rio: ultra-branco, forte tens\u00e3o alta, material composto de PE de mat\u00e9. Especificamente desenvolvido para alcan\u00e7ar uma finalidade excepcionalmente pura de mat\u00e9 branco. Ela boa de excelente branqueza e opacidade, assegurando que a cor de base permane\u00e7a impercept\u00edvel ap\u00f3s m\u00faltiplas camadas de impress\u00e3o de tinta escura, com contrastes de cores vibrantes e excelente resist\u00eancia \u00e0 deforma\u00e7\u00e3o.<\/li>\n<li>Processo de Impress\u00e3o: Utilizando a tecnologia de impress\u00e3o e registo offset de alta precis\u00e3o, garantimos que m\u00faltiplos blocos de cores pr\u00f3ximos, texto de linha fina, e os bordos do padr\u00e3o da \u00e1rvore s\u00e3o afiados e a impress\u00e3o \u00e9 precisa, refletindo a precis\u00e3o e a est\u00e9tica industrial semelhantes aos rel\u00f3gios su\u00ed\u00e7os.<\/li>\n<li>Seguran\u00e7a: Conformidade com as normas mais rigorosas que regem os materiais de contato alimentar e farmac\u00eautico na Uni\u00e3o Europeia e na Am\u00e9rica do Norte. O final de mat\u00e9 e tintas foram submetidos a testes de seguran\u00e7a, tornando-os adequados para produtos que entram em contato prolongado com a pele.<\/li>\n<\/ul>\n<p>&nbsp;<\/p>\n<p><strong><b>Aplica\u00e7\u00f5es recomendadas <\/b><\/strong>\"<\/p>\n<p>Utiliza\u00e7\u00e3o recomendada para esse di\u00e2metro de 35 mm \"Earth Texture\" tematizado 75 ml de tubo mole PE: a ind\u00fastria da beleza e pele.<\/p>\n<p>&nbsp;<\/p>\n<ul>\n<li>O mercado feminino: cremes de m\u00e3o e corpo, limpezas de alto n\u00edvel que possuem ingredientes naturais e org\u00e2nicos (como manteiga de shea e \u00f3leo de arg\u00e3o maroqu\u00eas). Os tons terrestres e os motivos de \u00e1rvores transmitem mensagens fortes de \u201cra\u00edzes\u201d, \u201calimenta\u00e7\u00e3o\u201d e \u201csustentabilidade\u201d, ressonando profundamente com consumidoras femininas que priorizam a origem e o valor ambiental de seus produtos.<\/li>\n<li>Mercado masculino: Produtos de grooming masculino com cheiros como \"carvalho\", \"mosso\" e \"cedro\", bem como shampoos de alto n\u00edvel e cremas de exfolia\u00e7\u00e3o facial. As variantes cinzentas s\u00e3o particularmente adequadas para criar uma imagem modern a de um homem calmo, racional e sofisticado.<\/li>\n<li>Mercado infantil: N\u00e3o recomendado. O design modular e o estilo racional est\u00e3o al\u00e9m das habilidades cognitivas das crian\u00e7as, e o cobertor de baixo perfil pode ser dif\u00edcil para crian\u00e7as pequenas de usar.<\/li>\n<\/ul>\n<p>&nbsp;<\/p>\n<p>Ind\u00fastria de lubrificantes de dispositivos m\u00e9dicos.<\/p>\n<p>&nbsp;<\/p>\n<ul>\n<li>O mercado de fisioterapia profissional e produtos de cuidado natural: \u00f3leos de massagem de extratos vegetais, gelas de sensa\u00e7\u00e3o fria\/quente para reabilita\u00e7\u00e3o esportiva, cremes de conforto f\u00edsico. O design transmite as mensagens de \u201cpoder natural\u201d e \u201cmodularidade profissional\u201d, que simultaneamente podem atender \u00e0s prefer\u00eancias dos consumidores para ingredientes naturais e sua confian\u00e7a no profissionalismo dos produtos.<\/li>\n<\/ul>\n<p>&nbsp;<\/p>\n<p>A ind\u00fastria industrial de pigmentos qu\u00edmicos.<\/p>\n<p>&nbsp;<\/p>\n<ul>\n<li>Mercado profissional e designer de alto n\u00edvel: \u00f3leos de preserva\u00e7\u00e3o de madeira, pasta de tintura de couro, adesivos\/pinturas especializados para modelos arquitet\u00f4nicos, materiais artesanais de tipo designer. Motivos de \u00e1rvores e tons terrestres est\u00e3o diretamente associados a materiais naturais como madeira e couro, tornando-os ideales para cuidados relacionados \u00e0 embalagem ou produtos criativos, destacando profissionalismo e sofistica\u00e7\u00e3o.<\/li>\n<\/ul>\n<h3>1.\u00a0 <strong><b>Atributos do produto<\/b><\/strong><\/h3>\n<p>Caracter\u00edsticas do di\u00e2metro 35 mm \u201cTextura da Terra\u201d com tema de tubo mole de PE 75ml: \u00b7 Design revolucion\u00e1rio \u201cedit\u00e1vel\u201d: Veja a embalagem como uma p\u00e1gina meticulosamente formatada de uma revista ou um relat\u00f3rio cient\u00edfico, onde informa\u00e7\u00e3o complexa (texto promocional, nomes de produtos, padr\u00f5es) \u00e9 organizada claramente e sistematicamente atrav\u00e9s de um rigoroso sistema de rede, segmenta\u00e7\u00e3o de blocos de cores e espaciamento preciso, exudando um senso de beleza racional e sofistica\u00e7\u00e3o.<\/p>\n<ul>\n<li>Experi\u00eancia \u00fanica do usu\u00e1rio \u201cMini Teeth Flip Cover\u201d: O design de Mini Teeth torna a \u00e1rea de abertura do tubo mais plana, combinada com o mecanismo de cobertura do flip, permitindo uma abertura e fechamento real instant \u00e2neos, muito melhorando a conveni\u00eancia de uso, particularmente adequada para uso durante banho, exerc\u00edcio, ou quando as m\u00e3os est\u00e3o ocupadas.<\/li>\n<li>O sistema de duas cores atende a uma ampla gama de clientes: o esquema de cores marr\u00f5es terrestres \u00e9 quente, natural e org\u00e2nico; O sofisticado esquema de cores cinzentas \u00e9 racional, moderno e urbano. Ambos os projetos compartilham a mesma l\u00f3gica de distribui\u00e7\u00e3o, permitindo que a marca cobra sem esfor\u00e7o v\u00e1rias linhas de produtos variando de natural e org\u00e2nico a moderno e minimalista.<\/li>\n<\/ul>\n<p>\u00b7 Efici\u00eancia excepcional de comunica\u00e7\u00e3o de informa\u00e7\u00e3o sobre prateleiras: O design modular permite que a informa\u00e7\u00e3o b\u00e1sica (padr\u00e3o de \u00e1rvore e nome de produto) se destaque prominentemente na \u00e1rea do ombro mais vis\u00edvel, enquanto a informa\u00e7\u00e3o secund\u00e1ria (texto promocional) \u00e9 organizada de forma estruturada, tornando mais f\u00e1cil para os consumidores perceber a informa\u00e7\u00e3o chave em tr\u00eas segundos.<\/p>","protected":false},"excerpt":{"rendered":"<ul>\n<li><b><\/b><strong><b>Design de Tube Body<\/b><\/strong>.<\/li>\n<\/ul>\n<p>O projeto do corpo de tubo para o di\u00e2metro de 35 mm \u201cEarth Texture\u201d tem 75 ml de tubo mole PE.<\/p>\n<p>O design do corpo do tubo para o di\u00e2metro de 35 mm \"Textura da Terra\" tem 75 ml de tubo mole PE.<\/p>\n<p>&nbsp;<\/p>\n<ul>\n<li>A Psicologia de Cores e Gr\u00e1ficas:<\/li>\n<li>Tones da Terra (Brown): Representando solo, \u00e1rvores, ra\u00edzes, confiabilidade, calor e alimento. Ela est\u00e1 intrinsicamente ligada a conceitos como \u201corg\u00e2nicos\u201d, \u201csustent\u00e1veis\u201d e \u201cderivados da terra\u201d, tornando-a uma das l\u00ednguas visuais mais confi\u00e1veis no setor da beleza limpa.<\/li>\n<li>A paleta cinzenta de alto n\u00edvel: simboliza rocha, concreto, sabedoria, calma e modernidade. Ela retira os encantamentos emocionais, transmitindo valores racionais de composi\u00e7\u00e3o precisa, formula\u00e7\u00e3o cient\u00edfica e design meticuloso, apelando aos consumidores urbanos que valorizam efici\u00eancia e qualidade.<\/li>\n<li>O motivo de \u00e1rvore estilizado serve como a \u201cancora visual\u201d da marca. Ele transcende esp\u00e9cies espec\u00edficas de \u00e1rvore para se tornar um s \u00edmbolo abstrato que representa \u201ccrescimento\u201d, \u201cvitalidade\u201d, \u201cciclos naturais\u201d e \u201cas ra\u00edzes da marca\u201d, tornando-a altamente simb\u00f3lica e reconhec\u00edvel.<\/li>\n<li>Design Architectural for Information Hierarchies: Design information hierarchies similar to building a house: The large tree pattern serves as \u201croof\u201d (brand logo), large color blocks represent the \u201cmain structure\u201d (core information), smaller color blocks and fine text signify \u201cinterior decoration\u201d (detailed explanations), creating a stable, reliable, and worth delving into visual structure.<\/li>\n<li>Uma melhoria t\u00e1ctil com uma finalidade de mat\u00e9: A superf\u00edcie de mat\u00e9 branco se parece com cardboard de alta qualidade ou pele, oferecendo uma sensa\u00e7\u00e3o suave e tranquilizante que se combina com a sutil textura criada pelas tintas para criar uma experi\u00eancia imersiva de leitura e toque.<\/li>\n<\/ul>\n<p>&nbsp;<\/p>\n<p><strong>Avantagens dos produtos\u00a0<\/strong><\/p>\n<p>As vantagens do di\u00e2metro 35 mm \"Textura da Terra\" com 75 ml de tubo mole PE:<\/p>\n<ul>\n<li>Estabelecer o reconhecimento de marcas de alto n\u00edvel para \u201cluxo racional\u201d ou \u201corg\u00e2nico baseado na ra\u00edz\u201d: Empregando um \u00e9tico de design extremamente refinado, transmitir a obsess\u00e3o da marca com detalhes, respeito pela informa\u00e7\u00e3o e considera\u00e7\u00e3o pensada para a experi\u00eancia do usu\u00e1rio, justificando assim um pr\u00e9mio de marca elevado.<\/li>\n<li>F\u00e1cil de uso e higiene n\u00e3o paralelos: O design compacto e invertido \u00e9 uma verdadeira solu\u00e7\u00e3o para pontos comuns de dor, criando uma vantagem competitiva distinta no mercado pr\u00e9mio e aumentando significativamente a lealdade dos usu\u00e1rios ap\u00f3s o uso.<\/li>\n<li>Capacidades robustas de expans\u00e3o do sistema de marcas: O quadro modular de design permite que as marcas alcan\u00e7am uniformidade com varia\u00e7\u00f5es trocando esquemas de cores (marr\u00e3o\/cinza), varia\u00e7\u00f5es do padr\u00e3o de \u00e1rvores, ou blocos de cores em diferentes linhas de produtos, reduzindo assim os custos de gest\u00e3o do design.<\/li>\n<li>Atirando clientes de alto conhecimento e sens\u00edveis ao design: Este design \u00e9 especificamente projetado para apelar aos consumidores que est\u00e3o cansados de marketing excessivo, apreciar design excelente e valorizar a harmonia entre funcionalidade do produto e est\u00e9tica. Isto inclui profissionais como designers, arquitetos e profissionais m\u00e9dicos.<\/li>\n<li><strong><b>Scen\u00e1rios de aplica\u00e7\u00e3o para o produto\u00a0<\/b><\/strong><\/li>\n<\/ul>\n<p><strong><b>Escen\u00e1rios em que o di\u00e2metro de 35mm \"Textura da Terra\" tem 75 ml de tubo mole PE pode ser usado:<\/b><\/strong><\/p>\n<ul>\n<li>\u201cEssenciais de Beleza Funcionais\u201d para esta\u00e7\u00f5es de trabalho dos designer s: No est\u00fadio de um arquiteto ou de um designer de produtos, esta embalagem de creme de m\u00e3o ou balme de cuidado de ferramentas se integra sem problemas com a est\u00e9tica geral do design, tornando-a uma ferramenta pr\u00e1tica que reflete o gosto refinado do propriet\u00e1rio.<\/li>\n<li>Os \"Elementos de Firma\" de lojas org\u00e2nicas de alto n\u00edvel: Em Whole Foods ou supermercados org\u00e2nicos semelhantes em escala superior, sua paleta de cores terrestres e clara \u00eanfase na natureza fazem com que elas pare\u00e7am particularmente cred\u00edveis e em escala superior entre produtos semelhantes.<\/li>\n<li>O \"Companheiro Efficiente\" para o chuveiro do gin\u00e1sio: Ap\u00f3s exerc\u00edcio, os usu\u00e1rios podem facilmente abrir o gel de chuveiro ou o recipiente de shampoo com apenas uma m\u00e3o. Seu design racional e moderno (especialmente a vers\u00e3o cinza) completa perfeitamente a atmosfera de um gin\u00e1sio.<\/li>\n<li>\"Esper\u00eancias Imersivas\" em Spa Resorts: Em localidades que enfatizam terapias naturais, utilizando produtos de cuidado embalados em tons marr\u00f5es terrestres pode melhorar a experi\u00eancia geral de cura dos convidados atrav\u00e9s de uma conex\u00e3o mais forte com a natureza.<\/li>\n<li>\"Os Detalles Falam Volumes\" nos quartos do Boutique Hotel: Nos banheiros focados no design de hot\u00e9is boutique, esta embalagem de produtos de cuidado pessoal transmite silenciosamente o compromisso inesperado do hotel com a qualidade e est\u00e9tica das comodidades de convidados.<\/li>\n<\/ul>","protected":false},"featured_media":3691,"comment_status":"closed","ping_status":"closed","template":"","meta":[],"product_brand":[],"product_cat":[29,46],"product_tag":[],"class_list":{"0":"post-3679","1":"product","2":"type-product","3":"status-publish","4":"has-post-thumbnail","6":"product_cat-skin-care-plastic-tube","7":"product_cat-35-pe-plastic-tube","9":"first","10":"instock","11":"shipping-taxable","12":"purchasable","13":"product-type-simple"},"_links":{"self":[{"href":"https:\/\/www.hongyitube.com\/pt\/wp-json\/wp\/v2\/product\/3679","targetHints":{"allow":["GET"]}}],"collection":[{"href":"https:\/\/www.hongyitube.com\/pt\/wp-json\/wp\/v2\/product"}],"about":[{"href":"https:\/\/www.hongyitube.com\/pt\/wp-json\/wp\/v2\/types\/product"}],"replies":[{"embeddable":true,"href":"https:\/\/www.hongyitube.com\/pt\/wp-json\/wp\/v2\/comments?post=3679"}],"wp:featuredmedia":[{"embeddable":true,"href":"https:\/\/www.hongyitube.com\/pt\/wp-json\/wp\/v2\/media\/3691"}],"wp:attachment":[{"href":"https:\/\/www.hongyitube.com\/pt\/wp-json\/wp\/v2\/media?parent=3679"}],"wp:term":[{"taxonomy":"product_brand","embeddable":true,"href":"https:\/\/www.hongyitube.com\/pt\/wp-json\/wp\/v2\/product_brand?post=3679"},{"taxonomy":"product_cat","embeddable":true,"href":"https:\/\/www.hongyitube.com\/pt\/wp-json\/wp\/v2\/product_cat?post=3679"},{"taxonomy":"product_tag","embeddable":true,"href":"https:\/\/www.hongyitube.com\/pt\/wp-json\/wp\/v2\/product_tag?post=3679"}],"curies":[{"name":"wp","href":"https:\/\/api.w.org\/{rel}","templated":true}]}}