{"id":3589,"date":"2026-01-09T14:30:42","date_gmt":"2026-01-09T06:30:42","guid":{"rendered":"https:\/\/www.hongyitube.com\/?post_type=product&#038;p=3589"},"modified":"2026-01-09T14:30:42","modified_gmt":"2026-01-09T06:30:42","slug":"30ml-1-00-fl-oz-30g-aluminum-plastic-composite-dispensing-tube-25ml-sweet-delight-serie-hongyi-plastic","status":"publish","type":"product","link":"https:\/\/www.hongyitube.com\/pt\/product\/30ml-1-00-fl-oz-30g-aluminum-plastic-composite-dispensing-tube-25ml-sweet-delight-serie-hongyi-plastic\/","title":{"rendered":"30 ml 1,00 fl.oz 30g, tubo de distribui\u00e7\u00e3o composto de alum\u00ednio-pl\u00e1stico (25 ml) \u2013 \u201cSweet Delight\u201d s\u00e9rie. &#8211; Hongyi Plastic"},"content":{"rendered":"<p>Hongyi[UNK]Plastic[UNK]30ml 1,00 fl.oz 30g, tubo de distribui\u00e7\u00e3o composto de alum\u00ednio-pl\u00e1stico (25ml) \u2013 \u201cSweet Delight\u201d s\u00e9rie.<\/p>\n<p>Tubo de distribui\u00e7\u00e3o composto de alum\u00ednio-pl\u00e1stico (25 ml) \u2013 design de tubo corporal da s\u00e9rie \u201cSweet Delight\u201d.<\/p>\n<p>&nbsp;<\/p>\n<ul>\n<li>Dimens\u00f5es: Longo total de 77mm, extremamente compacto e port\u00e1til, perfeito para viajar ou carregar por a\u00ed. O design de abertura de 6 mm de largura assegura um encaixo estreito com a tampa do tubo, fornecendo excelente desempenho de selagem para evitar vazamentos.<\/li>\n<li>Cores e artesanato:<\/li>\n<li>Em geral: O lado inverso do tubo apresenta uma impress\u00e3o pintada rosa para garantir um esquema de cores global uniforme.<\/li>\n<li>Imagem principal de frente: Utiliza cores rosas, amarelas, brancas e amarelas de chocolate para impress\u00e3o offset multicores, recriando exatamente o desenho atraente de cookies camadas. O texto branco \u00e9 claro e f\u00e1cil de ler.<\/li>\n<\/ul>\n<p><strong><b>Aplica\u00e7\u00f5es recomendadas <\/b><\/strong>\"<\/p>\n<p>Nosso recipiente de material de embalagem de tubos compostos de alum\u00ednio-pl\u00e1stico (25 ml) \u2013 a s\u00e9rie \u201cSweet Delight\u201d \u2013 \u00e9 recomendado para uso nas seguintes \u00e1reas:<\/p>\n<p>&nbsp;<\/p>\n<ul>\n<li>A ind\u00fastria da beleza e da pele:<\/li>\n<li>Vers\u00f5es para mulheres e crian\u00e7as: Creme de m\u00e3o de edi\u00e7\u00e3o limitada, balme de l\u00e1bios com sabor de sobremesa, lot\u00e3o corporal, limpeza facial e creme de m\u00e1scara facial. Os pr\u00f3prios projetos podem servir como t\u00f3picos de marketing.<\/li>\n<li>Vers\u00e3o masculina: embalagem divertida para biscoito ou caf\u00e9-saboroso p\u00f3s-rasado e pomada de estilo.<\/li>\n<li>Ind\u00fastria farmac\u00eautica: Tomadas t\u00f3picas amig\u00e1veis para crian\u00e7as com uma apar\u00eancia amig\u00e1vel, pulveriza\u00e7\u00f5es de garganta tranquilizantes como alternativas a s\u00edrupos de tosse, cremes de cura com aromas agrad\u00e1veis. Desenhos bonitos podem ajudar a aliviar o medo das crian\u00e7as com medicamentos.<\/li>\n<li>Sector industrial: embalagens de edi\u00e7\u00e3o limitada para pasta t\u00e9rmica de pequena capacidade usadas em produtos eletr\u00f4nicos e adesivos de fabrica\u00e7\u00e3o de modelos. Designes \u00fanicos ajudam a evitar confus\u00e3o com itens dom\u00e9sticos e apelar a entusiastas espec\u00edficos.<\/li>\n<\/ul>","protected":false},"excerpt":{"rendered":"<ul>\n<li><b><\/b><strong><b>Design de Tube Body<\/b><\/strong>.<\/li>\n<\/ul>\n<p>Nosso tubo de distribui\u00e7\u00e3o composto de alum\u00ednio-pl\u00e1stico (25 ml) \u2013 \u201cSweet Delight\u201d s\u00e9rie de tubos corporais design: \u00b7 Dimens\u00f5es: comprimento total de 77mm, extremamente compacto e port\u00e1til, perfeito para viajar ou carregar por a\u00ed. Um design de fios de largura de 6 mm assegura um encaixo estreito com a tampa do tubo, fornecendo excelente desempenho de selagem para evitar vazamentos.<\/p>\n<ul>\n<li>Cores e artesanato:<\/li>\n<li>Em geral: O lado inverso do tubo apresenta uma impress\u00e3o pintada rosa para garantir um esquema de cores global uniforme.<\/li>\n<li>Imagem principal de frente: Utiliza cores rosas, amarelas, brancas e amarelas de chocolate para impress\u00e3o offset multicores, recriando exatamente o desenho atraente de cookies camadas. O texto branco \u00e9 claro e f\u00e1cil de ler.<\/li>\n<li>Estilo de Design: O estilo geral \u00e9 doce, caricaturado e imbu\u00eddo com calor e brincadeira.<\/li>\n<\/ul>\n<p><strong>Avantagens dos produtos\u00a0<\/strong><\/p>\n<p>Nosso tubo de distribui\u00e7\u00e3o composto de alum\u00ednio-pl\u00e1stico (25 ml) \u2013 a s\u00e9rie \u201cSweet Delight\u201d \u2013 tem as seguintes vantagens:<\/p>\n<p>&nbsp;<\/p>\n<ul>\n<li>Atira segmentos de clientes alvo.<\/li>\n<li>Utilizadores femininos e crian\u00e7as: Os doces e ador\u00e1veis projetos de biscoitos s \u00e3o altamente atraentes para mulheres e crian\u00e7as, tornando-os perfeitos para produtos de corte de pele, cremes de m\u00e3o, balmas de l\u00e1bios, ou produtos de cuidado para crian\u00e7as visados nesta demografia.<\/li>\n<li>Utilizadores masculinos: Embora o design s e inclina para a doce, ainda pode ser usado para criar estilos retro ou jogadores para os produtos de cuidado pessoal dos homens (como aftershave balm ou pomade) alterando o esquema de cores (por exemplo, azul escuro, branco gris) ao mesmo tempo que mant\u00e9m o conceito de cookies ou alimentos semelhantes.<\/li>\n<li>Melhoria do valor do produto: As qualidades inerentes de alum\u00ednio e materiais pl\u00e1sticos, combinadas com processos de impress\u00e3o complexos, transmitem uma mensagem de \"alta qualidade\" e \"alto custo\", que ajuda a justificar o pre\u00e7o dos produtos prim\u00e1rios.<\/li>\n<li>Melhorar a memorabilidade das marcas: Desenhos gr\u00e1ficos \u00fanicos e criativos fazem o produto destacar nas prateleiras da loja, aumentando efetivamente o reconhecimento e recupera\u00e7\u00e3o das marcas.<\/li>\n<li>Profissionalismo interind\u00fastrial: Nos setores farmac\u00eauticos ou industriais, essa embalagem robust a e firmemente selada transmite um senso de profissionalismo e confiabilidade. Designes personalizados podem ser usados para diferenciar marcas ou tipos de produtos.<\/li>\n<\/ul>\n<p><b><\/b><strong><b>Scen\u00e1rios de aplica\u00e7\u00e3o para o produto<\/b><\/strong><\/p>\n<p>Nossa s\u00e9rie de \"Sweet Fun\" de embalagens de tubos moles de alum\u00ednio-pl\u00e1stico e recipientes de dispens\u00e3o podem ser usados nos seguintes cen\u00e1rios:<\/p>\n<p>&nbsp;<\/p>\n<ul>\n<li>Gift and Festive Market: Perfeitamente adequado como presente ou presente para f\u00e9rias como Natal, Dia do Valentino e P\u00e1scoa. Seu doce tema complementa a atmosfera festiva.<\/li>\n<li>Cuidado diario em marcha: Pode ser colocado em um saco de maquilhagem ou bolso para acesso f\u00e1cil para aplicar creme de m\u00e3o ou balme de l\u00e1bio quando necess\u00e1rio, trazendo um sentido de prazer com cada uso.<\/li>\n<li>Viagem e Explora\u00e7\u00e3o: Seu tamanho compacto \u00e9 conforme com as regras de carregamento de bagagem das companhias a\u00e9reas, tornando-a um companheiro ideal para viagens.<\/li>\n<li>Hotels boutique e spa centres: Elementos de design \u00fanicos podem melhorar a experi\u00eancia do cliente e servir como uma extens\u00e3o da identidade da marca do hotel.<\/li>\n<li>Concept Stores and Trendy Goods Boutiques: Servir como plataforma para colabora\u00e7\u00f5es interind\u00fastrias entre beleza e comida, atrair jovens consumidores que desejam inova\u00e7\u00e3o e gostam de compartilhar experi\u00eancias.<\/li>\n<\/ul>","protected":false},"featured_media":3590,"comment_status":"closed","ping_status":"closed","template":"","meta":[],"product_brand":[],"product_cat":[29,45],"product_tag":[],"class_list":{"0":"post-3589","1":"product","2":"type-product","3":"status-publish","4":"has-post-thumbnail","6":"product_cat-skin-care-plastic-tube","7":"product_cat-30-pe-plastic-tube","9":"first","10":"instock","11":"shipping-taxable","12":"purchasable","13":"product-type-simple"},"_links":{"self":[{"href":"https:\/\/www.hongyitube.com\/pt\/wp-json\/wp\/v2\/product\/3589","targetHints":{"allow":["GET"]}}],"collection":[{"href":"https:\/\/www.hongyitube.com\/pt\/wp-json\/wp\/v2\/product"}],"about":[{"href":"https:\/\/www.hongyitube.com\/pt\/wp-json\/wp\/v2\/types\/product"}],"replies":[{"embeddable":true,"href":"https:\/\/www.hongyitube.com\/pt\/wp-json\/wp\/v2\/comments?post=3589"}],"wp:featuredmedia":[{"embeddable":true,"href":"https:\/\/www.hongyitube.com\/pt\/wp-json\/wp\/v2\/media\/3590"}],"wp:attachment":[{"href":"https:\/\/www.hongyitube.com\/pt\/wp-json\/wp\/v2\/media?parent=3589"}],"wp:term":[{"taxonomy":"product_brand","embeddable":true,"href":"https:\/\/www.hongyitube.com\/pt\/wp-json\/wp\/v2\/product_brand?post=3589"},{"taxonomy":"product_cat","embeddable":true,"href":"https:\/\/www.hongyitube.com\/pt\/wp-json\/wp\/v2\/product_cat?post=3589"},{"taxonomy":"product_tag","embeddable":true,"href":"https:\/\/www.hongyitube.com\/pt\/wp-json\/wp\/v2\/product_tag?post=3589"}],"curies":[{"name":"wp","href":"https:\/\/api.w.org\/{rel}","templated":true}]}}