{"id":3557,"date":"2026-01-09T12:47:19","date_gmt":"2026-01-09T04:47:19","guid":{"rendered":"https:\/\/www.hongyitube.com\/?post_type=product&#038;p=3557"},"modified":"2026-01-09T12:54:34","modified_gmt":"2026-01-09T04:54:34","slug":"30-35ml-1-00-1-18fl-oz-30g-35g-30-mm-diameter-semi-transparent-colorful-pe-dispensing-tube-packaging-material-hongyi-plastic","status":"publish","type":"product","link":"https:\/\/www.hongyitube.com\/pt\/product\/30-35ml-1-00-1-18fl-oz-30g-35g-30-mm-diameter-semi-transparent-colorful-pe-dispensing-tube-packaging-material-hongyi-plastic\/","title":{"rendered":"30-35ml 1,00-1,18fl.oz 30g-35g, 30 mm de di\u00e2metro semi-transparente material de embalagem de tubos de dispens\u00e3o de PE coloridos.  . - Hongyi Plastic"},"content":{"rendered":"<p>Hongyi[UNK]Plastic[UNK]30-35ml [UNK]1,00-1,18fl.oz 30g-35g, 30 mm de di\u00e2metro semi-transparente material de embalagem de tubos de dispens\u00e3o PE coloridos.<\/p>\n<p>Material de embalagem de tubos de dispens\u00e3o de PE semi-transparente com di\u00e2metro de 30 mm. Essa embalagem de tubos PE apresenta visuais avan\u00e7ados e est\u00e9tica tecnol\u00f3gica elegante como sua vantagem competitiva principal. atrav\u00e9s do uso de tubos transparentes, uma cor base rosa-verde clara, atingindo contrastes entre prata e elementos negros gravados por laser, e padr\u00f5es din\u00e2micos de ondas brancas, cria uma imagem visualmente din\u00e2mica que exude energia e atra\u00e7\u00e3o futurista, perfeitamente alvejando os jovens consumidores globais que valorizam individualidade, estilo e experi\u00eancias tecnol\u00f3gicas.  1. Descri\u00e7\u00e3o do produto<\/p>\n<p>Este produto apresenta um tubo de PE brilhante e transparente como base, com uma \u00fanica camada de tinta verde-rosa fresca e clara aplicada ao longo. O lado anterior do tubo apresenta uma linha de impress\u00e3o preta prominente. Sobre esta faixa, um processo de marca\u00e7\u00e3o quente com prata gravada por laser \u00e9 usado para cobrir certas \u00e1reas, inteligentemente \"revelando\" o texto negro subjacente, criando um contraste impressionante em cor e textura. Na se\u00e7\u00e3o transparente do tubo, h\u00e1 sete linhas de onda branca fluindo impressas no tubo, dando ao design uma sensa\u00e7\u00e3o din\u00e2mica e ritmica. Combinado com um design de 4 mm de largura, com altos dentes, a embalagem global engloba tanto est\u00e9tica avan\u00e7ada como funcionalidade excepcional.<\/p>\n<ol start=\"2\">\n<li>Material do produto.<\/li>\n<\/ol>\n<ul>\n<li>Corpo: Fazido de material de polietileno (PE) de alta transpar\u00eancia, mostra perfeitamente a textura clara, p\u00e1lida e verde-rosa dentro e os efeitos brilhantes da prata gravada por laser.<\/li>\n<li>Capas de tubo: Oferecem op\u00e7\u00f5es altamente personalizadas com fortes recomenda\u00e7\u00f5es para cores eletropladadas (por exemplo, prata vibrant e, azul eletroluminescente), cores transparentes moldadas por inje\u00e7\u00e3o (por exemplo, cinza fumada), e capas de screw de alto perfil texturadas com mat\u00e9\/brilho termina para melhorar o tema geral da tecnologia e da modernidade.<\/li>\n<\/ul>\n<p><strong><b>Aplica\u00e7\u00f5es recomendadas <\/b><\/strong>\"<\/p>\n<p>Utiliza\u00e7\u00e3o recomendada de um di\u00e2metro de 30 mm, embalagem de tubos de dispens\u00e3o de PE semi-transparente colorido para a ind\u00fastria da beleza e da pele:<\/p>\n<ul>\n<li>Produtos b\u00e1sicos: Primeiro de fabrica\u00e7\u00e3o, ess\u00eancia, gel hidratado, m\u00e1scara de sono.<\/li>\n<li>Objetos tendentes: creme de m\u00e3o, balme de l\u00e1bios, produtos colaborativos de edi\u00e7\u00e3o limitada.<\/li>\n<li>Ind\u00fastria farmac\u00eautica: Adequada para produtos de cuidado pessoal funcional destinados a demografias mais jovens, como toneres de pele que aumentam a energia, gelas de refrigera\u00e7\u00e3o esportivos e cremes que ajudam o sono a acalmar. Seu design futurista aumenta a confian\u00e7a na efic\u00e1cia do produto.<\/li>\n<li>Sector industrial: Este material \u00e9 altamente adequado para embalagem de produtos tecnol\u00f3gicos, como l\u00edquidos de revestimento de tela para telefones m\u00f3veis, cremes de limpeza de dispositivos VR e produtos de cuidado com um tema esportivo. A consist\u00eancia est\u00e9tica com os pr\u00f3prios produtos \u00e9 not\u00e1vel.<\/li>\n<\/ul>\n<p>&nbsp;<\/p>\n<h3>\u00a0 <strong><b>Atributos de produto:<\/b><\/strong><\/h3>\n<p>Caracter\u00edsticas do material de embalagem de tubos de dispens\u00e3o de PE semi-transparentes de di\u00e2metro de 30 mm.<\/p>\n<p>&nbsp;<\/p>\n<ul>\n<li>Impacto visual n\u00e3o paralelo: Os elementos laser-prata mostram cores din\u00e2micas que mudam dependendo do \u00e2ngulo da luz, tornando-os altamente atrativos e valiosos para fins de coleta. Isso se alinha perfeitamente com a cultura de compartilhamento de fotos prevalente na era da m\u00eddia social.<\/li>\n<li>Futurista e cientista tecnol\u00f3gica: A combina\u00e7\u00e3o de blocos negros e acentos laser-prata, parejados com linhas suaves e flutuantes, cria um forte senso da era digital e atmosfera cient\u00edfica.<\/li>\n<li>Interatividade do Conte\u00fado: A combina\u00e7\u00e3o de um corpo de tubo transparente e uma cor rosa-verde clara n\u00e3o s\u00f3 permite um olhar na textura do conte\u00fado, mas tamb\u00e9m mant\u00e9m a mistica e a unidade do design.<\/li>\n<li>Experi\u00eancia excepcional do usu\u00e1rio: O design de 4 mm de largura, de alto perfil garante facilidade de acesso ao conte\u00fado ao mesmo tempo que proporciona um selo seguro e um sentimento confort\u00e1vel ao abrir e fechar.<\/li>\n<\/ul>\n<p>&nbsp;<\/p>\n<p>&nbsp;<\/p>","protected":false},"excerpt":{"rendered":"<ul>\n<li><b><\/b><strong><b>Design de Tube Body<\/b><\/strong>.<\/li>\n<\/ul>\n<p>Design of the tube body for 30 mm diameter semi-transparent colorful PE dispensing tube packaging.<\/p>\n<ul>\n<li>Estrutura: A caracter\u00edstica dos dentes de 4 mm largo e de alto perfil melhora o senso de precis\u00e3o da embalagem enquanto mant\u00e9m a funcionalidade.<\/li>\n<li>Cores e artesanato:<\/li>\n<li>Capa 1 (Base): corpo de tubo transparente brilhante, cor verde-rosa clara com tinta de tubo inteiro.<\/li>\n<li>Capa 2 (Main Visual): Um bloco de tinta negra no lado anterior, um bloco de prata com selo de folha com texto negro vis\u00edvel atrav\u00e9s dela.<\/li>\n<li>Capa 3 (Elementos Din\u00e2micos): \u00c1reas transparentes com sete linhas de onda branca impressas para aumentar um senso de movimento e velocidade.<\/li>\n<\/ul>\n<p><strong> Avantagens dos produtos\u00a0<\/strong><\/p>\n<p>30 di\u00e2metros transl\u00facidos e coloridos paquete de mangueiras PE vantagens materiais, atraem a busca de personalidade de todo o grupo de clientes:<\/p>\n<ul>\n<li>Adolescentes e jovens consumidores (independentemente do g\u00eanero): Este \u00e9 o grupo-alvo principal. Efeitos laser frios e design din\u00e2mico s\u00e3o profundamente atraentes para o Gen Z e mil\u00eanios, em conson\u00e2ncia com seu desejo de se expressar e seguir tend\u00eancias.<\/li>\n<li>Usadores masculinos: A tecnologia, cor negra e prata e linhas de onda de poder s\u00e3o muito est\u00e9ticamente atraentes para os consumidores masculinos e s\u00e3o adequados para os homens&#8217; o cuidado da pele, cuidado pessoal e produtos tecnol\u00f3gicos.<\/li>\n<li>Usadoras femininas: O fundo rosa-verde leve suaviza o frio da tecnologia, criando um &#8220; cool&#8221; estilo que apela \u00e0s mulheres de moda e avan\u00e7ada.<\/li>\n<li>Criar celebridade da Internet Potencial: Sua apar\u00eancia altamente reconhec\u00edvel torna f\u00e1cil de se espalhar e discutir na m\u00eddia social, que \u00e9 uma ferramenta poderosa para o marketing digital de marca.<\/li>\n<li>Comunicar a marca imagem de inova\u00e7\u00e3o: embalagem comunica diretamente a imagem da marca como um pioneiro que ousa inovar, abra\u00e7ar a tecnologia e liderar o caminho.<\/li>\n<li>Aplica\u00e7\u00e3o transversal: Sua linguagem de design \u00e9 altamente adapt\u00e1vel nos dom\u00ednios da beleza, cuidado pessoal e mesmo bens de consumo criativos.<\/li>\n<\/ul>\n<p><b><\/b><strong><b>Scen\u00e1rios de aplica\u00e7\u00e3o para o produto\u00a0<\/b><\/strong><\/p>\n<p>Casos de uso para material de embalagem de tubos de dispens\u00e3o de PE semi-transparente de di\u00e2metro de 30 mm.<\/p>\n<p>&nbsp;<\/p>\n<ul>\n<li>Festivales de m\u00fasica e festas de tend\u00eancia: O sonho \u00e9 perfeito para estas ocasi\u00f5es, tornando-os ideales para aplicar protetores solares ou umidificadores.<\/li>\n<li>Zona de gin\u00e1sio e exerc\u00edcios: Os padr\u00f5es de ondas din\u00e2micas alinham-se com o tema esportivo e s\u00e3o usados para armazenar cremes de repara\u00e7\u00e3o p\u00f3s-exerc\u00edcio ou gelos h\u00famidos.<\/li>\n<li>Esports Room and Tech Enthusiast Desks: Designed as desk care products, they seamlessly integrate with high-tech environments.<\/li>\n<li>Viajar e viajar: Seu design compacto e estilo faz com que seja um acess\u00f3rio ideal para carregar com voc\u00ea.<\/li>\n<li>Cria\u00e7\u00e3o de conte\u00fado da m\u00eddia social: Essa \u00e9 uma excelente ferramenta visual, adequada para uso em conte\u00fado online como tutoriais de beleza e v\u00eddeos de desboxe.<\/li>\n<\/ul>\n<p>&nbsp;<\/p>","protected":false},"featured_media":3558,"comment_status":"closed","ping_status":"closed","template":"","meta":[],"product_brand":[],"product_cat":[29,45],"product_tag":[],"class_list":{"0":"post-3557","1":"product","2":"type-product","3":"status-publish","4":"has-post-thumbnail","6":"product_cat-skin-care-plastic-tube","7":"product_cat-30-pe-plastic-tube","9":"first","10":"instock","11":"shipping-taxable","12":"purchasable","13":"product-type-simple"},"_links":{"self":[{"href":"https:\/\/www.hongyitube.com\/pt\/wp-json\/wp\/v2\/product\/3557","targetHints":{"allow":["GET"]}}],"collection":[{"href":"https:\/\/www.hongyitube.com\/pt\/wp-json\/wp\/v2\/product"}],"about":[{"href":"https:\/\/www.hongyitube.com\/pt\/wp-json\/wp\/v2\/types\/product"}],"replies":[{"embeddable":true,"href":"https:\/\/www.hongyitube.com\/pt\/wp-json\/wp\/v2\/comments?post=3557"}],"wp:featuredmedia":[{"embeddable":true,"href":"https:\/\/www.hongyitube.com\/pt\/wp-json\/wp\/v2\/media\/3558"}],"wp:attachment":[{"href":"https:\/\/www.hongyitube.com\/pt\/wp-json\/wp\/v2\/media?parent=3557"}],"wp:term":[{"taxonomy":"product_brand","embeddable":true,"href":"https:\/\/www.hongyitube.com\/pt\/wp-json\/wp\/v2\/product_brand?post=3557"},{"taxonomy":"product_cat","embeddable":true,"href":"https:\/\/www.hongyitube.com\/pt\/wp-json\/wp\/v2\/product_cat?post=3557"},{"taxonomy":"product_tag","embeddable":true,"href":"https:\/\/www.hongyitube.com\/pt\/wp-json\/wp\/v2\/product_tag?post=3557"}],"curies":[{"name":"wp","href":"https:\/\/api.w.org\/{rel}","templated":true}]}}