{"id":3537,"date":"2026-01-09T12:28:57","date_gmt":"2026-01-09T04:28:57","guid":{"rendered":"https:\/\/www.hongyitube.com\/?post_type=product&#038;p=3537"},"modified":"2026-01-09T12:55:43","modified_gmt":"2026-01-09T04:55:43","slug":"3537","status":"publish","type":"product","link":"https:\/\/www.hongyitube.com\/pt\/product\/3537\/","title":{"rendered":"30-60ml 1,00-2,00fl.oz 30-60g,30mm Serie de Inspira\u00e7\u00e3o Natural 30\/60ml tubo flex\u00edvel PE multifuncional de design de alto n\u00edvel.  &#8211; Hongyi Plastic"},"content":{"rendered":"<p>Hongyi[UNK]Plastic[UNK]30-60ml 1,00 -2,00fl.oz 30-60g, 30mm Natural Inspiration Series 30\/60ml High-end design multi-functional PE flexible tube.<\/p>\n<ol>\n<li>Descri\u00e7\u00e3o do produto Nosso di\u00e2metro de 30 tubos S\u00e9ria de Inspira\u00e7\u00e3o Natural S\u00e9ria de 30 \/ 60 ml tubo de PE vers\u00e1til High Tee Design \u00e9 um tubo de PE de di\u00e2metro de 30 mm que oferece dois tamanhos comuns de capacidade: 30 ml e 60 ml. corpo de tubo com base branca pura, atrav\u00e9s do alto grau de satura\u00e7\u00e3o de blocos de cor verde e amarelo, cria um impacto visual brilhante e vibrante. O design incorpora inteligentemente elementos de folhas rosas naturais e flores amarelas para adicionar uma atmosfera fresca e suave ao conjunto. Todos os textos funcionais e par\u00e2metros s\u00e3o compensados em texto amarelo nas \u00e1reas do bloco verde, assegurando um alto n\u00edvel de legibilidade e integridade do design. O corpo apresenta um design \u00fanico de altos dentes que d\u00e1 um senso mais forte de estrutura e uma melhor pegada. Uma \u00e1rea de at\u00e9 120 mm do ombro at\u00e9 o fim do tubo \u00e9 a \u00e1rea de embalagem e est\u00e1 equipada com uma boca padr\u00e3o de 6 mm para uma variedade de capas criativas de alto dente.<\/li>\n<\/ol>\n<p>&nbsp;<\/p>\n<ol start=\"2\">\n<li>Material do produto<\/li>\n<\/ol>\n<p>&nbsp;<\/p>\n<ul>\n<li>Corpo tubo: polietileno de alta qualidade (PE). O material \u00e9 macio e duro, f\u00e1cil de apertar, e tem boa respirabilidade, assegurando que o conte\u00fado (lot\u00e3o, gel, pasta) seja utilizado eficientemente. O material PE \u00e9 seguro e compat\u00edvel com a maioria das formula\u00e7\u00f5es.<\/li>\n<li>Corpo de cobertura: Ele pode ser combinado com diversos tipos de cor de plataforma, cor de inje\u00e7\u00e3o, matte \/ cor brilhante e cobertura especial de alto dente feita de PP, ABS e outros materiais, para realizar a infinita possibilidade de design.<\/li>\n<\/ul>\n<p><strong><b>Aplica\u00e7\u00f5es recomendadas <\/b><\/strong>\"<\/p>\n<p>Nossa S\u00e9rie de Inspira\u00e7\u00e3o Natural de 30 mm tem tubos moles PE de design de 30\/60 ml de alto n\u00edvel multifuncionais. \u2014 Produtos naturais e org\u00e2nicos da pele: gelas e cremas que cont\u00eam ingredientes vegetais como aloe vera, ch\u00e1 verde, camomilo, etc.<\/p>\n<ul>\n<li>Vitalidade e Produtos de Renova\u00e7\u00e3o da Pele: Como produtos de carne de pele com base em citros e cremas de dia ricos em vitamin as.<\/li>\n<li>Colec\u00e7\u00e3o de cuidados para crian\u00e7as: protec\u00e7\u00e3o solar espec\u00edfica para crian\u00e7as, l\u00edquido de banho de bolhas e creme umidor para prevenir a secagem.<\/li>\n<li>Produtos de sal\u00e3o profissional: ceras de cabelo e cremas de estilo que cont\u00eam extratos vegetais.<\/li>\n<li>Souvenirs de turismo especializado: Souvenirs de ingredientes naturais de pele oferecidos por pontos cen\u00e1rios e jardins bot\u00e2nicos.<\/li>\n<\/ul>","protected":false},"excerpt":{"rendered":"<p><b><\/b><strong><b>Design de Tube Body<\/b><\/strong>.<\/p>\n<p>A linguagem geral de design desta cole\u00e7\u00e3o de inspira\u00e7\u00e3o natural de 30 mm \u00e9 distinta e simples. O verde simboliza a natureza, pureza e seguran\u00e7a; O amarelo representa energia, sol e felicidade; E os elementos florais em rosa adicionam um sentido de delicadeza e delicadeza.<\/p>\n<ul>\n<li>Uma zona funcional clara.<\/li>\n<li>\u00c1rea Visual: Bloques de cores e padr\u00f5es naturais comp\u00f5em o display da marca prim\u00e1ria.<\/li>\n<li>\u00c1rea de Informa\u00e7\u00e3o: O texto amarelo \u00e9 claramente vis\u00edvel em um fundo verde, mostrando uma mistura perfeita de funcionalidade e design.<\/li>\n<li>\u00c1rea Estrutural: O prominente design de alto perfil e a \u00e1rea de encerramento de 120 mm combinam est\u00e9tica com confiabilidade e selagem na produ\u00e7\u00e3o.<\/li>\n<\/ul>\n<p><strong>Avantagens dos produtos<\/strong><\/p>\n<p>Identificar exatamente os segmentos de clientes alvo.<\/p>\n<ul>\n<li>Vers\u00e3o feminina: Os elementos florais rosas e folhosos atendem diretamente \u00e0s prefer\u00eancias das mulheres pela natureza, plantas e desenhos doces. \u00c9 perfeito para produtos de corte de ingredientes naturais, cremas de m\u00e3o e lot\u00f5es corporais.<\/li>\n<li>Vers\u00e3o dos homens: Selecionando uma sombra verde escura e parejando-a com madeira negra, cinza met\u00e1lica, ou capas azuis de alta brilho, voc\u00ea pode temperar a suavidade das flores e enfatizar um sentido de atividade externa, esporte e vitalidade. Este design \u00e9 adequado para cremas de controle de petr\u00f3leo, argila de cabelo ou cremas de repara\u00e7\u00e3o.<\/li>\n<li>Vers\u00e3o infantil: Cores brilhantes e ador\u00e1veis padr\u00f5es florais\/folhas que imediatamente captivam crian\u00e7as. - Adequado para uso com prote\u00e7\u00e3o solar para crian\u00e7as, produtos de banho e umidificadores, tornando o processo de corte de pele agrad\u00e1vel.<\/li>\n<li>Potencial para aplica\u00e7\u00e3o interind\u00fastria:<\/li>\n<li>Beauty and Skincare Industry: Skincare products containing natural ingredients, sunscreen, Vitamin C-enriched serums, and body lotions with fragrances.<\/li>\n<li>Ind\u00fastria farmac\u00eautica: Ingredientes de extrato de plantas (como creme de camomila), gelos para aliviar os mordidos de mosquitos e formula\u00e7\u00f5es t\u00f3picas para crian\u00e7as. Imagens frescas e naturais podem ajudar a aliviar ansiedade sobre medicamentos.<\/li>\n<li>setor industrial: Pode ser usado para embalagem adesivos ecol\u00f3gicos, cores amostrais ou lubricantes com marcas de seguran\u00e7a. Colores vivas podem ser usadas para distinguir entre diferentes linhas de produtos.<\/li>\n<li>Alinha-se com os valores dos consumidores estrangeiros: os consumidores europeus e americanos apreciam muito as inspira\u00e7\u00f5es de design radicadas na natureza, o valor emocional positivo derivado de cores brilhantes e a singularidade da embalagem. Esse design transmite efetivamente todos esses elementos.<\/li>\n<\/ul>\n<p>&nbsp;<\/p>\n<ul>\n<li><b><\/b><strong><b>Escen\u00e1rios aplic\u00e1veis ao produto: Voc\u00ea pode listar o \u00e2mbito de aplica\u00e7\u00e3o do produto por ponto, por exemplo:<\/b><\/strong><\/li>\n<\/ul>\n<p>Scen\u00e1rios de uso.<\/p>\n<p>&nbsp;<\/p>\n<ul>\n<li>Morning Skincare\/Wake-Up Routine: Cores brilhantes e projetos vibrantes podem configurar um tom positivo para a rotina do dia skincare de manh\u00e3.<\/li>\n<li>Actividades externas e Viagens: Seu design compacto e constru\u00e7\u00e3o s\u00f3lida tornam-no perfeito para carregar em um saco de viagens ou saco de fitness, ideal para uso ap\u00f3s caminhada ou acampamento, e complementa temas relacionados \u00e0 natureza.<\/li>\n<li>Cuidado di\u00e1rio para crian\u00e7as: Na casa de banho ou na sala de crian\u00e7as, embalagens bonitas podem incentivar crian\u00e7as a usarem ativamente produtos de corte de pele.<\/li>\n<li>Mostrar em lojas de sa\u00fade e bem-estar: Essa embalagem se integra sem problemas com o ambiente em lojas de retalho que enfatizam um estilo de vida natural e org\u00e2nico, atraindo assim os consumidores que compartilham valores semelhantes.<\/li>\n<li>D\u00e3o de D\u00e3o: O design exude o esp\u00edrito da primavera e ver\u00e3o, fazendo com que seja uma excelente escolha para os presentes nos anivers\u00e1rios, no Dia da M\u00e3e, ou como sinal de amizade.<\/li>\n<\/ul>","protected":false},"featured_media":3539,"comment_status":"closed","ping_status":"closed","template":"","meta":[],"product_brand":[],"product_cat":[29,45],"product_tag":[],"class_list":{"0":"post-3537","1":"product","2":"type-product","3":"status-publish","4":"has-post-thumbnail","6":"product_cat-skin-care-plastic-tube","7":"product_cat-30-pe-plastic-tube","9":"first","10":"instock","11":"shipping-taxable","12":"purchasable","13":"product-type-simple"},"_links":{"self":[{"href":"https:\/\/www.hongyitube.com\/pt\/wp-json\/wp\/v2\/product\/3537","targetHints":{"allow":["GET"]}}],"collection":[{"href":"https:\/\/www.hongyitube.com\/pt\/wp-json\/wp\/v2\/product"}],"about":[{"href":"https:\/\/www.hongyitube.com\/pt\/wp-json\/wp\/v2\/types\/product"}],"replies":[{"embeddable":true,"href":"https:\/\/www.hongyitube.com\/pt\/wp-json\/wp\/v2\/comments?post=3537"}],"wp:featuredmedia":[{"embeddable":true,"href":"https:\/\/www.hongyitube.com\/pt\/wp-json\/wp\/v2\/media\/3539"}],"wp:attachment":[{"href":"https:\/\/www.hongyitube.com\/pt\/wp-json\/wp\/v2\/media?parent=3537"}],"wp:term":[{"taxonomy":"product_brand","embeddable":true,"href":"https:\/\/www.hongyitube.com\/pt\/wp-json\/wp\/v2\/product_brand?post=3537"},{"taxonomy":"product_cat","embeddable":true,"href":"https:\/\/www.hongyitube.com\/pt\/wp-json\/wp\/v2\/product_cat?post=3537"},{"taxonomy":"product_tag","embeddable":true,"href":"https:\/\/www.hongyitube.com\/pt\/wp-json\/wp\/v2\/product_tag?post=3537"}],"curies":[{"name":"wp","href":"https:\/\/api.w.org\/{rel}","templated":true}]}}