{"id":3516,"date":"2026-01-08T21:35:39","date_gmt":"2026-01-08T13:35:39","guid":{"rendered":"https:\/\/www.hongyitube.com\/?post_type=product&#038;p=3516"},"modified":"2026-01-08T21:35:39","modified_gmt":"2026-01-08T13:35:39","slug":"%cf%8625-20ml-45ml-0-68-0-1-52fl-oz-white-pearlescent-round-finish-tube-packaging-for-skincare-products-hongyi-plastic-2","status":"publish","type":"product","link":"https:\/\/www.hongyitube.com\/pt\/product\/%cf%8625-20ml-45ml-0-68-0-1-52fl-oz-white-pearlescent-round-finish-tube-packaging-for-skincare-products-hongyi-plastic-2\/","title":{"rendered":"\u03a625 20ml-45ml 0,68-0,1,52fl.oz embalagem de tubo de acabamento de perlas brancas Runda para produtos de corte de pele.  &#8211; Hongyi Plastic"},"content":{"rendered":"<p>Hongyi[UNK]Plastic20ml-45ml 0,68-0,1,52fl.oz embalagem de tubo final de perlas brancas Runda para produtos de corte de pele.<\/p>\n<p>Este tubo de perlas brancas minimalista exemplifica simplicidade e sublinha o poder de seus componentes.<\/p>\n<p>&nbsp;<\/p>\n<p>Este produto \u00e9 projetado especificamente para consumidores maduros que priorizam listas transparentes de ingredientes, aderem a uma abordagem cient\u00edfica para a corte de pele e apreciam a filosofia de &#8220; menos \u00e9 mais em design. Ela evita encantamentos desnecess\u00e1rios, ao inv\u00e9s de criar uma imagem profissional, cred\u00edvel e eficiente de ferramentas de corte de pele atrav\u00e9s do forte contraste entre materiais e texto. A embalagem apresenta um tubo de gel suave e suave com uma capacidade de 20-45 ml\/g. O corpo do tubo \u00e9 feito de um material puro branco de perlas com texto negro impresso nele, complementado por um tamp\u00e3o branco e brilhante. O design geral incorpora o conceito modernista de &#8220; funciona primeiro,&#8221; - efetivamente transmitir a marca e a informa\u00e7\u00e3o dos ingredientes atrav\u00e9s de um contraste visual impressionante, estabelecendo assim um sentido imediato de confian\u00e7a entre os consumidores que priorizam a efic\u00e1cia. O material corporal do tubo: Plastico PE de alta qualidade assegura a estabilidade do conte\u00fado e uma for\u00e7a confort\u00e1vel de aperto.<\/p>\n<ul>\n<li>Cor e Textura:<\/li>\n<li>Corpo de tubo de perlas brancas: Fornece uma funda\u00e7\u00e3o calm a e profissional, com a sutil folha de perlas dando-lhe uma eleg\u00e2ncia subestimada, evitando o olhar barato associado a branco puro.<\/li>\n<li>Capa brilhante branca: Harmoniza com a cor do corpo do tubo, com a textura brilhante criando um efeito camada que contrasta com a finalidade perlicente do corpo do tubo, resultando em uma apar\u00eancia altamente coesa.<\/li>\n<li>Processo de Impress\u00e3o: O nome da marca e as descri\u00e7\u00f5es dos ingredientes s\u00e3o impressos usando tinta negra. O processo \u00e9 robusto, assegurando texto claro e afiado que \u00e9 altamente leit\u00edvel em qualquer condi\u00e7\u00e3o de ilumina\u00e7\u00e3o, transmitindo efetivamente o conceito central de &#8220; informa\u00e7\u00e3o transparente. &#8221;<\/li>\n<\/ul>\n<p><strong><b>Aplica\u00e7\u00f5es recomendadas <\/b><\/strong>\"<\/p>\n<ol>\n<li>Recomenda\u00e7\u00e3o fundamental: Ess\u00eancia Efectiva Profissional<\/li>\n<\/ol>\n<p>&nbsp;<\/p>\n<ul>\n<li>Produtos Principais: Ess\u00eancia Anti-Wrinkle de Retinol, Ess\u00eancia Brightening de Nicotinamide e Ess\u00eancia Exfoliating Complex Fruit Acid.<\/li>\n<li>Combina\u00e7\u00e3o de estilo de cobertura: chapa branca, brilhante e desligada. Esse design mant\u00e9m a uniformidade geral e enfatiza os atributos das ferramentas cient\u00edficas.<\/li>\n<li>An\u00e1lise: O &#8220; laborat\u00f3rio o estilo de embalagem se alinha perfeitamente com a imagem profissional dos ingredientes ativos de alta concentra\u00e7\u00e3o, permitindo o r\u00e1pido estabelecimento de confian\u00e7a.<\/li>\n<\/ul>\n<p>&nbsp;<\/p>\n<ol start=\"2\">\n<li>Altamente recomendado: Produtos de repara\u00e7\u00e3o espec\u00edficos para a pele<\/li>\n<\/ol>\n<p>&nbsp;<\/p>\n<ul>\n<li>Produtos principais: Creme de repara\u00e7\u00e3o de barreiras cut\u00e2neas, Liquido de Tratamento Acne Spot, Gelo de Moisturiza\u00e7\u00e3o espec\u00edfico p\u00f3s-cirurgia.<\/li>\n<li>Combina\u00e7\u00e3o de estilo de capa: capa branca brilhante desligada ou capa branca desligada (se dispon\u00edvel). O final de mat\u00e9 pode melhorar ainda mais o sentido de calma associado a &#8220; grado m\u00e9dico - produtos.<\/li>\n<li>An\u00e1lise: O design minimalista transmite a mensagem de &#8220; nenhum est\u00edmulo desnecess\u00e1rio,&#8221; tornando-a particularmente adequada para rotinas sens\u00edveis de corte cut\u00e2nea que visam condi\u00e7\u00f5es problem\u00e1ticas da pele.<\/li>\n<\/ul>\n<p>&nbsp;<\/p>\n<ol start=\"3\">\n<li>Recomenda\u00e7\u00e3o alargada: produtos de assist\u00eancia b\u00e1sica de alto n\u00edvel, neutrais em rela\u00e7\u00e3o ao g\u00eanero<\/li>\n<\/ol>\n<p>&nbsp;<\/p>\n<ul>\n<li>Produtos principais: Creme de rosto hidratado de alta efici\u00eancia, lot\u00e3o di\u00e1ria de protec\u00e7\u00e3o solar de amplo espectro e limpeza facial leve.<\/li>\n<li>Design do estilo de c\u00e1psula: Capa branca, brilhante e desligada.<\/li>\n<li>An\u00e1lise: O design neutral e limpo pode atrair usu\u00e1rios de todos os g\u00eaneros e \u00e9 adequado como produto da linha de base para a marca, criando uma imagem cl\u00e1ssica de &#8220; uso di\u00e1rio essencial. &#8221;<\/li>\n<\/ul>","protected":false},"excerpt":{"rendered":"<ul>\n<li><b><\/b><strong><b>Design de Tube Body<\/b><\/strong>.<\/li>\n<li>Tono de design: &#8220; Minimalismo racional.<\/li>\n<li>Estrat\u00e9gia de cores: Pearlescent branco como cor prim\u00e1ria, simbolizando puridade, efici\u00eancia e modernidade. O texto negro serve como o \u00fanico meio para transmitir informa\u00e7\u00e3o, criando a hierarquia visual mais clara e impactante.<\/li>\n<li>Layout como o n\u00facleo: O foco do design \u00e9 inteiramente na sele\u00e7\u00e3o de fontes e no arranjo de layout. Utilizar fontes modern as, simples, sem s\u00e9rie, e organizar informa\u00e7\u00e3o atrav\u00e9s do contraste entre tamanhos de fonte e pesos, tornando facilmente identific\u00e1vel informa\u00e7\u00e3o cr\u00edtica (como marcas e ingredientes-chave).<\/li>\n<\/ul>\n<p>Avantagens dos produtos<\/p>\n<ul>\n<li>Estabelecer Autoridade Profissional: Uma linguagem composta de design rapidamente construi uma imagem profissional para a marca em termos de ingredientes e tecnologia, ganhando assim a confian\u00e7a de &#8220; entusiastas de ingredientes. &#8221;<\/li>\n<li>Comunicar um compromisso com a efici\u00eancia: Ao eliminar qualquer encantamento desnecess\u00e1rio, transmite a ideia de que a marca prioriza e aloca recursos para a formula\u00e7\u00e3o fundamental do produto.<\/li>\n<li>Estabelecer uma marca cl\u00e1ssica: O esquema de cores negra e branca \u00e9 um cl\u00e1ssico permanente que permanece relevante ao longo do tempo e ajuda a construir uma identidade de marca est\u00e1vel e duradoura.<\/li>\n<li>Estimular compras racionais: Criar uma conex\u00e3o com &#8220; consumidores inteligentes que est\u00e3o cansados de marketing excessivo e colocam mais confian\u00e7a em suas pr\u00f3prias pesquisas, levando-as a tomar decis\u00f5es de compra baseadas nos ingredientes e marca&#8217; \u00e9 experi\u00eancia.\u00a0 \u00a0 \u00a0 \u00a0 \u00a0 \u00a0 \u00a0 \u00a0 \u00a0 \u00a0 \u00a0 \u00a0 \u00a0 \u00a0 \u00a0 \u00a0 \u00a0 \u00a0 \u00a0 \u00a0 \u00a0 \u00a0 \u00a0 \u00a0 \u00a0 \u00a0 \u00a0 \u00a0 \u00a0 \u00a0 \u00a0 \u00a0 \u00a0 \u00a0 \u00a0 \u00a0 \u00a0 \u00a0 \u00a0 \u00a0 \u00a0 \u00a0 \u00a0 \u00a0 \u00a0 \u00a0 \u00a0 \u00a0 \u00a0 \u00a0 \u00a0 \u00a0 \u00a0 \u00a0 \u00a0 \u00a0 \u00a0 \u00a0 \u00a0 \u00a0 \u00a0 \u00a0 \u00a0 \u00a0 \u00a0 \u00a0 \u00a0 \u00a0 \u00a0 \u00a0 \u00a0 \u00a0 \u00a0 \u00a0 \u00a0 \u00a0 \u00a0 \u00a0 \u00a0 \u00a0 \u00a0 \u00a0 \u00a0 \u00a0 \u00a0 \u00a0 \u00a0 \u00a0 \u00a0 \u00a0 \u00a0 \u00a0 \u00a0 \u00a0 \u00a0 \u00a0 \u00a0 \u00a0 \u00a0 \u00a0 \u00a0 \u00a0 \u00a0 \u00a0 \u00a0 \u00a0 \u00a0 \u00a0 \u00a0 \u00a0 \u00a0 \u00a0 \u00a0 \u00a0 \u00a0 \u00a0 \u00a0 \u00a0 \u00a0 \u00a0 \u00a0 \u00a0 \u00a0 \u00a0 \u00a0 \u00a0 \u00a0 \u00a0 \u00a0 \u00a0 \u00a0 \u00a0 \u00a0 \u00a0 \u00a0 \u00a0 \u00a0 \u00a0 \u00a0 \u00a0 \u00a0 \u00a0 \u00a0 \u00a0 \u00a0 \u00a0 \u00a0 \u00a0 \u00a0 \u00a0 \u00a0 \u00a0 \u00a0 \u00a0 \u00a0 \u00a0 \u00a0 \u00a0 \u00a0 \u00a0 \u00a0 \u00a0 \u00a0 \u00a0 \u00a0 \u00a0 \u00a0 \u00a0 \u00a0 \u00a0 \u00a0 \u00a0 \u00a0 \u00a0 \u00a0 \u00a0 \u00a0 \u00a0 \u00a0 \u00a0 \u00a0 \u00a0 \u00a0 <strong>\u00a0Scen\u00e1rios de aplica\u00e7\u00e3o para o produto<\/strong><\/li>\n<\/ul>\n<p>Nossas garrafas de embalagem de tubos suaves s\u00e3o particularmente adequadas para os seguintes produtos e cen\u00e1rios de consumo:<\/p>\n<p>&nbsp;<\/p>\n<ul>\n<li>Para usu\u00e1rios interessados em &#8220; ingredientes profissionais  and &#8220; produtos de corte de alta efic\u00e1cia:<\/li>\n<li>Produtos Recomendados: Serum retinol, Serum de Niacinamida, Solu\u00e7\u00e3o de Exfolia\u00e7\u00e3o de \u00c1cido Glic\u00f3lico.<\/li>\n<li>Escen\u00e1rio: Servindo como produto funcional central dentro da rotina di\u00e1ria da pele, sua apar\u00eancia profissional se alinha harmonicamente com sua potente efic\u00e1cia.<\/li>\n<li>For &#8220; marcas de colabora\u00e7\u00e3o nos setores farmac\u00eauticos e dermatol\u00f3gicos:<\/li>\n<li>Produtos Recomendados: Creme de repara\u00e7\u00e3o de barreiras cut\u00e2neas, Gelo de Tratamento de Acne, Creme Relaxante p\u00f3s-procedimento.<\/li>\n<li>Escen\u00e1rio: O &#8220; laborat\u00f3rio -a embalagem de estilo se integra sem problemas com o senso de confian\u00e7a recomendado pelos dermatologistas.<\/li>\n<li>No que diz respeito a &#8220; produtos de beleza neutrais do g\u00eanero:<\/li>\n<li>Produtos recomendados: ess\u00eancia de fortalecimento, lot\u00e3o de prote\u00e7\u00e3o solar, limpeza facial.<\/li>\n<li>Escen\u00e1rio: O design neutral pode ser colocado tanto na \u00e1rea de seu lavabo como na sua vanidade, atendendo \u00e0s necessidades b\u00e1sicas de corte de pele de toda a fam\u00edlia ou usu\u00e1rios individuais.<\/li>\n<li>Focusado no &#8220; estilo de vida urbano minimalista:<\/li>\n<li>Produtos Recomendados: cremas de alta finalidade, saneamentos port\u00e1tiis de m\u00e3o, gelos de hidrata\u00e7\u00e3o.<\/li>\n<li>Escen\u00e1rio: Seu design bonito se integra sem problemas em ambientes modernos, minimalistas de vida ou de trabalho, tornando-o um item estilo do dia a dia.<\/li>\n<\/ul>","protected":false},"featured_media":0,"comment_status":"closed","ping_status":"closed","template":"","meta":[],"product_brand":[],"product_cat":[44],"product_tag":[],"class_list":{"0":"post-3516","1":"product","2":"type-product","3":"status-publish","5":"product_cat-25-pe-plastic-tube","7":"first","8":"instock","9":"shipping-taxable","10":"purchasable","11":"product-type-simple"},"_links":{"self":[{"href":"https:\/\/www.hongyitube.com\/pt\/wp-json\/wp\/v2\/product\/3516","targetHints":{"allow":["GET"]}}],"collection":[{"href":"https:\/\/www.hongyitube.com\/pt\/wp-json\/wp\/v2\/product"}],"about":[{"href":"https:\/\/www.hongyitube.com\/pt\/wp-json\/wp\/v2\/types\/product"}],"replies":[{"embeddable":true,"href":"https:\/\/www.hongyitube.com\/pt\/wp-json\/wp\/v2\/comments?post=3516"}],"wp:attachment":[{"href":"https:\/\/www.hongyitube.com\/pt\/wp-json\/wp\/v2\/media?parent=3516"}],"wp:term":[{"taxonomy":"product_brand","embeddable":true,"href":"https:\/\/www.hongyitube.com\/pt\/wp-json\/wp\/v2\/product_brand?post=3516"},{"taxonomy":"product_cat","embeddable":true,"href":"https:\/\/www.hongyitube.com\/pt\/wp-json\/wp\/v2\/product_cat?post=3516"},{"taxonomy":"product_tag","embeddable":true,"href":"https:\/\/www.hongyitube.com\/pt\/wp-json\/wp\/v2\/product_tag?post=3516"}],"curies":[{"name":"wp","href":"https:\/\/api.w.org\/{rel}","templated":true}]}}