{"id":3505,"date":"2026-01-08T21:27:51","date_gmt":"2026-01-08T13:27:51","guid":{"rendered":"https:\/\/www.hongyitube.com\/?post_type=product&#038;p=3505"},"modified":"2026-01-08T21:27:51","modified_gmt":"2026-01-08T13:27:51","slug":"%cf%8625-20ml-45ml-0-68-0-1-52fl-oz-white-pearlescent-round-finish-tube-packaging-for-skincare-products-hongyi-plastic","status":"publish","type":"product","link":"https:\/\/www.hongyitube.com\/pt\/product\/%cf%8625-20ml-45ml-0-68-0-1-52fl-oz-white-pearlescent-round-finish-tube-packaging-for-skincare-products-hongyi-plastic\/","title":{"rendered":"\u03a625 20ml-45ml 0,68-0,1,52fl.oz embalagem de tubo de acabamento de perlas brancas Runda para produtos de corte de pele.  &#8211; Hongyi Plastic"},"content":{"rendered":"<p>Hongyi[UNK]Plastic20ml-45ml 0,68-0,1,52fl.oz embalagem de tubo final de perlas brancas Runda para produtos de corte de pele.<\/p>\n<p>Conceito central: luz como penas, carregam o luxo do cuidado da pele.<\/p>\n<p>&nbsp;<\/p>\n<p>Este produto \u00e9 concebido para consumidores modernos que est\u00e3o procurando por alto n\u00edvel, atentos \u00e0 experi\u00eancia sensorial e apreciadores da simplicidade e do luxo. A combina\u00e7\u00e3o de qualidade de perlas e plumas flutuantes fornece um conceito de corte de pele de luxo que \u00e9 extremamente leve, altamente penetrativo e pessoalmente projetado.<\/p>\n<p>&nbsp;<\/p>\n<p>&#8212;<\/p>\n<p>&nbsp;<\/p>\n<ol>\n<li>Descri\u00e7\u00e3o do produto<\/li>\n<\/ol>\n<p>&nbsp;<\/p>\n<p>Esta \u00e9 uma mangueira de cuidado cut\u00e2neo de 25 di\u00e2metros fina e elegante com um comprimento de 120 mm sem cobertura e uma capacidade de 20-45 ml\/g. Ideal para ser\u00f5es, lot\u00f5es, cremas solares ou cremas de m\u00e3o de alto alcance. O tubo de medula branca tem uma textura de alta qualidade como um filtro de luz suave, com um padr\u00e3o de impress\u00e3o de pluma cinza e texto rosa, tornando-o visualmente leve e bonito. Ao mesmo tempo, uma variedade de op\u00e7\u00f5es de personaliza\u00e7\u00e3o de cobertura est\u00e3o dispon\u00edveis para satisfazer a posi\u00e7\u00e3o de luxo de diferentes marcas.<\/p>\n<p>&nbsp;<\/p>\n<ol>\n<li>Material e processo do produto<\/li>\n<\/ol>\n<p>&nbsp;<\/p>\n<ul>\n<li>Material tubo corporal: pl\u00e1stico PE de alta qualidade para garantir boa flexibilidade e compatibilidade do conte\u00fado.<\/li>\n<li>Cor e Textura:<\/li>\n<li>Bocas brancas: O efeito da bobina d\u00e1 uma luz suave e luxuosa, produz mudan\u00e7as delicadas em diferentes n\u00edveis de luz, e est\u00e1 estreitamente ligado \u00e0 linguagem visual de &#8220; alto costume. &#8221;<\/li>\n<li>revestimentos brilhantes ou macacos: Dependendo da marca&#8217; s necessidades, voc\u00ea pode escolher cobrir um \u00f3leo brilhante (lustro refor\u00e7ado) ou um \u00f3leo de mat\u00e9 (aumento do toque) ap\u00f3s a impress\u00e3o.<\/li>\n<li>Processo de impress\u00e3o: O padr\u00e3o de pluma cinzenta e o texto rosa usam tecnologia de impress\u00e3o de alta precis\u00e3o, com uma cor suave, transi\u00e7\u00e3o natural e detalhes fortes.<\/li>\n<li>Customiza\u00e7\u00e3o da cobertura:<\/li>\n<li>Capa de giro luxuoso: pode ser parejada com metal eletropl\u00e1tido, j\u00f3ias ou cores personalizadas.<\/li>\n<li>F\u00e1cil de espalhar: adequado para produtos de creme que n\u00e3o precisam ser usados frequentemente.<\/li>\n<li>Capturas acr\u00edlicas avan\u00e7adas: uma textura transparente que pode ser coberta de cores met\u00e1licas para criar uma experi\u00eancia de luxo de peso pesado.<\/li>\n<li>Cobertura natural de madeira: alinha-se com a filosofia da marca da pureza, org\u00e2nica e sustent\u00e1vel.<\/li>\n<\/ul>\n<p><strong><b>Aplica\u00e7\u00f5es recomendadas <\/b><\/strong>\"<\/p>\n<p>sua embalagem de mangueiras com tema de perlas brancas<\/p>\n<ol>\n<li>Posi\u00e7\u00e3o do mercado central<\/li>\n<\/ol>\n<p>&nbsp;<\/p>\n<ul>\n<li>Audi\u00eancia alvo: Consumidores que preferem experi\u00eancias de qualidade em rela\u00e7\u00e3o \u00e0s caracter\u00edsticas b\u00e1sicas, est\u00e3o dispostos a pagar um pr\u00e9mio por um senso de design e resson\u00e2ncia emocional, e focar em rituais de corte de pele (principalmente mulheres de 25 a 45 anos).<\/li>\n<li>Proposta de valor: fornecer uma experi\u00eancia de &#8220; luxo nas pontas dos dedos que eleva o cuidado quotidiano da pele a um ritual sensorial elegante e agrad\u00e1vel.<\/li>\n<li>Posi\u00e7\u00e3o do intervalo de pre\u00e7os: de meio a alto para alto.<\/li>\n<\/ul>\n<p>&nbsp;<\/p>\n<ol>\n<li>Recomenda\u00e7\u00e3o de precis\u00e3o do produto<\/li>\n<\/ol>\n<p>&nbsp;<\/p>\n<ol>\n<li>S\u00e9rumes e lot\u00f5es luminosos penetrantes<\/li>\n<\/ol>\n<p>&nbsp;<\/p>\n<ul>\n<li>Raz\u00f5es para recomenda\u00e7\u00e3o: A imagem visual de um &#8220; pluma implica diretamente uma pele de luz, absor\u00e7\u00e3o r\u00e1pida, sem petr\u00f3leo.<\/li>\n<li>Produtos espec\u00edficos:<\/li>\n<li>&#8220; Parece-se com a febre. Essenciais do umidificador: Manter ingredientes de hidrata\u00e7\u00e3o como \u00e1cido hialur\u00f4nico com \u00eanfase na absor\u00e7\u00e3o instant \u00e2nea.<\/li>\n<li>Ess\u00eancia de revitaliza\u00e7\u00e3o celular: Principalmente dirigida para repara\u00e7\u00e3o e antienvelhecimento, \u00e9 conceitualmente associada a &#8220; luz contra o &#8220; pesado sentimento de envelhecimento. &#8221;<\/li>\n<li>Creme de barreira pr\u00e9-maquilhagem: Crie um efeito de vestimentos leve e fino.<\/li>\n<\/ul>\n<p>&nbsp;<\/p>\n<ol start=\"2\">\n<li>High-end Hand &amp; - Cuidado corporal<\/li>\n<\/ol>\n<p>&nbsp;<\/p>\n<ul>\n<li>Raz\u00f5es para recomenda\u00e7\u00e3o: O corpo de garrafa long a se encaixa na est\u00e9tica manuten\u00e7\u00e3o, e a textura das perlas d\u00e1 um senso de luxo ao cuidado b\u00e1sico.<\/li>\n<li>Produtos espec\u00edficos:<\/li>\n<li>Creme de m\u00e3o luxuoso: Posi\u00e7\u00e3o como &#8220; luxo de escrit\u00f3rio  or a &#8220; a bolsa deve ter. &#8221;<\/li>\n<li>Uma alternativa \u00e0 lot\u00e3o corporal tradicional com um tom e fragran\u00e7a da pele mais refinados.<\/li>\n<\/ul>\n<p>&nbsp;<\/p>\n<ol start=\"3\">\n<li>Produtos tranquilizantes para pele sens\u00edvel<\/li>\n<\/ol>\n<p>&nbsp;<\/p>\n<ul>\n<li>Raz\u00e3o para recomenda\u00e7\u00e3o: Branca, luz de perlas, e plumas juntas enviam um sinal forte de pureza, gentileza e carga zero.<\/li>\n<li>Produtos espec\u00edficos:<\/li>\n<li>Cremes tranquilizantes e restauradores: Para pele vermelha e sens\u00edvel.<\/li>\n<li>S\u00e9rum de cura de barreiras: enfatiza a seguran\u00e7a dos ingredientes e um tono de pele suave. A escolha da forma de cobertura determina diretamente o estilo final e o cen\u00e1rio de uso do produto:<\/li>\n<\/ul>\n<p>&nbsp;<\/p>\n<p>Formas de cobertura Acess\u00f3rios Recomendados Estilo e Escenas Recomendados<\/p>\n<p>Metal eletroplado gira s\u00e9reos Antienvelhecimento, cremes de luxo face luxo moderno: atrair jovens clientes de alto n\u00edvel que buscam um senso de tecnologia e moda.<\/p>\n<p>Alexis Alexis Alto-Ende \u00f3leos essenciais, ess\u00eancias de fragran\u00e7a de edi\u00e7\u00e3o limitadas bloqueador luxo: criar textura semelhante \u00e0 cole\u00e7\u00e3o para caixas de f\u00e9rias.<\/p>\n<p>Madeira cobre creme org\u00e2nico, aromaterapia e creme natural de cura: posicionamento preciso de beleza pura e amantes sustent\u00e1veis do estilo de vida.<\/p>\n<p>Rodas de cor padr\u00e3o \/ flaps Cremas de m\u00e3o, cremas corporais, cremas pr\u00e9-maquilhagem elegantes e pr\u00e1ticas: equil\u00edbrio de beleza e custo para os produtos cotidianos de alto n\u00edvel que requerem ampla disponibilidade. Apela\u00e7\u00e3o Vanity:<\/p>\n<ul>\n<li>Escen\u00e1rios: O produto atua como uma mesa de roupa no quarto ou banheiro.<\/li>\n<li>An\u00e1lise: A textura de j\u00f3ias e design elegante fazia parte da decora\u00e7\u00e3o dom\u00e9stica, conhecendo os consumidores&#8217; precisa mostrar um &#8220; boa vida na m\u00eddia social.<\/li>\n<\/ul>\n<ol start=\"2\">\n<li>A economia do presente:<\/li>\n<\/ol>\n<ul>\n<li>Escen\u00e1rios: Festas, anivers\u00e1rios, obrigados de presente.<\/li>\n<li>An\u00e1lise: Sua apar\u00eancia de alto n\u00edvel e seu significado emocional positivo (como o s\u00edmbolo de pluma do cuidado suave) fazem com que seja a escolha perfeita do presente, especialmente quando parejado com uma capa acr\u00edlica ou embalagem especial.<\/li>\n<\/ul>\n<ol start=\"3\">\n<li>Viagem e Portabilidade:<\/li>\n<\/ol>\n<ul>\n<li>Escen\u00e1rios: Neg\u00f3cios, saco de viajantes, escrit\u00f3rio.<\/li>\n<li>An\u00e1lise: A forma longa economiza espa\u00e7o, e a superf\u00edcie da perla \u00e9 resistente ao arranho e resistente ao uso. Como um item corporal, ele pode silenciosamente demonstrar o usu\u00e1rio&#8217; o discurso sensador da pele: &#8220; Toque-a suavemente como uma pluma, penetra instantaneamente, e tem peso zero na pele. &#8221;<\/li>\n<li>Discurso de composi\u00e7\u00e3o: &#8220; Embalagem ingredientes de alto desempenho numa textura ligeira que combate suavemente os rastos do tempo. &#8221;<\/li>\n<li>Falo emocional: &#8220; Cada esmagamento \u00e9 um ritual de adora\u00e7\u00e3o para si mesmo. &#8221; A competitividade central deste pacote \u00e9 que ela perfeitamente encapsula valores emocionais abstratos (luz, luxo, amor) atrav\u00e9s de elementos de design tang\u00edveis (pedras, penas, capas personalizadas). A chave para o uso recomendado \u00e9 sempre combinar caracter\u00edsticas de produto com met\u00e1foras visuais, e usar capas personalizadas para alvejar diferentes segmentos precisamente, de modo a criar com sucesso uma imagem \u00fanica e atraente de marca em um mercado estrangeiro altamente competitivo.<\/li>\n<\/ul>","protected":false},"excerpt":{"rendered":"<ul>\n<li><b><\/b><strong><b>Design de Tube Body<\/b><\/strong>.<\/li>\n<\/ul>\n<p>Esse \u00e9 um tubo magro e elegante de 25-gauge cut\u00e2neo, sem tampa, de comprimento de 120 mm, com uma capacidade de 20-45 ml\/g. \u00c9 uma escolha ideal para ser\u00f5es, lot\u00f5es, protec\u00e7\u00e3o solar ou cremas de m\u00e3o de alto alcance. O corpo do tubo branco de brilho de perlas tem um sentimento sofisticado semelhante a um filtro de luz suave, complementado por um padr\u00e3o cinzento de impress\u00e3o de pluma e texto rosa, criando uma apar\u00eancia visualmente leve e delicada. Al\u00e9m disso, v\u00e1rios estilos de tampa est\u00e3o dispon\u00edveis para personaliza\u00e7\u00e3o para se alinhar com a posi\u00e7\u00e3o luxuosa de diferentes marcas.<\/p>\n<p>1.Materiales de Produtos e Processos de Fabrica\u00e7\u00e3o<\/p>\n<p>&nbsp;<\/p>\n<ul>\n<li>Material corporal: Fazido de pl\u00e1stico PE de alta qualidade, garantindo excelente flexibilidade e compatibilidade com o conte\u00fado sendo armazenado.<\/li>\n<li>Cor e Textura:<\/li>\n<li>corpo de tubo de brilho de perlas brancas: O efeito de brilho de perlas mostra uma folha suave e luxuosa, com varia\u00e7\u00f5es sutis ocorrendo em diferentes condi\u00e7\u00f5es de ilumina\u00e7\u00e3o, estreitamente ligada \u00e0 linguagem visual de &#8220; personaliza\u00e7\u00e3o de alto n\u00edvel. &#8221;<\/li>\n<li>revestimentos brilhantes ou de mat\u00e9: Dependendo da marca&#8217; os requisitos, \u00e9 poss\u00edvel aplicar um final brilhante (refor\u00e7ando o brilho) ou um final de matte (melhorando a sensa\u00e7\u00e3o t\u00e1ctil) ap\u00f3s o processo de impress\u00e3o.<\/li>\n<li>Processo de Impress\u00e3o: O padr\u00e3o de pluma cinza e texto rosa s\u00e3o impressos usando tecnologia de impress\u00e3o offset de alta precis\u00e3o. As cores s\u00e3o suaves e as transi\u00e7\u00f5es s\u00e3o naturais, com forte representa\u00e7\u00e3o detalhada nos padr\u00f5es.<\/li>\n<li>Desenhos personalizados de cobertura:<\/li>\n<li>Capa de giro luxuosa: Pode ser parejada com cores met\u00e1licas eletropl\u00e1sticas, cores de perlas ou cores personalizadas.<\/li>\n<li>Design conveniente de abertura inversa: Adequado para produtos de creme que n\u00e3o s\u00e3o usados frequentemente.<\/li>\n<li>Captura acr\u00edlica de alto grau: textura transparente, pode ser coberta de cores met\u00e1licas, criando uma experi\u00eancia luxuosa e substancial.<\/li>\n<li>Cofre natural de madeira: Alinha com a marca&#8217; os princ\u00edpios da pureza, materiais org\u00e2nicos e sustentabilidade.<\/li>\n<\/ul>\n<p>Avantagens dos produtos<\/p>\n<ul>\n<li>Construir uma imagem de marca de alto n\u00edvel: A combina\u00e7\u00e3o de j\u00f3ias e capas personalizadas anuncia silenciosamente a posi\u00e7\u00e3o de alto n\u00edvel do produto, apoiando sua capacidade prim\u00e1ria.<\/li>\n<li>Reson\u00e2ncia emocional precisa: A imagem de pluma pode instantaneamente deixar os consumidores Lenovo &#8220; luz,&#8221;  &#8220; nenhum fardo,&#8221;  &#8220; soft&#8221; e outros sentimentos positivos, transmitem precisamente as caracter\u00edsticas do produto.<\/li>\n<li>Extreme shelf appeal: Long bottles, pearl texture and elegant design make them stand out on the shelf and appeal to quality-seeking consumers.<\/li>\n<li>Portador de presente perfeito: Sua apar\u00eancia elegante \u00e9 inerentemente adequada como um presente de f\u00e9rias, embalagem de edi\u00e7\u00e3o limitada, e inspira o desejo de comprar e dar<\/li>\n<\/ul>\n<p>&nbsp;<\/p>\n<p>&nbsp;<\/p>\n<ul>\n<li><b><\/b><strong><b>Scen\u00e1rios de aplica\u00e7\u00e3o para o produto\u00a0<\/b><\/strong><\/li>\n<\/ul>\n<p>Este produto \u00e9 particularmente adequado para os seguintes produtos e cen\u00e1rios de consumo:<\/p>\n<p>&nbsp;<\/p>\n<ul>\n<li>Respeitar a demanda de &#8220; pele luxuosa:<\/li>\n<li>Produtos Recomendados: Ess\u00eancia Antienvelhecimento, Creme Luxuriosa, Lot\u00e3o Sunscreen de alto n\u00edvel.<\/li>\n<li>Escen\u00e1rio: Como parte essencial do ritual da pele noturna, sua apar\u00eancia elegante refor\u00e7a o sentido geral da cerim\u00f4nia dentro da rotina da pele.<\/li>\n<li>Focusado em &#8220; sensa\u00e7\u00e3o leve da pele  and &#8220; cuidado corporal:<\/li>\n<li>Produtos Recomendados: Creme de Ess\u00eancia corporal, Creme de M\u00e3os, Lot\u00e3o Pessoal de Moisturiza\u00e7\u00e3o.<\/li>\n<li>Escen\u00e1rio: Coloque na mesa de vestir no quarto ou no banheiro. O final como perlas se mistura bem com o ambiente dom\u00e9stico e pode servir como um item decorativo.<\/li>\n<li>Objetivando o &#8220; Gifts and Limited-Edition Market&#8221;:<\/li>\n<li>Produtos Recomendados: Caixas Festivas de Gifts, Favors de Bridas, Produtos Exclusivos para os Membros.<\/li>\n<li>Escen\u00e1rio: O produto pode ser parejado com uma cap a acr\u00edlica ou uma capa especial de metal desligada para um olhar ultra-luxoso; Quando parejado com uma cobertura de madeira, ela cria uma est\u00e9tica natural e pura, atendendo a v\u00e1rias necessidades de dar presente.<\/li>\n<li>No que diz respeito a &#8220; compartilhamento da m\u00eddia social:<\/li>\n<li>Produtos Recomendados: Qualquer produto da pele que enfatize &#8220; experi\u00eancias luxuosas  and &#8220; alto apelo est\u00e9tico. &#8221;<\/li>\n<li>Escen\u00e1rio: O design, caracterizado por um alto &#8220; Instagram est\u00e9tico,&#8221; \u00e9 bem adequado para dissemina\u00e7\u00e3o em plataformas sociais visuais (como Instagram, Pinterest). Ela incentiva os usu\u00e1rios a compartilhar suas pr\u00f3prias interpreta\u00e7\u00f5es da est\u00e9tica de beleza. Este tubo suave com um tema de pluma branca e iridescente \u00e9 constru\u00eddo com uma combina\u00e7\u00e3o de materiais de alto n\u00edvel, imagens elegantes e extensa personaliza\u00e7\u00e3o, atendendo efetivamente \u00e0s necessidades mais profundas dos consumidores internacionais para experi\u00eancias de luxo, resson\u00e2ncia emocional e personaliza\u00e7\u00e3o. N\u00e3o \u00e9 apenas uma solu\u00e7\u00e3o de embalagem, mas sim uma pe\u00e7a art\u00edstica capaz de narrar a marca a hist\u00f3ria e o melhoramento do ritual cotidiano da pele para o usu\u00e1rio.<\/li>\n<\/ul>","protected":false},"featured_media":0,"comment_status":"closed","ping_status":"closed","template":"","meta":[],"product_brand":[],"product_cat":[44],"product_tag":[],"class_list":{"0":"post-3505","1":"product","2":"type-product","3":"status-publish","5":"product_cat-25-pe-plastic-tube","7":"first","8":"instock","9":"shipping-taxable","10":"purchasable","11":"product-type-simple"},"_links":{"self":[{"href":"https:\/\/www.hongyitube.com\/pt\/wp-json\/wp\/v2\/product\/3505","targetHints":{"allow":["GET"]}}],"collection":[{"href":"https:\/\/www.hongyitube.com\/pt\/wp-json\/wp\/v2\/product"}],"about":[{"href":"https:\/\/www.hongyitube.com\/pt\/wp-json\/wp\/v2\/types\/product"}],"replies":[{"embeddable":true,"href":"https:\/\/www.hongyitube.com\/pt\/wp-json\/wp\/v2\/comments?post=3505"}],"wp:attachment":[{"href":"https:\/\/www.hongyitube.com\/pt\/wp-json\/wp\/v2\/media?parent=3505"}],"wp:term":[{"taxonomy":"product_brand","embeddable":true,"href":"https:\/\/www.hongyitube.com\/pt\/wp-json\/wp\/v2\/product_brand?post=3505"},{"taxonomy":"product_cat","embeddable":true,"href":"https:\/\/www.hongyitube.com\/pt\/wp-json\/wp\/v2\/product_cat?post=3505"},{"taxonomy":"product_tag","embeddable":true,"href":"https:\/\/www.hongyitube.com\/pt\/wp-json\/wp\/v2\/product_tag?post=3505"}],"curies":[{"name":"wp","href":"https:\/\/api.w.org\/{rel}","templated":true}]}}