{"id":3496,"date":"2026-01-08T21:19:04","date_gmt":"2026-01-08T13:19:04","guid":{"rendered":"https:\/\/www.hongyitube.com\/?post_type=product&#038;p=3496"},"modified":"2026-01-08T21:19:05","modified_gmt":"2026-01-08T13:19:05","slug":"%cf%8625-20ml-25ml-round-finish-tube-packaging-for-skincare-products-hongyi-plastic","status":"publish","type":"product","link":"https:\/\/www.hongyitube.com\/pt\/product\/%cf%8625-20ml-25ml-round-finish-tube-packaging-for-skincare-products-hongyi-plastic\/","title":{"rendered":"\u03a625 20 ml-25 ml embalagem de tubo de acabamento redondo para produtos de corte de pele.  &#8211; Hongyi Plastic"},"content":{"rendered":"<p>Hongyi[UNK]Plastic\u03a625 20 ml-25 ml embalagem de tubo de acabamento redondo para produtos de carne de pele.<\/p>\n<p>&#8220; S\u00e9rie de Inspira\u00e7\u00e3o da Natureza&#8221;  &#8211; Informa\u00e7\u00e3o detalhada sobre a embalagem de tubos<\/p>\n<p>&nbsp;<\/p>\n<p>Conceito essencial: Infus\u00e3o a energia refrescante do jardim na rotina di\u00e1ria da pele.<\/p>\n<p>&nbsp;<\/p>\n<p>Este produto \u00e9 projetado especificamente para consumidores modernos que priorizam vitalidade, ingredientes naturais e experi\u00eancias sensoriais agrad\u00e1veis. O corpo refrescante tubo verde-luz parejado com padr\u00f5es de fruta vibrantes transmite instantaneamente as caracter\u00edsticas naturais, energ\u00e9ticas e refrescantes do produto, tornando-o um encarnamento ideal dos conceitos de beleza pura e pele alegre.<\/p>\n<p>&nbsp;<\/p>\n<ol>\n<li>Descri\u00e7\u00e3o do produto<\/li>\n<\/ol>\n<p>&nbsp;<\/p>\n<p>Este \u00e9 um tubo sofisticado de 25-gauge cut\u00e2neo de molho, sem tampa, medindo 70 mm de comprimento, com uma capacidade de 15-20 ml\/g, tornando-o uma escolha ideal para essen\u00e7a, lot\u00e3o ou produtos de gel. O design \u00e9 inspirado por um jardim vibrante, com o corpo de tubo verde-luz simbolizando a naturalidade e a fresca. A combina\u00e7\u00e3o de um revestimento brilhante e padr\u00f5es de impress\u00e3o viva de frutos de citros (laranjas\/lim\u00f5es) transmite diretamente o produto&#8217; \u00e9 pureza, vibra\u00e7\u00e3o e agradecimento de uma perspectiva visual.<\/p>\n<p>&nbsp;<\/p>\n<ol>\n<li>Materiales de Produtos e Processos de Fabrica\u00e7\u00e3o<\/li>\n<\/ol>\n<p>&nbsp;<\/p>\n<ul>\n<li>Material corporal: Fazido de pl\u00e1stico PE de alta qualidade, garantindo excelente flexibilidade e compatibilidade com o conte\u00fado sendo armazenado.<\/li>\n<li>Cor e Textura:<\/li>\n<li>Corpo de tubos verdes de tono claro: Esse tono verde subestimado, mas sofisticado, est\u00e1 estreitamente associado aos olhos dos consumidores ocidentais com conceitos de natureza, produ\u00e7\u00e3o org\u00e2nica, sustentabilidade e tranquilidade.<\/li>\n<li>Coatura brilhante: O corpo inteiro do tubo est\u00e1 coberto de um final brilhante, dando-lhe uma folha saud\u00e1vel e hidratada, semelhante \u00e0 pele de frutos frescos, aumentando o produto&#8217; \u00e9 pureza e vibra\u00e7\u00e3o.<\/li>\n<li>Processo de Impress\u00e3o: Os projetos e explica\u00e7\u00f5es textuais, como aqueles com laranjas e uvas, s\u00e3o impressos usando um processo de impress\u00e3o de tela. Os projetos s\u00e3o robustos e duradouros, com cores vibrantes e saturadas que criam um contraste impressionante com o corpo do tubo brilhante, fazendo-os altamente impactantes visualmente.<\/li>\n<\/ul>\n<p><strong><b>Aplica\u00e7\u00f5es recomendadas <\/b><\/strong>\"<\/p>\n<p>As caracter\u00edsticas desta mangueira verde de cores luzes s\u00e3o recomendadas para uso em:<\/p>\n<p>&nbsp;<\/p>\n<p>Recomenda\u00e7\u00f5es de receta de precis\u00e3o<\/p>\n<p>&nbsp;<\/p>\n<ol>\n<li>A s\u00e9rie de brilho de vitaminas<\/li>\n<\/ol>\n<p>&nbsp;<\/p>\n<ul>\n<li>Serum de brilho da vitamina C (15 ml)<\/li>\n<li>Ess\u00eancia Complexa Antioxidante Pomelo (20 ml)<\/li>\n<li>L\u00e1cte da frente (15 g)<\/li>\n<\/ul>\n<p>&nbsp;<\/p>\n<ol start=\"2\">\n<li>Uma linha de umidificador refrescante<\/li>\n<\/ol>\n<p>&nbsp;<\/p>\n<ul>\n<li>Gelo de Neroli (20 g)<\/li>\n<li>Pomelo Soothing Moisturizing Essence (15 ml)<\/li>\n<li>Gelo de hidrata\u00e7\u00e3o de citro (20 ml)<\/li>\n<\/ul>\n<p>&nbsp;<\/p>\n<ol start=\"3\">\n<li>Cuidado corporal vital<\/li>\n<\/ol>\n<p>&nbsp;<\/p>\n<ul>\n<li>Serum de Rejuvena\u00e7\u00e3o Mano (15 ml)<\/li>\n<li>Serum de Rejuvena\u00e7\u00e3o corporal (20 ml)<\/li>\n<li>Joint Brightening Care Cream (20 g)<\/li>\n<\/ul>\n<p>&nbsp;<\/p>\n<p>Usar o casamento de cen\u00e1rios<\/p>\n<p>&nbsp;<\/p>\n<p>Aten\u00e7\u00e3o de manh\u00e3 \u00e0 rejuvena\u00e7\u00e3o<\/p>\n<p>&nbsp;<\/p>\n<ul>\n<li>Almo\u00e7o de manh\u00e3: essen\u00e7a de vitamina C, com aroma de citro para acordar a pele<\/li>\n<li>Em cima antes da maquilhagem: creme de laranja pr\u00e9-maquilhagem para criar m\u00fasculos de brilho naturais<\/li>\n<li>Um deve ter na sua secret\u00e1ria: Serum de refrescamento de m\u00e3os para se rehidratar sempre<\/li>\n<\/ul>\n<p>&nbsp;<\/p>\n<p>Momentos de Cuidado Especial<\/p>\n<p>&nbsp;<\/p>\n<ul>\n<li>Repara\u00e7\u00e3o p\u00f3s-exerc\u00edcio: gel tranquilizante de greipefruta para calmar a pele ap\u00f3s exerc\u00edcio<\/li>\n<li>Renova\u00e7\u00e3o da pele no fim de semana: creme de renova\u00e7\u00e3o corporal, desfrutar do tempo de SPA em casa<\/li>\n<li>Companheiro de viagens: 15 ml em perfeita conformidade com as regras de avia\u00e7\u00e3o<\/li>\n<\/ul>\n<p>&nbsp;<\/p>\n<p>Usar Conselhos<\/p>\n<p>&nbsp;<\/p>\n<p>Um guia para uso preciso<\/p>\n<p>&nbsp;<\/p>\n<ul>\n<li>Essenciais: Usem manh\u00e3 e noite, 2-3 gotas cada, por 4-6 semanas<\/li>\n<li>Tipo de gel: Reapply at any time according to need, 15g is suitable for 1-2<\/li>\n<li>Cremas: uso t\u00f3pico, 20 g por 8-10 semanas<\/li>\n<\/ul>\n<p>&nbsp;<\/p>\n<p>O melhor momento para usar<\/p>\n<p>&nbsp;<\/p>\n<ul>\n<li>O per\u00edodo de transi\u00e7\u00e3o sazonal: brilhar na primavera, branco brilhante no ver\u00e3o<\/li>\n<li>Aten\u00e7\u00e3o ao estresse: Aumentar seu humor com aromas de citrus quando voc\u00ea&#8217; est\u00e3o ocupados no trabalho<\/li>\n<li>Durante as viagens: adaptar-se \u00e0s necessidades da pele de diferentes climas<\/li>\n<\/ul>\n<p>&nbsp;<\/p>\n<p>Sugerir pares<\/p>\n<p>&nbsp;<\/p>\n<p>Efic\u00eancia combinada<\/p>\n<p>&nbsp;<\/p>\n<ol>\n<li>Um Combo Branco Bright<\/li>\n<\/ol>\n<ul>\n<li>Bom dia: Ess\u00eancia de Vitamina C<\/li>\n<li>Na noite: ess\u00eancia complexa de uvas<\/li>\n<\/ul>\n<ol start=\"2\">\n<li>Fortalecer as Combina\u00e7\u00f5es<\/li>\n<\/ol>\n<ul>\n<li>No dia: gelo de umidificador de flor laranja<\/li>\n<li>Na noite: Gelo de hidrata\u00e7\u00e3o de citrus<\/li>\n<\/ul>\n<p>&nbsp;<\/p>\n<p>Temporada limitada<\/p>\n<p>&nbsp;<\/p>\n<ul>\n<li>Primavera e Ver\u00e3o: textura refrescante de gel<\/li>\n<li>Recomenda\u00e7\u00f5es de Outono e Inverno: receitas de umidificadores<\/li>\n<\/ul>\n<p>Este pacote \u00e9 especialmente adequado para os consumidores que perseguem ingredientes naturais, prestam aten\u00e7\u00e3o \u00e0 experi\u00eancia de uso, e desfrutam do prazer dos sentidos, atendendo tanto \u00e0s necessidades de cuidado da pele como trazendo uma experi\u00eancia de humor agrad\u00e1vel. O design fresco com tema de citros \u00e9 mais favor\u00e1vel ao compartilhamento da m\u00eddia social e \u00e9 ideal para marcas modernas de cuidado da pele<\/p>","protected":false},"excerpt":{"rendered":"<ul>\n<li><b><\/b><strong><b>Design de Tube Body<\/b><\/strong>.<\/li>\n<li>Tono de design: &#8220; Vitalidade natural. &#8221;<\/li>\n<li>Estrat\u00e9gia de cores: tinta leve verde como cor principal estabelece um tom natural e confi\u00e1vel que facilmente se destaca em muitas embalagens.<\/li>\n<li>C\u00eanero gr\u00e1fico: padr\u00f5es de impress\u00e3o de laranja atraente para olhos, grapefruit screen como foco visual, diretamente e claramente indicam os ingredientes e aroma essenciais do produto, causando os consumidores a &#8220; vitamina C,&#8221;  &#8220; Huanhuo,&#8221;  &#8220; fresco - Lenovo positivo.<\/li>\n<li>Textura geral: O revestimento brilhante n\u00e3o s\u00f3 protege os padr\u00f5es impressos, mas tamb\u00e9m d\u00e1 ao pacote um aspecto h\u00famido e fresco, como fruta frescamente limpa, o que \u00e9 um prazer.<\/li>\n<\/ul>\n<p><strong>Avantagens dos produtos\u00a0<\/strong><\/p>\n<ul>\n<li>Comunica\u00e7\u00e3o Efficiente da Plataforma: A linguagem de design \u00e9 intuitiva e clara, permitindo aos consumidores compreender os atributos de produtos dentro de 0,2 segundos, conduzindo assim as compras de impulsos.<\/li>\n<li>Estabelecer a confian\u00e7a na marca: O uso de elementos verdes e naturais ajuda rapidamente a construir uma percep\u00e7\u00e3o da marca como &#8220; puro, seguro e eficaz. &#8221;<\/li>\n<li>Estimular emo\u00e7\u00f5es positivas: Os padr\u00f5es de fruta brilhantes e atraentes t\u00eam um impacto emocional, aumentando a marca&#8217; \u00e9 apelar e fazer a pelecom uma experi\u00eancia mais agrad\u00e1vel.<\/li>\n<li>Desenvolvimento preciso do mercado: Alinha-se sem problemas com as tr\u00eas tend\u00eancias globais de &#8220; beleza pura,&#8221;  &#8220; prazer sensorial,&#8221;  and &#8220; abordagem centrada em ingredientes,&#8221; que est\u00e3o vivenciando popularidade sustentada.<\/li>\n<\/ul>\n<p>&nbsp;<\/p>\n<p>&nbsp;<\/p>\n<ul>\n<li><b><\/b><strong><b>Scen\u00e1rios de aplica\u00e7\u00e3o para o produto<\/b><\/strong><\/li>\n<\/ul>\n<p>Este produto \u00e9 especialmente adequado para os seguintes produtos e cen\u00e1rios de consumo:<\/p>\n<p>&nbsp;<\/p>\n<ul>\n<li>For &#8220; vibrante - precisa:<\/li>\n<li>Produtos Recomendados: Ess\u00eancia de Vitamina C brilhante, Pomelo Rejuvenating Face Cream, Orange Light Makeup Cream.<\/li>\n<li>Escen\u00e1rios: Como o primeiro passo na corte da pele durante a manh\u00e3, o visual e o aroma de citro podem instantaneamente acordar a pele e refor\u00e7ar o esp\u00edrito.<\/li>\n<li>For &#8220; refrescando umidificadores  and &#8220; cuidado corporal:<\/li>\n<li>Produtos recomendados: umidificador de flores de laranja, soro corporal de greipefrutas, soro de refrescamento de m\u00e3os.<\/li>\n<li>Escen\u00e1rios: O tubo pequeno \u00e9 adequado para sentar em uma mesa ou num saco de fitness para rehidratar e energizar sua pele em qualquer momento.<\/li>\n<li>Para Viajar e - Mercado de regalos:<\/li>\n<li>Produtos Recomendados: Travel Essentials, Holiday Specialty Sets, Weekend Skin Care Experience Packs.<\/li>\n<li>Escen\u00e1rios: O vivo design \u00e9 perfeito para promo\u00e7\u00f5es de ver\u00e3o, pe\u00e7as de reserva de alto n\u00edvel de hotel ou um presente de membros que d\u00e1 um sentimento fresco e agrad\u00e1vel.<\/li>\n<li>For &#8220; compartilhamento da m\u00eddia social:<\/li>\n<li>Produto Recomendado: Qualquer produto de cuidado da pele que possa ser uma celebridade da Internet.<\/li>\n<li>Escena: Com alta apar\u00eancia e alto grau de satura\u00e7\u00e3o, \u00e9 naturalmente o querido de Instagram, Tiktok e Xiaohong Book. Ela incentiva os clientes a tomarem fotos e compartilhar, formando uma segunda comunica\u00e7\u00e3o.<\/li>\n<\/ul>\n<p><strong><b>\u00a0<\/b><\/strong><\/p>","protected":false},"featured_media":0,"comment_status":"closed","ping_status":"closed","template":"","meta":[],"product_brand":[],"product_cat":[44],"product_tag":[],"class_list":{"0":"post-3496","1":"product","2":"type-product","3":"status-publish","5":"product_cat-25-pe-plastic-tube","7":"first","8":"instock","9":"shipping-taxable","10":"purchasable","11":"product-type-simple"},"_links":{"self":[{"href":"https:\/\/www.hongyitube.com\/pt\/wp-json\/wp\/v2\/product\/3496","targetHints":{"allow":["GET"]}}],"collection":[{"href":"https:\/\/www.hongyitube.com\/pt\/wp-json\/wp\/v2\/product"}],"about":[{"href":"https:\/\/www.hongyitube.com\/pt\/wp-json\/wp\/v2\/types\/product"}],"replies":[{"embeddable":true,"href":"https:\/\/www.hongyitube.com\/pt\/wp-json\/wp\/v2\/comments?post=3496"}],"wp:attachment":[{"href":"https:\/\/www.hongyitube.com\/pt\/wp-json\/wp\/v2\/media?parent=3496"}],"wp:term":[{"taxonomy":"product_brand","embeddable":true,"href":"https:\/\/www.hongyitube.com\/pt\/wp-json\/wp\/v2\/product_brand?post=3496"},{"taxonomy":"product_cat","embeddable":true,"href":"https:\/\/www.hongyitube.com\/pt\/wp-json\/wp\/v2\/product_cat?post=3496"},{"taxonomy":"product_tag","embeddable":true,"href":"https:\/\/www.hongyitube.com\/pt\/wp-json\/wp\/v2\/product_tag?post=3496"}],"curies":[{"name":"wp","href":"https:\/\/api.w.org\/{rel}","templated":true}]}}