{"id":3476,"date":"2026-01-08T19:28:17","date_gmt":"2026-01-08T11:28:17","guid":{"rendered":"https:\/\/www.hongyitube.com\/?post_type=product&#038;p=3476"},"modified":"2026-01-08T19:28:17","modified_gmt":"2026-01-08T11:28:17","slug":"%cf%8625-20ml-40ml-20g-40g-0-68-1-35fl-oz-black-tube-with-heat-applied-blue-colored-coating-skincare-medical-industrial-adhesive-soft-gel-tube-squeezed-packaging-bottle-hongyi-plastic","status":"publish","type":"product","link":"https:\/\/www.hongyitube.com\/pt\/product\/%cf%8625-20ml-40ml-20g-40g-0-68-1-35fl-oz-black-tube-with-heat-applied-blue-colored-coating-skincare-medical-industrial-adhesive-soft-gel-tube-squeezed-packaging-bottle-hongyi-plastic\/","title":{"rendered":"\u03a625 20ml-40ml 20g-40g 0,68-1,35fl.oz Tubo negro com revestimento azul aplicado ao calor, pele, adesivo m\u00e9dico, industrial, tubo de gel macio, frasco de embalagem apertado &#8211; Hongyi Plastic"},"content":{"rendered":"<p>Hongyi[UNK]Plastic[UNK]\u03a62520ml-40ml 20g-40g 0,68-1,35fl.oz Tubo negro com revestimento azul aplicado em calor, corte de pele, adesivo m\u00e9dico, industrial, tubo de gel macio, frasco de embalagem apertado.<\/p>\n<p>Este tubo PE flex\u00edvel de di\u00e2metro negro de 25 mm altamente orientado para design \u00e9 uma embalagem de tubos flex\u00edveis de PE prim\u00e1rio especificamente projetada para marcas que priorizam tanto a est\u00e9tica moderna como a funcionalidade. As especifica\u00e7\u00f5es padr\u00e3o s\u00e3o um di\u00e2metro de 25 mm e um comprimento de 112 mm (excluindo a tampa), com uma capacidade de 20-35 ml. O corpo do tubo apresenta uma base negra de alto brilho, dando-lhe uma apar\u00eancia sutil mas sofisticada. O elemento essencial do design reside no uso inovador de t\u00e9cnicas de selo quente e emboscamento: come\u00e7ando do tubo&#8217; o final, um bloco azul de 43 mm de largura \u00e9 marcado em calor, com o &#8220; FIT&#8221; logo de marca e um 8&#215; janela retangular negra de 18 mm gravada nesse bloco de cores. O azul me&#8221; o texto \u00e9 ent\u00e3o marcado em calor na janela, criando uma hierarquia visual forte. Uma faixa azul longa tamb\u00e9m est\u00e1 marcada em calor no lado anterior do corpo do tubo, usada para imprimir o produto na tela. sua mensagem principal. Todos os par\u00e2metros e o texto do lado de tr\u00e1s s\u00e3o impressos usando t\u00e9cnicas de alto contraste para garantir a legibilidade m\u00e1xima. Este produto pode ser parejado com uma ampla gama de solu\u00e7\u00f5es, adequadas para diversas cores eletropl\u00e1tadas, cap as\/projetos de capas moldados por inje\u00e7\u00e3o, e op\u00e7\u00f5es funcionais de capas como inser\u00e7\u00f5es em forma de ponta, para satisfazer necessidades diversas, desde produtos di\u00e1rios de consumo at\u00e9 aplica\u00e7\u00f5es especializadas.<\/p>\n<ul>\n<li>Material principal: Polietileno (PE). Este \u00e9 um material seguro amplamente reconhecido globalmente, conhecido pela sua excelente estabilidade qu\u00edmica, que permite ser compat\u00edvel com a maioria das pastas, geles e l\u00edquidos sem sofrer rea\u00e7\u00f5es nocivas.<\/li>\n<li>Certifica\u00e7\u00e3o de Seguran\u00e7a: O material PE cumpre os padr\u00f5es internacionais para materiais de contato alimentar e farmac\u00eautico (como FDA, EC 1935\/2004), garantindo a seguran\u00e7a absoluta quando utilizado em produtos m\u00e9dicos e pessoais.<\/li>\n<li>Propriedades f\u00edsicas: O material PE tem excelente flexibilidade e resist\u00eancia \u00e0 compress\u00e3o, tornando f\u00e1cil expulsar completamente os conte\u00fados ao mesmo tempo que minimiza os res\u00edduos. Al\u00e9m disso, \u00e9 leve e resistente ao choque, tornando-a adequada para viagens e aplica\u00e7\u00f5es industriais ao ar livre.<\/li>\n<li>Atributos ambientais: PE \u00e9 um material reciclado, que se alinha com as expectativas do consumidor mundial de embalagens sustent\u00e1veis.<\/li>\n<\/ul>\n<p><strong><b>Materiales flex\u00edveis de embalagem de tubos <\/b><\/strong><strong><b>Aplica\u00e7\u00f5es recomendadas <\/b><\/strong>\"<\/p>\n<p>O tubo PE negro flex\u00edvel com di\u00e2metro de 25, conhecido pela sua apar\u00eancia profissional, materiais seguros e capacidade precisa, \u00e9 uma escolha ideal para as seguintes tr\u00eas grandes aplica\u00e7\u00f5es:<\/p>\n<p>&nbsp;<\/p>\n<ul>\n<li>A ind\u00fastria da beleza e cuidados pessoais:<\/li>\n<li>Homens s linha de corte cut\u00e2nea: produtos como s \u00e9reos, cremas oculares e gelas de cuidado p\u00f3s-rasado.<\/li>\n<li>Maquilhagem profissional: creme de base pr\u00e9-maquilhagem, l\u00edquido destacador.<\/li>\n<li>Set de viagens de alto n\u00edvel: ess\u00eancia concentrada e lot\u00e3o.<\/li>\n<li>A ind\u00fastria farmac\u00eautica e de sa\u00fade:<\/li>\n<li>Formula\u00e7\u00f5es t\u00f3picas locais: gel de alivio da dor, creme de alivio da tens\u00e3o muscular, agente de acoplamento m\u00e9dico, manteiga de cicatriz.<\/li>\n<li>Produtos de sa\u00fade: massagem de \u00f3leos essenciais, aromaterapia de l\u00edquidos rolados, cremas de vitaminas.<\/li>\n<li>Ind\u00fastria e Sector Qu\u00edmico:<\/li>\n<li>lubrificantes de precis\u00e3o: Usados em dispositivos eletr\u00f4nicos, instrumentos de precis\u00e3o e equipamento esportivo.<\/li>\n<li>Adesivos especializados: adesivos de \u00e9poxia de um componente, adesivos instant \u00e2neos de alta for\u00e7a.<\/li>\n<li>Produtos de manuten\u00e7\u00e3o e cuidado: pasta de limpeza de tela, pasta de prote\u00e7\u00e3o de metal, tintas especializadas.<\/li>\n<\/ul>\n<h3>1.\u00a0 \u00a0<strong><b>Atributos do produto\u00a0<\/b><\/strong><\/h3>\n<ul>\n<li>Design visual disruptivo: Combinando t\u00e9cnicas de emboscamento e perfura\u00e7\u00e3o para criar um \u00fanico &#8220; janela&#8221; o efeito, que combina tecnologia e design, criando um forte impacto visual.<\/li>\n<li>Clareza extrema da informa\u00e7\u00e3o: Usem esquemas de cores de alto contraste (fundo negro \u201c azul \/ texto branco\u201d) para garantir que todas as informa\u00e7\u00f5es chave (incluindo avisos de seguran\u00e7a, listas de ingredientes, instru\u00e7\u00f5es de uso) sejam claras em um olhar, o que \u00e9 crucial para o uso seguro de medicamentos e produtos industriais.<\/li>\n<li>Flexibilidade n\u00e3o paralela na correspond\u00eancia: de capas eletropl\u00e1tadas luxuosas a capas simples de inje\u00e7\u00e3o, de capas padr\u00e3o de screw at\u00e9 capas funcionais de spout, marcas podem corresponder exatamente de acordo com os cen\u00e1rios de posicionamento e utiliza\u00e7\u00e3o do produto.<\/li>\n<li>Dur\u00e1vel: o material PE pode resistir \u00e0 fric\u00e7\u00e3o e colis\u00e3o em ambientes industriais ou kit de ferramentas, assegurando a integridade da embalagem e a seguran\u00e7a dos conte\u00fados.<\/li>\n<li>Quantifica\u00e7\u00e3o precisa: Di\u00e2metro pequeno e corpo flex\u00edvel de tubos facilitam o controle exato da dose, o que pode efetivamente poupar custos para alto pre\u00e7o unit \u00e1rio ou produtos industriais e farmac\u00eauticos de alta concentra\u00e7\u00e3o.<\/li>\n<\/ul>","protected":false},"excerpt":{"rendered":"<ul>\n<li><b><\/b><strong><b>Design de Tube Body<\/b><\/strong>.<\/li>\n<li>Linguagem de Design: Est\u00e9tica Tecnol\u00f3gica e Modularidade:<\/li>\n<li>Psicologia de cores: Negro representa autoridade, tecnologia e luxo; O azul simboliza confian\u00e7a, confiabilidade e calma. Este esquema de cores se alinha perfeitamente com os tons da ind\u00fastria de &#8220; pele tecnol\u00f3gica,&#8221;  &#8220; formula\u00e7\u00f5es profissionais,&#8221;  and &#8220; ind\u00fastrias de precis\u00e3o. &#8221;<\/li>\n<li>Design do logotipo principal: O desbloqueio &#8220; FIT&#8221; - combinado com o gravado &#8220; me&#8221; cria um super s\u00edmbolo que \u00e9 dif\u00edcil de esquecer. Este design n\u00e3o \u00e9 apenas modal, mas tamb\u00e9m sugere subtilmente a precis\u00e3o (Fit) e personaliza\u00e7\u00e3o (eu) do produto atrav\u00e9s do &#8220; como janelas o efeito, ressonando com os conceitos de marca de v\u00e1rias ind\u00fastrias.<\/li>\n<li>Segmenta\u00e7\u00e3o funcional clara: O design separa efetivamente o corpo em se\u00e7\u00f5es distintas, incluindo a \u00e1rea de identifica\u00e7\u00e3o da marca (FIT me), a \u00e1rea de ponto de venda central (linhas azuis longas), a se\u00e7\u00e3o de par\u00e2metros (no lado do tubo) e a se\u00e7\u00e3o de informa\u00e7\u00e3o regulamentar (no fundo). Essa disposi\u00e7\u00e3o modular \u00e9 logicamente organizada e alinha-se com o consumidor global a prefer\u00eancia de perceber rapidamente a informa\u00e7\u00e3o.<\/li>\n<\/ul>\n<p>Avantagens dos produtos<\/p>\n<ul>\n<li>Estabelecimento de uma identidade distinta de marca: O design \u00fanico posiciona o produto como o ponto focal visual no meio de uma prateleira cheia, ajudando novas marcas rapidamente a ganhar reconhecimento ou actualizar a imagem de marcas estabelecidas.<\/li>\n<li>Projec\u00e7\u00e3o de profissionalismo e confiabilidade: O design geral transmite um senso de rigor, precis\u00e3o e confiabilidade, que pode rapidamente estabelecer confian\u00e7a com consumidores globais que t\u00eam altas expectativas de qualidade.<\/li>\n<li>Estabelecer uma imagem de marca unificada entre as ind\u00fastrias: Quando uma marca opera tanto em linhas de cuidados pessoais como em linhas de produtos de cuidados dom\u00e9sticos, usando essa embalagem pode ajudar a criar uma imagem fam\u00edlia de marca forte e unificada.<\/li>\n<li>Melhoria da experi\u00eancia dos usu\u00e1rios finais: Seja que seja s alcan\u00e7ando a dispens\u00e3o precisa de adesivo atrav\u00e9s de um inserimento especializado de ponta ou facilitando a apertura f\u00e1cil com um corpo flex\u00edvel de tubo, essas caracter\u00edsticas melhoram significativamente a experi\u00eancia geral do usu\u00e1rio.<\/li>\n<li>Complian\u00e7a com os requisitos regulamentares globais: \u00e1reas de rotulagem clara facilitam a impress\u00e3o de instru\u00e7\u00f5es multilinguas e s\u00edmbolos de seguran\u00e7a que cumpram os padr\u00f5es locais, facilitando o ingresso do produto nos mercados internacionais.<\/li>\n<\/ul>\n<p>&nbsp;<\/p>\n<ul>\n<li><b><\/b><strong><b>Scen\u00e1rios de aplica\u00e7\u00e3o para o produto\u00a0<\/b><\/strong><\/li>\n<li>Acess\u00f3rio conveniente para viajantes urbanos: Os consumidores mant\u00eam este item, que cont\u00e9m creme de m\u00e3o ou protec\u00e7\u00e3o solar, em seus maletas ou sacos de laptop. Seu design bonito faz parecer um acess\u00f3rio tecnol\u00f3gico, assegurando acesso f\u00e1cil quando necess\u00e1rio.<\/li>\n<li>entusiasta de fitness s pacote de recupera\u00e7\u00e3o esportiva: Designado para manter o gel de massagem usado para aliviar a dor muscular ap\u00f3s exerc\u00edcio.  The &#8220; FIT&#8221; o tema se alinha perfeitamente com o contexto de aptid\u00e3o, tornando-o integrado sem problemas em um saco relacionado \u00e0 aptid\u00e3o.<\/li>\n<li>Butler inteligente para espa\u00e7os de trabalho dom\u00e9sticos: os entusiastas do DIY o usam para armazenar lubricantes el\u00e9tricos de precis\u00e3o ou adesivos fortes. Sua apar\u00eancia profissional em preto e azul a distingue das ferramentas comuns, enquanto a transpar\u00eancia &#8220; janela&#8221; o design (a se\u00e7\u00e3o desvaziada) facilita a r\u00e1pida identifica\u00e7\u00e3o do conte\u00fado.<\/li>\n<li>Viajante s Protec\u00e7\u00e3o da Sa\u00fade: Incorporar este item, que cont\u00e9m recipientes para al\u00edvio da dor ing\u00eancias ou cremas de mentol, no kit de medicamentos de viagem. \u00c9 compacto e tem boas propriedades de selagem, proporcionando paz mental quanto \u00e0 prote\u00e7\u00e3o da sa\u00fade durante viagens.<\/li>\n<li>Ferramentas de efici\u00eancia para profissionais: De engenheiros a massageiros, esses profissionais podem incorporar seus itens especializados em suas caixas de ferramentas de trabalho, com a apar\u00eancia refletindo o profissionalismo do usu\u00e1rio.<\/li>\n<\/ul>\n<p>Este tubo PE flex\u00edvel negro de 25 dimens\u00f5es \u00e9 um &#8220; motor de design que empodera marcas. &#8221; Ela integra com sucesso a est\u00e9tica, a funcionalidade e um sentido de confian\u00e7a atrav\u00e9s de uma l\u00edngua de design de pensamento para o futuro, materiais seguros e confi\u00e1veis, e configura\u00e7\u00f5es altamente flex\u00edveis. Para seus consumidores, escolher este produto de embalagem significa que eles est\u00e3o optando por um estilo de vida que se alinha com a vida tecnol\u00f3gica moderna, enfatizando tanto efici\u00eancia como gosto. Se os conte\u00fados s\u00e3o produtos de corte de pele, farmac\u00eauticos ou produtos industriais, ajuda as marcas a contar uma hist\u00f3ria convincente sobre precis\u00e3o, profissionalismo e individualidade.<\/p>","protected":false},"featured_media":3482,"comment_status":"closed","ping_status":"closed","template":"","meta":[],"product_brand":[],"product_cat":[44],"product_tag":[],"class_list":{"0":"post-3476","1":"product","2":"type-product","3":"status-publish","4":"has-post-thumbnail","6":"product_cat-25-pe-plastic-tube","8":"first","9":"instock","10":"shipping-taxable","11":"purchasable","12":"product-type-simple"},"_links":{"self":[{"href":"https:\/\/www.hongyitube.com\/pt\/wp-json\/wp\/v2\/product\/3476","targetHints":{"allow":["GET"]}}],"collection":[{"href":"https:\/\/www.hongyitube.com\/pt\/wp-json\/wp\/v2\/product"}],"about":[{"href":"https:\/\/www.hongyitube.com\/pt\/wp-json\/wp\/v2\/types\/product"}],"replies":[{"embeddable":true,"href":"https:\/\/www.hongyitube.com\/pt\/wp-json\/wp\/v2\/comments?post=3476"}],"wp:featuredmedia":[{"embeddable":true,"href":"https:\/\/www.hongyitube.com\/pt\/wp-json\/wp\/v2\/media\/3482"}],"wp:attachment":[{"href":"https:\/\/www.hongyitube.com\/pt\/wp-json\/wp\/v2\/media?parent=3476"}],"wp:term":[{"taxonomy":"product_brand","embeddable":true,"href":"https:\/\/www.hongyitube.com\/pt\/wp-json\/wp\/v2\/product_brand?post=3476"},{"taxonomy":"product_cat","embeddable":true,"href":"https:\/\/www.hongyitube.com\/pt\/wp-json\/wp\/v2\/product_cat?post=3476"},{"taxonomy":"product_tag","embeddable":true,"href":"https:\/\/www.hongyitube.com\/pt\/wp-json\/wp\/v2\/product_tag?post=3476"}],"curies":[{"name":"wp","href":"https:\/\/api.w.org\/{rel}","templated":true}]}}