{"id":3461,"date":"2026-01-08T19:12:25","date_gmt":"2026-01-08T11:12:25","guid":{"rendered":"https:\/\/www.hongyitube.com\/?post_type=product&#038;p=3461"},"modified":"2026-01-08T19:12:25","modified_gmt":"2026-01-08T11:12:25","slug":"%cf%8625-20ml-45ml-round-soft-tube-packaging-for-skincare-products-hongyi-plastic","status":"publish","type":"product","link":"https:\/\/www.hongyitube.com\/pt\/product\/%cf%8625-20ml-45ml-round-soft-tube-packaging-for-skincare-products-hongyi-plastic\/","title":{"rendered":"\u03a625 20 ml-45 ml embalagem de tubos moles redondos para produtos de corte de pele.  &#8211; Hongyi Plastic"},"content":{"rendered":"<p><span dir=\"auto\" style=\"vertical-align: inherit;\"><span dir=\"auto\" style=\"vertical-align: inherit;\">Hongyi Plastic \u03a6 25 20ml-45ml 0,68-1,52fl.oz material de embalagem de tubos circulares, adequado para produtos de corte de pele.<\/span><\/span><\/p>\n<p><span dir=\"auto\" style=\"vertical-align: inherit;\"><span dir=\"auto\" style=\"vertical-align: inherit;\">Este produto \u00e9 uma mangueira de PE de di\u00e2metro m\u00e9dio a alto de 25 mm projetada especificamente para produtos de corte de pele de alto n\u00edvel. N\u00e3o tem cobertura, com um comprimento de 122mm e uma capacidade de 20-45 ml. \u00c9 muito adequado para uso \u00fanico ou uso de viagem, como ess\u00eancia l\u00edquida, lot\u00e3o, gel e outros produtos.<\/span><\/span><\/p>\n<p>&nbsp;<\/p>\n<p><span dir=\"auto\" style=\"vertical-align: inherit;\"><span dir=\"auto\" style=\"vertical-align: inherit;\">O corpo desta embalagem \u00e9 dominado por um elegante esquema de cores azuis grises, dando-lhe uma sensa\u00e7\u00e3o modern a e baixa chave. A marca e a informa\u00e7\u00e3o do produto s\u00e3o impressas usando impress\u00e3o de tela negra e branca, que \u00e9 clara e f\u00e1cil de ler, e forma um contraste agudo com a cor do corpo do tubo, mostrando qualidade de alto n\u00edvel. O destaque deste design de embalagens reside em sua sele\u00e7\u00e3o flex\u00edvel do tamp\u00e3o: o tamp\u00e3o rotativo azul e gris padr\u00e3o no mesmo esquema de cores cria um esquema de cores visualmente harmonioso e unificado; Al\u00e9m disso, pode ser parejado com capas de parafuso de ouro, prata, branco ou negro para criar diferentes estilos de marca e impacto visual.<\/span><\/span><\/p>\n<p><strong><b><span dir=\"auto\" style=\"vertical-align: inherit;\"><span dir=\"auto\" style=\"vertical-align: inherit;\">Aplica\u00e7\u00f5es recomendadas<\/span><\/span><\/b><\/strong><span dir=\"auto\" style=\"vertical-align: inherit;\"><span dir=\"auto\" style=\"vertical-align: inherit;\">\"<\/span><\/span><\/p>\n<p><span dir=\"auto\" style=\"vertical-align: inherit;\"><span dir=\"auto\" style=\"vertical-align: inherit;\">Devido \u00e0 sua apar\u00eancia profissional e pr\u00e1tica, \u00e9 fortemente recomendado usar este material de embalagem para os seguintes tipos de produtos:<\/span><\/span><\/p>\n<p>&nbsp;<\/p>\n<ul>\n<li><span dir=\"auto\" style=\"vertical-align: inherit;\"><span dir=\"auto\" style=\"vertical-align: inherit;\">Ess\u00eancia l\u00edquida e ampula: aplic\u00e1vel \u00e0 efic\u00e1cia ess\u00eancia l\u00edquida e f\u00f3rmula de ampula concentrada.<\/span><\/span><\/li>\n<li><span dir=\"auto\" style=\"vertical-align: inherit;\"><span dir=\"auto\" style=\"vertical-align: inherit;\">Aten\u00e7\u00e3o aos olhos: Almacenamento perfeito de creme ocular, ess\u00eancia ocular e outros produtos.<\/span><\/span><\/li>\n<li><span dir=\"auto\" style=\"vertical-align: inherit;\"><span dir=\"auto\" style=\"vertical-align: inherit;\">Produtos locais de cuidado da pele: como gel anti-quebra, ess\u00eancia local de branqueamento e acne cream.<\/span><\/span><\/li>\n<li><span dir=\"auto\" style=\"vertical-align: inherit;\"><span dir=\"auto\" style=\"vertical-align: inherit;\">Lo\u00e7\u00e3o\/creme de alta concentra\u00e7\u00e3o: adequado para produtos que requerem controle preciso da dose e s\u00e3o delicados e seda.<\/span><\/span><\/li>\n<li><span dir=\"auto\" style=\"vertical-align: inherit;\"><span dir=\"auto\" style=\"vertical-align: inherit;\">Linha profissional de produtos e produtos de sal\u00e3o de beleza: satisfazem os dois requisitos de canais profissionais para qualidade e funcionalidade de embalagem.<\/span><\/span><\/li>\n<\/ul>\n<p>&nbsp;<\/p>\n<h3><span dir=\"auto\" style=\"vertical-align: inherit;\"><span dir=\"auto\" style=\"vertical-align: inherit;\">1.\u00a0 <\/span><\/span><strong><b><span dir=\"auto\" style=\"vertical-align: inherit;\"><span dir=\"auto\" style=\"vertical-align: inherit;\">atributos de produto\u00a0<\/span><\/span><\/b><\/strong><\/h3>\n<ul>\n<li><span dir=\"auto\" style=\"vertical-align: inherit;\"><span dir=\"auto\" style=\"vertical-align: inherit;\">Cor da textura de alto n\u00edvel: O tom azul gris transmite um senso de calma, confiabilidade e tecnologia, tornando mais f\u00e1cil para a marca estabelecer uma imagem profissional.<\/span><\/span><\/li>\n<li><span dir=\"auto\" style=\"vertical-align: inherit;\"><span dir=\"auto\" style=\"vertical-align: inherit;\">Excelente qualidade de impress\u00e3o: O processo de impress\u00e3o da tela assegura que o texto e os logotipos s\u00e3o duradouros, claros e resistentes ao uso, e podem manter sua apar\u00eancia por muito tempo.<\/span><\/span><\/li>\n<li><span dir=\"auto\" style=\"vertical-align: inherit;\"><span dir=\"auto\" style=\"vertical-align: inherit;\">Sistema flex\u00edvel de combina\u00e7\u00e3o de cores: fornece op\u00e7\u00f5es m\u00faltiplas de tamp\u00e3o para garrafas, permitindo \u00e0s marcas escolher livremente combina\u00e7\u00f5es baseadas em sua posi\u00e7\u00e3o no mercado, alcan\u00e7ando assim diversidade e uniformidade em sua linha de produtos.<\/span><\/span><\/li>\n<li><span dir=\"auto\" style=\"vertical-align: inherit;\"><span dir=\"auto\" style=\"vertical-align: inherit;\">Excelentes propriedades f\u00edsicas: o material PE tem excelente flexibilidade, \u00e9 f\u00e1cil de formar, e tem propriedades qu\u00edmicas est\u00e1veis, garantindo compatibilidade com a maioria das f\u00f3rmulas de ingredientes da pele.<\/span><\/span><\/li>\n<li><span dir=\"auto\" style=\"vertical-align: inherit;\"><span dir=\"auto\" style=\"vertical-align: inherit;\">Controlo preciso da capacidade: O design tubular min\u00fasculo facilita acesso completo ao conte\u00fado, reduzindo os res\u00edduos e tornando-os particularmente adequados para produtos de corte de pele de alto valor.<\/span><\/span><\/li>\n<\/ul>","protected":false},"excerpt":{"rendered":"<ul>\n<li><b><\/b><strong><b>Design de Tube Body<\/b><\/strong>.<\/li>\n<li>Aplica\u00e7\u00e3o da Psicologia de Cores: A sombra do azul-gris simboliza confian\u00e7a, calma e um senso de tecnologia na psicologia de cores. Evita os tons excessivamente femininos de rosa ou as sombras excessivamente masculinas de cores escuras, ao inv\u00e9s de apresentar uma est\u00e9tica neutra, modern a e profissional que pode apelar amplamente aos consumidores de ambos os g\u00eaneros.<\/li>\n<li>Est\u00e9tica Minimalista: O design adere ao princ\u00edpio de &#8220; menos \u00e9 mais. &#8221; O corpo uniforme, monocrom\u00e1tico, combinado com texto minimalist a de impress\u00e3o de tela, cria uma experi\u00eancia visual limpa e limpa, focando a aten\u00e7\u00e3o no pr\u00f3prio produto, destacando assim a marca&#8217; a filosofia de &#8220; priorizando ingredientes. &#8221;<\/li>\n<li>Filosofia modular de parejar: O conceito de design central gira em torno de &#8220; modularidade. &#8221; Um corpo padr\u00e3o de tubo azul gris, quando parejado com diferentes capas coloridas e texturadas, pode instantaneamente se transformar em diferentes estilos:<\/li>\n<li>Complementado por uma cobertura de brilho correspondente: Isso cria uma est\u00e9tica minimalist a coesa, harmoniosa e inesperada.<\/li>\n<li>Acompanhado por um cobertor de ouro ou prata: Isto instantaneamente aumenta o senso de luxo e a est\u00e9tica met\u00e1lica tecnol\u00f3gica, tornando-o adequado para linhas antienvelhecimento de alto n\u00edvel ou tecnol\u00f3gico-focadas.<\/li>\n<li>acompanhada de uma cobertura negra e branca: Esta combina\u00e7\u00e3o cria um contraste cl\u00e1ssico, impressionante, aumentando a distin\u00e7\u00e3o da marca.<\/li>\n<\/ul>\n<p>Avantagens dos produtos<\/p>\n<ul>\n<li>Estabelecimento de uma imagem de marca profissional: O esquema de cores azuis-cinza \u00fanico e composto ajuda o produto a se destacar em prateleiras coloridas, rapidamente criando uma imagem de marca profissional e confi\u00e1vel.<\/li>\n<li>Obter uma expans\u00e3o eficiente e sistem\u00e1tica: A marca pode utilizar o mesmo corpo de tubo e facilmente diferenciar entre diferentes linhas de produto (como a linha b\u00e1sica, a linha de branqueamento e a linha anti-arrugamento) ou produtos com diferentes funcionalidades simplesmente mudando a cor da tampa. Essa abordagem reduz significativamente os custos de desenvolvimento do material de embalagem e a complexidade da gest\u00e3o do invent\u00e1rio.<\/li>\n<li>Comunicar Proposi\u00e7\u00f5es de Valor Principal: A linguagem geral de design transmite subtilmente os valores essenciais de &#8220; formula\u00e7\u00e3o cient\u00edfica,&#8221;  &#8220; pele racional,&#8221;  and &#8220; efici\u00eancia e profissionalismo,&#8221; que se alinham estreitamente com as prefer\u00eancias dos consumidores interessados em ingredientes e tomada de decis\u00f5es racional.<\/li>\n<li>Melhorar a experi\u00eancia do usu\u00e1rio: A capacidade adequada e o di\u00e2metro do tubo asseguram um sentimento confort\u00e1vel durante o uso e um controle preciso sobre a quantidade dispensada. A flexibilidade do material PE torna o processo de aperta\u00e7\u00e3o efort\u00e1vel e eficiente.<\/li>\n<li>Aceita\u00e7\u00e3o ampla do mercado: Seu estilo de design neutro e moderno, que combina o profissionalismo com a est\u00e9tica, pode atrair uma base ampla de consumidores, seja em p\u00e1ginas de com\u00e9rcio electr\u00f3nico online ou em lojas de lojas offline.<\/li>\n<\/ul>\n<p>&nbsp;<\/p>\n<ul>\n<li><b><\/b><strong><b>Scen\u00e1rios de aplica\u00e7\u00e3o para o produto\u00a0<\/b><\/strong><\/li>\n<li>Rutina di\u00e1ria meticulosa de corte cut\u00e2nea: Como convidado frequente nos consumidores - mesas de vanidade, sua apar\u00eancia elegante \u00e9 uma vis\u00e3o para ver e \u00e9 adequada para uso durante os passos da manh\u00e3 e da noite envolvendo ess\u00eancia ou creme ocular.<\/li>\n<li>Viagem e Portabilidade: O corpo suave e a capacidade moderada facilitam a embalagem, reduzindo o risco de vazamento, tornando-o uma escolha ideal para manter rotinas de corte de pele durante viagens de neg\u00f3cios, excurs\u00f5es no fim de semana, ou viagens de fitness.<\/li>\n<li>Gifts and Limited Edition Sets: Especialmente as vers\u00f5es parejadas com ouro eletroplated ou caps de prata, que exudam um sentimento luxuoso e fazem delas ideales para ser usadas como presentes de f\u00e9rias, recompensas de membro, ou como embalagem preferido para colabora\u00e7\u00f5es limitadas em edi\u00e7\u00f5es.<\/li>\n<li>Estabelecimentos de beleza profissional: Estes podem ser encontrados em sal\u00f5es de beleza, spa centros ou cl\u00ednicas de gest\u00e3o da pele. Sua apar\u00eancia profissional se integra sem problemas com o ambiente, tornando-as adequadas para oferecer produtos especializados p\u00f3s-tratamento ou solu\u00e7\u00f5es personalizadas.<\/li>\n<\/ul>","protected":false},"featured_media":0,"comment_status":"closed","ping_status":"closed","template":"","meta":[],"product_brand":[],"product_cat":[44],"product_tag":[],"class_list":{"0":"post-3461","1":"product","2":"type-product","3":"status-publish","5":"product_cat-25-pe-plastic-tube","7":"first","8":"instock","9":"shipping-taxable","10":"purchasable","11":"product-type-simple"},"_links":{"self":[{"href":"https:\/\/www.hongyitube.com\/pt\/wp-json\/wp\/v2\/product\/3461","targetHints":{"allow":["GET"]}}],"collection":[{"href":"https:\/\/www.hongyitube.com\/pt\/wp-json\/wp\/v2\/product"}],"about":[{"href":"https:\/\/www.hongyitube.com\/pt\/wp-json\/wp\/v2\/types\/product"}],"replies":[{"embeddable":true,"href":"https:\/\/www.hongyitube.com\/pt\/wp-json\/wp\/v2\/comments?post=3461"}],"wp:attachment":[{"href":"https:\/\/www.hongyitube.com\/pt\/wp-json\/wp\/v2\/media?parent=3461"}],"wp:term":[{"taxonomy":"product_brand","embeddable":true,"href":"https:\/\/www.hongyitube.com\/pt\/wp-json\/wp\/v2\/product_brand?post=3461"},{"taxonomy":"product_cat","embeddable":true,"href":"https:\/\/www.hongyitube.com\/pt\/wp-json\/wp\/v2\/product_cat?post=3461"},{"taxonomy":"product_tag","embeddable":true,"href":"https:\/\/www.hongyitube.com\/pt\/wp-json\/wp\/v2\/product_tag?post=3461"}],"curies":[{"name":"wp","href":"https:\/\/api.w.org\/{rel}","templated":true}]}}