{"id":3445,"date":"2026-01-08T19:01:00","date_gmt":"2026-01-08T11:01:00","guid":{"rendered":"https:\/\/www.hongyitube.com\/?post_type=product&#038;p=3445"},"modified":"2026-01-08T19:01:00","modified_gmt":"2026-01-08T11:01:00","slug":"%cf%8625-3ml-20mlround-soft-tube-packaging-for-skincare-products-hongyi-plastic","status":"publish","type":"product","link":"https:\/\/www.hongyitube.com\/pt\/product\/%cf%8625-3ml-20mlround-soft-tube-packaging-for-skincare-products-hongyi-plastic\/","title":{"rendered":"\u03a625 3ml-20mlRound tubo mole embalagem para produtos da pele.  &#8211; Hongyi Plastic"},"content":{"rendered":"<p>Hongyi[UNK]Plastic\u03a625 3ml-20ml tubos moles redondos de embalagem para produtos de corte de pele.<\/p>\n<p>Esta \u00e9 uma s\u00e9rie de solu\u00e7\u00f5es de embalagem encantadoras e vibrantes projetadas especificamente para captivar as crian\u00e7as o mercado. O produto central \u00e9 um tubo mole PE de di\u00e2metro de 25 mm com comprimento de 70 mm (excluindo a tampa), oferecendo uma capacidade conveniente de 10-20 ml.<\/p>\n<p>&nbsp;<\/p>\n<p>O corpo do tubo apresenta uma base branca com tr\u00eas designs distintos e encantadores aplicados atrav\u00e9s de um processo de impress\u00e3o offset de alta qualidade:<\/p>\n<p>&nbsp;<\/p>\n<ul>\n<li>Variante 1: Sweet Fun &#8211; - Mostra um padr\u00e3o jogador de &#8220; Pink Lollipops  and &#8220; Chocolate Dice em forma de peda\u00e7os doces.<\/li>\n<li>Variante 2: Delito Tropical &#8211; Feito uma vibrante base azul sobreprimida com padr\u00f5es divertidos de &#8220; Coconut Jelly  and &#8220; L\u00e1cte de Coco.<\/li>\n<li>Variante 3: Berry Fresh &#8211; Enferma uma deliciosa base vermelha-de-morangos impressa sincronicamente com padr\u00f5es de frutas de morangos bonitos.<\/li>\n<\/ul>\n<p>&nbsp;<\/p>\n<p>Todo texto descritivo \u00e9 impresso em negro para limpa leitura. Cada tubo \u00e9 perfeitamente parejado com um tamp\u00e3o de parafuso de acabamento de matt no mesmo esquema de cores que seu corpo de tubo respectivo, criando um olhar coerente e visualmente atraente.<\/p>\n<p>&nbsp;<\/p>\n<p><strong><b>Aplica\u00e7\u00f5es recomendadas <\/b><\/strong>\"<\/p>\n<p>Esta s\u00e9rie \u00e9 idealmente formulada para crian\u00e7as. s e produtos de cuidado de beb\u00eas, onde apelo, seguran\u00e7a e aplica\u00e7\u00e3o suave s \u00e3o primordiais. \u00c9 altamente recomendado para:<\/p>\n<p>&nbsp;<\/p>\n<ul>\n<li>Baby Creams &amp; Lot\u00f5es: Para face, corpo e \u00e1rea de fralda.<\/li>\n<li>Crian\u00e7as s Shampoos &amp; Lavos corporais: f\u00f3rmulas leves em embalagens divertidos.<\/li>\n<li>Crian\u00e7as Lot\u00f5es de protec\u00e7\u00e3o solar: formatos f\u00e1ceis de aplicar para prote\u00e7\u00e3o da pele.<\/li>\n<li>Calming Gels &amp; - Bolas: Para garras cortadas ou irrita\u00e7\u00f5es cut\u00e2neas menores.<\/li>\n<\/ul>\n<p>&nbsp;<\/p>\n<h3>1.\u00a0 \u00a0<strong><b>Atributos do produto\u00a0<\/b><\/strong><\/h3>\n<ul>\n<li>Desenhos Centrais para Crian\u00e7as: padr\u00f5es de captura de olhos, coloridos (lollipops, frutos, doces) que instantaneamente apelam a crian\u00e7as e pais tamb\u00e9m.<\/li>\n<li>Seguro e seguro Material Genil: Fazido de PE (Polietileno), um material conhecido pela sua seguran\u00e7a, flexibilidade e adequa\u00e7\u00e3o para pele sens\u00edvel de beb\u00ea.<\/li>\n<li>Premium Matte Finish: Os capos de matte coordenados fornecem um sentimento de soft-touch, premium que \u00e9 agrad\u00e1vel de segurar e evitar deslizar.<\/li>\n<li>Impress\u00e3o de alta qualidade: Impress\u00e3o de ofset garante que os padr\u00f5es s\u00e3o brilhantes, duradouros e n\u00e3o se esvanecem facilmente durante o uso.<\/li>\n<li>Resistente ao vazamento e Hig\u00eanica: O mecanismo de tampa de screw assegura um selo seguro, prevenindo vazamentos e mantendo o conte\u00fado limpo e higi\u00e9nico.<\/li>\n<\/ul>","protected":false},"excerpt":{"rendered":"<ul>\n<li><b><\/b><strong><b>Design de Tube Body<\/b><\/strong>.<\/li>\n<li>Contar hist\u00f3rias visuais baseadas em temas: Cada design conta uma hist\u00f3ria simples e doce.  The &#8220; Sweet Fun. A variante evoca a alegria dos doces;  &#8220; Delight Tropical - traz um senso de divertimento no ver\u00e3o;  and &#8220; Berry Fresh sugere boa natureza e fruta. Essa narra\u00e7\u00e3o se conecta emocionalmente com pais e crian\u00e7as.<\/li>\n<li>Psicologia de cores: O uso de rosa, azul e vermelho de morangos s\u00e3o cores cl\u00e1ssicas que atraem uma crian\u00e7a. \u00e9 aten\u00e7\u00e3o e muitas vezes est\u00e3o associados \u00e0 doce, divertido e vitalidade.<\/li>\n<li>T\u00e1til &amp; Coes\u00e3o Visual: O projeto se estende al\u00e9m do tubo at\u00e9 o cap \u00edtulo do matt-finish. Essa coordena\u00e7\u00e3o de cores completas cria uma apar\u00eancia sofisticada, parecida com brinquedos que se destaca na prateleira. A textura do mat\u00e9 n\u00e3o \u00e9 apenas pr\u00e9mio, mas tamb\u00e9m pr\u00e1tica para as m\u00e3os pequenas, \u00e0s vezes saboneiras.<\/li>\n<\/ul>\n<p>Avantagens dos produtos<\/p>\n<ul>\n<li>Instant Shelf Appeal: Os desenhos vibrantes e tem\u00e1ticos imediatamente atraem aten\u00e7\u00e3o em um mercado competitivo, tornando o produto um &#8220; devem ter para crian\u00e7as.<\/li>\n<li>Construi Brand Love com Crian\u00e7as: Ao transformar atividades de rotina como tempo de banho ou aplicar creme em uma experi\u00eancia divertida, ajuda a construir associa\u00e7\u00f5es de marcas positivas desde a primeira idade.<\/li>\n<li>Comunica Benef\u00edcios Principais do Produto: O uso de fruta e motivos doces subconscientemente comunica benef\u00edcios como &#8220; gentileza,&#8221;  &#8220; Deus natural,&#8221;  and &#8220; agrad\u00e1vel fragran\u00e7a,&#8221; que s\u00e3o fatores principais de compra para pais.<\/li>\n<li>Funcionais e Amigos do Utilizador: O tamanho pequeno \u00e9 perfeito para as m\u00e3os pequenas (com ajuda parental) e para viajar. A tampa segura evita acidentes confusos.<\/li>\n<li>Global Compliance Ready: PE \u00e9 um material amplamente aceito globalmente, tornando esta s\u00e9rie adequada para distribui\u00e7\u00e3o internacional.<\/li>\n<\/ul>\n<p>&nbsp;<\/p>\n<ul>\n<li><b><\/b><strong>Scen\u00e1rios de aplica\u00e7\u00e3o para o produto:<\/strong><\/li>\n<li>Daily Baby Care Routine: Faz aplicar creme ou lot\u00e3o ap\u00f3s um banho uma atividade interessante. Os pais podem usar os projetos divertidos para distrair e entreter seus beb\u00eas.<\/li>\n<li>Viajar e On-the-Go: O tamanho compacto \u00e9 perfeito para bolsas de fralda, assegurando que produtos familiares e divertidos est\u00e3o sempre \u00e0 disposi\u00e7\u00e3o durante viagens, visitas ou guarda-dia.<\/li>\n<li>Gift Sets &amp; Promo\u00e7\u00f5es: Uma escolha excelente para presentes de f\u00e9rias, presentes de anivers\u00e1rio, ou pacotes promocionais para produtos infantis devido \u00e0 sua apar\u00eancia altamente atraente e talentosa.<\/li>\n<li>Tempo de liga\u00e7\u00e3o entre pais e crian\u00e7a s: A embalagem atraente pode ser usada como uma ferramenta de intera\u00e7\u00e3o, onde os pais podem falar sobre cores e formas (por exemplo, &#8220;Let&#8217;s encontrar a fraude!&#8221;) com seus beb\u00eas durante a aplica\u00e7\u00e3o.<\/li>\n<\/ul>\n<p>&nbsp;<\/p>\n<p>Ao combinar est\u00e9tica engajada e amig\u00e1vel das crian\u00e7as com funcionalidade pr\u00e1tica e segura, esta s\u00e9rie de tubos moles PE de 25 mm \u00e9 o parceiro perfeito de embalagem para lan\u00e7ar ou melhorar suas crian\u00e7as&#8217; a linha de produtos no mercado global.<\/p>\n<p><strong><b>\u00a0<\/b><\/strong><\/p>","protected":false},"featured_media":0,"comment_status":"closed","ping_status":"closed","template":"","meta":[],"product_brand":[],"product_cat":[44],"product_tag":[],"class_list":{"0":"post-3445","1":"product","2":"type-product","3":"status-publish","5":"product_cat-25-pe-plastic-tube","7":"first","8":"instock","9":"shipping-taxable","10":"purchasable","11":"product-type-simple"},"_links":{"self":[{"href":"https:\/\/www.hongyitube.com\/pt\/wp-json\/wp\/v2\/product\/3445","targetHints":{"allow":["GET"]}}],"collection":[{"href":"https:\/\/www.hongyitube.com\/pt\/wp-json\/wp\/v2\/product"}],"about":[{"href":"https:\/\/www.hongyitube.com\/pt\/wp-json\/wp\/v2\/types\/product"}],"replies":[{"embeddable":true,"href":"https:\/\/www.hongyitube.com\/pt\/wp-json\/wp\/v2\/comments?post=3445"}],"wp:attachment":[{"href":"https:\/\/www.hongyitube.com\/pt\/wp-json\/wp\/v2\/media?parent=3445"}],"wp:term":[{"taxonomy":"product_brand","embeddable":true,"href":"https:\/\/www.hongyitube.com\/pt\/wp-json\/wp\/v2\/product_brand?post=3445"},{"taxonomy":"product_cat","embeddable":true,"href":"https:\/\/www.hongyitube.com\/pt\/wp-json\/wp\/v2\/product_cat?post=3445"},{"taxonomy":"product_tag","embeddable":true,"href":"https:\/\/www.hongyitube.com\/pt\/wp-json\/wp\/v2\/product_tag?post=3445"}],"curies":[{"name":"wp","href":"https:\/\/api.w.org\/{rel}","templated":true}]}}