{"id":3429,"date":"2026-01-08T18:47:48","date_gmt":"2026-01-08T10:47:48","guid":{"rendered":"https:\/\/www.hongyitube.com\/?post_type=product&#038;p=3429"},"modified":"2026-01-08T18:50:08","modified_gmt":"2026-01-08T10:50:08","slug":"packaging-solution-is-specifically-designed-for-fine-high-end-cream-or-liquid-products-the-core-component-is-a-composite-soft-tube-with-a-25mm-inner-diameter-a-length-without-cap-of-68mm-and-a-cap","status":"publish","type":"product","link":"https:\/\/www.hongyitube.com\/pt\/product\/packaging-solution-is-specifically-designed-for-fine-high-end-cream-or-liquid-products-the-core-component-is-a-composite-soft-tube-with-a-25mm-inner-diameter-a-length-without-cap-of-68mm-and-a-cap\/","title":{"rendered":"\u03a625 3ml-20mlRound tubo mole embalagem materiais para produtos da pele.  &#8211; Hongyi Plastic"},"content":{"rendered":"<p>Hongyi[UNK]Plastic\u03a625 3ml-20ml tubos moles redondos de embalagem para produtos de corte de pele.<\/p>\n<p>Nossa gama de material de embalagem de mangueiras \u00e9 especificamente projetada para a beleza da moda e marcas de corte de pele, com embalagem de mangueiras de pequena capacidade visualmente atraente. Os corpos de mangueira s\u00e3o feitos de material PE, com di\u00e2metro padr\u00e3o de 25 mm e comprimento de 70 mm (excluindo a tampa). A capacidade varia de 3 a 20 ml. O design combina inovativamente os princ\u00edpios est\u00e9ticos de um esquema de cores coerente com m\u00faltiplos processos compostos, assegurando uma apar\u00eancia altamente unificada do corpo da mangueira, cap a e cores de padr\u00e3o, resultando em um sentido extremo de harmonia e sofistica\u00e7\u00e3o. Essa op\u00e7\u00e3o de embalagem, parejada com um nozzle precisamente projetado, \u00e9 ideal para produtos como ess\u00eancias, cremas oculares e primos de maquilhagem.<\/p>\n<p>&nbsp;<\/p>\n<ul>\n<li>Material corporal: PE (polietileno). Tem excelente flexibilidade, resist\u00eancia \u00e0 compress\u00e3o e estabilidade qu\u00edmica, tornando-a adequada para armazenar seguramente diversos tipos de pastas e emuls\u00f5es, garantindo assim a qualidade do conte\u00fado.<\/li>\n<li>Capa do tubo: Uma capa moldada por inje\u00e7\u00e3o que corresponde ao esquema de cores do corpo do tubo. A tampa \u00e9 formada como uma \u00fanica unidade atrav\u00e9s de moldagem de inje\u00e7\u00e3o precisa, assegurando uma cor consistente com o corpo do tubo, aumentando assim a apar\u00eancia e harmonia gerais da embalagem, com um fim de alta qualidade.<\/li>\n<li>T\u00e9cnica: A impress\u00e3o da tela usa tintas ecol\u00f3gicas e duradouras; O processo de transfer \u00eancia de calor emprega f\u00f3lia de transfer\u00eancia de calor personalizada, de cor gradiente para garantir representa\u00e7\u00e3o perfeita de cores e efeito.<\/li>\n<\/ul>\n<p><strong><b>Aplica\u00e7\u00f5es recomendadas <\/b><\/strong>\"<\/p>\n<p>Este produto \u00e9 a op\u00e7\u00e3o de embalagem preferida para os seguintes itens refinados:<\/p>\n<p>&nbsp;<\/p>\n<ul>\n<li>Produtos do tipo de ess\u00eancia: ess\u00eancia facial, ess\u00eancia ocular, ess\u00eancia localizada anti-arrugar, ess\u00eancia ampula.<\/li>\n<li>Produtos relacionados \u00e0 funda\u00e7\u00e3o: umidificador pr\u00e9-maquilhagem, primer, escondidor colorido, ressaltador l\u00edquido.<\/li>\n<li>Produtos de carne de pele de alto desempenho: ess\u00eancia de ilumina\u00e7\u00e3o spot, \u00f3leo de carne de pele e creme de repara\u00e7\u00e3o de cicatrizes.<\/li>\n<li>Outros: Perfeitamente adequados para uso como conjuntos de amostras de alto n\u00edvel, conjuntos de amostras de ess\u00eancia, conjuntos de amostras de umidificadores, itens de caderno de ades\u00e3o, conjuntos de viagens, produtos de aten\u00e7\u00e3o pessoal do hotel e produtos de tamanho completo para canais de com\u00e9rcio electr\u00f3nico que requerem forte apelo visual.<\/li>\n<\/ul>\n<p>&nbsp;<\/p>\n<h3>1.\u00a0 \u00a0<strong><b>Atributos do produto\u00a0<\/b><\/strong><\/h3>\n<ul>\n<li>Design de cores integrado: A caracter\u00edstica destacada \u00e9 o esquema de cores correspondente entre a cobertura do tubo e o corpo do tubo, resultando em uma experi\u00eancia visual unificada e pristina, aumentando significativamente o apelo est\u00e9tico global e a distintividade da marca do produto.<\/li>\n<li>Multiple processes combined: The complex techniques such as &#8220; impress\u00e3o de transfer \u00eancia de calor com uma camada de base, impress\u00e3o de tela com texto  and &#8220; impress\u00e3o offset com efeito gradiente \u00b7 impress\u00e3o de transfer \u00eancia de calor gradiente &#8221; s\u00e3o integrados para criar uma rica textura visual e experi\u00eancia t\u00e1ctil dentro de um pequeno espa\u00e7o.<\/li>\n<li>Produ\u00e7\u00e3o precisa e control \u00e1vel: O design de ponta ponta incorporada facilita o controle preciso sobre quantidades minutosas de pasta, assegurando higiene, minimizando res\u00edduos, e \u00e9 particularmente adequado para produtos essenciais de alta atividade e de alta concentra\u00e7\u00e3o.<\/li>\n<li>Propriedades excepcionais de selagem: A tampa moldada por inje\u00e7\u00e3o se encaixa com a estrutura interna, assegurando selagem confi\u00e1vel para evitar oxida\u00e7\u00e3o, secagem ou vazamento da pasta.<\/li>\n<li>Experi\u00eancia Personalizada: O design otimizado de dentes assegura uma opera\u00e7\u00e3o suave e sem esfor\u00e7o ao abrir e fechar a tampa, melhorando a conveni\u00eancia e o prazer do uso di\u00e1rio.<\/li>\n<\/ul>","protected":false},"excerpt":{"rendered":"<ul>\n<li><b><\/b><strong><b>Design de Tube Body<\/b><\/strong>.<\/li>\n<li>Esquema de Cores B\u00e1sico: Ofere quatro op\u00e7\u00f5es distintas de tubo de cor \u00fanica em amarelo, rosa, roxa e rosa profunda, fornecendo uma paleta rica para estrat\u00e9gias de marketing de cores de marca.<\/li>\n<li>Design de Zona de Identifica\u00e7\u00e3o Core (Front Side):<\/li>\n<\/ul>\n<ol>\n<li>A camada de base: Uma impress\u00e3o de transfer \u00eancia t\u00e9rmica circular com um design que corresponde estreitamente \u00e0 cor do corpo do tubo serve como fundo, instantaneamente aumentando a textura e brilho da \u00e1rea.<\/li>\n<li>Capa Superior: Sobre o selo circular, uma cor diferente do nome da marca \u00e9 impressa usando a impress\u00e3o de tela. Esta combina\u00e7\u00e3o de t\u00e9cnicas torna o logotipo da marca excepcionalmente prominente, misturando luxo com clareza.<\/li>\n<\/ol>\n<ul>\n<li>Seal do final do tubo e design do bordo:<\/li>\n<li>Utilizando o processo de impress\u00e3o offset, o produto apresenta efeitos de gradiente de uma \u00fanica cor em sombras de violeta, azul e vermelho, adicionando um toque din\u00e2mico ao design uniforme do tubo.<\/li>\n<li>A se\u00e7\u00e3o padr\u00e3o utiliza papel de transfer \u00eancia t\u00e9rmica de cor gradiente para transfer\u00eancia t\u00e9rmica, alcan\u00e7ando um efeito refinado e din\u00e2mico que harmoniosamente transita com a cor base do tubo&#8217; o final.<\/li>\n<li>Informa\u00e7\u00e3o de texto: Todas as descri\u00e7\u00f5es de produtos s\u00e3o impressas usando um processo claro de tela de seda, assegurando que a informa\u00e7\u00e3o permanece leg\u00edvel ao longo do tempo.<\/li>\n<\/ul>\n<p>Avantagens dos produtos<\/p>\n<ul>\n<li>Integra\u00e7\u00e3o \u00faltima da est\u00e9tica: O design coordenado com cores do corpo e cap a do tubo \u00e9 a vantagem fundamental, eliminando o sentido de incongru\u00eancia causado por saltos de cores, resultando em uma apar\u00eancia de produto que se parece com uma pe\u00e7a de arte completa, transmitindo um sentimento de alta qualidade.<\/li>\n<li>Reconhecimento excepcional da marca: O logotipo circular positivo e composto se tornou um s\u00edmbolo visual \u00fanico, permitindo \u00e0 marca destacar-se na concorr\u00eancia e estar profundamente engrainado nas mentes dos consumidores.<\/li>\n<li>Excelente artesanato que reflete qualidade de alto n\u00edvel: A combina\u00e7\u00e3o de v\u00e1rios processos complexos como marca\u00e7\u00e3o quente, impress\u00e3o de gradiente offset e impress\u00e3o de tela demonstra diretamente a marca&#8217; \u00e9 aten\u00e7\u00e3o rigorosa ao detalhe e compromisso inesperado com a qualidade, transmitindo assim um sentido de confian\u00e7a aos consumidores.<\/li>\n<li>Combina\u00e7\u00e3o perfeita de funcionalidade e forma: N\u00e3o s\u00f3 \u00e9 visualmente atraente, mas seu design apontado e excelentes propriedades de selagem tamb\u00e9m asseguram conveni\u00eancia e estabilidade no uso real.<\/li>\n<\/ul>\n<p>&nbsp;<\/p>\n<ul>\n<li><b><\/b>Scen\u00e1rios de aplica\u00e7\u00e3o para o produto:<\/li>\n<\/ul>\n<p>Scen\u00e1rio de aplica\u00e7\u00e3o:<\/p>\n<ul>\n<li>Testes de mercado de novos produtos: Antes de lan\u00e7ar oficialmente uma garrafa grande cara de soro ou creme para os olhos, posso come\u00e7ar produzindo pequenos pacotes de ensaio. Isso pode efetivamente reduzir o risco de novos produtos falharem e otimizar produtos atrav\u00e9s de feedback dos usu\u00e1rios.<\/li>\n<li>Magazinas de especialidades e atividades promocionais offline: Como &#8220; presentes e dados - s\u00e3o dados com usu\u00e1rio formal, seus exquisitos processos de tintura e impress\u00e3o de seda muito superiores ao usu\u00e1rio de ensaio comum, o que pode fortalecer grandemente a marca&#8217; o sentido de valor nos cora\u00e7\u00f5es dos consumidores e promover vendas formais de roupa.<\/li>\n<li>Atra\u00e7\u00e3o do canal de com\u00e9rcio electr\u00f3nico: Usar lojas online como &#8220; ensaio de baixo pre\u00e7o&#8221;  or a &#8220; novo presente ao cliente para atrair clientes pela primeira vez. embalagens de alta cor podem incentivar os usu\u00e1rios a compartilhar na m\u00eddia social, formando uma distribui\u00e7\u00e3o secund\u00e1ria.<\/li>\n<\/ul>\n<p>&nbsp;<\/p>\n<ol start=\"2\">\n<li>Viagens de retalho e a economia de experi\u00eancia luxuosa<\/li>\n<\/ol>\n<p>&nbsp;<\/p>\n<ul>\n<li>Valor fundamental: Para aumentar o n\u00edvel da marca parceira, atender \u00e0 necessidade de portabilidade e abrir canais de alta margem.<\/li>\n<li>Scen\u00e1rios de aplica\u00e7\u00e3o:<\/li>\n<li>Parcerias de hotel e companhias a\u00e9reas de alto n\u00edvel: posso comercializar este pacote para hot\u00e9is de luxo, spas ou companhias a\u00e9reas como refor\u00e7o de h\u00f3spedes de alto n\u00edvel. Cores unificadas e harmoniosas e artesanato sofisticado coincidem perfeitamente com a localiza\u00e7\u00e3o de um hotel de cinco estrelas.<\/li>\n<li>Paquetes de viagem: Combina diferentes produtos funcionais de cuidado da pele (como limpezas, s\u00e9reos, cremas) em um paquete de viagem para venda. Um design corporal unificado (que distingue fun\u00e7\u00f5es apenas por cor) far\u00e1 o fato parecer muito profissional e coordenado.<\/li>\n<\/ul>\n<p>&nbsp;<\/p>\n<ol start=\"3\">\n<li>A m\u00eddia social e os produtos de marketing de celebridades na internet<\/li>\n<\/ol>\n<p>&nbsp;<\/p>\n<ul>\n<li>Valor central: Criar &#8220; Produtos de celebridade na Internet,&#8221; cuja apar\u00eancia \u00e9 conte\u00fado de marketing em si.<\/li>\n<li>Scen\u00e1rios de aplica\u00e7\u00e3o:<\/li>\n<li>Tailored for Instagram, TikTok and the Little Red Book: Coordinated colors, shiny hot stamping effects and unique styling make it very &#8220; fotog\u00eanico. &#8221; Posso dizer claramente \u00e0s marcas que essa embalagem os ajuda a criar v\u00eddeo em caixa  and &#8220; compartilhamento de bens bons conte\u00fado adequado para a distribui\u00e7\u00e3o da m\u00eddia social.<\/li>\n<li>Cooperar com blogueiros de beleza \/ celebridade da Internet: Enviar ao KOL como um presente personalizado, seu alto valor de apar\u00eancia pode aumentar a probabilidade de ser recomendado.<\/li>\n<\/ul>\n<p>&nbsp;<\/p>\n<ol start=\"4\">\n<li>segmentos de produtos que s\u00e3o precisamente alvo<\/li>\n<\/ol>\n<p>&nbsp;<\/p>\n<ul>\n<li>Valor central: Servir mercados de nichos com alto crescimento e alta rendibilidade.<\/li>\n<li>Scen\u00e1rios de aplica\u00e7\u00e3o:<\/li>\n<li>Olhos e garrafas essenciais altamente eficientes: A \u00eanfase \u00e9 colocada na embalagem elevadas concentra\u00e7\u00f5es de ingredientes ativos (como vitamina Aol, vitamina C, pept\u00eddeos), a pequena capacidade assegura que os ingredientes permanecem frescos durante o uso, e o design do nariz permite controle exato das quantidades.<\/li>\n<li>Produtos de cuidado t\u00f3pico: Perfeito para cremas oculares, s\u00e9rios t\u00f3picos de toner, pontos acne, etc. O tubo pequeno \u00e9 adequado para se sentar no vestidor ou carregar com voc\u00ea, e o design do nozzle assegura higiene e aplica\u00e7\u00e3o precisa.<\/li>\n<li>Crian\u00e7as e Linhas de cuidado da pele adolescente: ador\u00e1vel rosa, roxa e pequeno tamanho, perfeito para introduzir produtos de cuidado da pele de n\u00edvel de entrada para gera\u00e7\u00f5es mais jovens.<\/li>\n<\/ul>","protected":false},"featured_media":0,"comment_status":"closed","ping_status":"closed","template":"","meta":[],"product_brand":[],"product_cat":[44],"product_tag":[],"class_list":{"0":"post-3429","1":"product","2":"type-product","3":"status-publish","5":"product_cat-25-pe-plastic-tube","7":"first","8":"instock","9":"shipping-taxable","10":"purchasable","11":"product-type-simple"},"_links":{"self":[{"href":"https:\/\/www.hongyitube.com\/pt\/wp-json\/wp\/v2\/product\/3429","targetHints":{"allow":["GET"]}}],"collection":[{"href":"https:\/\/www.hongyitube.com\/pt\/wp-json\/wp\/v2\/product"}],"about":[{"href":"https:\/\/www.hongyitube.com\/pt\/wp-json\/wp\/v2\/types\/product"}],"replies":[{"embeddable":true,"href":"https:\/\/www.hongyitube.com\/pt\/wp-json\/wp\/v2\/comments?post=3429"}],"wp:attachment":[{"href":"https:\/\/www.hongyitube.com\/pt\/wp-json\/wp\/v2\/media?parent=3429"}],"wp:term":[{"taxonomy":"product_brand","embeddable":true,"href":"https:\/\/www.hongyitube.com\/pt\/wp-json\/wp\/v2\/product_brand?post=3429"},{"taxonomy":"product_cat","embeddable":true,"href":"https:\/\/www.hongyitube.com\/pt\/wp-json\/wp\/v2\/product_cat?post=3429"},{"taxonomy":"product_tag","embeddable":true,"href":"https:\/\/www.hongyitube.com\/pt\/wp-json\/wp\/v2\/product_tag?post=3429"}],"curies":[{"name":"wp","href":"https:\/\/api.w.org\/{rel}","templated":true}]}}