{"id":3400,"date":"2026-01-08T17:30:22","date_gmt":"2026-01-08T09:30:22","guid":{"rendered":"https:\/\/www.hongyitube.com\/?post_type=product&#038;p=3400"},"modified":"2026-01-08T17:30:22","modified_gmt":"2026-01-08T09:30:22","slug":"15ml-20ml-0-51-0-68fl-oz-15g-20gblank-transparent-pe-flexible-tube-cosmetics-skincare-personal-care-pharmaceutical-creams-industrial-pigments-adhesives-pesticide-based-products-packaging-tub","status":"publish","type":"product","link":"https:\/\/www.hongyitube.com\/pt\/product\/15ml-20ml-0-51-0-68fl-oz-15g-20gblank-transparent-pe-flexible-tube-cosmetics-skincare-personal-care-pharmaceutical-creams-industrial-pigments-adhesives-pesticide-based-products-packaging-tub\/","title":{"rendered":"15ml-20ml 0,51 -0,68fl.oz 15g-20g,Tubo flex\u00edvel PE transparente vazio, cosm\u00e9ticos, pele, cuidado pessoal, cremas farmac\u00eauticos, pigmentos industriais, adesivos, produtos baseados em pesticidas, tubos de embalagem, materiais de embalagem, recipientes &#8211; Hongyi Plastic"},"content":{"rendered":"<ul>\n<li>HongyiPlastic15ml-20ml 0,51 -0,68fl.oz 15g-20g,Tubo PE transparente vazio flex\u00edvel, cosm\u00e9ticos, pele, cuidados pessoais, cremas farmac\u00eauticas, pigmentos industriais, adesivos, produtos baseados em pesticidas, tubos de embalagem, materiais de embalagem, recipientes<\/li>\n<li>Descri\u00e7\u00e3o do produto<\/li>\n<li>Este tubo mole PE transparente em branco de 22 mm de di\u00e2metro \u00e9 um produto ultra-minimalista especificamente projetado para oferecer flexibilidade m\u00e1xima na personaliza\u00e7\u00e3o. \u00c9 um tubo mole de PE transparente e brilhante com di\u00e2metro de 22 mm. O tubo sem tampa medi 87 mm de comprimento e tem uma capacidade de 15-20 ml, tornando-o uma escolha ideal para aplica\u00e7\u00f5es de embalagem de pequeno a m\u00e9dio volume. O corpo inteiro do tubo \u00e9 transparente e apresenta um final brilhante, dando-lhe uma apar\u00eancia limpa e clara. A caracter\u00edstica central \u00e9 o corpo de tubo completamente vazio, que n\u00e3o tem qualquer impress\u00e3o aplicada, permitindo ao propriet\u00e1rio da marca personalizar completamente o espa\u00e7o para gr\u00e1ficos, identificadores de marca e informa\u00e7\u00e3o. A embalagem apresenta um final com parede reta com um pequeno design de labios de 4 mm, assegurando excelentes propriedades de selagem e controle preciso sobre o fluxo de conte\u00fados. O tubo pode ser parejado com v\u00e1rios capos em diferentes cores e termina\u00e7\u00f5es, como capos desligados ou capos octagonais estilos, fornecendo uma larga tela para a forma\u00e7\u00e3o final da marca&#8217; a imagem. [UNK]2. Material de Produtos<\/li>\n<li><\/li>\n<li>Material principal: Polietileno (PE). Este \u00e9 um material global reconhecido seguro e flex\u00edvel.<\/li>\n<li>Seguran\u00e7a: O material PE tem uma natureza qu\u00edmica est\u00e1vel e n\u00e3o \u00e9 t\u00f3xico e sem odor, cumprindo padr\u00f5es internacionais para materiais utilizados em contato com alimentos e farmac\u00eauticos (como FDA), assegurando a seguran\u00e7a quando utilizados em cuidados pessoais e produtos farmac\u00eauticos.<\/li>\n<li>Transparen\u00e7a e puridade: O corpo tubo de alta transpar\u00eancia permite a visualiza\u00e7\u00e3o mais direta da cor, textura e estado do conte\u00fado, o que \u00e9 crucial para produtos que enfatizam ingredientes naturais e texturas \u00fanicas.<\/li>\n<li>Propriedades f\u00edsicas: O material \u00e9 flex\u00edvel e f\u00e1cil de comprimir; \u00e9 leve e resistente ao choque, tornando-a adequada para o transporte e carregar por a\u00ed.<\/li>\n<\/ul>\n<p><strong><b>Aplica\u00e7\u00f5es recomendadas <\/b><\/strong>\"<\/p>\n<p>A extremamente alta flexibilidade desta mangueira transparente o torna perfeitamente adequado \u00e0s prefer\u00eancias e necessidades \u00fanicas de diferentes g\u00eaneros e grupos et\u00e1rios.<\/p>\n<p>&nbsp;<\/p>\n<ol>\n<li>O mercado de consumo masculino<\/li>\n<\/ol>\n<p>&nbsp;<\/p>\n<p>Homens, especialmente jovens a consumidores de m\u00e9dia idade, est\u00e3o cada vez mais se tornando o motor do crescimento do mercado de cuidados pessoais. Suas prefer\u00eancias de consumidor geralmente s\u00e3o caracterizadas por um foco na efici\u00eancia, ingredientes e efic\u00e1cia, uma prefer\u00eancia para simplicidade e profissionalismo, e uma avers\u00e3o \u00e0 decora\u00e7\u00e3o excessiva.<\/p>\n<p>&nbsp;<\/p>\n<ul>\n<li>Produtos Recomendados:<\/li>\n<li>Produtos de cuidado da pele: ess\u00eancia de \u00e1cido hialur\u00f4nico, umidificador controlado pelo petr\u00f3leo, umidificador para a parte de tr\u00e1s da barba, creme umidificador. O corpo transparente pode visualmente mostrar a textura pura do produto e evitar a vergonha causada pela embalagem feminina.<\/li>\n<li>Categorias cosm\u00e9ticas: creme de estilo de cabelo, \u00f3leo de barba. Uma pasta ou l\u00edquido transparente pode mostrar o pr\u00f3prio produto, e um flap silencioso ou de cor escura pode aumentar a masculinidade.<\/li>\n<li>Categorias funcionais: gel t\u00f3pico de alta for\u00e7a para al\u00edvio da dor, creme de massagem esportiva. O olhar profissional e n\u00e3o-fant\u00e1stico encontra homens as expectativas de produtos funcionais.<\/li>\n<li>Dire\u00e7\u00e3o de personaliza\u00e7\u00e3o: O design de embalagem deve ser inclinado para o minimalismo. A cobertura rotativa pode ser usada em cores cinza escura, negra, azul e tinta verde, com tipos simples e poderosos e gr\u00e1ficos geom\u00e9tricos para imprimir ou marcar, transmitindo um &#8220; profissional, eficiente e confi\u00e1vel - sinal.<\/li>\n<\/ul>\n<p>&nbsp;<\/p>\n<ol start=\"2\">\n<li>Mulheres s Mercado do Consumidor<\/li>\n<\/ol>\n<p>&nbsp;<\/p>\n<p>O mercado feminino de consumo \u00e9 mais diversificado, mas tend\u00eancias fundamentais incluem uma busca de transpar\u00eancia nos ingredientes, prefer\u00eancia para personaliza\u00e7\u00e3o e design est\u00e9tico, e foco no uso ritual.<\/p>\n<p>&nbsp;<\/p>\n<ul>\n<li>Produtos Recomendados:<\/li>\n<li>Petr\u00f3leos essenciais &amp; Ampulhas: Extrato de Vitamina C, Extrato de Retinol, Petr\u00f3leos Mistos. O corpo do tubo transparente pode mostrar a cor oura do soro ou micropart\u00edculas suspensas, aumentando a percep\u00e7\u00e3o de &#8220; alta atividade e &#8220; alta concentra\u00e7\u00e3o. &#8221;<\/li>\n<li>Produtos pr\u00e9-maquilhagem: pr\u00e9-maquilhagem h\u00famido, refrescador de luz de perlas. A textura vis\u00edvel e o lustro podem inspirar o desejo de comprar.<\/li>\n<li>Cuidado natural da pele: Aloe Vera gel, gel defoliante floral. Embalagem limpa melhor reflete o conceito de &#8220; naturalmente sem aditivos. &#8221;<\/li>\n<li>Dire\u00e7\u00e3o personalizada: O espa\u00e7o de design \u00e9 extremamente extenso. coberturas eletropladas como branco de perlas, ouro de champanhe, ouro rosa podem ser usadas para aumentar o senso de luxo; Banners ou impress\u00e3o podem usar cores suaves, ilustra\u00e7\u00f5es elegantes e fontes art\u00edsticas para criar conex\u00f5es emocionais. Para marcas de alto n\u00edvel, o processo de tintura de ouro pode instantaneamente elevar o n\u00edvel.<\/li>\n<\/ul>\n<p>&nbsp;<\/p>\n<ol start=\"3\">\n<li>Crian\u00e7as s Mercado do Consumidor<\/li>\n<\/ol>\n<p>&nbsp;<\/p>\n<p>Os principais decisores das crian\u00e7as o mercado s \u00e3o pais, mas o apelo do produto afeta diretamente a crian\u00e7a. As exig\u00eancias chave s\u00e3o: segura, divertida e atraente para as crian\u00e7as a usar.<\/p>\n<p>&nbsp;<\/p>\n<ul>\n<li>Produtos Recomendados:<\/li>\n<li>Cuidado da pele para crian\u00e7as: uma f\u00f3rmula sem l\u00e1grima para shampoo, umidificador, protec\u00e7\u00e3o solar. O corpo transparente d\u00e1 aos pais paz sobre o conte\u00fado, e a \u00e1rea de etiqueta em branco \u00e9 uma tela para a criatividade.<\/li>\n<li>Ideias de entretenimento: pintura facial sol\u00favel em \u00e1gua, polimento seguro das unhas, cola \u00e0 m\u00e3o.<\/li>\n<li>Aten\u00e7\u00e3o \u00e0 sa\u00fade: As crian\u00e7as usam um repelente de mosquitos e um gel desinfectante com Bandito de Cart\u00e3o.<\/li>\n<li>Dire\u00e7\u00e3o de personaliza\u00e7\u00e3o: Esta \u00e9 a casa de IP de desenhos e cores brilhantes. A marca pode pegar ou imprimir em tubo branco personagens de anime, animais bonitos, elementos de fadas, etc. que s\u00e3o amados pelas crian\u00e7as. Combinada com uma cobertura octagonal brilhante ou uma cobertura girante brilhante, pode transformar um produto de cuidado comum em um &#8220; brinquedo que as crian\u00e7as podem esperar. Ao mesmo tempo, as palavras Hipoalerg\u00eanico (baixa sensibilidade) e &#8220; Sem l\u00e1grimas (f\u00f3rmula sem l\u00e1grimas) na embalagem s\u00e3o a chave para impressionar os pais.<\/li>\n<\/ul>\n<h3>1. <strong><b>Atributos do produto<\/b><\/strong><\/h3>\n<p>Este tubo flex\u00edvel de PE transparente em branco de 22 dimens\u00f5es fornece a marca com possibilidades criativas sem limites, permitindo a aplica\u00e7\u00e3o gratuita de v\u00e1rias t\u00e9cnicas p\u00f3s-processamento, como rotulagem, impress\u00e3o de tela, impress\u00e3o offset e selo de folha de ouro, criando assim uma imagem \u00fanica de marca.<\/p>\n<ul>\n<li>Visualiza\u00e7\u00e3o do conte\u00fado: O corpo de tubo transparente permite aos consumidores ver diretamente o estado real do conte\u00fado, criando uma primeira impress\u00e3o de &#8220; puridade, autenticidade e transpar\u00eancia,&#8221; o que aumenta muito a confian\u00e7a na compra.<\/li>\n<li>Controlo quantitativo preciso: O design de um pequeno nozzle de 4 mm facilita o controle preciso sobre a extrus\u00e3o de quantidades de minutos de produtos, evitando assim res\u00edduos.<\/li>\n<li>Propriedades excepcionais de fechamento: O processo de fechamento de retalho assegura um pacote seguro e a \u00e9reo apertado, prevenindo efetivamente vazamentos e degrada\u00e7\u00e3o do conte\u00fado.<\/li>\n<li>Diversidade b\u00e1sica em combina\u00e7\u00f5es: Ao selecionar capas diferentes de cor e forma (como capas octagonais), mesmo sem decorar o corpo do tubo, uma diferencia\u00e7\u00e3o preliminar da linha de produto pode ser alcan\u00e7ada rapidamente.<\/li>\n<\/ul>","protected":false},"excerpt":{"rendered":"<ul>\n<li><b><\/b><strong><b>Design de Tube Body<\/b><\/strong>.<\/li>\n<\/ul>\n<p>Este tubo flex\u00edvel de PE em branco e transparente de 22 dimens\u00f5es &#8220; empodera marcas. &#8221; Acreditamos firmemente que a pr\u00f3pria marca \u00e9 sempre a melhor autoridade em entender seus consumidores, ent\u00e3o fornecemos uma funda\u00e7\u00e3o pura que permite \u00e0s marcas compartilhar livremente suas hist\u00f3rias sem limita\u00e7\u00f5es.<\/p>\n<ul>\n<li>A pr\u00f3pria transpar\u00eancia tamb\u00e9m \u00e9 uma linguagem de design, transmitindo os valores de &#8220; honestidade, puridade e abertura,&#8221; que se alinha profundamente com os consumidores modernos - persegui\u00e7\u00e3o de &#8220; transpar\u00eancia nos ingredientes e &#8220; marcas aut\u00eanticas. &#8221;<\/li>\n<li>Design estrutural orientado para fun\u00e7\u00f5es:<\/li>\n<li>Nozzle pequeno de 4 mm: assegura controle preciso sobre o processo de extrus\u00e3o, tornando-o adequado tanto para aplica\u00e7\u00e3o spot de ess\u00eancias como para dispensa\u00e7\u00e3o precisa de adesivos.<\/li>\n<li>Fechar a tampa com parede direta: fornece prote\u00e7\u00e3o confi\u00e1vel de selagem.<\/li>\n<li>Efeito de brilho: Melhor a textura da embalagem, evitando que o corpo de tubo simples pare\u00e7a barato, colocando assim uma base s\u00f3lida para futuros esfor\u00e7os de marca.<\/li>\n<\/ul>\n<p>Avantagens dos produtos<\/p>\n<p>Nossa mangueira de PE transparente de 22 di\u00e2metros oferece graus m\u00e1ximos de liberdade para o r\u00f3tulo: o r\u00f3tulo est\u00e1 no controle completo do efeito visual final do pacote, permitindo-lhe passar do conceito para o produto acabado, sem ser limitado \u00e0 embalagem pr\u00e9-configurada.<\/p>\n<ul>\n<li>Reduzir o limiar de arranque de marcas e risco de invent\u00e1rio: os propriet\u00e1rios de marcas podem comprar primeiro tubos em branco comum, e depois realizar impress\u00e3o personalizada em lotes de acordo com rea\u00e7\u00f5es de mercado, reduzindo consideravelmente os custos iniciais de invent\u00e1rio e os riscos de decis\u00e3o.<\/li>\n<li>Construir confian\u00e7a e afinidade: A visibilidade do conte\u00fado fornecido por controles corporais transparentes \u00e9 uma das formas mais diretas e eficazes de construir confian\u00e7a dos consumidores.<\/li>\n<li>Para os produtos nichos e experimentais: Os tubos vazios s\u00e3o a solu\u00e7\u00e3o mais flex\u00edvel e rentavelmente eficaz para marcas de pequeno volume, multicategorias (por exemplo, artisanais, laboratoriais).<\/li>\n<li>Promover a protec\u00e7\u00e3o ambiental e o reciclagem: A estrutura simples e um alto grau de versatilidade facilitam o reciclagem.<\/li>\n<\/ul>\n<p>&nbsp;<\/p>\n<ul>\n<li><b><\/b><strong><b>Scen\u00e1rios de aplica\u00e7\u00e3o para o produto<\/b><\/strong><\/li>\n<\/ul>\n<p>Esse tubo flex\u00edvel de PE em branco e transparente de 22 dimens\u00f5es serve como base e pode ser adaptado atrav\u00e9s de diversos elementos de design (principalmente obtidos atrav\u00e9s de rotulagem\/impress\u00e3o, caps e o pr\u00f3prio conte\u00fado), o que influencia diretamente sua aplica\u00e7\u00e3o em cen\u00e1rios distintos. O desempenho espec\u00edfico pode ser categorizado em quatro dimens\u00f5es essenciais:<\/p>\n<ol>\n<li>Dimens\u00e3o da Comunica\u00e7\u00e3o Visual e Posi\u00e7\u00e3o das Marcas<\/li>\n<\/ol>\n<p>&nbsp;<\/p>\n<ul>\n<li>Performa\u00e7\u00e3o de design:<\/li>\n<li>Design m\u00ednimo: o corpo n\u00e3o tem rotulagem ou tem apenas uma cor \u00fanica, pequena impress\u00e3o; Par com cobertura negra, branca, cinza ou metal.<\/li>\n<li>Design luxuoso: r\u00f3tulos utilizando processos de ouro\/prata, ilustra\u00e7\u00f5es inspiradas em arte; Pares com uma cobertura girante de ouro eletropla\u00e7ado, perla branca e assim por diante.<\/li>\n<li>Cart\u00e3o divertido: Usar adesivos de cart\u00f5es com alto grau de satura\u00e7\u00e3o; Par com capas octagonais em cores brilhantes como vermelho, azul, amarelo.<\/li>\n<li>Escen\u00e1rios correspondentes:<\/li>\n<li>Design minimalista \u2192  sal\u00e3o profissional e Cosm\u00e9ticos de alto n\u00edvel: por exemplo, uma \u00fanica mangueira transparente de logo negro, cheia de gel transparente, ser\u00e1 naturalmente Lenovo para produtos recomendados por dermatologia profissional ou essen\u00e7a de sal\u00e3o de alto n\u00edvel, cena focada no processo de cuidado profissional da pele e pesquisa racional de ingredientes.<\/li>\n<li>Design Luxury \u2192  Gift Market &amp; Autoestima: Por exemplo, uma mangueira com uma impress\u00e3o jet-negra ser\u00e1 considerada um presente delicado ou usada para um ritual de cuidado da pele de luxo \u00e0 noite, enfatizando seu valor emocional e sentimento experimental.<\/li>\n<li>Design de Cart\u00f5es \u2192  Crian\u00e7as s Day-to-Day &amp; Intera\u00e7\u00e3o Pai-Crian\u00e7a: Por exemplo, repelente de mosquitos com um motivo Spider-Man \u00e9 explicitamente usado para atividades familiares ao ar livre, crian\u00e7as&#8217; \u00e9 lavar tempo, e o n\u00facleo \u00e9 fazer o processo de cuidado divertido.<\/li>\n<\/ul>\n<ol>\n<li>Indicadores funcionais e dimens\u00f5es de experi\u00eancia dos usu\u00e1rios<\/li>\n<\/ol>\n<p>&nbsp;<\/p>\n<ul>\n<li>Performa\u00e7\u00e3o de design:<\/li>\n<li>&#8220; Laborat\u00f3rio estilo: corpo transparente com apenas linhas moleculares ou t\u00e9cnicas impressas nos componentes; Ela vem com uma volta de prata e cinza.<\/li>\n<li>&#8220; Natural e org\u00e2nico estilo: usar rotulagem com base no couro, ilustra\u00e7\u00f5es vegetais; Par com um padr\u00e3o de madeira ou um flap verde brilhante.<\/li>\n<li>O &#8220; ferramenta industrial Estilo: sem decora\u00e7\u00e3o e completamente dependente da cor do conte\u00fado (como gordura cinza); Par com um bloco funcional negro ou azul escuro \/ cobertura dos l\u00e1bios.<\/li>\n<li>Escen\u00e1rios correspondentes:<\/li>\n<li>Estilo laboratorial \u2192  Cuidado efetivo e preciso: Esse design implica que o produto \u00e9 poderoso e formulado precisamente, adequado para cen\u00e1rios de corte de pele com problemas espec\u00edficos, como acne t\u00f3pico aplicado, linhas concentradas aplicadas.<\/li>\n<li>Estilo natural, org\u00e2nico \u2192  Cuidado di\u00e1rio suave: O design envia um sinal de seguran\u00e7a e suavidade para situa\u00e7\u00f5es que requerem altos n\u00edveis de paz mental como umidifica\u00e7\u00e3o di\u00e1ria para pele sens\u00edvel e fundos de beb\u00eas.<\/li>\n<li>Estilo de ferramentas industriais \u2192  Repara\u00e7\u00e3o e cria\u00e7\u00e3o profissionais: Sua apar\u00eancia indica diretamente que \u00e9 um &#8220; ferramenta&#8221; em vez de um &#8220; maquilhagem,&#8221; com cenas de adesivos na fabrica\u00e7\u00e3o de modelos, petr\u00f3leo em cadeias de bicicletas, etc., enfatizando a primacidade da fun\u00e7\u00e3o.<\/li>\n<\/ul>\n<p>III. Dimens\u00f5es de visibilidade do conte\u00fado e cria\u00e7\u00e3o de confian\u00e7a<\/p>\n<p>&nbsp;<\/p>\n<ul>\n<li>Performa\u00e7\u00e3o de design:<\/li>\n<li>Visualiza\u00e7\u00e3o completa: Sem r\u00f3tulos ou usar r\u00f3tulos muito pequenos para maximizar a visualiza\u00e7\u00e3o do conte\u00fado.<\/li>\n<li>Visualiza\u00e7\u00e3o de janelas: H\u00e1 uma transpar\u00eancia &#8220; janela&#8221; no meio da etiqueta.<\/li>\n<li>Refor\u00e7o da informa\u00e7\u00e3o: Os r\u00f3tulos s\u00e3o projetados para explicar a cor ou estado do conte\u00fado (por exemplo &#8220;amarelo natural devido a XXX&#8221;).<\/li>\n<li>Escen\u00e1rios correspondentes:<\/li>\n<li>Presenta\u00e7\u00e3o completa \u2192  Produtos de alto valor &amp; - marketing de ingredientes: Por exemplo, um s\u00e9rie VC que mostra ouro \u00e9 adequado para apresenta\u00e7\u00e3o visual em plataformas de com\u00e9rcio electr\u00f3nico para construir confian\u00e7a atrav\u00e9s de vis\u00edvel &#8220; elevadas concentra\u00e7\u00f5es&#8221; para promover compras online.<\/li>\n<li>Visualiza\u00e7\u00e3o de janelas \u2192  Balan\u00e7ar beleza e autenticidade: Enquanto exigir hist\u00f3rias complexas de marca (muitos textos gr\u00e1ficos) sem sacrificar a promessa de &#8220; transpar\u00eancia,&#8221; \u00c9 aplic\u00e1vel \u00e0s prateleiras de retalho que atraem aten\u00e7\u00e3o e proporcionam paz mental.<\/li>\n<li>Melhoria da informa\u00e7\u00e3o \u2192  Gest\u00e3o as expectativas do consumidor: Quando a cor do conte\u00fado n\u00e3o \u00e9 convencional (por exemplo, o gel azul), explica-o antes do tempo por design, evitando preocupa\u00e7\u00f5es quando os consumidores o utilizam pela primeira vez e aumentando a satisfa\u00e7\u00e3o.<\/li>\n<\/ul>\n<ol>\n<li>As dimens\u00f5es da portabilidade e adapta\u00e7\u00e3o na cena<\/li>\n<\/ol>\n<p>&nbsp;<\/p>\n<ul>\n<li>Performa\u00e7\u00e3o de design:<\/li>\n<li>Design unificado: A mesma linha de produtos usa um design unificado de etiqueta que \u00e9 distinto apenas pela cor da capa ou pequena impress\u00e3o.<\/li>\n<li>Design individual: Cada UAE tem um padr\u00e3o distinto e altamente individual.<\/li>\n<li>Escen\u00e1rios correspondentes:<\/li>\n<li>Design Unificado \u2192  Business Travel &amp; Daily Commute: Design unificado e de baixa chave torna os produtos limpos, profissionais, f\u00e1ceis de carregar e gerir num saco de limpeza de viagens ou num gaveta de mesa.<\/li>\n<li>Design de Persoalidade \u2192  Social Display &amp; - Acess\u00f3rios de tend\u00eancia: Uma mangueira \u00fanicamente projetada (como uma co-marcada) ser\u00e1 colocada como um item de moda em um saco de bolso por jovens e quando aplicada em p\u00fablico, se torna uma express\u00e3o de personalidade e palestra de m\u00eddia social.<\/li>\n<\/ul>\n<p>&nbsp;<\/p>\n<p>Em resumo, essa mangueira em branco aparentemente simples atinge posicionamento preciso em todos os aspectos, desde linguagem de comunica\u00e7\u00e3o, sugest\u00e3o funcional, cria\u00e7\u00e3o de confian\u00e7a at\u00e9 integra\u00e7\u00e3o no cen\u00e1rio, atrav\u00e9s de modifica\u00e7\u00f5es no design exterior. Ela \u00e9 como um bloco de constru\u00e7\u00e3o que marcas podem incorporar em qualquer cen\u00e1rio de vida de um laborat\u00f3rio profissional a uma crian\u00e7a. o parque de jogos, de uma mesa de vestimentos de luxo para uma caixa de ferramentas industrial atrav\u00e9s de uma variedade de combina\u00e7\u00f5es de design. Essa alta aptid\u00e3o \u00e9 seu valor fundamental.<\/p>\n<p>&nbsp;<\/p>\n<p>&nbsp;<\/p>","protected":false},"featured_media":0,"comment_status":"closed","ping_status":"closed","template":"","meta":[],"product_brand":[],"product_cat":[43],"product_tag":[],"class_list":{"0":"post-3400","1":"product","2":"type-product","3":"status-publish","5":"product_cat-22-pe-plastic-tube","7":"first","8":"instock","9":"shipping-taxable","10":"purchasable","11":"product-type-simple"},"_links":{"self":[{"href":"https:\/\/www.hongyitube.com\/pt\/wp-json\/wp\/v2\/product\/3400","targetHints":{"allow":["GET"]}}],"collection":[{"href":"https:\/\/www.hongyitube.com\/pt\/wp-json\/wp\/v2\/product"}],"about":[{"href":"https:\/\/www.hongyitube.com\/pt\/wp-json\/wp\/v2\/types\/product"}],"replies":[{"embeddable":true,"href":"https:\/\/www.hongyitube.com\/pt\/wp-json\/wp\/v2\/comments?post=3400"}],"wp:attachment":[{"href":"https:\/\/www.hongyitube.com\/pt\/wp-json\/wp\/v2\/media?parent=3400"}],"wp:term":[{"taxonomy":"product_brand","embeddable":true,"href":"https:\/\/www.hongyitube.com\/pt\/wp-json\/wp\/v2\/product_brand?post=3400"},{"taxonomy":"product_cat","embeddable":true,"href":"https:\/\/www.hongyitube.com\/pt\/wp-json\/wp\/v2\/product_cat?post=3400"},{"taxonomy":"product_tag","embeddable":true,"href":"https:\/\/www.hongyitube.com\/pt\/wp-json\/wp\/v2\/product_tag?post=3400"}],"curies":[{"name":"wp","href":"https:\/\/api.w.org\/{rel}","templated":true}]}}