{"id":3360,"date":"2026-01-08T16:52:20","date_gmt":"2026-01-08T08:52:20","guid":{"rendered":"https:\/\/www.hongyitube.com\/?post_type=product&#038;p=3360"},"modified":"2026-01-08T16:52:20","modified_gmt":"2026-01-08T08:52:20","slug":"%cf%8619-8ml-10ml-0-27-0-34fl-oz-8g-10g-%ef%bc%8ccartoon-themed-labeled-pe-flexible-tube-multi-functional-skincare-watercolor-pigment-painting-paste-adhesive-mosquito-repellent-cream-disinfect","status":"publish","type":"product","link":"https:\/\/www.hongyitube.com\/pt\/product\/%cf%8619-8ml-10ml-0-27-0-34fl-oz-8g-10g-%ef%bc%8ccartoon-themed-labeled-pe-flexible-tube-multi-functional-skincare-watercolor-pigment-painting-paste-adhesive-mosquito-repellent-cream-disinfect\/","title":{"rendered":"\u03a619"},"content":{"rendered":"<ul>\n<li>HongyiPlastic \u03a619[UNK]3ml-8ml 0,10 -0,27fl.oz 3g-8g[UNK][UNK][UNK][UNK][UNK][UNK][UNK][UNK][UNK][UNK][UNK][UNK][UNK][UNK][UNK][UNK][UNK][UNK][UNK][UNK][UNK][UNK][UNK][UNK][UNK][UNK][UNK][UNK][UNK][UNK][UNK][UNK][UNK][UNK][UNK][UNK][UNK][UNK][UNK][UNK][UNK][UNK][UNK][UNK][UNK][UNK][UNK][UNK][UNK][UNK][UNK][UNK][UNK][UNK][UNK][UNK][UNK][UNK][UNK][UNK][UNK][UNK][UNK][UNK][UNK][UNK][UNK][UNK][UNK][UNK][UNK][UNK][UNK][UNK][UNK][UNK][UNK][UNK][UNK][UNK][UNK][UNK][UNK][UNK][UNK][UNK][UNK][UNK][UNK][UNK][UNK][UNK][UNK][UNK][UNK][UNK][UNK][UNK][UNK][UNK][UNK][UNK][UNK][UNK][UNK][UNK][UNK][UNK][UNK][UNK][UNK]<\/li>\n<\/ul>\n<ol>\n<li>Descri\u00e7\u00e3o do produto Esta s\u00e9rie de embalagens de tubos moles de PE com di\u00e2metro de 19 mm \u00e9 especificamente concebida para atrair crian\u00e7as e consumidores que buscam divertimento. Ela tem tubos moles de PE transparentes e brilhantes de di\u00e2metro 19 mm. A caracter\u00edstica principal \u00e9 a remov\u00edvel coloca\u00e7\u00e3o colorida de etiquetas de desenho, atualmente dispon\u00edvel em s\u00e9ries cl\u00e1ssicas de princesas e projetos internacionais de IP populares como Mickey Mouse e Donald Duck. O papel de etiqueta \u00e9 de 53mm de largura e perfeitamente envolvido ao redor do corpo do tubo. A embalagem sem capas medi 63mm de comprimento e tem uma capacidade de 8-10 ml, tornando-a compacta em tamanho. O uso de um processo de selagem de textura reta assegura a tens\u00e3o a \u00e9rea, e v\u00e1rios tipos de capas podem ser parejados com ele, incluindo v\u00e1rios capos octagonais coloridos, capos crom\u00e1ticos de cor twist, capos flip e capos funcionais de ponta selados. Essa combina\u00e7\u00e3o atinge um alto grau de unidade entre divertimento e funcionalidade.<\/li>\n<\/ol>\n<p>&nbsp;<\/p>\n<ol start=\"2\">\n<li>Material de Produtos<\/li>\n<\/ol>\n<ul>\n<li>Material principal: Polietileno (PE). Este \u00e9 um material globalmente reconhecido conhecido pela sua suavidade e seguran\u00e7a.<\/li>\n<li>Seguran\u00e7a: O material PE n\u00e3o \u00e9 t\u00f3xico e sem odor, aderindo aos padr\u00f5es internacionais de seguran\u00e7a para brinquedos e crian\u00e7as&#8217; s produtos, bem como regulamentos para materiais em contato com alimentos e farmac\u00eauticos. Isso garante a seguran\u00e7a absoluta quando usada em crian\u00e7as s produtos.<\/li>\n<li>Pr\u00e1tica: O material \u00e9 flex\u00edvel e f\u00e1cil de comprimir, tornando conveniente para crian\u00e7as usar com assist\u00eancia parental; O corpo do tubo transparente permite uma inspec\u00e7\u00e3o visual f\u00e1cil da cor e da quantidade restante do conte\u00fado.<\/li>\n<li>Atributos ambientais: Como material reciclado, o PE alinha-se com a \u00eanfase moderna na educa\u00e7\u00e3o ambiental dentro das fam\u00edlias.<\/li>\n<\/ul>\n<p><strong><b>Aplica\u00e7\u00f5es recomendadas <\/b><\/strong>\"<\/p>\n<p>Esta embalagem de tubos flex\u00edveis de PE de 19 tamanhos, com tema de cart\u00f5es, \u00e9 recomendada para uso nas seguintes \u00e1reas:<\/p>\n<p>&nbsp;<\/p>\n<ul>\n<li>A ind\u00fastria da beleza e da pele:<\/li>\n<li>Crian\u00e7as s Skincare Line: Produtos como crian\u00e7as&#8217; s labios balm, crian\u00e7as \u00e9 a lot\u00e3o umidora, e crian\u00e7as \u00e9 prote\u00e7\u00e3o solar.<\/li>\n<li>Crian\u00e7as s maquilhagem e produtos de brinquedos: como polimento de unhas sol\u00faveis em \u00e1gua e cremes de pintura de rosto lav\u00e1veis.<\/li>\n<li>Produtos de banho divertidos: como l\u00edquidos de banho de bolhas coloridas e shampoos.<\/li>\n<li>Estacionaria e ind\u00fastria criativa:<\/li>\n<li>Crian\u00e7as s cores de \u00e1gua e pinturas: adequadas para pinturas de pequena escala e atividades de colora\u00e7\u00e3o.<\/li>\n<li>Adesivo feito \u00e0 m\u00e3o: crian\u00e7as seguras e n\u00e3o t\u00f3xicas&#8217; s adesivo branco ou pasta feito \u00e0 m\u00e3o.<\/li>\n<li>A ind\u00fastria farmac\u00eautica (sujeita a autoriza\u00e7\u00f5es e regulamentos espec\u00edficos):<\/li>\n<li>Crian\u00e7as s produtos t\u00f3picos: como a engrenagem desinfectante que acompanha a banda-aid com tema de desenhos, e o bonito creme de repelente de mosquitos.<\/li>\n<li>(Nota: Para os produtos farmac\u00eauticos, assegurar que os direitos IP sejam aplic\u00e1veis neste dom\u00ednio e respeitar estritamente os regulamentos que regem embalagens farmac\u00eauticas)<\/li>\n<\/ul>","protected":false},"excerpt":{"rendered":"<ul>\n<li><b><\/b><strong><b>Design de Tube Body<\/b><\/strong>.<\/li>\n<\/ul>\n<p>A embalagem deste tubo PE de 19 dimens\u00f5es com um tema de desenhos incorpora princ\u00edpios de psicologia visual e conex\u00e3o emocional:<\/p>\n<ul>\n<li>O Poder dos Cart\u00f5es IP: Caracteres como Princesas e Mickey Mouse s\u00e3o mais do que apenas ilustra\u00e7\u00f5es; Eles simbolizam felicidade, sonhos e amizade. Eles podem rapidamente estabelecer uma forte conex\u00e3o emocional com crian\u00e7as, transformando itens di\u00e1rios (como corte de pele e desenho) em jogos envolvidos.<\/li>\n<li>A combina\u00e7\u00e3o de transpar\u00eancia e cor: O corpo do tubo transparente transmite uma mensagem psicol\u00f3gica de &#8220; pureza, seguran\u00e7a e visibilidade,&#8221; enquanto as etiquetas vibrantes e de estilo de desenhos s\u00e3o projetadas para atrair aten\u00e7\u00e3o e trazer alegria. Este design aborda efetivamente tanto a preocupa\u00e7\u00e3o parental pela seguran\u00e7a quanto a crian\u00e7a. o desejo de divertimento.<\/li>\n<li>Potencial para modularidade e serializa\u00e7\u00e3o: Um corpo de tubo transparente pode servir como &#8220; tela,&#8221; - permitindo a cria\u00e7\u00e3o f\u00e1cil de uma linha de produtos inteira trocando r\u00f3tulos diferentes (por exemplo, Princess Series, Disney Series). Isso incentiva a coletar comportamentos e estimula compras repetidas.<\/li>\n<li>Extens\u00e3o funcional: Ao parejar diferentes capas funcionais, a embalagem pode se transformar de um simples recipiente em um &#8220; ferramenta criativa (um tamp\u00e3o para desenho) ou um &#8220; objeto m\u00e1gico (um cobertor octagonal para corte de pele), expandindo assim a gama de cen\u00e1rios de uso.<\/li>\n<\/ul>\n<p>Avantagens dos produtos<\/p>\n<p>Essa embalagem de tubos PE de 19 dimens\u00f5es com um design com tema de desenhos tem transformado com sucesso uma embalagem simples em uma conex\u00e3o emocional entre a marca, pais e crian\u00e7as, aumentando assim instantaneamente o produto&#8217; o valor acrescentado. A forte licen\u00e7a de IP pode aumentar significativamente o valor percebido do produto, transformando-o de um simples produto em um &#8220; presente ou &#8220; brinquedo,&#8221; e permitindo assim um pre\u00e7o mais elevado.<\/p>\n<ul>\n<li>Punto de entrada eficiente no mercado: Para novas marcas, parceriar com propriedades intelectuais bem conhecidas \u00e9 um atalho para ganhar rapidamente aten\u00e7\u00e3o ao mercado e confian\u00e7a no consumidor.<\/li>\n<li>Aumentar a intera\u00e7\u00e3o entre pais e crian\u00e7as: A ador\u00e1vel embalagem pode tornar as crian\u00e7as mais dispostas a cooperar com rotinas di\u00e1rias de corte de pele ou atividades criativas, transformando tarefas mundanas em momentos agrad\u00e1veis de liga\u00e7\u00e3o entre pais e crian\u00e7as.<\/li>\n<li>Atributos perfeitos como um presente: Sua apar\u00eancia o torna um presente ideal ou um presente de agradecimento para festas de anivers\u00e1rio, festas festivais, e \u00e9 altamente apreciado por crian\u00e7as e pais.<\/li>\n<li>Redu\u00eddos riscos de desenvolvimento: O m\u00e9todo de rotulagem permite \u00e0s marcas testar rea\u00e7\u00f5es de mercado a diferentes temas de IP a um custo relativamente menor.<\/li>\n<\/ul>\n<p>&nbsp;<\/p>\n<ul>\n<li><b><\/b><strong><b>Scen\u00e1rios de aplica\u00e7\u00e3o para o produto\u00a0<\/b><\/strong><\/li>\n<li>&#8220; Tem\u00e1tica presentes para crian\u00e7as festas de anivers\u00e1rio: Como um presente de agradecimento durante a festa, oferecendo cremes de pele ou pincel com personagens de caricatura populares impressos neles, que s \u00e3o altamente apreciados pelas crian\u00e7a s.<\/li>\n<li>&#8220; Ferramenta de Calming para Crian\u00e7as durante Trips Familiares&#8221; : Quando embarcar numa long a jornada ou f\u00e9rias, ter um creme de pele favorito com tema de desenhos de crian\u00e7as ou um tubo de pintura pequeno pode proporcionar conforto e entretenimento eficazes durante momentos de confus\u00e3o.<\/li>\n<li>&#8220; Creative Partners para projetos de artesanato parental-infantil: Durante sess\u00f5es de artesanato familiar de fim de semana, crian\u00e7as se envolvem em atividades criativas usando seus conjuntos personalizados de tubos de pintura com tema de desenhos, aumentando significativamente seu senso de participa\u00e7\u00e3o e prazer.<\/li>\n<li>O &#8220; componente motivacional para rotinas di\u00e1rias de higiene: coloque um balmo de l\u00e1bios favorito com tema de desenhos no banco de banho para incentivar as crian\u00e7as a tomarem iniciativa em suas rotinas di\u00e1rias de autocuidado e desenvolverem bons h\u00e1bitos.<\/li>\n<li>&#8220; Moneta Social&#8221; de atividades escolares: Quando crian\u00e7as trazem seus produtos \u00fanicos de desenhos de IP \u00e0 escola, pode se tornar um t\u00f3pico de discuss\u00e3o entre pares, promovendo intera\u00e7\u00e3o social.<\/li>\n<\/ul>","protected":false},"featured_media":0,"comment_status":"closed","ping_status":"closed","template":"","meta":[],"product_brand":[],"product_cat":[42],"product_tag":[],"class_list":{"0":"post-3360","1":"product","2":"type-product","3":"status-publish","5":"product_cat-19-pe-plastic-tube","7":"first","8":"instock","9":"shipping-taxable","10":"purchasable","11":"product-type-simple"},"_links":{"self":[{"href":"https:\/\/www.hongyitube.com\/pt\/wp-json\/wp\/v2\/product\/3360","targetHints":{"allow":["GET"]}}],"collection":[{"href":"https:\/\/www.hongyitube.com\/pt\/wp-json\/wp\/v2\/product"}],"about":[{"href":"https:\/\/www.hongyitube.com\/pt\/wp-json\/wp\/v2\/types\/product"}],"replies":[{"embeddable":true,"href":"https:\/\/www.hongyitube.com\/pt\/wp-json\/wp\/v2\/comments?post=3360"}],"wp:attachment":[{"href":"https:\/\/www.hongyitube.com\/pt\/wp-json\/wp\/v2\/media?parent=3360"}],"wp:term":[{"taxonomy":"product_brand","embeddable":true,"href":"https:\/\/www.hongyitube.com\/pt\/wp-json\/wp\/v2\/product_brand?post=3360"},{"taxonomy":"product_cat","embeddable":true,"href":"https:\/\/www.hongyitube.com\/pt\/wp-json\/wp\/v2\/product_cat?post=3360"},{"taxonomy":"product_tag","embeddable":true,"href":"https:\/\/www.hongyitube.com\/pt\/wp-json\/wp\/v2\/product_tag?post=3360"}],"curies":[{"name":"wp","href":"https:\/\/api.w.org\/{rel}","templated":true}]}}