{"id":3312,"date":"2026-01-08T15:38:44","date_gmt":"2026-01-08T07:38:44","guid":{"rendered":"https:\/\/www.hongyitube.com\/?post_type=product&#038;p=3312"},"modified":"2026-01-08T15:38:44","modified_gmt":"2026-01-08T07:38:44","slug":"%cf%8619-10ml-15ml-0-34-0-51fl-oz-10g-15g-black-matte-skincare-and-dental-care-device-pharmaceutical-paste-type-industrial-adhesive-pesticide-type-dispensing-packaging-flexible-tube-packaging-mater","status":"publish","type":"product","link":"https:\/\/www.hongyitube.com\/pt\/product\/%cf%8619-10ml-15ml-0-34-0-51fl-oz-10g-15g-black-matte-skincare-and-dental-care-device-pharmaceutical-paste-type-industrial-adhesive-pesticide-type-dispensing-packaging-flexible-tube-packaging-mater\/","title":{"rendered":"\u03a619 10ml-15ml\/0,34-0,51fl.oz 10g-15g Mata negra de pele e dispositivo de cuidado dental, adesivo industrial de pasta farmac\u00eautica, embalagem de dispens\u00e3o de pesticidas, materiais flex\u00edveis de embalagem de tubos, recipientes &#8211; Hongyi Plastic"},"content":{"rendered":"<p>Hongyi[UNK]Plastic\u03a619 10ml-15ml\/0,34-0,51fl.oz 10g-15g[UNK],Black matte skincare and dental care device, pharmaceutical paste industrial adhesive, pesticide-type dispensing packaging, flexible tube packaging materials, containers.<\/p>\n<p>&nbsp;<\/p>\n<ol>\n<li>Descri\u00e7\u00e3o do produto<\/li>\n<\/ol>\n<p>O tubo PE Soft Matte Negro com di\u00e2metro de 19 mm \u00e9 um tubo PE soft Matte com di\u00e2metro de 19 mm, projetado para atender \u00e0s necessidades de v\u00e1rias ind\u00fastrias para solu\u00e7\u00f5es de embalagem de pequena capacidade e precis\u00e3o. O tubo, sem tampa, medi 112 mm de comprimento e tem uma capacidade de 10-15 ml. \u00c9 particularmente adequado para produtos com alto valor, alta concentra\u00e7\u00e3o, ou aqueles que requerem um uso de um \u00fanico ciclo. O corpo inteiro do tubo tem um final de matte negro subdu\u00eddo e luxoso. Todos os textos, par\u00e2metros, identificadores de marca e padr\u00f5es de ambos os lados do tubo s\u00e3o impressos usando um processo de tinta de prata de alto contraste, resultando em clareza e apar\u00eancia futurista. A embalagem inclui uma tampa negra brilhante, que cria um efeito visual impressionante atrav\u00e9s do contraste entre o brilhante e o matte termina.<\/p>\n<p>2.Material de produto<\/p>\n<ul>\n<li>Material principal: Polietileno (PE). Este \u00e9 um material de seguran\u00e7a e flex\u00edvel amplamente reconhecido usado globalmente.<\/li>\n<li>Seguran\u00e7a: PE \u00e9 qu\u00edmicamente est\u00e1vel, n\u00e3o t\u00f3xico e sem odor, cumprindo padr\u00f5es internacionais para materiais utilizados em contato com alimentos e farmac\u00eauticos (como a FDA). Isso assegura a seguran\u00e7a quando em contato com v\u00e1rios conte\u00fados, desde produtos de corte de pele leve at\u00e9 formula\u00e7\u00f5es qu\u00edmicas especializadas.<\/li>\n<li>Propriedades f\u00edsicas: Mostra excelente flexibilidade e resist\u00eancia \u00e0 compress\u00e3o, permitindo uma remo\u00e7\u00e3o f\u00e1cil e completa dos conte\u00fados, reduzindo assim os res\u00edduos. Suas propriedades ligeiras e resistentes ao choque o tornam particularmente adequado para viajar ou usar em ambientes industriais.<\/li>\n<li>Considera\u00e7\u00f5es ambientais: PE, como material reciclado, alinha-se com a crescente \u00eanfase global na sustentabilidade ambiental e preferencias dos consumidores para embalagens sustent\u00e1veis.<\/li>\n<\/ul>\n<p><strong><b>Aplica\u00e7\u00f5es recomendadas <\/b><\/strong><\/p>\n<p>Nossos 19 Diametros Black Matte PE Hose recomenda as seguintes \u00e1reas de sele\u00e7\u00e3o:<\/p>\n<p>&nbsp;<\/p>\n<ul>\n<li>Beauty &amp; - Ind\u00fastria do cuidado da pele:<\/li>\n<li>Ess\u00eancia de alto n\u00edvel e ampolas: como essen\u00e7a de vitamina C, essen\u00e7a de retinol e outros produtos precisos de uma dose \u00fanica.<\/li>\n<li>Produtos de cuidado ocular: cremas oculares, s\u00e9rums oculares.<\/li>\n<li>Produtos dent\u00e1rios cosm\u00e9ticos: gelas de branqueamento de dentes, cremes de cuidado de goma.<\/li>\n<li>Precosm\u00e9ticos e cremes t\u00f3picos: por exemplo, kohl, escondidor.<\/li>\n<li>Farmac\u00eautico &amp; Profiss\u00f5es de Sa\u00fade:<\/li>\n<li>Medicamentos de prescri\u00e7\u00e3o aplicados: tais como enzimas antibi\u00f3ticas, cremas hormonais.<\/li>\n<li>Medicamentos sem receita (OTC): gel analg\u00e9sico, creme de estresse muscular e muscular, creme de repara\u00e7\u00e3o de cicatrizes.<\/li>\n<li>Paros m\u00e9dicos (paquetes simples ou de viagens).<\/li>\n<li>Suplementos de sa\u00fade: como creme de vitamina para uso t\u00f3pico.<\/li>\n<li>Industrial &amp; Specialty Chemical Industries:<\/li>\n<li>lubricantes de precis\u00e3o: usados em eletr\u00f4nica, instrumentos de precis\u00e3o, drones, c\u00e2maras, etc.<\/li>\n<li>Adesivos especializados: \u00e9poxia de um componente, cianoacrilato (adesivo instant \u00e2neo).<\/li>\n<\/ul>\n<p>Agente de manuten\u00e7\u00e3o: limpeza de circuitos, creme de cuidado de couro superior.<\/p>\n<ul>\n<li>Pesticides e repelentes: poderosos inseticides e assassinos de mosquitos, aplicados topicamente.<\/li>\n<\/ul>\n<h3>1.\u00a0 <strong><b>Atributos do produto<\/b><\/strong><\/h3>\n<ul>\n<li>Fin profissional de mat\u00e9: A superf\u00edcie negra de mat\u00e9 oferece um sentimento sutil e luxuoso com uma apar\u00eancia sem pegadas digitais, aumentando significativamente o produto&#8217; o apelo geral.<\/li>\n<li>Durabilidade excepcional da impress\u00e3o: A impress\u00e3o de tela de seda de prata tem forte ades\u00e3o \u00e0 base de mat\u00e9 negro, tornando-a duradoura e resistente ao uso e tear. Isso assegura que a informa\u00e7\u00e3o sobre o produto permane\u00e7a clara e leg\u00edvel ao longo de toda sua vida.<\/li>\n<li>Propriedades excepcionais de selagem: O sistema de tamp\u00e3o de parafuso assegura um selo confi\u00e1vel, prevenindo efetivamente vazamento, secando ou contaminando o conte\u00fado, mantendo assim a estabilidade do produto.<\/li>\n<li>Controlo Quantitativo Preciso: O pequeno di\u00e2metro de tubo e o corpo flex\u00edvel de tubo permitem aos usu\u00e1rios controlar exatamente a quantidade extra\u00edda, o que \u00e9 crucial para produtos com pre\u00e7os unit \u00e1rios elevados ou concentra\u00e7\u00f5es elevadas (tais como ess\u00eancias, adesivos e ing\u00eancias). Isso assegura efici\u00eancia de custos e evita desperd\u00edcios.<\/li>\n<li>Compatibilidade qu\u00edmica ampla: O material PE mostra boa toler\u00e2ncia \u00e0 maioria dos agentes \u00e1cidos, alcalinos, sal e qu\u00edmicos.<\/li>\n<\/ul>","protected":false},"excerpt":{"rendered":"<ul>\n<li><b><\/b><strong><b>Design de Tube Body<\/b><\/strong>.<\/li>\n<li>Cor e Psicologia Visual:<\/li>\n<li>Finaliza\u00e7\u00e3o do matte negro: Isso transmite sinais de profissionalismo, autoridade, efici\u00eancia, mist\u00e9rio e luxo. Ela evita uma apar\u00eancia barata e \u00e9 adequada para marcas que enfatizam efic\u00e1cia e um sentimento tecnol\u00f3gico-ciente.<\/li>\n<li>Impress\u00e3o de tela de seda de prata: Esta combina\u00e7\u00e3o cria o contraste visual mais impressionante com negro, simbolizando tecnologia, precis\u00e3o, modernidade e um sentido de futurismo. Esse parejamento transmite efetivamente a mensagem de &#8220; solu\u00e7\u00f5es profissionais. &#8221;<\/li>\n<li>Est\u00e9tica Minimalista: O design evita todos os encantamentos desnecess\u00e1rios, ao inv\u00e9s de transmitir informa\u00e7\u00e3o atrav\u00e9s dos contrastes de cores mais fundamentais e disposi\u00e7\u00f5es de texto claros. Isto menos \u00e9 mais A filosofia alinha-se com a prefer\u00eancia global de design limpo e eficiente entre os consumidores modernos e pode se integrar sem esfor\u00e7o em ambientes visuais de qualquer estilo.<\/li>\n<li>Disposi\u00e7\u00e3o funcional: Sec\u00e7\u00f5es claramente segregadas de ambos os lados, facilitando a apresenta\u00e7\u00e3o organizada de informa\u00e7\u00f5es como os detalhes das marcas, instru\u00e7\u00f5es de uso, listas de ingredientes e avisos de seguran\u00e7a, que satisfazem os requisitos regulamentares rigorosos para rotulagem de informa\u00e7\u00f5es em v\u00e1rios pa\u00edses, particularmente nas ind\u00fastrias farmac\u00eauticas e qu\u00edmicas.<\/li>\n<\/ul>\n<p>&nbsp;<\/p>\n<p>&nbsp;<\/p>\n<ul>\n<li><b><\/b><strong><b>Scen\u00e1rios de aplica\u00e7\u00e3o do produto.\u00a0<\/b><\/strong><\/li>\n<li>&#8220; Dispositivo de Efici\u00eancia Diaria para o Elito Urbano: Os consumidores colocam este dispositivo, que cont\u00e9m ess\u00eancia de alto n\u00edvel ou produtos de cuidado ocular, na mesa de v\u00e2nita. Sua apar\u00eancia profissional \u00e9 semelhante a um instrumento de alta tecnologia, simbolizando um ritual eficiente de corte de pele.<\/li>\n<li>O &#8220; A caixa de seguran\u00e7a \"All-in-One\" Para viajantes: Este produto \u00e9 usado pelos consumidores para distribuir manteigas, adesivos ou produtos de corte de pele quando em viagem de neg\u00f3cios ou f\u00e9rias. Seu tamanho compacto \u00e9 conforme com as regulamenta\u00e7\u00f5es das companhias a\u00e9reas, e sua finalidade de mat\u00e9 proporciona durabilidade contra arranhos, tornando-o um companheiro ideal para sacos de viagem.<\/li>\n<li>&#8220; Ferramentas de Precisi\u00e3o Para entusiastas e profissionais do DIY: entusiastas modelo, engenheiros ou fot\u00f3grafos o usam (cheios de lubricante, cola ou agente de limpeza) em seu banco de trabalho. Sua apar\u00eancia \u00e9 indistingu\u00edvel de ferramentas profissionais, com um corpo negro duradouro que resiste \u00e0s manchas e marcas de prata claras e f\u00e1ceis de ler.<\/li>\n<li>&#8220; Guardi\u00e3o de emerg\u00eancia Para entusiastas do exterior: caminhadores e campistas o mant\u00eam (contendo repelente de insetos, creme para aliviar a comida, ou poma para aliviar os m\u00fasculos) em seus kit pessoais de primeira ajuda para lidar com situa\u00e7\u00f5es inesperadas enquanto fora.<\/li>\n<li>O &#8220; Campe\u00e3o de Qualidade No Gift and Sample Kit: Sua textura superior faz com que seja uma adi\u00e7\u00e3o ideal a grupos de ensaios de produtos de alto n\u00edvel ou conjuntos de presentes, melhorando a percep\u00e7\u00e3o global do valor da cole\u00e7\u00e3o. [UNK] Este tubo mole PE de mat\u00e9 negro de 19 dimens\u00f5es \u00e9 uma solu\u00e7\u00e3o interind\u00fastria que &#8220; confia no design. &#8221; Foi constru\u00eddo com sucesso em um poderoso meio para transmitir profissionalismo, efici\u00eancia e confiabilidade atrav\u00e9s de sua linguagem de cores minimalist a, artesanato meticuloso e posicionamento funcional preciso. Para os consumidores da sua marca, escolher um produto embalado desta forma significa sua sele\u00e7\u00e3o de uma marca que prioriza efetividade tang\u00edvel, demonstra uma abordagem profissional e entende est\u00e9tica modern a.<\/li>\n<\/ul>","protected":false},"featured_media":0,"comment_status":"closed","ping_status":"closed","template":"","meta":[],"product_brand":[],"product_cat":[42],"product_tag":[],"class_list":{"0":"post-3312","1":"product","2":"type-product","3":"status-publish","5":"product_cat-19-pe-plastic-tube","7":"first","8":"instock","9":"shipping-taxable","10":"purchasable","11":"product-type-simple"},"_links":{"self":[{"href":"https:\/\/www.hongyitube.com\/pt\/wp-json\/wp\/v2\/product\/3312","targetHints":{"allow":["GET"]}}],"collection":[{"href":"https:\/\/www.hongyitube.com\/pt\/wp-json\/wp\/v2\/product"}],"about":[{"href":"https:\/\/www.hongyitube.com\/pt\/wp-json\/wp\/v2\/types\/product"}],"replies":[{"embeddable":true,"href":"https:\/\/www.hongyitube.com\/pt\/wp-json\/wp\/v2\/comments?post=3312"}],"wp:attachment":[{"href":"https:\/\/www.hongyitube.com\/pt\/wp-json\/wp\/v2\/media?parent=3312"}],"wp:term":[{"taxonomy":"product_brand","embeddable":true,"href":"https:\/\/www.hongyitube.com\/pt\/wp-json\/wp\/v2\/product_brand?post=3312"},{"taxonomy":"product_cat","embeddable":true,"href":"https:\/\/www.hongyitube.com\/pt\/wp-json\/wp\/v2\/product_cat?post=3312"},{"taxonomy":"product_tag","embeddable":true,"href":"https:\/\/www.hongyitube.com\/pt\/wp-json\/wp\/v2\/product_tag?post=3312"}],"curies":[{"name":"wp","href":"https:\/\/api.w.org\/{rel}","templated":true}]}}