{"id":3295,"date":"2026-01-08T15:29:06","date_gmt":"2026-01-08T07:29:06","guid":{"rendered":"https:\/\/www.hongyitube.com\/?post_type=product&#038;p=3295"},"modified":"2026-01-08T15:29:06","modified_gmt":"2026-01-08T07:29:06","slug":"%cf%8619-10ml-25ml-colored-fine-toothed-plastic-soft-tube-packaging-bottle-hongyi-plastic","status":"publish","type":"product","link":"https:\/\/www.hongyitube.com\/pt\/product\/%cf%8619-10ml-25ml-colored-fine-toothed-plastic-soft-tube-packaging-bottle-hongyi-plastic\/","title":{"rendered":"\u03a619 garrafa de embalagem de tubos moles pl\u00e1sticos com dentes finos de 10 ml a 25 ml &#8211; Hongyi Plastic"},"content":{"rendered":"<p>Hongyi[UNK]Plastic\u03a619 colored fine-tooth plastic soft tube packaging bottle[UNK]filling Capacity[UNK]10ml-25ml0,34-0,85fl.0z<\/p>\n<p>Nossa mangueira de microembalagem de di\u00e2metro de 16 mm para cuidados cut\u00e2neos de alta intensidade e cosm\u00e9ticos. Ele integra habilmente a cor est\u00e9tica japonesa e o design funcional pragm\u00e1tico, desde a textura transparente do corpo do tubo, os detalhes exquisitos do texto de impress\u00e3o de seda, at\u00e9 a inteligente coloca\u00e7\u00e3o da mesma cobertura octagonal de cor, todos mostram a \u00faltima busca de qualidade. Particularmente apropriados para produtos refinados de alto valor e de pequena capacidade, como s\u00e9reos, cremas oculares, cremas t\u00f3picas e pr\u00e9-cosm\u00e9ticos.<\/p>\n<p>Nossa gama de tubos de cuidado da pele \u00e9 feita de polietileno transparente de alta qualidade (PE) ou polipropileno (PP), que tem boa estabilidade qu\u00edmica e assegura que o conte\u00fado \u00e9 seguro e n\u00e3o reage facilmente com a pasta. O substrato transparente apresenta perfeitamente a sombra suave do p\u00f3len amarelo de canola\/cereja, com cores uniformes e brilhantes, dando ao produto um apelo visual fresco e natural.<\/p>\n<ul>\n<li>Material de cobertura de tubos: Uma cobertura octagonal pl\u00e1stica ecol\u00f3gica que \u00e9 consistente com a cor do corpo do tubo, com um alto grau de integra\u00e7\u00e3o de cores, aumentando o sentimento geral do produto.<\/li>\n<li>Processo de impress\u00e3o: Os personagens e o logotipo s\u00e3o impressos na tela de seda, com forte ades\u00e3o \u00e0 tinta, alto grau de satura\u00e7\u00e3o, personagens claros e afiados, toque delicado, excelente resist\u00eancia \u00e0 abra\u00e7\u00e3o, e efetivamente evitar rascar e cair no curso do transporte e uso.<\/li>\n<\/ul>\n<p><strong><b>Aplica\u00e7\u00f5es recomendadas<\/b><\/strong><\/p>\n<p>Nossa gama de embalagens de mangueiras \u00e9 uma escolha ideal para produtos que entram nas seguintes categorias:<\/p>\n<ul>\n<li>Produtos da pele:<\/li>\n<li>Cuidado Ocular: Creme Ocular, Serum Ocular<\/li>\n<li>Aten\u00e7\u00e3o local: Serum de Luminoso Ponto, Creme de Tratamento Acne, Serum Local Anti-Wrinkle<\/li>\n<li>Ess\u00eancia de alta concentra\u00e7\u00e3o: Ess\u00eancia de Vitamina C, Ess\u00eancia de Retinol<\/li>\n<li>Primeiro de fabrica\u00e7\u00e3o, protec\u00e7\u00e3o solar<\/li>\n<li>Cosm\u00e9ticos:<\/li>\n<li>Acochador colorido, creme de real\u00e7amento<\/li>\n<li>Lip Base Cream<\/li>\n<li>Mostras\/Tamanho de Viagem: Uma alternativa elegante ao produto de tamanho completo, melhorando a imagem da marca.<\/li>\n<\/ul>\n<h3>1.\u00a0 <strong><b>Atributos do produto\u00a0<\/b><\/strong><\/h3>\n<p>Tamanho compacto: O di\u00e2metro do tubo de 16 mm faz com que seja uma escolha ideal para microembalagens. \u00c9 pequeno e delicado, f\u00e1cil de segurar e carregar, especialmente adequado para viagens, viagens de neg\u00f3cios, ou para ser colocado em uma senhora&#8217; o saco compacto.<\/p>\n<ul>\n<li>Design de fios finos: A abertura do tubo e a tampa t\u00eam fios finos, permitindo uma rota\u00e7\u00e3o suave e sem esfor\u00e7o. Isso resulta em melhor selagem e reduz significativamente o desgaste e a l\u00e1grima dos fios causados pela abertura e fechamento frequentes, ampliando assim a dura\u00e7\u00e3o de vida da embalagem e melhorando a experi\u00eancia do usu\u00e1rio.<\/li>\n<li>Capa octagonal coordenada em cor:<\/li>\n<li>Design Est\u00e9tico: O design octagonal \u00fanico se afasta da monotonia do cap \u00edtulo redondo tradicional, adicionando um toque de beleza geom\u00e9trica e flair de design \u00e0 embalagem. A tampa corresponde \u00e0 cor do corpo do tubo, criando um conjunto visual harmonioso e unificado que exude um senso de sofistica\u00e7\u00e3o e personaliza\u00e7\u00e3o.<\/li>\n<li>Fun\u00e7\u00e3o Pr\u00e1tica: A forma octagonal facilita a compreens\u00e3o, mesmo quando as m\u00e3os s\u00e3o molhadas e deslizadas. Tamb\u00e9m impede efetivamente a mangueira de rolar em uma superf\u00edcie inclinada.<\/li>\n<li>Design de selagem final: Utiliza tecnologia avan\u00e7ada de selagem de press\u00e3o de ar quente, resultando em um selo seguro, plano e est\u00e9ticamente agrad\u00e1vel. Isso assegura o produto \u00e9 selar integridade e seguran\u00e7a ap\u00f3s preencher, prevenir vazamentos e contamina\u00e7\u00e3o.<\/li>\n<\/ul>","protected":false},"excerpt":{"rendered":"<ul>\n<li><b><\/b><strong><b>Design de Tube Body<\/b><\/strong>.<\/li>\n<\/ul>\n<p>O design do corpo do tubo em nossa s\u00e9rie de material de embalagem de mangueiras integra est\u00e9tica de cores:<\/p>\n<ul>\n<li>Flor Amarela de Cabbage: Uma cor quente e vibrante que simboliza a natureza, o calor e a energia. Adequada para a ess\u00eancia VC, creme brilhante, ou uma linha de produtos energ\u00e9ticos da pele, traz um senso de positividade e alegria brilhante.<\/li>\n<li>Sakura Rosa: Um esquema cl\u00e1ssico, gentil e rom\u00e2ntico de cores que transmite sentimentos de doce, eleg\u00e2ncia e cuidado. Complementa perfeitamente os produtos da pele focados no reparo anti-irrita\u00e7\u00e3o, umidificando, ou o conceito suave, bem como os produtos do &#8220; garota ao lado - linha de maquilhagem.<\/li>\n<li>Textura Transparente: A combina\u00e7\u00e3o de um corpo de tubo transparente e material colorido cria um efeito semi-transparente \u00fanico. Isto permite uma vis\u00e3o sutil da textura do produto (como um gel branco ou transparente) sem revelar completamente o conte\u00fado, mantendo assim um sentido de mist\u00e9rio e sofistica\u00e7\u00e3o.<\/li>\n<li>Texto com tela de seda: O processo de tela de seda assegura que o logotipo da marca e a informa\u00e7\u00e3o do produto est\u00e3o seguramente ligados ao corpo do tubo. Que seja \u00e9 um logotipo simple s ou uma explica\u00e7\u00e3o detalhada do produto, ele \u00e9 mostrado claramente, destacando a marca&#8217; \u00e9 aten\u00e7\u00e3o ao detalhe.<\/li>\n<\/ul>\n<p><strong>Avantagens dos produtos<\/strong><\/p>\n<p>Alto apelo visual: A combina\u00e7\u00e3o de cores distinta parejada com o capo octagonal estilo captiva os consumidores&#8217; - aten\u00e7\u00e3o r\u00e1pida, tanto nas prateleiras como nas p\u00e1ginas do com\u00e9rcio electr\u00f3nico, melhorando assim o produto&#8217; s proposi\u00e7\u00e3o de valor.<\/p>\n<ul>\n<li>Experi\u00eancia excepcional do usu\u00e1rio: Fios finos para opera\u00e7\u00e3o suave, um tamp\u00e3o octagonal f\u00e1cil de abrir e fechar, um corpo compacto e manejable, cada detalhe foi cuidadosamente considerado para melhorar a conveni\u00eancia do usu\u00e1rio.<\/li>\n<li>Dur\u00e1vel e de longa dura\u00e7\u00e3o: Desde uma robusta selagem \u00e0 impress\u00e3o de tela resistente \u00e0 abra\u00e7\u00e3o, e um engajamento preciso de fios, essas caracter\u00edsticas asseguram a integridade e fiabilidade da embalagem em todo o produto&#8217; o ciclo de vida.<\/li>\n<li>Customiza\u00e7\u00e3o flex\u00edvel: Cores e conte\u00fado impresso podem ser altamente personalizados de acordo com a marca&#8217; s necessidades, tornando-o um meio ideal para criar uma imagem \u00fanica de marca.<\/li>\n<li>Posi\u00e7\u00e3o precisa: O di\u00e2metro do tubo de 16 mm \u00e9 naturalmente adequado para produtos prim\u00e1rios de alto n\u00edvel, de alto pre\u00e7o e de pequena dose, permitindo \u00e0s marcas atingir exatamente seus segmentos de consumo desejados<\/li>\n<\/ul>\n<p>&nbsp;<\/p>\n<ul>\n<li><b><\/b><strong><b>Scen\u00e1rios de aplica\u00e7\u00e3o para o produto\u00a0<\/b><\/strong><\/li>\n<li>Pele meticulosa diaria: alimenta\u00e7\u00e3o aos consumidores o desejo de um sentido de ritual em sua rotina di\u00e1ria de corte de pele.<\/li>\n<li>Come\u00eancia de viagem: seu tamanho compacto satisfaz os requisitos para bagagem de carregamento em avi\u00f5es, tornando-o um companheiro ideal para viajantes.<\/li>\n<li>Gifts and Sets: A embalagem de alto apelo faz com que ela se destaque como um destaque em cadernos de f\u00e9rias e conjuntos marcados.<\/li>\n<li>Com\u00e9rcio electr\u00f3nico: O design visual \u00fanico deste produto, uma flor de colza de 16 mm amarela\/flor de cireia de cor rosa, tubo mole cosm\u00e9tico, n\u00e3o \u00e9 apenas um recipiente; \u00e9 uma extens\u00e3o da marca&#8217; a filosofia e a ess\u00eancia do produto. Com suas cores frescas e elegantes, engenhoso design octagonal cap, e meticulosa experi\u00eancia de usu\u00e1rio, ela satisfaz perfeitamente a demanda atual do mercado de embalagens personalizadas e de alta qualidade. \u00c9 uma escolha excelente ajudar seu produto a se destacar na competi\u00e7\u00e3o.<\/li>\n<\/ul>","protected":false},"featured_media":0,"comment_status":"closed","ping_status":"closed","template":"","meta":[],"product_brand":[],"product_cat":[42],"product_tag":[],"class_list":{"0":"post-3295","1":"product","2":"type-product","3":"status-publish","5":"product_cat-19-pe-plastic-tube","7":"first","8":"instock","9":"shipping-taxable","10":"purchasable","11":"product-type-simple"},"_links":{"self":[{"href":"https:\/\/www.hongyitube.com\/pt\/wp-json\/wp\/v2\/product\/3295","targetHints":{"allow":["GET"]}}],"collection":[{"href":"https:\/\/www.hongyitube.com\/pt\/wp-json\/wp\/v2\/product"}],"about":[{"href":"https:\/\/www.hongyitube.com\/pt\/wp-json\/wp\/v2\/types\/product"}],"replies":[{"embeddable":true,"href":"https:\/\/www.hongyitube.com\/pt\/wp-json\/wp\/v2\/comments?post=3295"}],"wp:attachment":[{"href":"https:\/\/www.hongyitube.com\/pt\/wp-json\/wp\/v2\/media?parent=3295"}],"wp:term":[{"taxonomy":"product_brand","embeddable":true,"href":"https:\/\/www.hongyitube.com\/pt\/wp-json\/wp\/v2\/product_brand?post=3295"},{"taxonomy":"product_cat","embeddable":true,"href":"https:\/\/www.hongyitube.com\/pt\/wp-json\/wp\/v2\/product_cat?post=3295"},{"taxonomy":"product_tag","embeddable":true,"href":"https:\/\/www.hongyitube.com\/pt\/wp-json\/wp\/v2\/product_tag?post=3295"}],"curies":[{"name":"wp","href":"https:\/\/api.w.org\/{rel}","templated":true}]}}