{"id":3285,"date":"2026-01-08T14:52:38","date_gmt":"2026-01-08T06:52:38","guid":{"rendered":"https:\/\/www.hongyitube.com\/?post_type=product&#038;p=3285"},"modified":"2026-01-08T15:13:33","modified_gmt":"2026-01-08T07:13:33","slug":"3ml-10ml-0-10-0-34fl-oz-3g-10g-16-gauge-ultra-small-capacity-pe-semi-transparent-flexible-tube-miniaturized-version-for-skincare-dental-use-pharmaceutical-industry-trial-samples-promotional-packa","status":"publish","type":"product","link":"https:\/\/www.hongyitube.com\/pt\/product\/3ml-10ml-0-10-0-34fl-oz-3g-10g-16-gauge-ultra-small-capacity-pe-semi-transparent-flexible-tube-miniaturized-version-for-skincare-dental-use-pharmaceutical-industry-trial-samples-promotional-packa\/","title":{"rendered":"3 a 10 mililitros, 0,10 - 0,34 on\u00e7as de fluido, 3 gramas a 10 gramas. - tubos flex\u00edveis de mat\u00e9 verde de polietileno de capacidade ultra-pequena de 16\u00aa gera\u00e7\u00e3o, adequados para corte de pele, aplica\u00e7\u00f5es dent\u00e1rias, testes amostrais da ind\u00fastria farmac\u00eautica, e vers\u00f5es miniaturizadas para embalagens promocionais."},"content":{"rendered":"<p><span dir=\"auto\" style=\"vertical-align: inherit;\"><span dir=\"auto\" style=\"vertical-align: inherit;\">3 a 10 mililitros, 0,10-0,34 on\u00e7as de fluido, 3 gramas a 10 gramas. A mangueira de mat\u00e9 verde de polietileno de pequena capacidade da 16\u00aa gera\u00e7\u00e3o \u00e9 uma vers\u00e3o miniatura adequada para corte de pele, aplica\u00e7\u00f5es dent\u00e1rias, testes amostrais da ind\u00fastria farmac\u00eautica e embalagens promocionais.<\/span><\/span><\/p>\n<p>&nbsp;<\/p>\n<ul>\n<li><span dir=\"auto\" style=\"vertical-align: inherit;\"><span dir=\"auto\" style=\"vertical-align: inherit;\">Ind\u00fastria da beleza e da pele:<\/span><\/span><\/li>\n<li><span dir=\"auto\" style=\"vertical-align: inherit;\"><span dir=\"auto\" style=\"vertical-align: inherit;\">\u00f3leo de essen\u00e7a e l\u00edquido de alta concentra\u00e7\u00e3o: por exemplo, \u00e1cido fer\u00falico e \u00f3leo puro de vitamina E e outros produtos, apenas 1-2 gotas s\u00e3o necess\u00e1rias cada vez.<\/span><\/span><\/li>\n<li><span dir=\"auto\" style=\"vertical-align: inherit;\"><span dir=\"auto\" style=\"vertical-align: inherit;\">Umitador pr\u00e9-maquilhagem e escondidor local.<\/span><\/span><\/li>\n<li><span dir=\"auto\" style=\"vertical-align: inherit;\"><span dir=\"auto\" style=\"vertical-align: inherit;\">Perfume essential oil and fragrance cream.<\/span><\/span><\/li>\n<li><span dir=\"auto\" style=\"vertical-align: inherit;\"><span dir=\"auto\" style=\"vertical-align: inherit;\">Equipamento de viagem e equipamento de ensaio.<\/span><\/span><\/li>\n<li><span dir=\"auto\" style=\"vertical-align: inherit;\"><span dir=\"auto\" style=\"vertical-align: inherit;\">A ind\u00fastria farmac\u00eautica e de sa\u00fade:<\/span><\/span><\/li>\n<li><span dir=\"auto\" style=\"vertical-align: inherit;\"><span dir=\"auto\" style=\"vertical-align: inherit;\">Medicamentos de prescri\u00e7\u00e3o para aplica\u00e7\u00e3o local: como tinta de nitroglicerina, creme potente de corticosteroides e outros medicamentos que requerem dosagem precisa.<\/span><\/span><\/li>\n<li><span dir=\"auto\" style=\"vertical-align: inherit;\"><span dir=\"auto\" style=\"vertical-align: inherit;\">OTC: amostras de teste de gel para aliviar a dor e enxerta de carsickness.<\/span><\/span><\/li>\n<li><span dir=\"auto\" style=\"vertical-align: inherit;\"><span dir=\"auto\" style=\"vertical-align: inherit;\">Agente de acoplamento m\u00e9dico (embalagem de uso \u00fanico).<\/span><\/span><\/li>\n<li><span dir=\"auto\" style=\"vertical-align: inherit;\"><span dir=\"auto\" style=\"vertical-align: inherit;\">\u00f3leos essenciais e l\u00edquidos de bola de aromaterapia.<\/span><\/span><\/li>\n<li><span dir=\"auto\" style=\"vertical-align: inherit;\"><span dir=\"auto\" style=\"vertical-align: inherit;\">Ind\u00fastrias qu\u00edmicas industriais e especializadas:<\/span><\/span><\/li>\n<li><span dir=\"auto\" style=\"vertical-align: inherit;\"><span dir=\"auto\" style=\"vertical-align: inherit;\">lubrificantes de precis\u00e3o: usados para sistemas de gimbal de ve\u00edculos a\u00e9reos sem tripula\u00e7\u00e3o, bearings de instrumentos de precis\u00e3o e micro-interruptores.<\/span><\/span><\/li>\n<li><span dir=\"auto\" style=\"vertical-align: inherit;\"><span dir=\"auto\" style=\"vertical-align: inherit;\">Adesivo de alta for\u00e7a: resina \u00e9poxi de um componente, adesivo seco instant \u00e2neo.<\/span><\/span><\/li>\n<li><span dir=\"auto\" style=\"vertical-align: inherit;\"><span dir=\"auto\" style=\"vertical-align: inherit;\">Pasta de prata condutiva, pasta de dissipa\u00e7\u00e3o de calor: usada para projetos eletr\u00f4nicos de repara\u00e7\u00e3o e DIY.<\/span><\/span><\/li>\n<li><span dir=\"auto\" style=\"vertical-align: inherit;\"><span dir=\"auto\" style=\"vertical-align: inherit;\">Ingrediente\/isca insecticida forte.<\/span><\/span><\/li>\n<\/ul>","protected":false},"excerpt":{"rendered":"<p><strong><b><span dir=\"auto\" style=\"vertical-align: inherit;\"><span dir=\"auto\" style=\"vertical-align: inherit;\">Design do corpo tubular<\/span><\/span><\/b><\/strong><span dir=\"auto\" style=\"vertical-align: inherit;\"><span dir=\"auto\" style=\"vertical-align: inherit;\">(Risos)<\/span><\/span><\/p>\n<p><span dir=\"auto\" style=\"vertical-align: inherit;\"><span dir=\"auto\" style=\"vertical-align: inherit;\">O intervalo de capacidade \u00e9 de 3 a 10 mililitros (0,10 a 0,34 on\u00e7as de fluido, 3 gramas a 10 gramas). A mangueira de polietileno de mat\u00e9 verde de pequena capacidade da 16\u00aa gera\u00e7\u00e3o \u00e9 adequada para cuidados cut\u00e2neos, aplica\u00e7\u00f5es dent\u00e1rias, testes amostrais da ind\u00fastria farmac\u00eautica e pequenas embalagens promocionais.\u00a0<\/span><\/span><\/p>\n<ul>\n<li><span dir=\"auto\" style=\"vertical-align: inherit;\"><span dir=\"auto\" style=\"vertical-align: inherit;\">Hierarquia de informa\u00e7\u00e3o clara: O design divide inteligentemente as \u00e1reas de informa\u00e7\u00e3o.\u00a0<\/span><\/span><\/li>\n<li><span dir=\"auto\" style=\"vertical-align: inherit;\"><span dir=\"auto\" style=\"vertical-align: inherit;\">Design estrutural para aplica\u00e7\u00f5es de precis\u00e3o:<\/span><\/span><\/li>\n<li><span dir=\"auto\" style=\"vertical-align: inherit;\"><span dir=\"auto\" style=\"vertical-align: inherit;\">pequeno quebra de 5 mm: pode assegurar a extrus\u00e3o de linhas extremamente finas, alcan\u00e7ando pulveriza\u00e7\u00e3o de precis\u00e3o de n\u00edvel de mil\u00edmetro. Adequado para aplica\u00e7\u00f5es pulverizadas localmente que requerem controle preciso, como produtos de corte de pele ou adesivos eletr\u00f4nicos.<\/span><\/span><\/li>\n<li><span dir=\"auto\" style=\"vertical-align: inherit;\"><span dir=\"auto\" style=\"vertical-align: inherit;\">Cobertura direta da parede: fornece uma \u00e1rea de selagem maior e maior for \u00e7a de selagem, tornando-a particularmente adequada para produtos viscosos ou produtos contendo solventes, como pastas e adesivos.<\/span><\/span><\/li>\n<\/ul>\n<p><span dir=\"auto\" style=\"vertical-align: inherit;\"><span dir=\"auto\" style=\"vertical-align: inherit;\">Scen\u00e1rios de aplica\u00e7\u00e3o de produtos:<\/span><\/span><\/p>\n<ul>\n<li><span dir=\"auto\" style=\"vertical-align: inherit;\"><span dir=\"auto\" style=\"vertical-align: inherit;\">Uma 'esta\u00e7\u00e3o de energia pessoal' projetada para viajantes urbanos: Os consumidores podem colocar umidificador ou umidificador em sua mala ou saco de computador, o que parece um acess\u00f3rio de tecnologia profissional que pode ser acessado em qualquer momento.<\/span><\/span><\/li>\n<li><span dir=\"auto\" style=\"vertical-align: inherit;\"><span dir=\"auto\" style=\"vertical-align: inherit;\">Um \"saco transparente de paz mental\" para viajantes internacionais: ele pode armazenar engrenagens ou produtos da pele durante a jornada. O corpo transparente do saco facilita a r\u00e1pida identifica\u00e7\u00e3o dos itens dentro. O tamanho compacto \u00e9 conforme com as regras da avia\u00e7\u00e3o.<\/span><\/span><\/li>\n<li><span dir=\"auto\" style=\"vertical-align: inherit;\"><span dir=\"auto\" style=\"vertical-align: inherit;\">Um \"coral preciso\" adequado para entusiastas e profissionais do DIY: jogadores modelo e engenheiros usam capas pontuadas para segurar cola ou lubricante, tubo transparente para inspec\u00e7\u00e3o f\u00e1cil da quantidade residual, e boca de caneta ultra pequena para controle preciso.<\/span><\/span><\/li>\n<li><span dir=\"auto\" style=\"vertical-align: inherit;\"><span dir=\"auto\" style=\"vertical-align: inherit;\">Especialmente projetado para entusiastas de beleza, o \"dispositivo local de medida preciso\" \u00e9 usado para manter produtos acne ou produtos locais de brilho, que podem controlar exatamente a dose. O design transparente permite observa\u00e7\u00e3o direta da textura pura do produto.<\/span><\/span><\/li>\n<li><span dir=\"auto\" style=\"vertical-align: inherit;\"><span dir=\"auto\" style=\"vertical-align: inherit;\">A marca a usa como embalagem de ensaio para produtos de alto n\u00edvel, e sua exquisita apar\u00eancia e efeitos visuais podem efetivamente estimular o desejo dos consumidores de comprar roupa formal. Essa mangueira de mat\u00e9 verde de 16 calibros \u00e9 uma solu\u00e7\u00e3o profissional de microembalagem que se adere ao conceito de \"detalhes determinam sucesso ou fracasso\". Ele ingeniosamente combina portabilidade, controle preciso, funcionalidade e est\u00e9tica modern a, com uma combina\u00e7\u00e3o quadrupla de controle preciso e alta flexibilidade, perfeitamente interpretando esse conceito. Para seus consumidores de marca, escolher este produto de embalagem significa que eles escolheram um estilo de vida moderno que \u00e9 eficiente, inteligente e presta aten\u00e7\u00e3o aos detalhes, representando sua persegui\u00e7\u00e3o in\u00fatil de qualidade e profissionalismo.<\/span><\/span><\/li>\n<\/ul>","protected":false},"featured_media":0,"comment_status":"closed","ping_status":"closed","template":"","meta":[],"product_brand":[],"product_cat":[29,60],"product_tag":[],"class_list":{"0":"post-3285","1":"product","2":"type-product","3":"status-publish","5":"product_cat-skin-care-plastic-tube","6":"product_cat-16-pe-plastic-tube","8":"first","9":"instock","10":"shipping-taxable","11":"purchasable","12":"product-type-simple"},"_links":{"self":[{"href":"https:\/\/www.hongyitube.com\/pt\/wp-json\/wp\/v2\/product\/3285","targetHints":{"allow":["GET"]}}],"collection":[{"href":"https:\/\/www.hongyitube.com\/pt\/wp-json\/wp\/v2\/product"}],"about":[{"href":"https:\/\/www.hongyitube.com\/pt\/wp-json\/wp\/v2\/types\/product"}],"replies":[{"embeddable":true,"href":"https:\/\/www.hongyitube.com\/pt\/wp-json\/wp\/v2\/comments?post=3285"}],"wp:attachment":[{"href":"https:\/\/www.hongyitube.com\/pt\/wp-json\/wp\/v2\/media?parent=3285"}],"wp:term":[{"taxonomy":"product_brand","embeddable":true,"href":"https:\/\/www.hongyitube.com\/pt\/wp-json\/wp\/v2\/product_brand?post=3285"},{"taxonomy":"product_cat","embeddable":true,"href":"https:\/\/www.hongyitube.com\/pt\/wp-json\/wp\/v2\/product_cat?post=3285"},{"taxonomy":"product_tag","embeddable":true,"href":"https:\/\/www.hongyitube.com\/pt\/wp-json\/wp\/v2\/product_tag?post=3285"}],"curies":[{"name":"wp","href":"https:\/\/api.w.org\/{rel}","templated":true}]}}