{"id":3278,"date":"2026-01-08T14:37:55","date_gmt":"2026-01-08T06:37:55","guid":{"rendered":"https:\/\/www.hongyitube.com\/?post_type=product&#038;p=3278"},"modified":"2026-01-08T14:38:37","modified_gmt":"2026-01-08T06:38:37","slug":"%cf%8616-3ml-8ml-0-10-0-27fl-oz-3g-8g-ultra-small-capacity-16-gauge-black-glossy-dental-care-device-pharmaceutical-grade-adhesive-industrial-grade-adhesive-pest-control-agent-pe-based-packagin-2","status":"publish","type":"product","link":"https:\/\/www.hongyitube.com\/pt\/product\/%cf%8616-3ml-8ml-0-10-0-27fl-oz-3g-8g-ultra-small-capacity-16-gauge-black-glossy-dental-care-device-pharmaceutical-grade-adhesive-industrial-grade-adhesive-pest-control-agent-pe-based-packagin-2\/","title":{"rendered":"\u03a616 3ml-8ml 0,10 -0,27fl.oz 3g-8g Capacidade ultra-pequena, 16-gauge, negro, dispositivo dental brilhante, adesivo de grado farmac\u00eautico, adesivo de grado industrial, agente de controle de pestes, tubos de embalagem baseados em PE, materiais de embalagem, recipientes- Hongyi Plastic"},"content":{"rendered":"<p>Hongyi[UNK]Plastic\u03a616 3ml-8ml 0,10 -0,27fl.oz 3g-8g[UNK]Butterfly Design Dental Appliance, Medical Ointment, Industrial Adhesive, Insecticide, PE-based Dispensing Tube, Packaging Materials, Containers<\/p>\n<p><strong><b>Aplica\u00e7\u00f5es recomendadas <\/b><\/strong>\"<\/p>\n<p>Essa capacidade ultra-pequena, 16-gauge, negra e brilhante tubo flex\u00edvel de PE \u00e9 uma escolha ideal para as seguintes aplica\u00e7\u00f5es:<\/p>\n<p>&nbsp;<\/p>\n<ul>\n<li>A ind\u00fastria da beleza e da pele:<\/li>\n<li>\u00f3leos de essen\u00e7a e essen\u00e7as de alta concentra\u00e7\u00e3o: produtos como \u00e1cido fer\u00falico e \u00f3leo puro de vitamina E, que requerem apenas 1-2 gotas ao mesmo tempo.<\/li>\n<li>Umidizador pr\u00e9-maquilhagem e escondidor localizado.<\/li>\n<li>\u00f3leos de perfume e cremas de frag\u00e2ncia.<\/li>\n<li>Vers\u00f5es de tamanho de viagem e amostra.<\/li>\n<li>A ind\u00fastria farmac\u00eautica e de sa\u00fade:<\/li>\n<li>Medicamentos de prescri\u00e7\u00e3o aplicados localmente: tais como tinta de nitroglicerina, cremes corticosteroides potentes e outros medicamentos que requerem uma dose precisa.<\/li>\n<li>Medicamentos sobre o contador (OTC): amostras de teste de gel para al\u00edvio da dor, manteiga de rem\u00e9dio da doen\u00e7a do carro.<\/li>\n<li>Agente de acoplamento m\u00e9dico (embalagem de uso \u00fanico para uso individual).<\/li>\n<li>Petr\u00f3leo essencial e l\u00edquido de rolamento de aromaterapia.<\/li>\n<li>Industrial and Specialty Chemical Industries:<\/li>\n<li>lubrificante de precis\u00e3o: Usado para drones sistemas de gimbal, bearings de instrumentos de precis\u00e3o e interruptores de micromovimento.<\/li>\n<li>Adesivos de alta for\u00e7a: resina \u00e9poxia de um componente, adesivo instant \u00e2neo.<\/li>\n<li>Pasta de prata condutiva, pasta de dissipa\u00e7\u00e3o de calor: Usada para repara\u00e7\u00f5es eletr\u00f4nicas e projetos DIY.<\/li>\n<li>Ingrediente\/iscos insecticidas fortes.<\/li>\n<\/ul>\n<p>&nbsp;<\/p>","protected":false},"excerpt":{"rendered":"<p><strong><b>Design de Tube Body<\/b><\/strong>.<\/p>\n<p>Esse tubo flex\u00edvel de PE ultra-compacto, de tamanho 16, negro e de alto brilho apresenta design minimalista e elementos est\u00e9ticos funcionais:<\/p>\n<ul>\n<li>Psicologia de cores: O brilho negro transmite sinais de profissionalismo, efici\u00eancia, mist\u00e9rio e luxo. Ela evita a percep\u00e7\u00e3o da barateza e \u00e9 adequada para produtos que enfatizam efic\u00e1cia e escondido (como farmac\u00eauticos e produtos industriais de alto valor).<\/li>\n<li>Clareza \u00e9 fundamental: O princ\u00edpio fundamental do design \u00e9 assegurar que a informa\u00e7\u00e3o transmitida seja absolutamente clara. O contraste entre branco e negro \u00e9 a solu\u00e7\u00e3o mais confi\u00e1vel para manter a legibilidade em qualquer condi\u00e7\u00e3o de ilumina\u00e7\u00e3o, que \u00e9 particularmente importante para produtos farmac\u00eauticos e industriais que requerem avisos de seguran\u00e7a.<\/li>\n<li>Design estrutural adaptado aos requisitos funcionais:<\/li>\n<li>Design de pequeno tamanho: Isso assegura um encaixo estreito com a tampa, aumenta a confiabilidade do selo, e resulta em uma linha de extrus\u00e3o mais fina que \u00e9 mais f\u00e1cil de controlar.<\/li>\n<li>Capa com parede recta: fornece uma \u00e1rea de selagem maior e maior for \u00e7a de selagem, particularmente adequada para subst\u00e2ncias espessas, viscosas ou pastas contendo solventes e adesivosEsta mangueira de PE brilhante com di\u00e2metro de tubos de 16 tubos de capacidade ultra-pequena maximiza a percep\u00e7\u00e3o do conte\u00fado: O tamanho ultra-pequeno da embalagem de produtos de alto valor invis\u00edvel melhora o valor por mililitro do produto, adequado para marcas de alto n\u00edvel e orientadas para o luxo.\n<ul>\n<li>Portabilidade e privacidade n\u00e3o paralelas: seu tamanho extremamente pequeno faz com que seja a primeira escolha para viajar e neg\u00f3cios; O corpo negro opaco protege conte\u00fados sens\u00edveis \u00e0 luz e proporciona um certo n\u00edvel de privacidade para o produto.<\/li>\n<li>Construir um senso de profissionalismo e confian\u00e7a: design rigoroso e etiquetas claras de informa\u00e7\u00e3o transmitem uma imagem de marca precisa, confi\u00e1vel e orientada para detalhes aos consumidores.<\/li>\n<li>Reduzir significativamente as barreiras e custos de ensaio: Para as marcas, \u00e9 um excelente ve\u00edculo para criar ensaios e promover a nova experi\u00eancia, reduzindo efetivamente os consumidores&#8217; - custos iniciais de ensaio.<\/li>\n<li>Cumpre exig\u00eancias rigorosas de viagem a\u00e9rea: O volume est\u00e1 bem abaixo dos limites dos fluidos a\u00e9reos, tornando-o a escolha perfeita para viagens internacionais.<\/li>\n<\/ul>\n<p><b> Avantagens do produto<\/b><\/p>\n<ul>\n<li>O &#8220; segredo continuado; - para viajantes internacionais: em voos longos, tira labirinto, \u00f3leo essencial ou alavanca do seu saco de carregamento. Sua capacidade est\u00e1 em plena conformidade com os regulamentos da avia\u00e7\u00e3o. \u00c9 o companheiro \u00edntimo da jornada.<\/li>\n<li>A elite urbana s &#8220; kit pessoal de emerg\u00eancia : colocado em um bolso de fato ou saco de carregamento para carregar tra\u00e7os de gel poderoso (patches de emerg\u00eancia), analg\u00e9sicos (dores de cabe\u00e7a) ou \u00f3leo de perfume para emerg\u00eancias na vida urbana.<\/li>\n<li>A &#8220; esta\u00e7\u00e3o de trabalho m\u00f3vel para t\u00e9cnicos profissionais: engenheiros, fot\u00f3grafos ou pilotos de drones penduram (cheios de gordura de precis\u00e3o, creme condutivo ou creme de limpeza de lentes) em cadeias de chaves ou no compartimento de ferramentas menor para responder \u00e0s necessidades de micromanuten\u00e7\u00e3o do equipamento profissional.<\/li>\n<li>A &#8220; l\u00e1pis de ponto de precis\u00e3o Para entusiastas de beleza: Para carregar escondedores, pontos acne ou \u00f3leos essenciais de alta concentra\u00e7\u00e3o, o design de socket pontuado permite aplica\u00e7\u00e3o precisa em escala de mil\u00edmetros e evita polui\u00e7\u00e3o da \u00e1rea ao redor.<\/li>\n<li>A &#8220; experimento de custo zero Para uma nova experi\u00eancia: Os consumidores est\u00e3o felizes em receber este pequeno vestido de ensaio da marca para experimentar um produto formal de forma livre de riscos, e sua apar\u00eancia refinada assegura que mesmo como amostra, a marca&#8217; a imagem n\u00e3o est\u00e1 comprometida. Esse tubo de PE de pequena capacidade de di\u00e2metro 19 \u00e9 um &#8220; ver nos detalhes - solu\u00e7\u00e3o profissional de microembalagem. Ele combina com sucesso a portabilidade, controle preciso e imagem profissional atrav\u00e9s de um design extremamente compacto, orienta\u00e7\u00e3o funcional clara e configura\u00e7\u00e3o altamente flex\u00edvel. Para sua marca os consumidores, escolhendo este produto embalado significa que eles escolheram um estilo de vida moderno que seja eficiente, sofisticado e pronto para uma variedade de cen\u00e1rios, representando uma atitude descompromiss\u00f3ria para detalhes de qualidade.<\/li>\n<\/ul>\n<\/li>\n<\/ul>","protected":false},"featured_media":0,"comment_status":"closed","ping_status":"closed","template":"","meta":[],"product_brand":[],"product_cat":[29,60],"product_tag":[],"class_list":{"0":"post-3278","1":"product","2":"type-product","3":"status-publish","5":"product_cat-skin-care-plastic-tube","6":"product_cat-16-pe-plastic-tube","8":"first","9":"instock","10":"shipping-taxable","11":"purchasable","12":"product-type-simple"},"_links":{"self":[{"href":"https:\/\/www.hongyitube.com\/pt\/wp-json\/wp\/v2\/product\/3278","targetHints":{"allow":["GET"]}}],"collection":[{"href":"https:\/\/www.hongyitube.com\/pt\/wp-json\/wp\/v2\/product"}],"about":[{"href":"https:\/\/www.hongyitube.com\/pt\/wp-json\/wp\/v2\/types\/product"}],"replies":[{"embeddable":true,"href":"https:\/\/www.hongyitube.com\/pt\/wp-json\/wp\/v2\/comments?post=3278"}],"wp:attachment":[{"href":"https:\/\/www.hongyitube.com\/pt\/wp-json\/wp\/v2\/media?parent=3278"}],"wp:term":[{"taxonomy":"product_brand","embeddable":true,"href":"https:\/\/www.hongyitube.com\/pt\/wp-json\/wp\/v2\/product_brand?post=3278"},{"taxonomy":"product_cat","embeddable":true,"href":"https:\/\/www.hongyitube.com\/pt\/wp-json\/wp\/v2\/product_cat?post=3278"},{"taxonomy":"product_tag","embeddable":true,"href":"https:\/\/www.hongyitube.com\/pt\/wp-json\/wp\/v2\/product_tag?post=3278"}],"curies":[{"name":"wp","href":"https:\/\/api.w.org\/{rel}","templated":true}]}}