{"id":2648,"date":"2025-08-21T20:27:37","date_gmt":"2025-08-21T12:27:37","guid":{"rendered":"https:\/\/www.hongyitube.com\/?post_type=product&#038;p=2648"},"modified":"2026-01-13T18:07:51","modified_gmt":"2026-01-13T10:07:51","slug":"19-zinc-alloy-massage-head-plastic-tube","status":"publish","type":"product","link":"https:\/\/www.hongyitube.com\/pt\/product\/19-zinc-alloy-massage-head-plastic-tube\/","title":{"rendered":"19 tubos pl\u00e1sticos de massagem de liga de zinco"},"content":{"rendered":"<p>Hongyi[UNK]Plastic\u03a619 zinc alloy massage head plastic tube [UNK]filling Capacity10ml-15ml\/0,34-0,51fl.oz.<\/p>\n<p>Esse tubo l\u00e1bio transparente de 19 mm de alto n\u00edvel, que mistura inesperadamente a arte tradicional com est\u00e9tica moderna e de luxo luminoso. O corpo de tubo transparente \u00e9 constru\u00eddo usando tecnologia de emboscamento de alta defini\u00e7\u00e3o, mostrando padr\u00f5es vibrantes e coloridos de bonecas russas de ninho, perfeitamente destacando a subst\u00e2ncia&#8217; se sentem. Innovativamente parejado com uma cabe\u00e7a de aplicador de metal, fornecendo uma experi\u00eancia de usu\u00e1rio legal e suave. A tampa angular de prata crom\u00e1tica adiciona um toque de sofistica\u00e7\u00e3o. O design de composi\u00e7\u00e3o aberta assegura preenchimento preciso de 10-15 ml, tornando-o uma embalagem luxuosa de produtos l\u00e1bios que \u00e9 est\u00e9ticamente agrad\u00e1vel e excepcionalmente f\u00e1cil de utilizar.<\/p>\n<p>Material do corpo do tubo:<\/p>\n<ul>\n<li>Material PETG altamente transparente, de grau m\u00e9dico<\/li>\n<li>Taxa de transpar\u00eancia \u2265 91%<\/li>\n<li>Sistema de Liphead:<\/li>\n<li>Tipo de cobertura de metal de a\u00e7o inoxid\u00e1vel<\/li>\n<li>Tratamento de polimento como espelho de superf\u00edcie<\/li>\n<li>O sistema de cabe\u00e7a de cobertura:<\/li>\n<li>Capa eletroplada de prata de \u00e2ngulo direito<\/li>\n<li>Processo de eletroplatina\u00e7\u00e3o multicamada<\/li>\n<li>artesanato decorativo:<\/li>\n<li>impress\u00e3o offset de 360\u00b0 em c\u00edrculo completo de alta defini\u00e7\u00e3o<\/li>\n<li>Uma camada UV protetora resistente ao deslizamento<\/li>\n<li>Sistema de preenchimento: Design de ponta aberta de precis\u00e3o (OFC)<\/li>\n<\/ul>\n<p><strong><b>Aplica\u00e7\u00f5es recomendadas<\/b><\/strong><\/p>\n<ul>\n<li>Marcas luxuosas: embalagem de produtos l\u00e1bios de alto n\u00edvel\/embalagem\/recipientes port\u00e1tiis\/garrafas descart\u00e1veis<\/li>\n<li>Departamento de Boutique Store: Casos de display de cosm\u00e9ticos de alto alcance, materiais de embalagem, recipientes port\u00e1tiis e mini-garrafas.<\/li>\n<li>Mercado de regalos: embalagem\/embalagem\/recipientes port\u00e1tiis\/garrafas descart\u00e1veis<\/li>\n<li>Evento de Beauty: Semana de moda, Exposi\u00e7\u00e3o de Beauty<\/li>\n<li>Colabora\u00e7\u00e3o celebral: Colec\u00e7\u00e3o de artistas co-marcados<\/li>\n<\/ul>\n<p><strong><b>\u00a0<\/b><\/strong><\/p>\n<h3><strong><b>Atributos do produto\u00a0<\/b><\/strong><\/h3>\n<ol>\n<li>A experi\u00eancia de luxo com cabe\u00e7as met\u00e1licas<\/li>\n<\/ol>\n<ul>\n<li>Toque frio da cabe\u00e7a de metal de a\u00e7o inoxid\u00e1vel<\/li>\n<li>Aplicar suavemente sem tirar os l\u00e1bios<\/li>\n<li>\u00c9 f\u00e1cil limpar e n\u00e3o deixar res\u00edduos<\/li>\n<\/ul>\n<ol start=\"2\">\n<li>Presenta\u00e7\u00e3o Visual Luxural Luz<\/li>\n<\/ol>\n<ul>\n<li>cobertura recta de prata eletroplada com alta textura<\/li>\n<li>O corpo transparente mostra a ess\u00eancia do produto<\/li>\n<\/ul>\n<ol start=\"3\">\n<li>Controlo de capacidade de precis\u00e3o<\/li>\n<\/ol>\n<ul>\n<li>10-15 ml de Capacidade de Ouro<\/li>\n<li>Design de finaliza\u00e7\u00e3o de precis\u00e3o para preenchimento<\/li>\n<\/ul>\n<ol start=\"4\">\n<li>Empoderamento de valor art\u00edstico<\/li>\n<\/ol>\n<ul>\n<li>Elementos culturais tradicionais do design de bonecas<\/li>\n<li>Aumentar o valor da coleta de produtos<\/li>\n<\/ul>","protected":false},"excerpt":{"rendered":"<p><b><\/b><strong><b>Design de Tube Body<\/b><\/strong>.<\/p>\n<ul>\n<li>Especifica\u00e7\u00f5es: Di\u00e2metro de tubo de 19 mm, capacidade de 10-15 ml, tamanho compacto, f\u00e1cil de carregar.<\/li>\n<li>T\u00e9cnica: O complexo e colorido design russo de bonecas de ninho \u00e9 apresentado usando impress\u00e3o offset, resultando em detalhes ricos, camadas de cores distintas e um efeito visual excepcional.<\/li>\n<li>Estrutura: A estrutura de tr\u00eas peda\u00e7os \u00e9 composta por um corpo de tubo, um tamp\u00e3o de ponta de silicone e um tamp\u00e3o de cabe\u00e7a redonda, tornando-o simples e confi\u00e1vel. O corpo do tubo branco completa perfeitamente o design colorido.<\/li>\n<li><b><\/b><strong>Scen\u00e1rios de aplica\u00e7\u00e3o para o produto:<\/strong><\/li>\n<li>Embalagem de garrafas\/contentores para marcas de maquilhagem: Adequado para v\u00e1rias marcas de maquilhagem, especialmente aquelas que pretendem criar uma imagem de marca antiga, bonita, art\u00edstica ou de alto n\u00edvel.<\/li>\n<li>Serie de produtos frascos de embalagem\/materiais de embalagem: Especialmente adequado para uso como embalagem para edi\u00e7\u00f5es limitadas de f\u00e9rias (como Natal e Ano Novo), itens de colabora\u00e7\u00e3o IP e produtos de marca estrela.<\/li>\n<li>Vendas de canais: Em lojas de coleta de beleza fora de linha, garrafas de embalagem\/materiais, e em lojas de lojas de departamentos, garrafas de embalagem\/materiais podem atrair clientes devido a sua atra\u00e7\u00e3o est\u00e9tica. Em plataformas de com\u00e9rcio eletr\u00f4nico online e m\u00eddia social, o marketing visual pode facilmente levar \u00e0 cria\u00e7\u00e3o de produtos de melhor venda.<\/li>\n<\/ul>","protected":false},"featured_media":2650,"comment_status":"closed","ping_status":"closed","template":"","meta":[],"product_brand":[],"product_cat":[33,27],"product_tag":[],"class_list":{"0":"post-2648","1":"product","2":"type-product","3":"status-publish","4":"has-post-thumbnail","6":"product_cat-lip-care","7":"product_cat-makeup-plastic-tube","9":"first","10":"instock","11":"shipping-taxable","12":"purchasable","13":"product-type-simple"},"_links":{"self":[{"href":"https:\/\/www.hongyitube.com\/pt\/wp-json\/wp\/v2\/product\/2648","targetHints":{"allow":["GET"]}}],"collection":[{"href":"https:\/\/www.hongyitube.com\/pt\/wp-json\/wp\/v2\/product"}],"about":[{"href":"https:\/\/www.hongyitube.com\/pt\/wp-json\/wp\/v2\/types\/product"}],"replies":[{"embeddable":true,"href":"https:\/\/www.hongyitube.com\/pt\/wp-json\/wp\/v2\/comments?post=2648"}],"wp:featuredmedia":[{"embeddable":true,"href":"https:\/\/www.hongyitube.com\/pt\/wp-json\/wp\/v2\/media\/2650"}],"wp:attachment":[{"href":"https:\/\/www.hongyitube.com\/pt\/wp-json\/wp\/v2\/media?parent=2648"}],"wp:term":[{"taxonomy":"product_brand","embeddable":true,"href":"https:\/\/www.hongyitube.com\/pt\/wp-json\/wp\/v2\/product_brand?post=2648"},{"taxonomy":"product_cat","embeddable":true,"href":"https:\/\/www.hongyitube.com\/pt\/wp-json\/wp\/v2\/product_cat?post=2648"},{"taxonomy":"product_tag","embeddable":true,"href":"https:\/\/www.hongyitube.com\/pt\/wp-json\/wp\/v2\/product_tag?post=2648"}],"curies":[{"name":"wp","href":"https:\/\/api.w.org\/{rel}","templated":true}]}}