{"id":2636,"date":"2025-08-21T20:17:32","date_gmt":"2025-08-21T12:17:32","guid":{"rendered":"https:\/\/www.hongyitube.com\/?post_type=product&#038;p=2636"},"modified":"2026-01-13T19:26:25","modified_gmt":"2026-01-13T11:26:25","slug":"19-one-piece-round-head-lip-plastic-tube","status":"publish","type":"product","link":"https:\/\/www.hongyitube.com\/pt\/product\/19-one-piece-round-head-lip-plastic-tube\/","title":{"rendered":"19 tubos pl\u00e1sticos de l\u00e1bios redondos de um peda\u00e7o"},"content":{"rendered":"<p>Descri\u00e7\u00e3o do produto<\/p>\n<p>&nbsp;<\/p>\n<p>Este produto \u00e9 uma mangueira transparente de PE de di\u00e2metro de 19 mm, capacidade de 15g\/ml, feita de material de polietileno de alta transpar\u00eancia alimentar. O corpo mostra um padr\u00e3o de m\u00faltiplas cores de bonecas russas atrav\u00e9s de uma tecnologia de impress\u00e3o luminosa, que \u00e9 art\u00edstica e pr\u00e1tica. Com uma inser\u00e7\u00e3o de cabe\u00e7a circular transparente e uma cobertura de cabe\u00e7a circular de cor de inje\u00e7\u00e3o opcional, ela suporta um processo de selagem linear, e o design de preenchimento frontal permite controle preciso do uso, pode ser apertado repetidamente para uso e n\u00e3o \u00e9 facilmente deformado, adequado para m\u00faltiplos segmentos da ind\u00fastria.<\/p>\n<p>&nbsp;<\/p>\n<p>Material do produto<\/p>\n<p>&nbsp;<\/p>\n<ul>\n<li>Seguran\u00e7a e prote\u00e7\u00e3o ambiental: o uso de material de classe alimentar PE (polietileno), n\u00e3o t\u00f3xico e sem gosto, em conformidade com padr\u00f5es ambientais internacionais (como REACH, FDA), adequado para o contato com a pele e o conte\u00fado de pasta.<\/li>\n<li>Dur\u00e1vel e flex\u00edvel: O material de PE altamente el\u00e1stico assegura que pode ser restaurado ap\u00f3s extrus\u00e3o repetida, e n\u00e3o \u00e9 f\u00e1cil de quebrar ou deformar.<\/li>\n<li>Transparente e intuitivo: O corpo completo transparente torna mais f\u00e1cil para os usu\u00e1rios ver a quantidade de conte\u00fado em tempo real e evitar desperd\u00edcios.<\/li>\n<\/ul>\n<p>&nbsp;<\/p>\n<p>Uso Recomendado<\/p>\n<p>&nbsp;<\/p>\n<p>A ind\u00fastria da beleza e do cuidado da pele<\/p>\n<p>&nbsp;<\/p>\n<ul>\n<li>Senhoras: Para produtos de alto valor como cremes de cuidado dos l\u00e1bios, s\u00e9reos e lot\u00f5es de prepara\u00e7\u00e3o de maquilhagem. O design transparente com padr\u00f5es coloridos aumenta o apelo visual e \u00e9 adequado para roupas de viagem ou embalagens de edi\u00e7\u00e3o limitadas.<\/li>\n<li>Homens: Cremes simples e pr\u00e1ticos e umidificadores para o cabelo facial, com um tubo transparente com uma cobertura escura para dar um senso de estabilidade.<\/li>\n<li>Crian\u00e7as: Crian\u00e7as os l\u00e1bios balm, cremes leves de cuidado da pele, padr\u00f5es russos de bonecas adicionam aos materiais divertidos e seguros para pele sens\u00edvel.<\/li>\n<\/ul>\n<p>&nbsp;<\/p>\n<p>Ingredientes m\u00e9dicos<\/p>\n<p>&nbsp;<\/p>\n<ul>\n<li>\u00c9 adequado para cremas t\u00f3picos, gelos anti-inflamat\u00f3rios, etc. O corpo transparente facilita a observa\u00e7\u00e3o da textura e quantidade da crema, e o aperfei\u00e7oamento sanit\u00e1rio evita contamina\u00e7\u00e3o.<\/li>\n<\/ul>\n<p>&nbsp;<\/p>\n<p>A ind\u00fastria de agentes de manuten\u00e7\u00e3o mec\u00e2nica<\/p>\n<p>&nbsp;<\/p>\n<ul>\n<li>Usado para lubrificar gordura, gordura especial, design transparente pode verificar diretamente o estado do agente, material PE resistente \u00e0 corros\u00e3o qu\u00edmica.<\/li>\n<\/ul>\n<p>&nbsp;<\/p>\n<p>Ind\u00fastria industrial de pigmentos qu\u00edmicos<\/p>\n<p>&nbsp;<\/p>\n<ul>\n<li>Pigmentos pequenos separados, adesivos ou qu\u00edmicos experimentais para transporte f\u00e1cil e recupera\u00e7\u00e3o precisa, com um fim recto para garantir selagem.<\/li>\n<\/ul>\n<p>Caracter\u00edsticas do produto<\/p>\n<p>&nbsp;<\/p>\n<ul>\n<li>Altamente transparente e est\u00e9ticamente agrad\u00e1vel: o processo de impress\u00e3o de filmes luminosos torna a cor do padr\u00e3o brilhante e melhora a atratividade da prateleira.<\/li>\n<li>Forte selabilidade: um fecho transparente da cabe\u00e7a redonda \u00b7 combina\u00e7\u00e3o de moldura de inje\u00e7\u00e3o de cobertura que protege contra vazamento e secagem, prolongando a dura\u00e7\u00e3o de shelf do conte\u00fado.<\/li>\n<li>design duradouro: O corpo \u00e9 resistente \u00e0s rupturas e press\u00e3o, press\u00e3o repetida n\u00e3o se deforma, e \u00e9 adequado para uso de alta frequ\u00eancia.<\/li>\n<li>Adapta\u00e7\u00e3o flex\u00edvel: Pode ser parejado com uma variedade de coberturas de moldura de inje\u00e7\u00e3o de cores para satisfazer as necessidades personalizadas da marca.<\/li>\n<\/ul>","protected":false},"excerpt":{"rendered":"<p>Design corporal de produtos<\/p>\n<p>&nbsp;<\/p>\n<ul>\n<li>Design padr\u00e3o: elementos russos de bonecas transmitem estilo nacional e sentido art\u00edstico, e a impress\u00e3o colorida atende \u00e0s prefer\u00eancias est\u00e9ticas dos consumidores na Europa, \u00c1sia e em outros lugares.<\/li>\n<li>Detalles pr\u00e1ticos: preenchimento frontal assegura que o conte\u00fado seja plenamente utilizado, e um extremo reta aumenta a resist\u00eancia \u00e0 press\u00e3o do extremo. O di\u00e2metro do tubo \u00e9 adequado para opera\u00e7\u00e3o de uma m\u00e3o.<\/li>\n<li>Customiza\u00e7\u00e3o da marca: apoio ao LOGO, padr\u00e3o de impress\u00e3o personalizada, ajuda \u00e0 comunica\u00e7\u00e3o das hist\u00f3rias da marca.<\/li>\n<\/ul>\n<p>&nbsp;<\/p>\n<p>Avantagens do produto<\/p>\n<p>&nbsp;<\/p>\n<ul>\n<li>Aplicable em diferentes ind\u00fastrias: De produtos de consumo a setores industriais, um tubo pode fazer muitas coisas e reduzir o custo do desenvolvimento de embalagens.<\/li>\n<li>Uma grande experi\u00eancia de usu\u00e1rio: visibilidade transparente, design f\u00e1cil de apertar que combina conveni\u00eancia e precis\u00e3o de controle.<\/li>\n<li>Amigo ao ambiente: o material de PE pode ser reciclado, em conformidade com as tend\u00eancias de consumo sustent\u00e1vel da UE e da Am\u00e9rica do Norte.<\/li>\n<li>Almacenamento f\u00e1cil: O design final rectangular permite que a mangueira seja colocada verticalmente, economizando espa\u00e7o.<\/li>\n<\/ul>\n<p>&nbsp;<\/p>\n<p>Xenarios de uso de produtos<\/p>\n<p>&nbsp;<\/p>\n<ul>\n<li>Viajar e carregar diariamente: pequeno e port\u00e1til para mulheres&#8217; s sacos de maquilhagem, homens; s cuidados de viagem, e prote\u00e7\u00e3o ao ar livre para crian\u00e7as.<\/li>\n<li>Scen\u00e1rios profissionais: dispensa\u00e7\u00e3o qu\u00edmica laboratorial, manuten\u00e7\u00e3o de equipamentos de plantas, armazenamento de pigmentos de pintura art \u00edstica.<\/li>\n<li>Visualiza\u00e7\u00e3o de retalho: formas corporais transparentes e padr\u00f5es brilhantes atraem o consumidor final e aumentam a probabilidade de compra impulsiva.<\/li>\n<li>Distribui\u00e7\u00e3o de amostras: testes de marca de beleza e amostras farmac\u00eauticas s\u00e3o promovidos para alcan\u00e7ar usu\u00e1rios a baixo custo e eficientemente.<\/li>\n<\/ul>","protected":false},"featured_media":4313,"comment_status":"closed","ping_status":"closed","template":"","meta":[],"product_brand":[],"product_cat":[33,27],"product_tag":[],"class_list":{"0":"post-2636","1":"product","2":"type-product","3":"status-publish","4":"has-post-thumbnail","6":"product_cat-lip-care","7":"product_cat-makeup-plastic-tube","9":"first","10":"instock","11":"shipping-taxable","12":"purchasable","13":"product-type-simple"},"_links":{"self":[{"href":"https:\/\/www.hongyitube.com\/pt\/wp-json\/wp\/v2\/product\/2636","targetHints":{"allow":["GET"]}}],"collection":[{"href":"https:\/\/www.hongyitube.com\/pt\/wp-json\/wp\/v2\/product"}],"about":[{"href":"https:\/\/www.hongyitube.com\/pt\/wp-json\/wp\/v2\/types\/product"}],"replies":[{"embeddable":true,"href":"https:\/\/www.hongyitube.com\/pt\/wp-json\/wp\/v2\/comments?post=2636"}],"wp:featuredmedia":[{"embeddable":true,"href":"https:\/\/www.hongyitube.com\/pt\/wp-json\/wp\/v2\/media\/4313"}],"wp:attachment":[{"href":"https:\/\/www.hongyitube.com\/pt\/wp-json\/wp\/v2\/media?parent=2636"}],"wp:term":[{"taxonomy":"product_brand","embeddable":true,"href":"https:\/\/www.hongyitube.com\/pt\/wp-json\/wp\/v2\/product_brand?post=2636"},{"taxonomy":"product_cat","embeddable":true,"href":"https:\/\/www.hongyitube.com\/pt\/wp-json\/wp\/v2\/product_cat?post=2636"},{"taxonomy":"product_tag","embeddable":true,"href":"https:\/\/www.hongyitube.com\/pt\/wp-json\/wp\/v2\/product_tag?post=2636"}],"curies":[{"name":"wp","href":"https:\/\/api.w.org\/{rel}","templated":true}]}}