{"id":2628,"date":"2025-08-21T20:15:41","date_gmt":"2025-08-21T12:15:41","guid":{"rendered":"https:\/\/www.hongyitube.com\/?post_type=product&#038;p=2628"},"modified":"2026-01-13T19:29:16","modified_gmt":"2026-01-13T11:29:16","slug":"19-one-piece-oblique-lip-plug-plastic-tube","status":"publish","type":"product","link":"https:\/\/www.hongyitube.com\/pt\/product\/19-one-piece-oblique-lip-plug-plastic-tube\/","title":{"rendered":"19 tubos pl\u00e1sticos de um peda\u00e7o de l\u00e1bio obl\u00edquido"},"content":{"rendered":"<p>Hongyi[UNK]Plastic\u03a619 tubo pl\u00e1stico de massagem cer\u00e2mica cabe\u00e7a [UNK][UNK][UNK]Capacidade de preenchimento.10-20ml\/0,34-0,68fl.oz.<\/p>\n<p>&nbsp;<\/p>\n<p>Este produto \u00e9 um projeto inovador de um tubo de l\u00e1bios transparente de 19mm, que combina perfeitamente funcionalidade pr\u00e1tica com est\u00e9tica art\u00edstica. O corpo de tubo transparente \u00e9 feito usando tecnologia de impress\u00e3o offset de alta defini\u00e7\u00e3o, com padr\u00f5es vibrantes e coloridos de bonecas russas de ninho. - A tampa integrada, transparente, toda em uma, assegura um selo seguro. Inovativamente, oferece v\u00e1rias op\u00e7\u00f5es de cobertura da cadeia chave (cobertura redonda transparente, cobertura colorida, cobertura de ouro eletropla\u00e7ada\/prata), parejadas com um design de preenchimento pop-top. Com uma capacidade de 10-20 ml, \u00e9 perfeito para carregar e \u00e9 uma embalagem revolucion\u00e1ria de produtos l\u00e1bios que combina est\u00e9tica, funcionalidade e portabilidade.<\/p>\n<p>Material do corpo do tubo da embalagem de cartilagem:<\/p>\n<ul>\n<li>Material PETG altamente transparente (grado m\u00e9dico)<\/li>\n<li>inova\u00e7\u00e3o fundamental:<\/li>\n<li>Um projeto de conex\u00f5es simples, transparentes e sem fios<\/li>\n<li>Estrutura selada para evitar fuga de l\u00edquidos<\/li>\n<li>artesanato decorativo:<\/li>\n<li>Impress\u00e3o offset de alta defini\u00e7\u00e3o com design de bonecas ninhadas (360\u00b0 impress\u00e3o ao redor)<\/li>\n<li>Cobertura UV resistente ao deslizamento<\/li>\n<li>O sistema de cabe\u00e7a de cobertura:<\/li>\n<li>Coronel redondado, transparente, capa de \u00e2ngulo direito (modelo b\u00e1sico)<\/li>\n<li>Captura de cadeia de chaves colorida (dispon\u00edvel em m\u00faltiplas cores)<\/li>\n<li>Cobertura de cadeia de chaves de ouro\/prata eletroplada (Modelo de alto n\u00edvel)<\/li>\n<li>Sistema de preenchimento: Design Open-end (OFC)<\/li>\n<\/ul>\n<p><strong><b>Aplica\u00e7\u00f5es recomendadas<\/b><\/strong><\/p>\n<ol>\n<li>Sele\u00e7\u00e3o de Vis\u00e3o Dopla<\/li>\n<\/ol>\n<ul>\n<li>Tubo branco: Resaltar a vividade da boneca padr\u00e3o s<\/li>\n<li>Um tubo transparente: uma representa\u00e7\u00e3o f\u00edsica do conte\u00fado<\/li>\n<\/ul>\n<ol start=\"2\">\n<li>As vantagens das cabe\u00e7as de l\u00e1bios cer\u00e2micos<\/li>\n<\/ol>\n<ul>\n<li>O toque frio acalma os l\u00e1bios<\/li>\n<li>Aplicar suavemente sem tirar<\/li>\n<li>F\u00e1cil de limpar e n\u00e3o residual<\/li>\n<\/ul>\n<ol start=\"3\">\n<li>Design de capacidade de precis\u00e3o<\/li>\n<\/ol>\n<ul>\n<li>15-20 ml de Capacidade de Melhor Uso<\/li>\n<li>Design de fim aberto para assegurar a precis\u00e3o de preenchimento<\/li>\n<\/ul>\n<ol start=\"4\">\n<li>Valor da cole\u00e7\u00e3o de arte<\/li>\n<\/ol>\n<ul>\n<li>Elementos culturais tradicionais das bonecas russas<\/li>\n<li>Os padr\u00f5es bonitos s\u00e3o colet\u00e1veis<\/li>\n<li><strong><b>Atributos do produto\u00a0<\/b><\/strong><\/li>\n<\/ul>\n<ol>\n<li>Design port\u00e1til e inovador<\/li>\n<\/ol>\n<ul>\n<li>O design da cobertura da cadeia chave facilita a carrega\u00e7\u00e3o.<\/li>\n<li>Podem ser pendurados em sacos, cadeias chaves e outros lugares<\/li>\n<\/ul>\n<ol start=\"2\">\n<li>Diversidade visual transparente<\/li>\n<\/ol>\n<ul>\n<li>Corpo de tubo inteiramente transparente para mostrar o conte\u00fado<\/li>\n<li>display circular de 360 graus do design de bonecas de ninho<\/li>\n<\/ul>\n<ol start=\"3\">\n<li>Caracter\u00edsticas de seguran\u00e7a e seguran\u00e7a seladas<\/li>\n<\/ol>\n<ul>\n<li>Design integrado e sem conte\u00fado para prevenir vazamentos<\/li>\n<li>Muitos tipos de tampas asseguram um selo apertado<\/li>\n<\/ul>\n<ol start=\"4\">\n<li>Controlo de Capacidade Preciso<\/li>\n<\/ol>\n<ul>\n<li>Capacidade apropriada: 10-20 ml<\/li>\n<li>Precisamente preenchido com um design de fim reduzido<\/li>\n<\/ul>","protected":false},"excerpt":{"rendered":"<p><b><\/b><strong><b>Design de Tube Body<\/b><\/strong>.<\/p>\n<p>Conceito de projeto de embalagem de tubos: &#8220; moda port\u00e1til combinado com &#8220; arte tradicional<\/p>\n<ul>\n<li>Inova\u00e7\u00e3o estrutural:<\/li>\n<li>Conjuntos integrados: reduzir o risco de fuga<\/li>\n<li>Captura da cadeia chave: design funcional port\u00e1til<\/li>\n<li>Design Visual:<\/li>\n<li>Corpo transparente: Demostrar a textura do produto<\/li>\n<li>padr\u00f5es de tuba: uma interpreta\u00e7\u00e3o modern a da arte tradicional<\/li>\n<li>Op\u00e7\u00f5es do tipo de cobertura:<\/li>\n<li>Uma cobertura limpa: um estilo minimalist a e moderno<\/li>\n<li>Capas Coloradas: um estilo tendente e vibrante<\/li>\n<li>coberturas eletropladas: Luxuro e Avan\u00e7ado<\/li>\n<\/ul>\n<p><strong>Avantagens do produto:<\/strong><\/p>\n<ol>\n<li>Avan\u00e7amento na portabilidade<\/li>\n<\/ol>\n<ul>\n<li>O design da cadeia de chaves permite acesso f\u00e1cil em qualquer momento.<\/li>\n<li>lidar com o ponto de dor de precisar tocar maquilhagem enquanto fora e sobre<\/li>\n<\/ul>\n<ol start=\"2\">\n<li>Perfeito excepcional de selagem<\/li>\n<\/ol>\n<ul>\n<li>Design de conex\u00f5es inofensivas para evitar fuga de l\u00edquido<\/li>\n<li>Prote\u00e7\u00e3o de duas camadas com v\u00e1rios tipos de cobertura<\/li>\n<\/ul>\n<ol start=\"3\">\n<li>Apela\u00e7\u00e3o visual<\/li>\n<\/ol>\n<ul>\n<li>Textura transparente, fresca e estilada<\/li>\n<li>Empoderamento cultural atrav\u00e9s do design de boneca Matryoshka<\/li>\n<\/ul>\n<ol start=\"4\">\n<li>Scen\u00e1rios de uso Versat\u00edveis<\/li>\n<\/ol>\n<ul>\n<li>Para ser transportado por a\u00ed para viagens di\u00e1rias.<\/li>\n<li>Conveniente para uso em atividades ao ar livre<\/li>\n<\/ul>\n<p>&nbsp;<\/p>\n<ul>\n<li><b><\/b><strong>Scen\u00e1rios de aplica\u00e7\u00e3o para o produto:<\/strong><\/li>\n<\/ul>\n<p>Cosm\u00e9ticos de moda r\u00e1pida: embalagem para marcas cosm\u00e9ticas\/garrafas\/garrafas portadoras<\/p>\n<ul>\n<li>Desportos externos: embalagens\/garrafas\/garrafas de distribui\u00e7\u00e3o port\u00e1tiis para marcas de pele focadas no desporto<\/li>\n<li>Mercado dos estudantes: embalagem\/garrafa de contentores\/minigarrafa port\u00e1til para produtos cosm\u00e9ticos do campus<\/li>\n<li>Actividades promocionais: embalagem\/garrafa\/garrafa portadora para entregas de promo\u00e7\u00e3o de marcas<\/li>\n<li>Mercado do Turismo: Produtos Essenciais de Viagem<\/li>\n<li>Canal da loja de conveni\u00eancia: impulsos de compra de produtos<\/li>\n<\/ul>","protected":false},"featured_media":2630,"comment_status":"closed","ping_status":"closed","template":"","meta":[],"product_brand":[],"product_cat":[33,27],"product_tag":[],"class_list":{"0":"post-2628","1":"product","2":"type-product","3":"status-publish","4":"has-post-thumbnail","6":"product_cat-lip-care","7":"product_cat-makeup-plastic-tube","9":"first","10":"instock","11":"shipping-taxable","12":"purchasable","13":"product-type-simple"},"_links":{"self":[{"href":"https:\/\/www.hongyitube.com\/pt\/wp-json\/wp\/v2\/product\/2628","targetHints":{"allow":["GET"]}}],"collection":[{"href":"https:\/\/www.hongyitube.com\/pt\/wp-json\/wp\/v2\/product"}],"about":[{"href":"https:\/\/www.hongyitube.com\/pt\/wp-json\/wp\/v2\/types\/product"}],"replies":[{"embeddable":true,"href":"https:\/\/www.hongyitube.com\/pt\/wp-json\/wp\/v2\/comments?post=2628"}],"wp:featuredmedia":[{"embeddable":true,"href":"https:\/\/www.hongyitube.com\/pt\/wp-json\/wp\/v2\/media\/2630"}],"wp:attachment":[{"href":"https:\/\/www.hongyitube.com\/pt\/wp-json\/wp\/v2\/media?parent=2628"}],"wp:term":[{"taxonomy":"product_brand","embeddable":true,"href":"https:\/\/www.hongyitube.com\/pt\/wp-json\/wp\/v2\/product_brand?post=2628"},{"taxonomy":"product_cat","embeddable":true,"href":"https:\/\/www.hongyitube.com\/pt\/wp-json\/wp\/v2\/product_cat?post=2628"},{"taxonomy":"product_tag","embeddable":true,"href":"https:\/\/www.hongyitube.com\/pt\/wp-json\/wp\/v2\/product_tag?post=2628"}],"curies":[{"name":"wp","href":"https:\/\/api.w.org\/{rel}","templated":true}]}}