{"id":2621,"date":"2025-08-21T20:10:39","date_gmt":"2025-08-21T12:10:39","guid":{"rendered":"https:\/\/www.hongyitube.com\/?post_type=product&#038;p=2621"},"modified":"2026-01-14T11:01:17","modified_gmt":"2026-01-14T03:01:17","slug":"16-lip-care-soft-tube-packaging-bottle-lip-gloss-lip-oil-lip-gloss-lip-glaze-soft-tube-packaging-bottle-soft-tube-bottle-packaging-bottle-3","status":"publish","type":"product","link":"https:\/\/www.hongyitube.com\/pt\/product\/16-lip-care-soft-tube-packaging-bottle-lip-gloss-lip-oil-lip-gloss-lip-glaze-soft-tube-packaging-bottle-soft-tube-bottle-packaging-bottle-3\/","title":{"rendered":"\u03a616 garrafa de embalagem de tubos suaves de cuidado dos l\u00e1bios, brilho dos l\u00e1bios, \u00f3leo dos l\u00e1bios, brilho dos l\u00e1bios, brilho dos l\u00e1bios garrafa de embalagem de tubos suaves de tubos suaves garrafa de tubos suaves de embalagem garrafa-3"},"content":{"rendered":"<p>Hongyi[UNK]Plastic\u03a616 Colored Polyethylene Lip Care Soft Tube [UNK]filling Capacity.3ml-8ml\/0.10-0.27fl.oz.<\/p>\n<p>Nossa linha de embalagem de tubos moles \u00e9 especificamente projetada para produtos de cuidado dos l\u00e1bios como balmas de l\u00e1bios, serumes de l\u00e1bios e lavagem de exfolia\u00e7\u00e3o dos l\u00e1bios, e \u00e9 caracterizada por materiais de alta qualidade. O design inteiro est\u00e1 centrado em uma sofisticada combina\u00e7\u00e3o de cores rosa e roxa, fornecendo uma experi\u00eancia visual elegante, delicada e sonhada que se alinha perfeitamente com a ind\u00fastria da beleza e cuidado pessoal&#8217; enfatiza tanto na est\u00e9tica como na qualidade. Desde o design de duas cores do corpo do tubo at\u00e9 a cor correspondente do tamp\u00e3o, cada detalhe mostra a marca&#8217; a aten\u00e7\u00e3o ao detalhe e o encanto \u00fanico do produto.<\/p>\n<p>Nosso material de embalagem de tubos suaves utiliza polietileno de alta qualidade (PE) ou materiais compostos co-extrudos, que possuem excelente flexibilidade, propriedades barreiras e estabilidade qu\u00edmica. Essas caracter\u00edsticas asseguram que os conte\u00fados sejam efetivamente protegidos da contamina\u00e7\u00e3o e oxida\u00e7\u00e3o.<\/p>\n<ul>\n<li>Capa de tubo e - plug angular: feito de polipropileno (PP) ou polietileno de alta densidade (HDPE), esses componentes s\u00e3o extremamente duros, duradouros e possuem excelentes propriedades de selagem.<\/li>\n<li>Concentrados de cores &amp; Inks: Todos colorantes e tintas de impress\u00e3o de tela satisfazem padr\u00f5es ambientais e de seguran\u00e7a relevantes para materiais de embalagem cosm\u00e9ticos (como REACH da UE, RoHS, etc.) e s\u00e3o seguros para uso humano.<\/li>\n<\/ul>\n<p>&nbsp;<\/p>\n<p><strong><b>Aplica\u00e7\u00f5es recomendadas<\/b><\/strong><\/p>\n<p>Lip Enhancement Liquid Packaging Bottle\/Divided Bottle\/Portable Bottle: Hyaluronic Acid Liquid Enhancement Lip, Collagen Lip Liquid<\/p>\n<ul>\n<li>embalagem de produtos de \u00f3leo de l\u00e1bio: garrafa\/garrafa dividida\/garrafa port\u00e1til: balma de l\u00e1bio, \u00f3leo de beleza dos l\u00e1bios<\/li>\n<li>Embalagem Lip Care Bottle\/Bottle Divided\/Bottle Portable: Lip Essence, Lip Repair Liquid<\/li>\n<li>Embalagem de Lip Lip Bottle\/Bottle Divided\/Bottle Portable: Transparent Medicinal Lip Care<\/li>\n<li>Embalagem de amostra: Botelha\/Botelha Dividida\/Botelha Port\u00e1vel &#8211; O tamanho de ensaio de produtos l\u00e1bios de alto n\u00edvel<\/li>\n<\/ul>\n<h3><strong><b>Atributos do produto\u00a0<\/b><\/strong><\/h3>\n<ol>\n<li>Di\u00e2metro do tubo de sonho (16 mm): O corpo do tubo de 16 mm \u00e9 pequeno e elegante, perfeitamente adequado para produtos que requerem apenas uma pequena quantidade para ser usado cada vez. Isso torna f\u00e1cil controlar a quantidade usada e conveniente para transportar.<\/li>\n<li>Esquema de cores elegante: O corpo do tubo apresenta uma combina\u00e7\u00e3o de pigmentos rosa e roxa, criando um gradiente \u00fanico ou efeito de cores misturados que seja sofisticado e atrapado pela aten\u00e7\u00e3o. Este design assegura que o produto se destaque rapidamente nas prateleiras da loja.<\/li>\n<li>Design do selo final: O fim do tubo \u00e9 selado usando tecnologia avan\u00e7ada de press\u00e3o de ar quente, o que resulta em um selo forte, seguro e est\u00e9ticamente agrad\u00e1vel. Isso assegura que o produto permanece provado de vazamento durante o transporte e armazenamento e serve como prova de que \u00e9 genuino e n\u00e3o aberto.<\/li>\n<li>Equipamentos de tubos amig\u00e1veis ao usu\u00e1rio:<\/li>\n<\/ol>\n<ul>\n<li>Design em forma de dentes, grande abertura: O design em forma de dentes no final do tubo permite f\u00e1cil abertura e fechamento do tamp\u00e3o, aumentando a fric\u00e7\u00e3o durante o processo de abertura para uma melhor experi\u00eancia de usu\u00e1rio.<\/li>\n<li>Di\u00e2metro Grande: Facilita a extrus\u00e3o suave dos conte\u00fados, especialmente aqueles com part\u00edculas abrasivas ou pastas mais espessas, mais concentradas, para evitar bloqueios.<\/li>\n<\/ul>\n<p>5.Processo de tela de seda de alta defini\u00e7\u00e3o: O logotipo da marca, a descri\u00e7\u00e3o do produto e outras informa\u00e7\u00f5es de texto utilizam impress\u00e3o de tela, forte ades\u00e3o, efeito de impress\u00e3o claro, brilhante e duradouro, n\u00e3o f\u00e1cil de desgastar durante o uso, melhorar o grau geral dos produtos.<\/p>\n<ol start=\"6\">\n<li>Sistema de selagem altamente eficiente:<\/li>\n<\/ol>\n<ul>\n<li>tappa transparente de 16 tamanhos: A tappa transparente de PP incorporada impede efetivamente o ar de recircular e impede contamina\u00e7\u00e3o do conte\u00fado, mantendo a engrenagem fresca. O design transparente permite aos usu\u00e1rios ver a capacidade restante claramente.<\/li>\n<li>Capa de cor: A cap a de cabe\u00e7a redonda, dispon\u00edvel em rosa e roxa, completa perfeitamente a cor do corpo do tubo, criando um design global coerente e unificado. O design da cabe\u00e7a redonda se sente confort\u00e1vel na m\u00e3o e \u00e9 f\u00e1cil de abrir e fechar.<\/li>\n<\/ul>","protected":false},"excerpt":{"rendered":"<ul>\n<li><b><\/b><strong><b>Design de Tube Body<\/b><\/strong>.<\/li>\n<\/ul>\n<ol>\n<li>Vis\u00e3o fundamental: Design de cores<\/li>\n<\/ol>\n<ul>\n<li>Nome de projeto: Combo Rosa\/P\u00farpura<\/li>\n<li>Processo de realiza\u00e7\u00e3o: Isso \u00e9 alcan\u00e7ado adicionando rosa e roxa \u00e0s part\u00edculas pl\u00e1sticas (gr\u00e3os-m\u00e3e) em propor\u00e7\u00e3o espec\u00edfica durante o processo de produ\u00e7\u00e3o. N\u00e3o \u00e9 uma simples pulveriza\u00e7\u00e3o monocrom\u00e1tica, mas a cor que emana do pr\u00f3prio material. As duas cores podem apresentar um efeito de fus\u00e3o natural, tipo nuvem, gradual, cheio de fantasia e arte, mais profundidade e mudan\u00e7a do que a \u00fanica cor. O rosa representa gentileza, doce e romance; O p\u00farpuro simboliza nobreza, mist\u00e9rio e encanto. A combina\u00e7\u00e3o dos dois tem alvo precisamente das mulheres o mercado e transmitiu a s caracter\u00edsticas de um produto que combina alto desempenho com uma experi\u00eancia refinada.<\/li>\n<\/ul>\n<ol start=\"2\">\n<li>Forma e design estrutural<\/li>\n<\/ol>\n<ul>\n<li>Di\u00e2metro do tubo fino (16 mm):<\/li>\n<li>Sentimento delicado: Comparado com a grande mangueira de produtos qu\u00edmicos di\u00e1rios convencionais, o di\u00e2metro de 16 mm \u00e9 particularmente pequeno e delicado, que est\u00e1 em linha com a posi\u00e7\u00e3o dos produtos de cuidado dos l\u00e1bios &#8220; boutique. &#8221;<\/li>\n<li>Manipula\u00e7\u00e3o: O tubo mais fino torna mais f\u00e1cil para os usu\u00e1rios (especialmente as mulheres) manter e apertar, permitindo controle preciso da aperta\u00e7\u00e3o de pequenas quantidades de l\u00edquido e evitando res\u00edduos.<\/li>\n<li>Design de fechamento final:<\/li>\n<li>Est\u00e9tica funcional: O fim do tubo \u00e9 selado por press\u00e3o t\u00e9rmica, formando um selo plano ou ligeiramente sangrado. Isso n\u00e3o \u00e9 apenas uma garantia de seguran\u00e7a, mas sua apar\u00eancia industrial limpa e profissional tamb\u00e9m melhora a qualidade do produto.<\/li>\n<li>S\u00edmbolo de seguran\u00e7a: O selo \u00e9 um sinal importante para os consumidores para determinar se um produto \u00e9 brand novo e n\u00e3o utilizado, aumentando a confian\u00e7a.<\/li>\n<\/ul>\n<ol start=\"3\">\n<li>Tratamento de superf\u00edcie e comunica\u00e7\u00e3o visual<\/li>\n<\/ol>\n<ul>\n<li>Impress\u00e3o de tela de seda (impress\u00e3o de seda):<\/li>\n<li>Excelente textura: A camada de tinta de impress\u00e3o \u00e9 grossa, e os padr\u00f5es impressos e o texto t\u00eam uma textura claramente elevada que pode ser tocada pela m\u00e3o, que \u00e9 um s\u00edmbolo de artesanato de alto alcance que a distingue de adesivos baratos ou impress\u00e3o comum.<\/li>\n<li>Durabilidade: ades\u00e3o forte da tinta de impress\u00e3o da tela, resist\u00eancia ao desgaste e arranque, para garantir que o logotipo da marca e a informa\u00e7\u00e3o chave no produto ao longo do ciclo de vida sejam claramente vis\u00edveis, n\u00e3o f\u00e1ceis de cair.<\/li>\n<li>Flexibilidade de design: Tinhas especiais como metal e cores de perlas podem ser impressas para melhorar ainda mais o maravilhoso efeito do corpo, que complementa a combina\u00e7\u00e3o de cores rosa e roxa.<\/li>\n<\/ul>\n<p>&nbsp;<\/p>\n<ol start=\"4\">\n<li>Duct Design: O Enhancement of Function and Experience<\/li>\n<\/ol>\n<p>&nbsp;<\/p>\n<ul>\n<li>Design de forma dental para grandes bocas:<\/li>\n<li>A fun\u00e7\u00e3o \u00e9 fundamental: &#8220; forma de dentes Refere-se \u00e0 linha anti-deslizante no exterior da boca do tubo. Ela aumenta muito a fric\u00e7\u00e3o das pontas dos dedos, tornando muito f\u00e1cil e sem esfor\u00e7o abrir e fechar a l\u00e2mina, mesmo que suas m\u00e3os estejam molhadas ou cobertas com creme de m\u00e3o.<\/li>\n<li>Grande colher: A abertura espacial do tubo assegura que mesmo o pl\u00e1stico \u00e9 espesso, ou cont\u00e9m part\u00edculas ou fibras abrasivas, pode ser apertada suavemente e sem obst\u00e1culos, evitando completamente o risco de bloqueio e otimizando a experi\u00eancia de uso<\/li>\n<\/ul>\n<p><strong>Avantagens do produto:<\/strong><\/p>\n<ul>\n<li>Apar\u00eancia atrativa: O esquema de cores p\u00farpuras de pastel parejado com um design refinado o torna altamente atraente para as mulheres, aumentando significativamente o produto&#8217; o valor e a imagem da marca.<\/li>\n<li>Protec\u00e7\u00e3o excepcional: Excelentes propriedades de selagem (fechamento da tampa) protegem efetivamente o produto da luz e do ar, preservando os ingredientes ativos na engrenagem e ampliando o produto&#8217; a vida de plataforma.<\/li>\n<li>Experi\u00eancia excepcional do usu\u00e1rio: A partir da forma da abertura, da facilidade de apertar o tubo suave, at\u00e9 a tampa arredondada com um mecanismo de giro, todos os aspectos de design foram cuidadosamente considerados para assegurar a conveni\u00eancia e conforto do usu\u00e1rio.<\/li>\n<li>Adapta\u00e7\u00e3o Flex\u00edvel: O esquema de cores do corpo do tubo e o conte\u00fado da seda podem ser altamente personalizados de acordo com a marca&#8217; suas necessidades espec\u00edficas, tornando-a um identificador visual \u00fanico para a marca.<\/li>\n<li>Calidade confi\u00e1vel: Utiliza materiais conformes e seguros para garantir um n\u00edvel de qualidade que corresponda ao de produtos de cuidado l\u00e1bio de alto n\u00edvel.<\/li>\n<li><b><\/b><strong>Scen\u00e1rios de aplica\u00e7\u00e3o para o produto:<\/strong><\/li>\n<\/ul>\n<p>Clientes de marca: marcadores de diversos produtos cosm\u00e9ticos e de cuidado da pele, especialmente marcas focadas no cuidado dos l\u00e1bios, beleza de alto n\u00edvel e novas marcas chinesas.<\/p>\n<ul>\n<li>Vendas por canais: adequadas para plataformas de com \u00e9rcio eletr\u00f4nico online (como Tmall, JD.com, Douyin Store), supermercados boutiques, lojas de beleza (como Sephora), lojas de presente e contadores de marcas.<\/li>\n<li>Utilizadores finais: consumidoras jovens e entusiastas de beleza que buscam qualidade de vida, cuidam de detalhes de cuidado da pele e preferem embalagens de alta beleza.<\/li>\n<\/ul>\n<p>Essa mangueira de cuidado dos l\u00e1bios de 16 tubos de cor rosa e roxa n\u00e3o \u00e9 apenas um recipiente de embalagem, mas tamb\u00e9m uma extens\u00e3o do conceito de marca e textura do produto. Com seu design estilo, caracter\u00edsticas pr\u00e1ticas e qualidade confi\u00e1vel, \u00e9 a escolha ideal ajudar seu produto a ganhar aten\u00e7\u00e3o em um mercado feroz.<\/p>","protected":false},"featured_media":2625,"comment_status":"closed","ping_status":"closed","template":"","meta":[],"product_brand":[],"product_cat":[33,27],"product_tag":[],"class_list":{"0":"post-2621","1":"product","2":"type-product","3":"status-publish","4":"has-post-thumbnail","6":"product_cat-lip-care","7":"product_cat-makeup-plastic-tube","9":"first","10":"instock","11":"shipping-taxable","12":"purchasable","13":"product-type-simple"},"_links":{"self":[{"href":"https:\/\/www.hongyitube.com\/pt\/wp-json\/wp\/v2\/product\/2621","targetHints":{"allow":["GET"]}}],"collection":[{"href":"https:\/\/www.hongyitube.com\/pt\/wp-json\/wp\/v2\/product"}],"about":[{"href":"https:\/\/www.hongyitube.com\/pt\/wp-json\/wp\/v2\/types\/product"}],"replies":[{"embeddable":true,"href":"https:\/\/www.hongyitube.com\/pt\/wp-json\/wp\/v2\/comments?post=2621"}],"wp:featuredmedia":[{"embeddable":true,"href":"https:\/\/www.hongyitube.com\/pt\/wp-json\/wp\/v2\/media\/2625"}],"wp:attachment":[{"href":"https:\/\/www.hongyitube.com\/pt\/wp-json\/wp\/v2\/media?parent=2621"}],"wp:term":[{"taxonomy":"product_brand","embeddable":true,"href":"https:\/\/www.hongyitube.com\/pt\/wp-json\/wp\/v2\/product_brand?post=2621"},{"taxonomy":"product_cat","embeddable":true,"href":"https:\/\/www.hongyitube.com\/pt\/wp-json\/wp\/v2\/product_cat?post=2621"},{"taxonomy":"product_tag","embeddable":true,"href":"https:\/\/www.hongyitube.com\/pt\/wp-json\/wp\/v2\/product_tag?post=2621"}],"curies":[{"name":"wp","href":"https:\/\/api.w.org\/{rel}","templated":true}]}}