{"id":2601,"date":"2025-08-21T20:02:59","date_gmt":"2025-08-21T12:02:59","guid":{"rendered":"https:\/\/www.hongyitube.com\/?post_type=product&#038;p=2601"},"modified":"2026-01-14T11:06:40","modified_gmt":"2026-01-14T03:06:40","slug":"16-lip-care-soft-tube-packaging-bottle-lip-gloss-lip-oil-lip-gloss-lip-glaze-soft-tube-packaging-bottle-soft-tube-bottle-packaging-bottle-2","status":"publish","type":"product","link":"https:\/\/www.hongyitube.com\/pt\/product\/16-lip-care-soft-tube-packaging-bottle-lip-gloss-lip-oil-lip-gloss-lip-glaze-soft-tube-packaging-bottle-soft-tube-bottle-packaging-bottle-2\/","title":{"rendered":"\u03a616 garrafa de embalagem de tubos suaves de cuidado dos l\u00e1bios, brilho dos l\u00e1bios, \u00f3leo dos l\u00e1bios, brilho dos l\u00e1bios, brilho dos l\u00e1bios garrafa de tubos suaves de embalagem garrafa de tubos suaves de tubos suaves de embalagem garrafa-2"},"content":{"rendered":"<p>Hongyi[UNK]Plastic\u03a616 Glossy PE Lip Care Soft Tube [UNK] Capacidade de preenchimento.3ml-5ml\/0,10-0,17fl.oz.<\/p>\n<p>Nossa garrafa de embalagem de tubos suaves \u00e9 de 16 mm de tubos suaves transparentes e exquisitos especificamente concebidos para cuidado dos l\u00e1bios. O corpo do tubo \u00e9 feito de material de alta transpar\u00eancia e foi tratado com um final de \u00f3leo brilhante, dando-lhe uma apar\u00eancia cristal-clara e pura. O projeto inovador de grande boca em forma de dentes assegura que o creme pode ser extra\u00eddo suavemente. A combina\u00e7\u00e3o de um tamp\u00e3o transparente de grau aliment\u00edcio e um tamp\u00e3o de \u00e2ngulo direito de alta transpar\u00eancia mostra perfeitamente a cor e textura do conte\u00fado. O design compacto de 3-5 ml de capacidade fornece uma solu\u00e7\u00e3o de embalagem higi\u00e9nica e precisa de grau profissional para produtos de cuidado l\u00e1bio.<\/p>\n<p>Material do corpo do tubo da embalagem de mangueira:<\/p>\n<ul>\n<li>Material PETG altamente transparente (grado m\u00e9dico)<\/li>\n<li>Tratamento de superf\u00edcie de \u00f3leo brilhante<\/li>\n<li>Processo de forma\u00e7\u00e3o:<\/li>\n<li>Di\u00e2metro de tubo ultra fino de 16 mm<\/li>\n<li>Design de entrada de grande di\u00e2metro (di\u00e2metro de sa\u00edda: 8 mm)<\/li>\n<li>Sistema transparente:<\/li>\n<li>Uma tampa transparente de grau aliment\u00edcio<\/li>\n<li>Capa de \u00e2ngulo direito PP de alta transmiss\u00e3o<\/li>\n<li>Precisi\u00e3o da capacidade: preenchimento preciso de 3-5 ml<\/li>\n<\/ul>\n<p><strong><b>Aplica\u00e7\u00f5es recomendadas<\/b><\/strong><\/p>\n<p>Lip Enhancement Liquid Packaging Bottle\/Divided Bottle\/Portable Bottle: Hyaluronic Acid Liquid Enhancement Lip, Collagen Lip Liquid<\/p>\n<ul>\n<li>embalagem de produtos de \u00f3leo de l\u00e1bio: garrafa\/garrafa dividida\/garrafa port\u00e1til: balma de l\u00e1bio, \u00f3leo de beleza dos l\u00e1bios<\/li>\n<li>Embalagem Lip Care Bottle\/Bottle Divided\/Bottle Portable: Lip Essence, Lip Repair Liquid<\/li>\n<li>Embalagem de Lip Lip Bottle\/Bottle Divided\/Bottle Portable: Transparent Medicinal Lip Care<\/li>\n<li>Embalagem de amostra: Botelha\/Botelha Dividida\/Botelha Port\u00e1vel &#8211; O tamanho de ensaio de produtos l\u00e1bios de alto n\u00edvel<\/li>\n<\/ul>\n<h3><strong><b>Atributos do produto\u00a0<\/b><\/strong><\/h3>\n<p>Transparente e Vis\u00edvel<\/p>\n<ul>\n<li>O corpo de tubo altamente transparente fornece visibilidade clara do conte\u00fado<\/li>\n<li>Tratamento de \u00f3leo brilhante aumenta a apar\u00eancia cristal.<\/li>\n<\/ul>\n<p>Design preciso de controle<\/p>\n<ul>\n<li>Controlo preciso da quantidade usando um di\u00e2metro de tubo de 16 mm<\/li>\n<li>boca aberta para garantir uma expuls\u00e3o suave.<\/li>\n<\/ul>\n<p>Sistema de Sanita\u00e7\u00e3o e Seguran\u00e7a<\/p>\n<ul>\n<li>Para evitar contamina\u00e7\u00e3o<\/li>\n<li>Alta transmiss\u00e3o, a tampa angular assegura um selo perfeito<\/li>\n<\/ul>\n<p>Textura e apar\u00eancia de alto n\u00edvel<\/p>\n<ul>\n<li>Efeito visual cristal claro e transparente<\/li>\n<li>O tamanho compacto real\u00e7a o valor do produto.<\/li>\n<\/ul>","protected":false},"excerpt":{"rendered":"<p><b><\/b><strong><b>Design de Tube Body<\/b><\/strong>.<\/p>\n<p>O conceito de design desta garrafa de embalagem de mangueiras \u00e9 &#8220; pura e transparente combinado com &#8220; cuidado de precis\u00e3o. &#8221;<\/p>\n<ul>\n<li>Design estrutural:<\/li>\n<li>Grandes bocas: suavizar sem bloqueio<\/li>\n<li>Cobertura de \u00e2ngulo direito: um estilo moderno e minimalist a<\/li>\n<li>Sistema de vis\u00e3o:<\/li>\n<li>Design Transparente: Mostrar a ess\u00eancia de um produto<\/li>\n<li>Tratamento de ilumina\u00e7\u00e3o: aumentar o n\u00edvel de textura<\/li>\n<li>Capacidade Design:<\/li>\n<li>3-5 ml Capacidade Compacta<\/li>\n<li>adequado para uso de alta frequ\u00eancia de produtos<\/li>\n<\/ul>\n<p><strong>Avantagens do produto:<\/strong><\/p>\n<ol>\n<li>Visualiza\u00e7\u00e3o da Composi\u00e7\u00e3o<\/li>\n<\/ol>\n<ul>\n<li>Mostrando diretamente a textura e cor do produto<\/li>\n<li>Aumentar a confian\u00e7a dos consumidores<\/li>\n<\/ul>\n<ol start=\"2\">\n<li>Excelente experi\u00eancia de usu\u00e1rio<\/li>\n<\/ol>\n<ul>\n<li>Grande projeto de abertura assegura uma extrus\u00e3o suave<\/li>\n<li>O controle fino do di\u00e2metro do tubo para otimizar o uso<\/li>\n<\/ul>\n<ol start=\"3\">\n<li>Perfeito sanit\u00e1rio forte<\/li>\n<\/ol>\n<ul>\n<li>Design completamente selado para prevenir contamina\u00e7\u00e3o<\/li>\n<li>Materiales de classe alimentar asseguram seguran\u00e7a e confiabilidade.<\/li>\n<\/ul>\n<ol start=\"4\">\n<li>Excelente imagem de alto n\u00edvel<\/li>\n<\/ol>\n<ul>\n<li>Textura cristal clara e transparente<\/li>\n<li>O design intrigado acrescenta seu valor<\/li>\n<li><b><\/b><strong>Scen\u00e1rios de aplica\u00e7\u00e3o para o produto:<\/strong><\/li>\n<\/ul>\n<p>Marca de corte de pele de alto n\u00edvel: s\u00e9rie luxuosa de cuidados l\u00e1bios com garrafa de embalagem de tubos suaves.<\/p>\n<ul>\n<li>Marca de cosm\u00e9ticos farmac\u00eauticos: embalagem transparente de medicamentos l\u00e1bios<\/li>\n<li>Amostra de Beleza: Flascos divididas\/embalagens para conjuntos de ensaios de marca de alto n\u00edvel<\/li>\n<li>Mercado de regalos: Flascos seladas\/embalagens para exquisitos conjuntos de regalos de corte de pele<\/li>\n<\/ul>\n<p>\u00b7 Canal de Medicina Est\u00e9tica: Aten\u00e7\u00e3o p\u00f3s-tratamento para cirurgia de l\u00e1bios<\/p>","protected":false},"featured_media":2620,"comment_status":"closed","ping_status":"closed","template":"","meta":[],"product_brand":[],"product_cat":[33,27],"product_tag":[],"class_list":{"0":"post-2601","1":"product","2":"type-product","3":"status-publish","4":"has-post-thumbnail","6":"product_cat-lip-care","7":"product_cat-makeup-plastic-tube","9":"first","10":"instock","11":"shipping-taxable","12":"purchasable","13":"product-type-simple"},"_links":{"self":[{"href":"https:\/\/www.hongyitube.com\/pt\/wp-json\/wp\/v2\/product\/2601","targetHints":{"allow":["GET"]}}],"collection":[{"href":"https:\/\/www.hongyitube.com\/pt\/wp-json\/wp\/v2\/product"}],"about":[{"href":"https:\/\/www.hongyitube.com\/pt\/wp-json\/wp\/v2\/types\/product"}],"replies":[{"embeddable":true,"href":"https:\/\/www.hongyitube.com\/pt\/wp-json\/wp\/v2\/comments?post=2601"}],"wp:featuredmedia":[{"embeddable":true,"href":"https:\/\/www.hongyitube.com\/pt\/wp-json\/wp\/v2\/media\/2620"}],"wp:attachment":[{"href":"https:\/\/www.hongyitube.com\/pt\/wp-json\/wp\/v2\/media?parent=2601"}],"wp:term":[{"taxonomy":"product_brand","embeddable":true,"href":"https:\/\/www.hongyitube.com\/pt\/wp-json\/wp\/v2\/product_brand?post=2601"},{"taxonomy":"product_cat","embeddable":true,"href":"https:\/\/www.hongyitube.com\/pt\/wp-json\/wp\/v2\/product_cat?post=2601"},{"taxonomy":"product_tag","embeddable":true,"href":"https:\/\/www.hongyitube.com\/pt\/wp-json\/wp\/v2\/product_tag?post=2601"}],"curies":[{"name":"wp","href":"https:\/\/api.w.org\/{rel}","templated":true}]}}