{"id":2594,"date":"2025-08-21T19:49:34","date_gmt":"2025-08-21T11:49:34","guid":{"rendered":"https:\/\/www.hongyitube.com\/?post_type=product&#038;p=2594"},"modified":"2026-01-13T17:08:08","modified_gmt":"2026-01-13T09:08:08","slug":"35-square-plastic-tubepe-plastic-tube-skin-care-makeup-cosmetics-plastic-tube-packaging-bottles","status":"publish","type":"product","link":"https:\/\/www.hongyitube.com\/pt\/product\/35-square-plastic-tubepe-plastic-tube-skin-care-makeup-cosmetics-plastic-tube-packaging-bottles\/","title":{"rendered":"35 tubos de pl\u00e1stico quadrados, tubos de pl\u00e1stico PE, cuidado da pele, maquilhagem, cosm\u00e9ticos, garrafas de embalagem de tubos de pl\u00e1stico"},"content":{"rendered":"<p>Hongyi[UNK]Plastic\u03a635 tubo quadrado ultra fino[UNK]Capacidade de preenchimento[UNK]30-55ml\/1,0-1,86fl.0z.<\/p>\n<p>Nossa s\u00e9rie de embalagens de tubos suaves apresenta o tubo ultra fino de 35 mm de alto n\u00edvel que se separa de projetos tradicionais de tubos. Empregue uma forma geom\u00e9trica plana inovadora. O corpo do tubo foi submetido a um tratamento de base de brilho branco, com uma tinta gradiente azul\/rosa camada, criando um efeito gradiente semelhante \u00e0 pureza da aurora. \u00c9 parejado com um processo de sellagem quente de prata laser e vem em duas configura\u00e7\u00f5es: um tamp\u00e3o de tamp\u00e3o de matte branco ou um tamp\u00e3o de screw platejado de prata com um tamp\u00e3o interior plano. Combinada com tecnologia de selagem profissional, esta solu\u00e7\u00e3o de embalagem fornece uma solu\u00e7\u00e3o de alto n\u00edvel que combina est\u00e9tica minimalist a com funcionalidade pr\u00e1tica para produtos de corte de pele de alto n\u00edvel variando em volume de 30 a 55 ml.<\/p>\n<p>Material corporal:<\/p>\n<ul>\n<li>Material de alta densidade PE (forma\u00e7\u00e3o de tubos superplanos)<\/li>\n<li>Tratamento de luz branca sob a base<\/li>\n<li>Processo de moldagem: tubo ultra-plano de 35mm, geometria inovadora do plano<\/li>\n<li>Processos de superf\u00edcie:<\/li>\n<li>Subjogador UV brilhante: aumentar a textura da superf\u00edcie<\/li>\n<li>Impress\u00e3o de Gradiente Monocr\u00f3mico: Precisi\u00e3o Azul \/ Transi\u00e7\u00e3o Rosa<\/li>\n<li>Decora\u00e7\u00e3o de artesanatos:<\/li>\n<li>Queima de prata laser: Efeitos Din\u00e2micos de Luz e Sombra<\/li>\n<li>Texto impresso: informa\u00e7\u00e3o clara do produto<\/li>\n<li>Sistema de selagem:<\/li>\n<li>Op\u00e7\u00e3o A: White Frosted Flip Cover (Portable)<\/li>\n<li>Op\u00e7\u00e3o B: capa de parafuso de prata coberta \u00b7 capa de cima plana (alta selagem)<\/li>\n<li>Tecnologia Professional Tail Closure (CRB)<\/li>\n<\/ul>\n<p><b>\u00a0<\/b><\/p>\n<h3><strong><b>Atributos do produto<\/b><\/strong><\/h3>\n<p>Utiliza\u00e7\u00e3o optimizada do espa\u00e7o<\/p>\n<ul>\n<li>Design extremamente plano para armazenamento mais f\u00e1cil<\/li>\n<li>Adequado para viajar e uso di\u00e1rio<\/li>\n<\/ul>\n<p>Efeitos visuais melhorados<\/p>\n<ul>\n<li>Representa\u00e7\u00e3o melhorada de cores em superf\u00edcies planas<\/li>\n<li>Melhor a textura com uma camada de base brilhante<\/li>\n<\/ul>\n<p>Experi\u00eancia de usu\u00e1rio melhorada<\/p>\n<ul>\n<li>Dois tipos de projetos de tampa atendem \u00e0s diversas necessidades<\/li>\n<li>O design interior plano minimiza o res\u00edduo do produto.<\/li>\n<\/ul>\n<p>Aumentar a imagem da marca<\/p>\n<ul>\n<li>Os projetos de tubos inovadores destacam a marca sua personalidade \u00fanica<\/li>\n<li>O artesanato de alto n\u00edvel reflete um compromisso com a qualidade.<\/li>\n<\/ul>","protected":false},"excerpt":{"rendered":"<ul>\n<li><b><\/b><strong><b>Design de Tube Body<\/b><\/strong>.<\/li>\n<\/ul>\n<p>Conceito de design: &#8220; geometria do plano  and &#8220; aurora est\u00e9tic&#8221; - fus\u00e3o<\/p>\n<ul>\n<li>Design estrutural:<\/li>\n<li>O tubo hiperflata economiza espa\u00e7o<\/li>\n<li>Efeitos de Impress\u00e3o Optimais na Superf\u00edcie Flata<\/li>\n<li>Sistema de Cores:<\/li>\n<li>Azul Progressivo: Uma linha de corte e umidificador<\/li>\n<li>Transi\u00e7\u00e3o Rosa: uma cole\u00e7\u00e3o resistente e brilhante<\/li>\n<li>Design de cobertura:<\/li>\n<li>Capa branca colorida: um estilo moderno minimalist a<\/li>\n<li>Electroplated Silver Swirls: Light Luxury Tech<\/li>\n<\/ul>\n<p><strong>Avantagens do produto:<\/strong><\/p>\n<ol>\n<li>Utiliza\u00e7\u00e3o optimizada do espa\u00e7o<\/li>\n<\/ol>\n<ul>\n<li>Design extremamente plano para armazenamento mais f\u00e1cil<\/li>\n<li>Adequado para viajar e uso di\u00e1rio<\/li>\n<\/ul>\n<ol start=\"2\">\n<li>Efeitos visuais melhorados<\/li>\n<\/ol>\n<ul>\n<li>Representa\u00e7\u00e3o melhorada de cores em superf\u00edcies planas<\/li>\n<li>Melhor a textura com uma camada de base brilhante<\/li>\n<\/ul>\n<ol start=\"3\">\n<li>Experi\u00eancia de usu\u00e1rio melhorada<\/li>\n<\/ol>\n<ul>\n<li>Dois tipos de projetos de tampa atendem \u00e0s diversas necessidades<\/li>\n<li>O design interior plano minimiza o res\u00edduo do produto.<\/li>\n<\/ul>\n<ol start=\"4\">\n<li>Aumentar a imagem da marca<\/li>\n<\/ol>\n<ul>\n<li>Os projetos de tubos inovadores destacam a marca sua personalidade \u00fanica<\/li>\n<li>O artesanato de alto n\u00edvel reflete qualidade superior<\/li>\n<li><b><\/b><strong>Scen\u00e1rios de aplica\u00e7\u00e3o para o produto:<\/strong><\/li>\n<\/ul>\n<p>embalagem Bottles for High-end Skincare Brands: Innovative Product Lines<\/p>\n<ul>\n<li>Mercado de Kit de Viagens: frascos de amostra de kit de viagens de alto n\u00edvel<\/li>\n<li>Flasco de embalagem para homens s pele: design simples e minimalista<\/li>\n<li>Canal de pr\u00e9mio: embalagem garrafas de lojas de alto n\u00edvel<\/li>\n<li>Mercado isento de impostos: lojas isentas de impostos no aeroporto<\/li>\n<li>Mercado de doa\u00e7\u00f5es: Sets de doa\u00e7\u00f5es de neg\u00f3cios<\/li>\n<\/ul>","protected":false},"featured_media":2598,"comment_status":"closed","ping_status":"closed","template":"","meta":[],"product_brand":[],"product_cat":[34,27],"product_tag":[],"class_list":{"0":"post-2594","1":"product","2":"type-product","3":"status-publish","4":"has-post-thumbnail","6":"product_cat-facial-treatment","7":"product_cat-makeup-plastic-tube","9":"first","10":"instock","11":"shipping-taxable","12":"purchasable","13":"product-type-simple"},"_links":{"self":[{"href":"https:\/\/www.hongyitube.com\/pt\/wp-json\/wp\/v2\/product\/2594","targetHints":{"allow":["GET"]}}],"collection":[{"href":"https:\/\/www.hongyitube.com\/pt\/wp-json\/wp\/v2\/product"}],"about":[{"href":"https:\/\/www.hongyitube.com\/pt\/wp-json\/wp\/v2\/types\/product"}],"replies":[{"embeddable":true,"href":"https:\/\/www.hongyitube.com\/pt\/wp-json\/wp\/v2\/comments?post=2594"}],"wp:featuredmedia":[{"embeddable":true,"href":"https:\/\/www.hongyitube.com\/pt\/wp-json\/wp\/v2\/media\/2598"}],"wp:attachment":[{"href":"https:\/\/www.hongyitube.com\/pt\/wp-json\/wp\/v2\/media?parent=2594"}],"wp:term":[{"taxonomy":"product_brand","embeddable":true,"href":"https:\/\/www.hongyitube.com\/pt\/wp-json\/wp\/v2\/product_brand?post=2594"},{"taxonomy":"product_cat","embeddable":true,"href":"https:\/\/www.hongyitube.com\/pt\/wp-json\/wp\/v2\/product_cat?post=2594"},{"taxonomy":"product_tag","embeddable":true,"href":"https:\/\/www.hongyitube.com\/pt\/wp-json\/wp\/v2\/product_tag?post=2594"}],"curies":[{"name":"wp","href":"https:\/\/api.w.org\/{rel}","templated":true}]}}