{"id":2578,"date":"2025-08-21T19:45:23","date_gmt":"2025-08-21T11:45:23","guid":{"rendered":"https:\/\/www.hongyitube.com\/?post_type=product&#038;p=2578"},"modified":"2026-01-13T17:11:15","modified_gmt":"2026-01-13T09:11:15","slug":"35-oval-plastic-tubepe-plastic-tube-skin-care-makeup-cosmetics-plastic-tube-packaging-bottles","status":"publish","type":"product","link":"https:\/\/www.hongyitube.com\/pt\/product\/35-oval-plastic-tubepe-plastic-tube-skin-care-makeup-cosmetics-plastic-tube-packaging-bottles\/","title":{"rendered":"35 tubos de pl\u00e1stico oval, tubo de pl\u00e1stico PE, cuidado da pele, maquilhagem, cosm\u00e9ticos, garrafas de embalagem de tubos de pl\u00e1stico"},"content":{"rendered":"<p>Hongyi[UNK]Plastic\u03a635 tubo de pl\u00e1stico oval[UNK]Capacidade de preenchimento[UNK]35-50ml\/1,18-1,69fl.0z.<\/p>\n<p>Nossa garrafa de embalagem de tubos moles \u00e9 um tubo oval de 35 mm de alto n\u00edvel que mistura a est\u00e9tica da fluidez oval com tecnologia \u00f3ptica. A garrafa de tubo suave apresenta um projeto inovador de tubo oval de gradiente transparente\/rosa, alcan\u00e7ado atrav\u00e9s de um processo de impress\u00e3o curva tridimensional que cria um efeito visual de gradiente multi \u00e2ngulo. O corpo do tubo \u00e9 adornado com um padr\u00e3o de prata laser, combinado com um tamp\u00e3o interior plano e transparente. Essa configura\u00e7\u00e3o, juntamente com a tecnologia de selagem profissional, fornece uma solu\u00e7\u00e3o de embalagem de alto n\u00edvel para produtos de corte de pele de alto n\u00edvel com uma capacidade de 30-50 ml, oferecendo res\u00edduos zero e alta utiliza\u00e7\u00e3o. O design oval racionalizado n\u00e3o s\u00f3 aumenta o conforto de segurar a garrafa, mas tamb\u00e9m d\u00e1 ao produto uma distin\u00e7\u00e3o visual \u00fanica.<\/p>\n<p>Nossa embalagem de tubos suaves tem um corpo especial de cor gradiente com uma impress\u00e3o rosa (colorante feito por personalidade).<\/p>\n<ul>\n<li>Processo de forma\u00e7\u00e3o: corpo de tubo oval de 35mm, projetado com princ\u00edpios ergon\u00f4micos em mente<\/li>\n<li>T\u00e9cnicas \u00f3pticas de processamento:<\/li>\n<li>Coatura UV brilhante: Melhor a textura da superf\u00edcie<\/li>\n<li>artesanato decorativo:<\/li>\n<li>Pequenado de prata laser: efeito din\u00e2mico e iridescente<\/li>\n<li>Texto impresso em tela de seda: Limpar a informa\u00e7\u00e3o do produto<\/li>\n<li>Vem com uma inser\u00e7\u00e3o transparente em cima plana (design de res\u00edduos zero)<\/li>\n<li>Tecnologia de selagem de n\u00edvel especializado<\/li>\n<li>A tampa oval feita de material PP marr\u00e3o\/rosa completa perfeitamente a forma do corpo do tubo.<\/li>\n<\/ul>\n<p><strong><b>\u00a0<\/b><\/strong><strong><b>Aplica\u00e7\u00f5es recomendadas<\/b><\/strong><\/p>\n<p>Ess\u00eancia de Luxury Care Series Tube Soft Packaging Bottles: Ess\u00eancia de Ouro, Ess\u00eancia de Polvo de Diamante, Ess\u00eancia de Ingrediente Raro<\/p>\n<ul>\n<li>Ampulhas de alta concentra\u00e7\u00e3o: Ampulhas de repara\u00e7\u00e3o nocturna e essen\u00e7a de cuidado concentrado em garrafas de embalagem de tubos suaves<\/li>\n<li>\u00f3leo da pele de alto n\u00edvel: embalagem de tubos para \u00f3leo de ess\u00eancia facial e misturas essenciais complexas<\/li>\n<li>Produtos personalizados: embalagem de tubos suaves e embalagem de garrafas para uma s\u00e9rie personalizada de carne de pele<\/li>\n<li>Collector de Dares s Edition: Um produto de edi\u00e7\u00e3o limitada&#8217; embalagem de tubos suaves e garrafa<\/li>\n<\/ul>\n<h3><strong><b>Atributos do produto\u00a0<\/b><\/strong><\/h3>\n<p>Est\u00e9tica elipt\u00e9tica de fluidos<\/p>\n<ul>\n<li>O corpo de tubo oval 35 mm \u00e9 ergonomicamente projetado<\/li>\n<li>Design simplificado aumenta o conforto durante o tratamento<\/li>\n<\/ul>\n<p>Efeitos \u00f3pticos tridimensionais<\/p>\n<ul>\n<li>Tecnologia de impress\u00e3o gradual de superf\u00edcie curva tridimensional<\/li>\n<li>Visualiza\u00e7\u00e3o de m\u00faltiplos \u00e2ngulos resulta em diversos efeitos visuais<\/li>\n<\/ul>\n<p>Sistema de Res\u00edduos Zero<\/p>\n<ul>\n<li>Design transparente do selo interior de cima plana<\/li>\n<li>A taxa de utiliza\u00e7\u00e3o do conte\u00fado atinge 99,2%<\/li>\n<li>Garantia de duplo selo<\/li>\n<li>Fogo interior de cima plana, foco profissional<\/li>\n<li>Assurando a fresca e poten\u00e7a do produto<\/li>\n<\/ul>\n<p>Textura e apar\u00eancia de alto n\u00edvel<\/p>\n<ul>\n<li>A marca quente de prata laser para um senso de luxo melhorado<\/li>\n<li>A tampa em forma oval completa perfeitamente o corpo do tubo.<\/li>\n<\/ul>","protected":false},"excerpt":{"rendered":"<ul>\n<li><b><\/b><strong><b>Design de Tube Body<\/b><\/strong>.<\/li>\n<li>O conceito de design desta embalagem de mangueiras \u00e9 uma fus\u00e3o de &#8220; mec\u00e2nica flu\u00edda  and &#8220; arte \u00f3ptica.&#8221;<\/li>\n<li>Design Estrutural: Cruzamento el\u00edptico para refor\u00e7o do conforto de agarramento<\/li>\n<li>Integra\u00e7\u00e3o inofensiva entre a inser\u00e7\u00e3o de cima plana e o corpo do tubo<\/li>\n<li>Fluxo gradual de cores tridimensional no sistema \u00f3ptico<\/li>\n<li>Os efeitos mudantes da prata-laser em diferentes condi\u00e7\u00f5es de ilumina\u00e7\u00e3o<\/li>\n<li>Combina\u00e7\u00e3o de cores com gradiente transparente: vibra\u00e7\u00e3o tecnol\u00f3gica pura e futurista<\/li>\n<li>Gradiente rosa: Sentimento suave e luxuoso<\/li>\n<li>O design de tampa oval e racionalizado complementa o corpo cilindrico, criando uma apar\u00eancia visualmente coesa.<\/li>\n<\/ul>","protected":false},"featured_media":2591,"comment_status":"closed","ping_status":"closed","template":"","meta":[],"product_brand":[],"product_cat":[34,27],"product_tag":[],"class_list":{"0":"post-2578","1":"product","2":"type-product","3":"status-publish","4":"has-post-thumbnail","6":"product_cat-facial-treatment","7":"product_cat-makeup-plastic-tube","9":"first","10":"instock","11":"shipping-taxable","12":"purchasable","13":"product-type-simple"},"_links":{"self":[{"href":"https:\/\/www.hongyitube.com\/pt\/wp-json\/wp\/v2\/product\/2578","targetHints":{"allow":["GET"]}}],"collection":[{"href":"https:\/\/www.hongyitube.com\/pt\/wp-json\/wp\/v2\/product"}],"about":[{"href":"https:\/\/www.hongyitube.com\/pt\/wp-json\/wp\/v2\/types\/product"}],"replies":[{"embeddable":true,"href":"https:\/\/www.hongyitube.com\/pt\/wp-json\/wp\/v2\/comments?post=2578"}],"wp:featuredmedia":[{"embeddable":true,"href":"https:\/\/www.hongyitube.com\/pt\/wp-json\/wp\/v2\/media\/2591"}],"wp:attachment":[{"href":"https:\/\/www.hongyitube.com\/pt\/wp-json\/wp\/v2\/media?parent=2578"}],"wp:term":[{"taxonomy":"product_brand","embeddable":true,"href":"https:\/\/www.hongyitube.com\/pt\/wp-json\/wp\/v2\/product_brand?post=2578"},{"taxonomy":"product_cat","embeddable":true,"href":"https:\/\/www.hongyitube.com\/pt\/wp-json\/wp\/v2\/product_cat?post=2578"},{"taxonomy":"product_tag","embeddable":true,"href":"https:\/\/www.hongyitube.com\/pt\/wp-json\/wp\/v2\/product_tag?post=2578"}],"curies":[{"name":"wp","href":"https:\/\/api.w.org\/{rel}","templated":true}]}}