{"id":2574,"date":"2025-08-21T19:35:23","date_gmt":"2025-08-21T11:35:23","guid":{"rendered":"https:\/\/www.hongyitube.com\/?post_type=product&#038;p=2574"},"modified":"2026-01-13T13:22:27","modified_gmt":"2026-01-13T05:22:27","slug":"30-pump-head-plastic-tubetoiletries-raw-materials-and-semi-finished-product-packaging-bottles-2","status":"publish","type":"product","link":"https:\/\/www.hongyitube.com\/pt\/product\/30-pump-head-plastic-tubetoiletries-raw-materials-and-semi-finished-product-packaging-bottles-2\/","title":{"rendered":"30 tubos pl\u00e1sticos de bomba de cabe\u00e7a, mat\u00e9rias-toaletes, mat\u00e9rias-primas e embalagens de produtos semiacabados-2"},"content":{"rendered":"<p>Hongyi[UNK]Plastic\u03a630 open-end, round pump nozzle flexible tube[UNK]filling Capacity[UNK]30-45ml\/1,00-1,52fl.0z.<\/p>\n<p>Este produto \u00e9 um tubo de bomba de arte de 30 mm que mistura sem parafuso a est\u00e9tica rica e inspirada pelo russo com t\u00e9cnicas modernas de embalagem cosm\u00e9tica. O tubo o corpo \u00e9 uma base branca pura, com um padr\u00e3o cl\u00e1ssico de bonecas de ninho russas coloridas replicado atrav\u00e9s de uma excelente tecnologia de impress\u00e3o offset. As cores s\u00e3o vibrantes, e os detalhes s\u00e3o ricos. Quando parejado com uma cabe\u00e7a de bomba de pato ou galinha e uma cobertura externa transparente, ela cria um contraste visual impressionante entre tradi\u00e7\u00e3o e modernidade. O design open-end permite preencher at\u00e9 30-50 ml, tornando-o n\u00e3o apenas uma solu\u00e7\u00e3o pr\u00e1tica de embalagem para sua marca, mas tamb\u00e9m aumentando seu apelo art\u00edstico. Se voc\u00ea est\u00e3o procurando solu\u00e7\u00f5es de embalagem para sua marca&#8217; s produtos, somos a sua melhor escolha!<\/p>\n<p>Corpo: Material branco, de uma camada PE (polietileno). Flexibilidade excepcional, estabilidade qu\u00edmica e seguran\u00e7a fazem com que seja uma escolha vers\u00e1til e segura para embalagens cosm\u00e9ticos. O corpo branco assegura uma representa\u00e7\u00e3o precisa e vibrante do padr\u00e3o de boneca de ninho.<\/p>\n<ul>\n<li>Maquinaria de padr\u00f5es: impress\u00e3o offset de alta defini\u00e7\u00e3o. Este m\u00e9todo permite esquemas de cores complexos e variados, bem como linhas finas, tornando-o duradouro e mantendo sua apar\u00eancia ao longo do tempo.<\/li>\n<li>Cabe\u00e7a de bomba:<\/li>\n<\/ul>\n<p>&nbsp;<\/p>\n<ul>\n<li>Op\u00e7\u00f5es: Cabe\u00e7as de bomba de bico\/bico de pato de cor negra, branca ou personalizada (feitas de material PP) para atender a v\u00e1rios estilos de marca.<\/li>\n<li>Cobertura externa: Uma cobertura externa feita de material PP ou PS de alta transpar\u00eancia, que efetivamente evita poeira e manchas ao mesmo tempo que permite que o exquisito design art\u00edstico do corpo do tubo e o brilho brilhante da cabe\u00e7a da bomba sejam plenamente apreciados.<\/li>\n<li>Final: Designed with an open end (OFC), making it easy and efficient to fill 30-50 ml of cream or lotion with precision.<\/li>\n<\/ul>\n<p><strong><b>Aplica\u00e7\u00f5es recomendadas<\/b><\/strong><strong><b>\u00a0<\/b><\/strong><\/p>\n<p>Ess\u00eancia de alto desempenho\/embalagem de tubo suave de creme\/garrafa de distribui\u00e7\u00e3o de tubo suave\/viagem e embalagem de transporte: essen\u00e7a antienvelhecimento, essen\u00e7a de repara\u00e7\u00e3o em todo o redor, essen\u00e7a de branqueamento e creme de ess\u00eancia espessa e rica.<\/p>\n<ul>\n<li>Embalagem luxuosa de creme de m\u00e3o\/tubo de lot\u00e3o corporal\/garrafas de distribui\u00e7\u00e3o de tubos suaves\/garrafas de embalagem de tamanho de viagem: Como produtos de cuidado corporal ou de m\u00e3o de alto valor acrescentado, sua apar\u00eancia art\u00edstica pode estimular o desejo de comprar.<\/li>\n<li>Creme de massagem ligeira\/M\u00e1scara de Lava\u00e7\u00e3o de \u00e1gua embalagem de tubos suaves\/Botelha de Dispens\u00e3o de Tubos suaves\/Botelha de Empaquetamento Amigo de Viagens: Um produto baseado em creme que requer uma certa quantidade para cuidados efetivos.<\/li>\n<li>Creme de protec\u00e7\u00e3o solar de alto n\u00edvel\/embalagem de tubos moles de maquilhagem\/garrafa de distribui\u00e7\u00e3o de tubos moles\/garrafa de tamanho de viagem: um produto que combina prote\u00e7\u00e3o di\u00e1ria com benef\u00edcios de nutri\u00e7\u00e3o cut\u00e2nea.<\/li>\n<li>Festive Limited Edition\/Gift-Specific Products: Products designed to be used as high-end gifts or as special edition items for holidays.<\/li>\n<\/ul>\n<h3>1.\u00a0 <strong><b>Atributos do produto\u00a0<\/b><\/strong><\/h3>\n<p><strong><b>Est\u00e9tica cultural forte: <\/b><\/strong><\/p>\n<p>O design de bonecas russas de ninho \u00e9 inerentemente art\u00edstico e ex\u00f3tico, com um forte elemento narrativo. \u00c9 altamente ornamental e tem coletividade significativa, instantaneamente aumentando o apelo global do produto.<\/p>\n<p><strong><b>\u00a0Embalagem pr\u00e1tica de alta capacidade:<\/b><\/strong><\/p>\n<p>O di\u00e2metro do tubo de 30 mm e o design de ponta aberta perfeitamente acomodam conte\u00fados variando de 30 a 50 ml, encontrando os consumidores&#8217; - exig\u00eancias para a durabilidade dos produtos de tamanho completo e destacando o produto&#8217; o valor pelo dinheiro.<\/p>\n<p><strong><b>Dispens\u00e3o e Preserva\u00e7\u00e3o Precisas<\/b><\/strong>:<\/p>\n<p>A cabe\u00e7a da bomba de baco de galinha\/baco de pato permite controlar exatamente a quantidade dispensada em um momento, prevenindo res\u00edduos e assegurando higiene. O sistema de cabe\u00e7a da bomba o selo \u00e9 superior ao de um tamp\u00e3o normal, preservando melhor a pot\u00eancia do conte\u00fado.<\/p>\n<p><strong><b>Contraste visual e impacto: <\/b><\/strong><\/p>\n<p>A colis\u00e3o entre o padr\u00e3o tradicional de boneca de ninho e a cabe\u00e7a futurista de bomba de prata cria uma tens\u00e3o visual \u00fanica, fazendo o produto destacar nas prateleiras da loja.<\/p>\n<p><strong><b>Experi\u00eancia melhorada do usu\u00e1rio: <\/b><\/strong><\/p>\n<p>O design da cabe\u00e7a da bomba oferece um modo de uso mais elegante, conveniente e higi\u00e9nico comparado aos sistemas tradicionais de mangueiras, aumentando assim a satisfa\u00e7\u00e3o dos usu\u00e1rios.<\/p>\n<p>&nbsp;<\/p>","protected":false},"excerpt":{"rendered":"<ul>\n<li><b><\/b><strong><b>Design de Tube Body<\/b><\/strong>.<\/li>\n<li><strong><b> Tema de design<\/b><\/strong>: Arte popular russa. O padr\u00e3o da boneca de ninho simboliza surpresa, heran\u00e7a e b\u00ean\u00e7\u00e3os, e \u00e9 rico em valor emocional, tornando f\u00e1cil estabelecer uma conex\u00e3o emocional com os consumidores.<\/li>\n<li><strong><b> Sistema de Cores: <\/b><\/strong>Os padr\u00f5es coloridos de bonecas de ninho florescem brilhantemente no corpo do tubo branco, com contrastes de cores impressionantes que o tornam altamente visualmente atraente.<\/li>\n<li><strong><b> Nivel de detalhe: \u00a0<\/b><\/strong><\/li>\n<li><strong><b> Corpo Principal:<\/b><\/strong>Design de ferramentas de alta defini\u00e7\u00e3o, colorido e complexo.<\/li>\n<li><strong><b> Acento: <\/b><\/strong>O logotipo da marca pode ser colocado em uma localiza\u00e7\u00e3o adequada no corpo do tubo usando t\u00e9cnicas como selo de folha de ouro, selo de folha de prata ou impress\u00e3o de tela de seda.<\/li>\n<li><strong><b> Informa\u00e7\u00e3o: <\/b><\/strong>A informa\u00e7\u00e3o do produto \u00e9 impressa no lado inverso do corpo do tubo.<\/li>\n<li><strong><b> Compatibilidade da cabe\u00e7a da bomba:<\/b><\/strong><\/li>\n<li>\u00c9 altamente recomendado usar a cabe\u00e7a da bomba de prata eletropladada, pois sua sensa\u00e7\u00e3o met\u00e1lica fria complementa os padr\u00f5es quentes e inspirados pelo povo, criando uma mistura fascinante e sofisticada.<\/li>\n<li>A cabe\u00e7a da bomba branca exude um senso de pureza e unidade; A cabe\u00e7a da bomba negra cria uma aura de luxo e mist\u00e9rio.<\/li>\n<\/ul>\n<p><strong><b>Aumentar a imagem das marcas: <\/b><\/strong>Materiales de embalagem e garrafas art\u00edsticas transmitem diretamente a marca&#8217; s patrim\u00f4nio cultural e capacidades criativas, ajudando a marca a se afastar da concorr\u00eancia homogeneizada e estabelecer uma imagem de alto n\u00edvel e sofisticada.<\/p>\n<ul>\n<li><strong><b> Empowering Marketing Story: <\/b><\/strong>O conceito de &#8220; surpresas inesperadas com cada camada aberta da boneca russa pode ser inteligentemente integrada com o produto s ponto de venda de &#8220; camadas de repara\u00e7\u00e3o e alimenta\u00e7\u00e3o profunda,&#8221; - tornando mais f\u00e1cil criar conte\u00fado e promover o produto.<\/li>\n<li><strong><b> Dois de alto valor acrescentado:<\/b><\/strong>Sua apar\u00eancia art\u00edstica e seu exquisito sentimento fazem delas uma escolha excelente para presentes de alto n\u00edvel, perfeita para marketing de f\u00e9rias e conjuntos de caixas de presentes, aumentando significativamente as vendas.<\/li>\n<li><strong><b> Adapta\u00e7\u00e3o flex\u00edvel: <\/b><\/strong>Oferece m\u00faltiplas op\u00e7\u00f5es de cor para as cabe\u00e7as da bomba, permitindo que as marcas os acompanhem com seu pr\u00f3prio sistema de identidade visual (VI) para personaliza\u00e7\u00e3o personalizada.<\/li>\n<\/ul>\n<p><strong><b>Embalagem de frascos\/material de mangueiras de marca interind\u00fastria:<\/b><\/strong>\u00a0Marcas que pretendem criar produtos com profundidade cultural e caracter\u00edsticas memor\u00e1veis s\u00e3o bem adequadas para colabora\u00e7\u00f5es no setor das artes culturais.<\/p>\n<ul>\n<li><strong><b> Festive Limited Edition Market:<\/b><\/strong>A embalagem preferida para produtos de edi\u00e7\u00e3o limitada espec\u00edficos de f\u00e9rias como Natal e Valentino&#8217; os itens do Dia.<\/li>\n<li><strong><b> Lojas de cole\u00e7\u00e3o de beleza e embalagens de viagem de embalagens de retalho\/embalagens de tubos suaves:<\/b><\/strong>Em canais de alto tr\u00e2nsito desconectados como Sephora e Watson&#8217; s, bem como lojas sem impostos, sua apar\u00eancia pode efetivamente atrair clientes para parar e comprar.<\/li>\n<li><strong><b> Embalagem de garrafas\/embalagem de tubos suaves para supermercados boutiques e lojas de presente: <\/b><\/strong>Estes s\u00e3o usados para cortes de pele de alto alcance ou produtos de cuidado \u00e0 m\u00e3o e est\u00e3o dispon\u00edveis em canais prim\u00e1rios como Ole&#8217; e a cidade super, bem como lojas de cadernos especializados.<\/li>\n<li><strong><b> Uma s\u00e9rie de produtos de marca embalagem frascos\/material de embalagem de tubos suaves:<\/b><\/strong>Usado para produtos ou s\u00e9ries que representam a marca&#8217; o tom da marca e a habilidade em design.<\/li>\n<\/ul>\n<p>Esse tubo Soft Packaging Pump Head integra com sucesso o valor emocional, o valor art\u00edstico e o valor funcional da sua marca. N\u00e3o \u00e9 apenas uma embalagem; \u00c9 uma ponte para comunica\u00e7\u00e3o emocional entre sua marca e consumidores. \u00c9 uma arma estrat\u00e9gica que pode ajudar seu produto a ganhar aten\u00e7\u00e3o, ganhar favor, e finalmente dominar o mercado em um ambiente competitivo!<\/p>","protected":false},"featured_media":2575,"comment_status":"closed","ping_status":"closed","template":"","meta":[],"product_brand":[],"product_cat":[28,36],"product_tag":[],"class_list":{"0":"post-2574","1":"product","2":"type-product","3":"status-publish","4":"has-post-thumbnail","6":"product_cat-functional-plastic-tube","7":"product_cat-pump-head-plastic-tube","9":"first","10":"instock","11":"shipping-taxable","12":"purchasable","13":"product-type-simple"},"_links":{"self":[{"href":"https:\/\/www.hongyitube.com\/pt\/wp-json\/wp\/v2\/product\/2574","targetHints":{"allow":["GET"]}}],"collection":[{"href":"https:\/\/www.hongyitube.com\/pt\/wp-json\/wp\/v2\/product"}],"about":[{"href":"https:\/\/www.hongyitube.com\/pt\/wp-json\/wp\/v2\/types\/product"}],"replies":[{"embeddable":true,"href":"https:\/\/www.hongyitube.com\/pt\/wp-json\/wp\/v2\/comments?post=2574"}],"wp:featuredmedia":[{"embeddable":true,"href":"https:\/\/www.hongyitube.com\/pt\/wp-json\/wp\/v2\/media\/2575"}],"wp:attachment":[{"href":"https:\/\/www.hongyitube.com\/pt\/wp-json\/wp\/v2\/media?parent=2574"}],"wp:term":[{"taxonomy":"product_brand","embeddable":true,"href":"https:\/\/www.hongyitube.com\/pt\/wp-json\/wp\/v2\/product_brand?post=2574"},{"taxonomy":"product_cat","embeddable":true,"href":"https:\/\/www.hongyitube.com\/pt\/wp-json\/wp\/v2\/product_cat?post=2574"},{"taxonomy":"product_tag","embeddable":true,"href":"https:\/\/www.hongyitube.com\/pt\/wp-json\/wp\/v2\/product_tag?post=2574"}],"curies":[{"name":"wp","href":"https:\/\/api.w.org\/{rel}","templated":true}]}}