{"id":2564,"date":"2025-08-21T19:32:23","date_gmt":"2025-08-21T11:32:23","guid":{"rendered":"https:\/\/www.hongyitube.com\/?post_type=product&#038;p=2564"},"modified":"2026-01-13T13:27:51","modified_gmt":"2026-01-13T05:27:51","slug":"30-pump-head-plastic-tubetoiletries-raw-materials-and-semi-finished-product-packaging-bottles-1","status":"publish","type":"product","link":"https:\/\/www.hongyitube.com\/pt\/product\/30-pump-head-plastic-tubetoiletries-raw-materials-and-semi-finished-product-packaging-bottles-1\/","title":{"rendered":"tubo de pl\u00e1stico de cabe\u00e7a de bomba de di\u00e2metro de 30 mm, mat\u00e9rias-toaletes, mat\u00e9rias-primas e embalagens de produtos semiacabados-1"},"content":{"rendered":"<p>Hongyi[UNK]Plastic\u03a630 pump head plastic tube[UNK]filling Capacity[UNK]30-45ml\/1,00-1,52fl.0z.<\/p>\n<p>Nossa mangueira de bomba redonda de di\u00e2metro de 30 mm orientada para o mercado apresenta uma base feita de tubos brancos puros, adornada com um gradiente sonhado de cores azuis, verdes, rosas e p\u00farpuras. O logotipo da marca \u00e9 destacado atrav\u00e9s de um processo de selagem quente de prata laser, criando uma est\u00e9tica semelhante \u00e0 aurora borealis. Pode ser parejado com uma cabe\u00e7a de bomba de prata placada para melhorar o senso da tecnologia futurista. O design de selagem assegura a preserva\u00e7\u00e3o \u00f3ptima do conte\u00fado (30-45 ml), tornando-o a solu\u00e7\u00e3o de embalagem final para definir produtos de n\u00edvel de bandeira em sua marca.<\/p>\n<p>Corpo: Material de PE branco, de camada \u00fanica, com cor de base pura, assegurando que as cores gradientes sejam mostradas perfeitamente e vivamente. O material PE possui excelente estabilidade qu\u00edmica e propriedades protetoras.<\/p>\n<ul>\n<li>T\u00e9cnica de cores: Impress\u00e3o gradual em cores azuis, verdes, rosas e p\u00farpuras, com uma transi\u00e7\u00e3o natural e suave que exude um senso de fantasia e artistia, tornando-o extremamente atraente visualmente.<\/li>\n<li>Logo\/padr\u00e3o artesanato: prata gravada por laser, que mostra um efeito brilhante e constantemente mudante sob v\u00e1rios \u00e2ngulos de luz. A textura de alto n\u00edvel aumenta muito a marca \u00e9 identifica\u00e7\u00e3o e sentimento de luxo.<\/li>\n<li>Tratamento de textura: Impress\u00e3o de tela de seda para garantir que a informa\u00e7\u00e3o do produto seja clara e duradoura, criando um equil\u00edbrio entre funcionalidade e apelo est\u00e9tico com a superf\u00edcie decorativa vibrante.<\/li>\n<li>Cabe\u00e7a de bomba: Ofere m\u00faltiplas op\u00e7\u00f5es de alto n\u00edvel:<\/li>\n<li>Cabe\u00e7a de bomba de bico de prata eletroplada (preferida): completa perfeitamente a embosca\u00e7\u00e3o de prata laser, refor\u00e7ando o sentimento futurista.<\/li>\n<li>Negro\/Branco\/Cor Personal Chicken\/Duck Nose Pump Heads: Designed to meet the customized requirements of various brands&#8217; - sistemas de cores.<\/li>\n<li>Cobertura externa: Uma cobertura externa de alta transpar\u00eancia que proporciona prote\u00e7\u00e3o abrangente para a cabe\u00e7a da bomba, ao mesmo tempo que permite que o design impressionante do corpo do tubo seja plenamente apreciado.<\/li>\n<li>Final: Design Controlled Release Barrier (CRB) assegura selagem \u00f3ptima, proporcionando prote\u00e7\u00e3o perfeita para conte\u00fados de alto valor e alta atividade variando de 30 a 45 ml.<\/li>\n<\/ul>\n<p><strong><b>Aplica\u00e7\u00f5es recomendadas<\/b><\/strong><strong><b>\u00a0\"<\/b><\/strong>Nossa garrafa de embalagem de tubos suaves, com seu excelente desempenho de selagem e apar\u00eancia de cima, \u00e9 especificamente projetada para linhas de produto b\u00e1sico de marcas:<\/p>\n<p>&nbsp;<\/p>\n<ul>\n<li>Flagship-level essence packaging bottles: Anti-aging and Tightening Essence, Universal Repair Essence, and High Concentration Enhancement Essence.<\/li>\n<li>Essence Cream\/Luxurious Moisturizing Lotion Bottle: Um produto rico e de alto desempenho de creme umidificador.<\/li>\n<li>Envase de M\u00e1scara de Repara\u00e7\u00e3o Intensiva: M\u00e1scara de Repara\u00e7\u00e3o Intensiva, lav\u00e1vel em \u00e1gua, com base em creme.<\/li>\n<li>Crima de protec\u00e7\u00e3o solar de alto n\u00edvel: Um produto de protec\u00e7\u00e3o solar de alta efici\u00eancia que oferece prote\u00e7\u00e3o di\u00e1ria e benef\u00edcios alimentares da pele.<\/li>\n<li>Produtos de linha profissional: Produtos de carne de pele projetados para uso em sal\u00f5es de beleza ou em ambientes de spa de alto n\u00edvel.<\/li>\n<\/ul>\n<h3>1.\u00a0 <strong><b>Atributos do produto\u00a0<\/b><\/strong><\/h3>\n<p><strong><b>Festa Visual:<\/b><\/strong><\/p>\n<p>As cores de gradiente sonhosas combinadas com o bloqueio quente de prata laser criam um efeito visual din\u00e2mico que muda com a luz, exudando luxo, mist\u00e9rio e um sentimento futurista que deixa uma impress\u00e3o duradoura.<\/p>\n<p><strong><b>A \u00faltima preserva\u00e7\u00e3o: <\/b><\/strong><\/p>\n<p>O design de selagem fornece um desempenho de selagem l\u00edder da ind\u00fastria, assegurando que o conte\u00fado mant\u00e9m seu maior n\u00edvel de atividade e puridade desde o momento da produ\u00e7\u00e3o at\u00e9 o \u00faltimo momento antes de serem consumidos pelo consumidor.<\/p>\n<p><strong><b>Experi\u00eancia de uso profissional:<\/b><\/strong><\/p>\n<p>A cabe\u00e7a da bomba de baco de galinha\/baco de pato fornece uso preciso e control\u00e1vel, \u00e9 higi\u00e9nico e conveniente, e \u00e9 particularmente adequada para produtos de creme espesso e oleoso para prevenir o uso excessivo ou contamina\u00e7\u00e3o.<\/p>\n<p><strong><b>Materiales e artesanato de alto n\u00edvel:<\/b><\/strong>\u00a0O uso de processos como cabe\u00e7as de bomba de prata e selos gravados por laser destaca a qualidade excepcional do produto e a marca&#8217; a persegui\u00e7\u00e3o in \u00fatil de excel\u00eancia, mesmo nos menores detalhes.<\/p>\n<p><strong><b>\u00a0Paquete de Valor de alta capacidade:<\/b><\/strong>\u00a0A capacidade de 30-45 ml encontra os consumidores. expectativas para a durabilidade de produtos de tamanho completo, destacando o valor do produto.<\/p>","protected":false},"excerpt":{"rendered":"<ul>\n<li><b><\/b><strong><b>Design de Tube Body<\/b><\/strong>.<\/li>\n<\/ul>\n<p>Conceito de Design: Combinando a qualidade sonhosa de &#8220; aurora natural - com o sentimento futurista de &#8220; gal\u00e1xia interestrelar. &#8221; atrav\u00e9s da transforma\u00e7\u00e3o de cores e luz, o design transmite a marca a abordagem futura da tecnologia e sua aprecia\u00e7\u00e3o pela est\u00e9tica art\u00edstica.<\/p>\n<ul>\n<li>Sistema de Cores:<\/li>\n<li>Gradiente azul: transmite tecnologia, repara\u00e7\u00e3o, calma e um senso de confian\u00e7a.<\/li>\n<li>Gradiente Verde: Converte sensa\u00e7\u00f5es naturais, puras, anti-irritantes e revitalizantes.<\/li>\n<li>Gradiente rosa: transmite suavidade, radi\u00e2ncia, umidade e femininidade.<\/li>\n<li>Gradiente p\u00farpuro: transmite luxo, mist\u00e9rio, antienvelhecimento e qualidades empoderando.<\/li>\n<li>Camadas detalhadas: O design consiste em tr\u00eas camadas: a camada de base (gradualmente mudando cores), a camada m\u00e9dia (informa\u00e7\u00e3o marcada), e a camada de cima (laser silver hot stamping). As camadas s\u00e3o ricas e cheias de detalhes.<\/li>\n<li>Paramento de cabe\u00e7a de bomba: A cabe\u00e7a de bomba de prata eletropl\u00e1tada \u00e9 o toque final do design geral. \u00c9 altamente recomendado para alcan\u00e7ar um pico de unidade visual.<\/li>\n<\/ul>\n<p>&nbsp;<\/p>\n<p><strong>Avantagens do produto:<\/strong><\/p>\n<p>Define o pico da sua marca: Esta s\u00e9rie de embalagens \u00e9 um s\u00edmbolo da sua marca&#8217; \u00e9 habilidade tecnol\u00f3gica e excel\u00eancia est\u00e9tica. Pode ser usado para definir sua marca o produto principal e diretamente melhorar o senso geral de sofistica\u00e7\u00e3o associado \u00e0 sua marca.<\/p>\n<ul>\n<li>Atra\u00e7\u00e3o da Plataforma Invenc\u00edvel: Os efeitos visuais extremamente complexos e sofisticados tornam-no um ponto focal visual absoluto em qualquer canal de vendas, desenhando os consumidores para capt\u00e1-lo ativamente, tirar fotos e compartilh\u00e1-los.<\/li>\n<li>Adapta\u00e7\u00e3o profunda: De transi\u00e7\u00f5es graduales de cores para a cor da cabe\u00e7a da bomba, existem v\u00e1rias op\u00e7\u00f5es de personaliza\u00e7\u00e3o dispon\u00edveis, permitindo \u00e0s marcas criar embalagens que s\u00e3o \u00fanicamente deles e fortemente associadas \u00e0 sua identidade de marca.<\/li>\n<li>Enhanced unboxing experience: From the moment the packaging is opened, the product can provide a sense of pleasure similar to that of a luxury item, significantly boosting users&#8217; - sentido de valor e lealdade em rela\u00e7\u00e3o \u00e0 marca.<\/li>\n<li>Comercializa\u00e7\u00e3o de conte\u00fado mina de ouro: A apar\u00eancia de alto apelo tem atributos inerentes de compartilhamento social, fornecendo um fluxo constante de conte\u00fado de alta qualidade para a m\u00eddia social marca (Red Note, Douyin, Instagram, etc.).<\/li>\n<\/ul>\n<p>&nbsp;<\/p>\n<p><b><\/b><strong>Scen\u00e1rios de aplica\u00e7\u00e3o para o produto:<\/strong><\/p>\n<p><strong><b>Marca de corte luxuosa:<\/b><\/strong>\u00a0Usado para a marca&#8217; s s \u00e9rie de ouro negro de alto n\u00edvel, s\u00e9rie de platino, ou coletivos de edi\u00e7\u00f5es limitadas.<\/p>\n<ul>\n<li><strong><b> Marca de pele dirigida pela tecnologia: <\/b><\/strong>Marcas que enfatizam ingredientes propriet\u00e1rios, fundo baseado em laborat\u00f3rios, e tecnologia moderna, com embalagens que exudem um sentimento futurista que se alinha perfeitamente com a imagem de sua marca.<\/li>\n<li><strong><b> Entrada no Concurso do Pr\u00eamio de Beleza: <\/b><\/strong>Este tipo de embalagem \u00e9 altamente competitivo e adequado para competir em pr\u00eamios de design e inova\u00e7\u00e3o dentro da ind\u00fastria.<\/li>\n<li>Departamentos de alto n\u00edvel e canais isentos de direitos: Vendidos em canais de alto n\u00edvel como Sephora, Harrods e Dubai Duty Free, o produto&#8217; a apar\u00eancia corresponde perfeitamente \u00e0 natureza de escala destas canais.<\/li>\n<li><strong><b> Celebridade colabora\u00e7\u00e3o co-marcada com artistas: <\/b><\/strong>Como um ve\u00edculo para colabora\u00e7\u00f5es interind\u00fastrias, seu apelo art\u00edstico e unicidade atendem \u00e0s necessidades de ambas as partes envolvidas na parceria.<\/li>\n<\/ul>\n<p>Isto Fantasia da Gal\u00e1xia O tubo suave de cabe\u00e7a de bomba de alto n\u00edvel n\u00e3o \u00e9 apenas um recipiente de embalagem; \u00e9 uma obra de arte colet\u00e1vel, uma declara\u00e7\u00e3o da marca&#8217; \u00e9 habilidade tecnol\u00f3gica, e um fornecedor de uma experi\u00eancia de usu\u00e1rio n\u00e3o comparada. Ela \u00e9 projetada para ajudar a marca a conquistar os clientes de alto n\u00edvel mais discernos e estabelecer uma vantagem visual e tecnol\u00f3gica indisput\u00e1vel em um mercado altamente competitivo.<\/p>","protected":false},"featured_media":2572,"comment_status":"closed","ping_status":"closed","template":"","meta":[],"product_brand":[],"product_cat":[28,36],"product_tag":[],"class_list":{"0":"post-2564","1":"product","2":"type-product","3":"status-publish","4":"has-post-thumbnail","6":"product_cat-functional-plastic-tube","7":"product_cat-pump-head-plastic-tube","9":"first","10":"instock","11":"shipping-taxable","12":"purchasable","13":"product-type-simple"},"_links":{"self":[{"href":"https:\/\/www.hongyitube.com\/pt\/wp-json\/wp\/v2\/product\/2564","targetHints":{"allow":["GET"]}}],"collection":[{"href":"https:\/\/www.hongyitube.com\/pt\/wp-json\/wp\/v2\/product"}],"about":[{"href":"https:\/\/www.hongyitube.com\/pt\/wp-json\/wp\/v2\/types\/product"}],"replies":[{"embeddable":true,"href":"https:\/\/www.hongyitube.com\/pt\/wp-json\/wp\/v2\/comments?post=2564"}],"wp:featuredmedia":[{"embeddable":true,"href":"https:\/\/www.hongyitube.com\/pt\/wp-json\/wp\/v2\/media\/2572"}],"wp:attachment":[{"href":"https:\/\/www.hongyitube.com\/pt\/wp-json\/wp\/v2\/media?parent=2564"}],"wp:term":[{"taxonomy":"product_brand","embeddable":true,"href":"https:\/\/www.hongyitube.com\/pt\/wp-json\/wp\/v2\/product_brand?post=2564"},{"taxonomy":"product_cat","embeddable":true,"href":"https:\/\/www.hongyitube.com\/pt\/wp-json\/wp\/v2\/product_cat?post=2564"},{"taxonomy":"product_tag","embeddable":true,"href":"https:\/\/www.hongyitube.com\/pt\/wp-json\/wp\/v2\/product_tag?post=2564"}],"curies":[{"name":"wp","href":"https:\/\/api.w.org\/{rel}","templated":true}]}}