{"id":2559,"date":"2025-08-21T19:27:22","date_gmt":"2025-08-21T11:27:22","guid":{"rendered":"https:\/\/www.hongyitube.com\/?post_type=product&#038;p=2559"},"modified":"2026-01-13T13:32:24","modified_gmt":"2026-01-13T05:32:24","slug":"25-pump-head-plastic-tubetoiletries-raw-materials-and-semi-finished-product-packaging-bottles","status":"publish","type":"product","link":"https:\/\/www.hongyitube.com\/pt\/product\/25-pump-head-plastic-tubetoiletries-raw-materials-and-semi-finished-product-packaging-bottles\/","title":{"rendered":"25 tubos de pl\u00e1stico de bomba de cabe\u00e7a, mat\u00e9rias-toaletes, mat\u00e9rias-primas e garrafas de embalagem de produtos semiacabados"},"content":{"rendered":"<p>Hongyi[UNK]Plastic\u03a625 pump head plastic tube[UNK]filling Capacity[UNK]20-40ml\/0,68-1,35fl.oz.<\/p>\n<p>Nossa mangueira de cabe\u00e7a de bomba redonda de di\u00e2metro grande de 25 mm apresenta um rico padr\u00e3o de arte russo de bonecas de ninho combinado com uma cabe\u00e7a moderna, profissional de cana e bomba de frango. N\u00e3o \u00e9 apenas cheio de encanto ex\u00f3tico e coleta de interesse, mas tamb\u00e9m proporciona uma experi\u00eancia precisa e higi\u00e9nica de uso. O design de ponta aberta suporta preenchimento de grande capacidade de 20-40 ml, parejado com cabe\u00e7as de bomba negra e branca e capas transparentes de cobertura externa. \u00c9 um carregador excelente para criar produtos de carne de pele de alta reconhecibilidade, de alto valor!<\/p>\n<p>O corpo de anfitri\u00e3o que usamos um \u00fanico material de PE (polietileno), com excelente flexibilidade, estabilidade qu\u00edmica e seguran\u00e7a, pode proteger efetivamente o conte\u00fado. O corpo branco serve como tela, perfeitamente apresentando o padr\u00e3o maravilhoso.<\/p>\n<p>Tecnologia de padr\u00f5es: fizemos um offset de m\u00faltiplas cores, um alto grau de satura\u00e7\u00e3o, padr\u00f5es finos resistentes ao uso, durando como novos.<\/p>\n<p>Com material PP, cabe\u00e7a de bomba de pato preto ou branco, voc\u00ea pode escolher livremente de acordo com a posi\u00e7\u00e3o do produto (negro \u00e9 misterioso de alto n\u00edvel, branco \u00e9 puro e simples).<\/p>\n<p>Com alta transpar\u00eancia PP ou PS cobertura de material, mostra clara do exquisito padr\u00e3o interno de cabe\u00e7a e tubo corporal, poeira e polui\u00e7\u00e3o.<\/p>\n<p>O fim da mangueira \u00e9 projetado como um fim aberto (OFC) para preenchimento eficiente e preciso de grandes volumes de 20-40 ml de conte\u00fado.<\/p>\n<p><strong><b>Aplica\u00e7\u00f5es recomendadas<\/b><\/strong><strong><b>\u00a0\"<\/b><\/strong><\/p>\n<ul>\n<li><strong><b> Ess\u00eancia de alto desempenho:<\/b><\/strong>ess\u00eancia l\u00edquida, ess\u00eancia fundamental, ess\u00eancia ampula, ess\u00eancia antienvelhecimento.<\/li>\n<li><strong><b> Creme de Ess\u00eancia\/Creme de Moisturiza\u00e7\u00e3o Luz:<\/b><\/strong>Um produto de creme ligeiro com um dispensador de bomba para uso f\u00e1cil e controle preciso da quantidade aplicada.<\/li>\n<li><strong><b> Produtos de cuidado concentrado: <\/b><\/strong>Ess\u00eancia branca, Ess\u00eancia Spot-Reducing, Cream de Repara\u00e7\u00e3o.<\/li>\n<li><strong><b> Massage Cream\/Face Mask: <\/b><\/strong>Um produto espesso e semelhante \u00e0 pasta que \u00e9 usado para massagem facial ou aplicado generosamente como m\u00e1scara.<\/li>\n<li><strong><b> Ess\u00eancia do cabelo de alto n\u00edvel:<\/b><\/strong>Grande capacidade para atender \u00e0s necessidades de cuidados segmentados no cabelo.<\/li>\n<\/ul>\n<h3>1.\u00a0 <strong><b>Atributos do produto\u00a0<\/b><\/strong><\/h3>\n<h3><strong><b>\u00a0Uma mistura de arte e funcionalidade: <\/b><\/strong>Os padr\u00f5es litogr\u00e1ficos na embalagem russa de bonecas de ninho o imbuem com um forte senso de arte e narra\u00e7\u00e3o de hist\u00f3rias, enquanto a cabe\u00e7a especializada da bomba de cana-fatura assegura tanto a pr\u00e1tica quanto a higiene.<\/h3>\n<p><strong><b>Pacote econ\u00f4mico de alta capacidade: <\/b><\/strong>Com um di\u00e2metro de tubo de 25 mm e um design de extremidade aberta, esta embalagem pode manter conte\u00fados entre 20-40 ml. \u00c9 mais custo-eficaz do que pacotes regulares de pequeno tamanho e encontra consumidores a demanda por quantidades maiores.<\/p>\n<p><strong><b>Quantifica\u00e7\u00e3o e Preserva\u00e7\u00e3o Precisas: <\/b><\/strong>A cabe\u00e7a da bomba de pato fornece uma dose fixa com cada sa\u00edda, prevenindo res\u00edduos. Conjuntado com a cabe\u00e7a tem propriedades inerentes de selagem, minimiza efetivamente o contato entre o conte\u00fado e o ar, preservando assim as propriedades ativas dos ingredientes.<\/p>\n<p><strong><b>Uso conveniente e higi\u00e9nico:<\/b><\/strong><strong><b>\u00a0Simplesmente prema um bot\u00e3o para aceder ao produto, e o processo \u00e9 suave. Isso elimina a dificuldade de apertar ou cavar com um tubo mole tradicional e impede que o produto seja contaminado de novo.<\/b><\/strong><\/p>\n<p><strong><b>Impacto visual forte: <\/b><\/strong>O grande di\u00e2metro do tubo proporciona amplo espa\u00e7o para mostrar padr\u00f5es complexos, fazendo os detalhes do design russo de bonecas de ninho destacar ainda mais, resultando em excelentes efeitos de exibi\u00e7\u00e3o.<\/p>","protected":false},"excerpt":{"rendered":"<ul>\n<li><b><\/b><strong><b>Design de Tube Body<\/b><\/strong>.<\/li>\n<\/ul>\n<p>Design de tema: O padr\u00e3o das bonecas russas de ninho transmite um sentido de vintage, mist\u00e9rio e complexidade artisanal, tornando-o altamente colet\u00edvel e possuindo um alto valor cultural.<\/p>\n<ul>\n<li>Conflito de cores: O corpo do tubo branco est\u00e1 em contraste agudo com o conjunto vibrante de bonecas ninhadas no chap\u00e9u. A marca pode optar por uma cabe\u00e7a de bomba negra para criar um efeito alto, misterioso e dram\u00e1tico, ou escolher uma cabe\u00e7a de bomba branca para manter um olhar limpo, unificado e minimalista.<\/li>\n<li>Estrutura: O design consiste em um &#8220; corpo de tubos art\u00edsticos de grande tamanho parejado com um &#8220; cabe\u00e7a de bomba de cor negra e branca coordenada  and a &#8220; cobertura externa transparente. &#8221; Esta combina\u00e7\u00e3o n\u00e3o s\u00f3 assegura a express\u00e3o art\u00edstica completa, mas tamb\u00e9m equilibra o estilo geral com uma estrutura moderna de cabe\u00e7a de bomba, impedindo que apare\u00e7a demasiado retro.<\/li>\n<li>\u00c1rea de rotulagem: H\u00e1 amplo espa\u00e7o plano na parte posterior do tubo para rotulagem ou rastreamento de seda informa\u00e7\u00e3o essencial como o produto&#8217; s \u00e3o ingredientes e benef\u00edcios.<\/li>\n<\/ul>\n<p><strong>Avantagens do produto:<\/strong><\/p>\n<p><strong><b>\u00a0Criando um item definidor de marcas:<\/b><\/strong>\u00a0Design \u00fanico e maior capacidade podem fazer destacar este item como uma assinatura &#8220; produto estrelar&#8221;  or &#8220; principal atra\u00e7\u00e3o dentro de uma s\u00e9rie, aumentando assim o apelo global da linha de produtos.<\/p>\n<ul>\n<li><strong><b> Aumentar o valor dos presentes:<\/b><\/strong>A apar\u00eancia art\u00edstica e grande capacidade a tornam inerentemente adequada como um presente de alto n\u00edvel, tornando-a perfeita para marketing de f\u00e9rias e conjuntos de presentes.<\/li>\n<li><strong><b> Comunica\u00e7\u00e3o eficiente: <\/b><\/strong>O design \u00e9 inerentemente altamente interessante e compartilh\u00e1vel, o que pode reduzir significativamente os custos de comunica\u00e7\u00e3o de marketing. Tamb\u00e9m incentiva os usu\u00e1rios a compartilh\u00e1-la na m\u00eddia social, gerando assim tr\u00e2nsito natural.<\/li>\n<li><strong><b> Balan\u00e7ar est\u00e9tica e experi\u00eancia:<\/b><\/strong>Essa solu\u00e7\u00e3o n\u00e3o apenas aborda as quest\u00f5es de dificuldade em controlar a quantidade de materiais de embalagem moles tradicionais e seu potencial de contamina\u00e7\u00e3o, mas tamb\u00e9m faz um salto significativo em termos de apar\u00eancia, atendendo assim aos consumidores&#8217; o desejo de ambos apar\u00eancia que \u00e9 agrad\u00e1vel para o olho&#8221;  and &#8220; funcionalidade. &#8221;<\/li>\n<li><strong><b> Express\u00e3o flex\u00edvel da marca: <\/b><\/strong>A escolha entre cabe\u00e7as de bomba negra e branca permite que a marca defina sua ess\u00eancia, melhorando a personaliza\u00e7\u00e3o e exclusividade da embalagem.<\/li>\n<li><b><\/b><strong>Scen\u00e1rios de aplica\u00e7\u00e3o para o produto:<\/strong><\/li>\n<\/ul>\n<p><strong><b>Produto de marca estrela:<\/b><\/strong>\u00a0Usado para a ess\u00eancia mais importante e flagship ou linha de produtos estrelas dentro da marca&#8217; o portf\u00f3lio.<\/p>\n<ul>\n<li><strong><b>Festive Limited Edition and Gift Market:<\/b><\/strong>Embalagem preferida para produtos espec\u00edficos de f\u00e9rias ou itens de presente de alto alcance como aqueles para o Festival de Primavera, Natal e Valentino&#8217; s Day.<\/li>\n<li><strong><b> Estilo retro, s\u00e9rie de colabora\u00e7\u00e3o art \u00edstica: <\/b><\/strong>Uma plataforma excelente para colabora\u00e7\u00f5es interind\u00fastrias com artistas, museus ou propriedades intelectuais.<\/li>\n<li><strong><b> Lojas de cole\u00e7\u00e3o de beleza e lojas de departamentos de alto n\u00edvel:<\/b><\/strong>Devido a sua grande capacidade e design impressionante, \u00e9 crucial atrair clientes. aten\u00e7\u00e3o e refor\u00e7o do efeito de visualiza\u00e7\u00e3o dos contadores atrav\u00e9s de canais desconectados.<\/li>\n<li><strong><b> Viagens ao retalho:<\/b><\/strong>Embora possa uma capacidade maior, seu design \u00fanico tamb\u00e9m o torna adequado para venda como um item especializado em canais de viagens de retalho como lojas sem direitos.<\/li>\n<\/ul>\n<p>Este tubo Soft Head de Bomba Rusa de 25 mm alcan\u00e7ou com sucesso o efeito de &#8220; 1 1&gt; 2.&#8221; Combina s\u00edmbolos culturais art\u00edsticos com estruturas funcionais de embalagem, permitindo-lhe atender \u00e0s necessidades de grande capacidade e permitindo aos usu\u00e1rios ser captivados por sua embalagem est\u00e9ticamente agrad\u00e1vel. N\u00e3o \u00e9 apenas uma solu\u00e7\u00e3o de embalagem para sua marca; \u00e9 tamb\u00e9m uma ferramenta para ajudar a dizer sua marca a hist\u00f3ria, aumentar seu valor, e finalmente dar uma vantagem competitiva no mercado.<\/p>","protected":false},"featured_media":2560,"comment_status":"closed","ping_status":"closed","template":"","meta":[],"product_brand":[],"product_cat":[28,36],"product_tag":[],"class_list":{"0":"post-2559","1":"product","2":"type-product","3":"status-publish","4":"has-post-thumbnail","6":"product_cat-functional-plastic-tube","7":"product_cat-pump-head-plastic-tube","9":"first","10":"instock","11":"shipping-taxable","12":"purchasable","13":"product-type-simple"},"_links":{"self":[{"href":"https:\/\/www.hongyitube.com\/pt\/wp-json\/wp\/v2\/product\/2559","targetHints":{"allow":["GET"]}}],"collection":[{"href":"https:\/\/www.hongyitube.com\/pt\/wp-json\/wp\/v2\/product"}],"about":[{"href":"https:\/\/www.hongyitube.com\/pt\/wp-json\/wp\/v2\/types\/product"}],"replies":[{"embeddable":true,"href":"https:\/\/www.hongyitube.com\/pt\/wp-json\/wp\/v2\/comments?post=2559"}],"wp:featuredmedia":[{"embeddable":true,"href":"https:\/\/www.hongyitube.com\/pt\/wp-json\/wp\/v2\/media\/2560"}],"wp:attachment":[{"href":"https:\/\/www.hongyitube.com\/pt\/wp-json\/wp\/v2\/media?parent=2559"}],"wp:term":[{"taxonomy":"product_brand","embeddable":true,"href":"https:\/\/www.hongyitube.com\/pt\/wp-json\/wp\/v2\/product_brand?post=2559"},{"taxonomy":"product_cat","embeddable":true,"href":"https:\/\/www.hongyitube.com\/pt\/wp-json\/wp\/v2\/product_cat?post=2559"},{"taxonomy":"product_tag","embeddable":true,"href":"https:\/\/www.hongyitube.com\/pt\/wp-json\/wp\/v2\/product_tag?post=2559"}],"curies":[{"name":"wp","href":"https:\/\/api.w.org\/{rel}","templated":true}]}}