{"id":2552,"date":"2025-08-21T16:49:24","date_gmt":"2025-08-21T08:49:24","guid":{"rendered":"https:\/\/www.hongyitube.com\/?post_type=product&#038;p=2552"},"modified":"2026-01-13T13:36:18","modified_gmt":"2026-01-13T05:36:18","slug":"19-pump-head-plastic-tubetoiletries-raw-materials-and-semi-finished-product-packaging-bottles-2","status":"publish","type":"product","link":"https:\/\/www.hongyitube.com\/pt\/product\/19-pump-head-plastic-tubetoiletries-raw-materials-and-semi-finished-product-packaging-bottles-2\/","title":{"rendered":"19 tubos de pl\u00e1stico com cabe\u00e7a de bomba, mat\u00e9rias-toaletes, mat\u00e9rias-primas e embalagens de produtos semiacabados-2"},"content":{"rendered":"<p>Hongyi[UNK]Plastic\u03a619 colored design pump head, round tube[UNK]filling Capacity[UNK]10-15ml\/0,34-0,51fl.0z<\/p>\n<p>Esta s\u00e9rie faremos uma combina\u00e7\u00e3o perfeita de cores e pacotes profissionais, escolher amarelo din\u00e2mico e rosa encantadora vermelha dois graus elevados de esquema de cores de satura\u00e7\u00e3o, com a mesma cabe\u00e7a de pato do departamento de cores e alta permeabilidade cobertura, criar um impacto muito visual da forma geral. Combinada com o design de selagem da cauda e uma capacidade precisa de 10-20 ml, \u00e9 a escolha ideal para a marca criar a ess\u00eancia da estrela e destacar a vitalidade juvenil.<\/p>\n<p>O corpo do tubo \u00e9 feito de material PE de camada \u00fanica (polietileno), que tem excelente flexibilidade, estabilidade qu\u00edmica e caracter\u00edsticas de seguran\u00e7a. O tubo \u00e9 tinto para alcan\u00e7ar cores amarelas ou vermelhas rosas brilhantes atrav\u00e9s de um processo de tintura. A cor \u00e9 uniforme e duradoura. O tubo amarelo com cabe\u00e7a de bomba amarela, tubo vermelho rosa com cabe\u00e7a de bomba vermelho rosa) \u00e9 feito de material PP que corresponde \u00e0 cor do corpo do tubo, criando um design de cores unificado que melhora o aspecto e a sensa\u00e7\u00e3o global do produto. Escolhemos material PP ou PS de alta transpar\u00eancia para a cobertura externa para prevenir efetivamente poeira e suja, mantendo o apelo est\u00e9tico do esquema de cores geral. O m\u00e9todo de selagem \u00e9 a tecnologia de selagem de fundo, que assegura vazamento zero e isola efetivamente o ar, protegendo o conte\u00fado ativo dentro. Voc\u00ea pode personalizar o processo de tubo corporal e capa bem como a cor baseada em sua marca&#8217; precisas espec\u00edficas.<\/p>\n<p><strong><b>Aplica\u00e7\u00f5es recomendadas<\/b><\/strong><strong><b>\u00a0\"<\/b><\/strong><\/p>\n<p><strong><b>Ess\u00eancia da Eficacidade:<\/b><\/strong>\u00a0Ess\u00eancia de brilho da vitamina C (muito adequada para embalagem amarelo), essen\u00e7a anti-arrugamento da retinol, essen\u00e7a de branqueamento da nicotinamida (muito adequada para embalagem vermelho rosa).<\/p>\n<ul>\n<li><strong><b> Hidra\u00e7\u00e3o \/ \u00f3leo s\u00e9rico:<\/b><\/strong>um produto s\u00e9rico que enfatiza penetra\u00e7\u00e3o e cura.<\/li>\n<li><strong><b> S\u00e9rum ocular: <\/b><\/strong>Precisa e quantitativa, higi\u00e9nica e segura, adequada para a delicada pele perif\u00e9rica.<\/li>\n<li><strong><u><b> Liquidos brutos de alta concentra\u00e7\u00e3o: <\/b><\/u><\/strong>Produtos de ingredientes ativos como \u00e1cidos e pept\u00eddeos que t\u00eam altos requisitos para selagem.<\/li>\n<li><strong><b> Ess\u00eancia do cabelo escalp: <\/b><\/strong>A cabe\u00e7a da bomba facilita a a\u00e7\u00e3o direta na divis\u00e3o do cabelo<\/li>\n<\/ul>\n<h3>1. <strong><b>Atributos do produto\u00a0<\/b><\/strong><\/h3>\n<p><strong><b>Os ingredientes s\u00e3o vis\u00edveis, os efeitos s\u00e3o tang\u00edveis:<\/b><\/strong><\/p>\n<p>O corpo de tubo completamente transparente permite aos usu\u00e1rios ver o conte\u00fado claramente, permitindo-lhes avaliar o produto&#8217; s textura e quantidade restante sem ter que abrir o tubo. Isso fomenta a confian\u00e7a dos consumidores estabelecendo a autenticidade dos ingredientes e a pureza do produto.<\/p>\n<p><strong><b>\u00a0Doza\u00e7\u00e3o precisa para prevenir res\u00edduos: <\/b><\/strong><\/p>\n<p>A cabe\u00e7a da bomba de cana branca fornece uma dose fixa com cada prema (o n\u00famero de ml pode ser personalizado de acordo com as necessidades). Isso ajuda os usu\u00e1rios a controlar a quantidade utilizada cada vez, assegurando resultados \u00f3timos e prevenindo res\u00edduos devido a uso excessivo.<\/p>\n<p><strong><b>Preserva\u00e7\u00e3o fechada para manter atividade:<\/b><\/strong><\/p>\n<p><strong><b>\u00a0<\/b><\/strong>A selagem do extremo da cauda combinada com a selagem interna do sistema de cabe\u00e7a da bomba proporciona duas prote\u00e7\u00f5es, evitando efetivamente o ar entrar e o conte\u00fado vazar, maximizando assim a fresca e efic\u00e1cia dos ingredientes altamente ativos.<\/p>\n<p><strong><b>Usem higiene e evitam contamina\u00e7\u00e3o: <\/b><\/strong><\/p>\n<p>O sistema de cabe\u00e7a da bomba evita o contato direto entre o conte\u00fado e o usu\u00e1rio&#8217; os dedos, evitando assim a contamina\u00e7\u00e3o do produto durante uso repetido e garantindo maior higiene e seguran\u00e7a.<\/p>\n<p><strong><b>Opera\u00e7\u00e3o conveniente e experi\u00eancia elegante: <\/b><\/strong><\/p>\n<p>Premer um clic para acesso f\u00e1cil, processo suave e uma experi\u00eancia muito melhor do usu\u00e1rio em compara\u00e7\u00e3o com m\u00e9todos tradicionais de embalagem que requerem apertar ou escupar. Tem um sentimento mais moderno e de escala superior.<\/p>\n<p><strong><b>\u00a0<\/b><\/strong><\/p>","protected":false},"excerpt":{"rendered":"<ul>\n<li><b><\/b><strong><b>Design de Tube Body<\/b><\/strong>.<\/li>\n<\/ul>\n<p>O design do corpo do tubo apresenta amarelo vibrante, simbolizando positividade, energia, rejuvena\u00e7\u00e3o e alegria, tornando-o ideal para branquear, brilhar e antioxidante produtos.<\/p>\n<ul>\n<li>O design do corpo do tubo apresenta uma cor amarela vibrante que transmite emo\u00e7\u00f5es positivas como o sol, energia, revitaliza\u00e7\u00e3o e felicidade. Isso o torna particularmente adequado para produtos destinados a brilhar e branquear a pele, bem como aqueles com propriedades antioxidantes.<\/li>\n<li>A sombra captivante rosa-vermelha transmite uma ess\u00eancia apaixonada, moda, feminina e encantadora da marca, tornando-a particularmente adequada para produtos destinados a combater o envelhecimento, reparar e melhorar a complex\u00e3o. Este tubo suave colorido apresenta um design com uma cabe\u00e7a de bomba de cana de cor e uma cobertura externa transparente. Esta combina\u00e7\u00e3o n\u00e3o s\u00f3 preserva a integridade da cor, mas tamb\u00e9m acrescenta um senso de clareza e profundidade atrav\u00e9s da cobertura externa transparente.<\/li>\n<\/ul>\n<p><strong>Avantagens do produto:<\/strong><\/p>\n<p>Criar cores de marca: Cores brilhantes podem se tornar um ponto de mem\u00f3ria ic\u00f4nico de uma marca, fortalecer o reconhecimento de marca, e alcan\u00e7ar o efeito de &#8220; vendo de longe. &#8221;<\/p>\n<ul>\n<li>Stimular o desejo de comprar: cores brilhantes de moda podem estimular diretamente a resson\u00e2ncia emocional dos consumidores e o impulso a comprar, especialmente adequados para a m\u00eddia social (como Little Red Book, Douyin, Instagram) se espalhar, com &#8220; celebridade da Internet potencial.<\/li>\n<li>Fornecer efic\u00e1cia do produto: A pr\u00f3pria cor pode ser usada como indica\u00e7\u00e3o visual da efic\u00e1cia do produto (como amarelo = dimens\u00e3o C \/ brilho, rosa = antienvelhecimento \/ alimenta\u00e7\u00e3o), para refor\u00e7ar a efici\u00eancia da comunica\u00e7\u00e3o com os consumidores.<\/li>\n<li>Resaltar qualidade de alto n\u00edvel: O design integrado de cores e boa obra aumentam significativamente o valor e o profissionalismo do produto, apoiando maiores pre\u00e7os dos produtos.<\/li>\n<li>Proteger o desempenho do produto: M\u00e9todos profissionais de selagem e recupera\u00e7\u00e3o t\u00e9cnicamente asseguram que o produto permanece em condi\u00e7\u00f5es \u00f3ptimas desde abertura para uso, aumentando a satisfa\u00e7\u00e3o dos usu\u00e1rios<\/li>\n<li><b><\/b><strong>Scen\u00e1rios de aplica\u00e7\u00e3o para o produto:<\/strong><\/li>\n<\/ul>\n<p>Criar cores de marca: Cores brilhantes podem se tornar um ponto de mem\u00f3ria ic\u00f4nico de uma marca, fortalecer o reconhecimento de marca, e alcan\u00e7ar o efeito de &#8220; vendo de longe. &#8221;<\/p>\n<ul>\n<li>Stimular o desejo de comprar: cores brilhantes de moda podem estimular diretamente a resson\u00e2ncia emocional dos consumidores e o impulso a comprar, especialmente adequados para a m\u00eddia social (como Little Red Book, Douyin, Instagram) se espalhar, com &#8220; celebridade da Internet potencial.<\/li>\n<li>Fornecer efic\u00e1cia do produto: A pr\u00f3pria cor pode ser usada como indica\u00e7\u00e3o visual da efic\u00e1cia do produto (como amarelo = dimens\u00e3o C \/ brilho, rosa = antienvelhecimento \/ alimenta\u00e7\u00e3o), para refor\u00e7ar a efici\u00eancia da comunica\u00e7\u00e3o com os consumidores.<\/li>\n<li>Resaltar qualidade de alto n\u00edvel: O design integrado de cores e boa obra aumentam significativamente o valor e o profissionalismo do produto, apoiando maiores pre\u00e7os dos produtos.<\/li>\n<\/ul>\n<p>\u00b7 Proteger o desempenho do produto: M\u00e9todos profissionais de selagem e recupera\u00e7\u00e3o t\u00e9cnicamente asseguram que o produto permanece em condi\u00e7\u00f5es \u00f3ptimas desde abertura para uso, aumentando a satisfa\u00e7\u00e3o do usu\u00e1rio.<\/p>","protected":false},"featured_media":2557,"comment_status":"closed","ping_status":"closed","template":"","meta":[],"product_brand":[],"product_cat":[28,36],"product_tag":[],"class_list":{"0":"post-2552","1":"product","2":"type-product","3":"status-publish","4":"has-post-thumbnail","6":"product_cat-functional-plastic-tube","7":"product_cat-pump-head-plastic-tube","9":"first","10":"instock","11":"shipping-taxable","12":"purchasable","13":"product-type-simple"},"_links":{"self":[{"href":"https:\/\/www.hongyitube.com\/pt\/wp-json\/wp\/v2\/product\/2552","targetHints":{"allow":["GET"]}}],"collection":[{"href":"https:\/\/www.hongyitube.com\/pt\/wp-json\/wp\/v2\/product"}],"about":[{"href":"https:\/\/www.hongyitube.com\/pt\/wp-json\/wp\/v2\/types\/product"}],"replies":[{"embeddable":true,"href":"https:\/\/www.hongyitube.com\/pt\/wp-json\/wp\/v2\/comments?post=2552"}],"wp:featuredmedia":[{"embeddable":true,"href":"https:\/\/www.hongyitube.com\/pt\/wp-json\/wp\/v2\/media\/2557"}],"wp:attachment":[{"href":"https:\/\/www.hongyitube.com\/pt\/wp-json\/wp\/v2\/media?parent=2552"}],"wp:term":[{"taxonomy":"product_brand","embeddable":true,"href":"https:\/\/www.hongyitube.com\/pt\/wp-json\/wp\/v2\/product_brand?post=2552"},{"taxonomy":"product_cat","embeddable":true,"href":"https:\/\/www.hongyitube.com\/pt\/wp-json\/wp\/v2\/product_cat?post=2552"},{"taxonomy":"product_tag","embeddable":true,"href":"https:\/\/www.hongyitube.com\/pt\/wp-json\/wp\/v2\/product_tag?post=2552"}],"curies":[{"name":"wp","href":"https:\/\/api.w.org\/{rel}","templated":true}]}}