{"id":2546,"date":"2025-08-21T16:37:59","date_gmt":"2025-08-21T08:37:59","guid":{"rendered":"https:\/\/www.hongyitube.com\/?post_type=product&#038;p=2546"},"modified":"2025-09-16T18:08:17","modified_gmt":"2025-09-16T10:08:17","slug":"16-gauge-small-diameter-split-tip-pointed-end-pe-white-soft-tube-2-hongyi-plastic","status":"publish","type":"product","link":"https:\/\/www.hongyitube.com\/pt\/product\/16-gauge-small-diameter-split-tip-pointed-end-pe-white-soft-tube-2-hongyi-plastic\/","title":{"rendered":"16-gauge, small-diameter, split-tip, pointed end, PE white soft tube-2- Hongyi Plastic"},"content":{"rendered":"<ul>\n<li><b><\/b><strong><b>Design de Tube Body<\/b><\/strong>.<\/li>\n<\/ul>\n<p>O gradiente de uma \u00fanica cor usado no corpo de nosso produto elimina o clutter de m\u00faltiplas cores, ao inv\u00e9s de criar uma atmosfera simples, modern a e elegante atrav\u00e9s das varia\u00e7\u00f5es de profundidade de uma \u00fanica cor. A transi\u00e7\u00e3o suave das cores \u00e9 crucial para a qualidade.<\/p>\n<p>As marcas de texto s\u00e3o impressas usando a presen\u00e7a de seda, que tem a vantagem de uma camada de tinta espessa, forte cobertura e durabilidade excepcional, assegurando que informa\u00e7\u00f5es importantes permane\u00e7am claras e leg\u00edveis ao longo do tempo.<\/p>\n<ul>\n<li>Matching Color Hot Stamping: Este \u00e9 o toque final do design. Usando uma folha de ouro que coincide com a cor principal do tubo, o logotipo aparece com uma textura met\u00e1lica delicada, coincidente e padr\u00e3o elevado. - N\u00e3o \u00e9 t\u00e3o brilhante quanto ouro, mas sim exudado &#8220; luxo subestimado,&#8221; - fazendo destacar a marca. O senso t\u00e1ctil de alta qualidade aumenta consideravelmente a classe geral do produto.<\/li>\n<\/ul>\n<ol start=\"2\">\n<li>Estilo de Design<\/li>\n<\/ol>\n<ul>\n<li>Minimalismo: Grandes \u00e1reas de espa\u00e7o em branco ou cor s\u00f3lida, parejadas com texto refinado e logos, destacando o conceito que &#8220; menos \u00e9 mais. &#8221;<\/li>\n<li>Patrons Art\u00edsticos: Patrons complexos com significado cultural, como a boneca russa de ninho, possuem grande potencial de contar hist\u00f3rias e s\u00e3o altamente valiosos para coletores.<\/li>\n<li>Tecnologia: Utilizar elementos como linhas, pontos luzes e c\u00f3digo para transmitir os atributos de alta tecnologia e alta efic\u00e1cia do produto.<\/li>\n<\/ul>\n<p><strong><b>Preserva\u00e7\u00e3o extrema e prote\u00e7\u00e3o da atividade<\/b><\/strong><\/p>\n<p><strong><b>\u00a0<\/b><\/strong>O sistema de selagem precisa composto por uma pequena abertura, uma tampa interior transparente e um extremo selado proporciona prote\u00e7\u00e3o de alto n\u00edvel para ingredientes preciosos que s\u00e3o altamente ativos, propensos \u00e0 oxida\u00e7\u00e3o e vol\u00e1teis, assegurando que o produto permanece em condi\u00e7\u00f5es \u00f3ptimas at\u00e9 ser utilizado.<\/p>\n<ul>\n<li><strong><b> Apar\u00eancia de alto n\u00edvel, aumentando o sentimento geral<\/b><\/strong><b><\/b><\/li>\n<\/ul>\n<p>O uso de uma \u00fanica cor com um efeito gradiente parejado com a mesma impress\u00e3o de transfer \u00eancia de calor de cores cria um forte esquema de cores global. A linguagem de design \u00e9 simples, mas poderosa, permitindo a cria\u00e7\u00e3o de uma imagem de marca profissional de alto n\u00edvel sem a necessidade de padr\u00f5es complexos. Isso aumenta significativamente o produto a habilidade de comandar um pre\u00e7o prim\u00e1rio.<\/p>\n<ul>\n<li><strong><b> Melhor experi\u00eancia de usu\u00e1rio e amigabilidade<\/b><\/strong><b><\/b><\/li>\n<\/ul>\n<p>O design de tampa de pequeno tamanho torna mais f\u00e1cil e suave abrir e fechar a tampa, com excelente feedback t\u00e1ctil. Os componentes transparentes permitem um monitoramento f\u00e1cil da quantidade restante, e os dois tipos de caps oferecem escolhas diferenciadas.<\/p>\n<ul>\n<li><strong><b> Qualidade confi\u00e1vel, constru\u00e7\u00e3o de confian\u00e7a<\/b><\/strong><b><\/b><\/li>\n<\/ul>\n<p>O artesanato meticuloso refletido em detalhes menores (como dentes pequenos e processo de selagem quente) transmite a marca&#8217; \u00e9 uma busca descompromissosa de qualidade, rapidamente estabelecendo confian\u00e7a com os consumidores.<\/p>\n<ul>\n<li><strong><b> Aplica\u00e7\u00e3o de precis\u00e3o, combina\u00e7\u00e3o de alto n\u00edvel<\/b><\/strong><b><\/b><\/li>\n<\/ul>\n<p><strong><b>\u00a0<\/b><\/strong>Designado especificamente para produtos de alto valor com exig\u00eancias rigorosas de embalagem, esta \u00e9 uma escolha estrat\u00e9gica de embalagem para criar produtos estrelares e linhas de produtos de alto valor.<\/p>\n<p><strong><b>Produtos marcadores<\/b><\/strong><\/p>\n<p><strong><b>\u00a0<\/b><\/strong>Ess\u00eancia, Eye Cream e outros produtos b\u00e1sicos de alto pre\u00e7o devem transmitir seu valor e sentimento de alta tecnologia atrav\u00e9s do seu design de embalagem.<\/p>\n<ul>\n<li><strong><b> Produtos favorecidos por &#8220; entusiastas de ingredientes <\/b><\/strong><\/li>\n<\/ul>\n<p>Produtos da pele que caracterizam prominentemente ingredientes como Vitamina C, retin\u00f3ides e pept\u00eddeos, que s\u00e3o propensos \u00e0 degrada\u00e7\u00e3o, e enfatizam as qualidades protetoras da embalagem.<\/p>\n<ul>\n<li><strong><b> Produtos de linha profissional <\/b><\/strong><\/li>\n<\/ul>\n<p>produtos p\u00f3s-m\u00e9dicos de repara\u00e7\u00e3o est\u00e9tica, marcas farmac\u00eauticas de corte de pele, pasta dent\u00e1ria profissional - eles requerem estabelecer uma imagem profissional e confi\u00e1vel.<\/p>\n<ul>\n<li><strong><b> Homens de alto n\u00edvel s cuidado<\/b><\/strong><\/li>\n<\/ul>\n<p>Um estilo de design simples, poderoso e focado na funcionalidade, que se alinha perfeitamente com a ess\u00eancia dos homens de alto n\u00edvel&#8217; \u00e9 produtos de corte de pele.<\/p>\n<ul>\n<li><strong><b> Gifts and Festive Sets <\/b><\/strong><\/li>\n<\/ul>\n<p>A embalagem de alta qualidade \u00e9 uma form a sofisticada de apresenta\u00e7\u00e3o de presente, tornando-a ideal para lan\u00e7amentos de edi\u00e7\u00e3o limitada durante ocasi\u00f5es festivas.<\/p>","protected":false},"excerpt":{"rendered":"<p><span style=\"font-family: arial, helvetica, sans-serif;\">Hongyi[UNK]Plastic 16-gauge, all-in-one\/separate-body tip-style inner nozzle, PE material, [UNK]tube-2 [UNK]filling Capacity[UNK]5-8ml 0,17-0,27fl.oz.<\/span><\/p>\n<p><span style=\"font-family: arial, helvetica, sans-serif;\">Este material de embalagem de mangueira \u00e9 feito de polietileno de alta densidade (HDPE), que \u00e9 de material puro e tem propriedades qu\u00edmicas est\u00e1veis. Isso assegura compatibilidade com o conte\u00fado, prevenindo contamina\u00e7\u00e3o e degrada\u00e7\u00e3o. A tampa da mangueira \u00e9 feita de polipropileno de alta transpar\u00eancia (PP) ou cop\u00f3lmero de estireno de butadieno acrilonitril (ABS), que \u00e9 forte e duradoura. O plug interno transparente \u00e9 feito de polietileno (PE), oferecendo excelente desempenho de selagem. O estado de montagem pode ser inspeccionado visualmente.<\/span><\/p>\n<p><span style=\"font-family: arial, helvetica, sans-serif;\"><strong><b>Aplica\u00e7\u00f5es recomendadas<\/b><\/strong><strong><b>\u00a0\" <\/b><\/strong><\/span><\/p>\n<p><span style=\"font-family: arial, helvetica, sans-serif;\">Essa mangueira bem projetada e altamente selada \u00e9 uma escolha ideal de embalagem para os seguintes produtos<\/span><\/p>\n<ul>\n<li><span style=\"font-family: arial, helvetica, sans-serif;\">Carne de pele de alto n\u00edvel: ess\u00eancia l\u00edquida, creme para olhos, creme para ess\u00eancia, creme para repara\u00e7\u00e3o, produtos com ingredientes de alta atividade.<\/span><\/li>\n<li><span style=\"font-family: arial, helvetica, sans-serif;\">Ingredientes profissionais: cremas m\u00e9dicos, ingreditos, ingreditos de aplica\u00e7\u00e3o localizados, produtos de repara\u00e7\u00e3o de cicatrizes.<\/span><\/li>\n<li><span style=\"font-family: arial, helvetica, sans-serif;\">Produtos qu\u00edmicos de precis\u00e3o: adesivos eletr\u00f4nicos, pastas de lubrifica\u00e7\u00e3o de precis\u00e3o, pastas condutivas t\u00e9rmicas, produtos qu\u00edmicos especializados.<\/span><\/li>\n<li><span style=\"font-family: arial, helvetica, sans-serif;\">Cuidado pessoal: pasta dental de alto n\u00edvel, gel de ess\u00eancia de alta viscosidade.<\/span><\/li>\n<\/ul>","protected":false},"featured_media":2548,"comment_status":"closed","ping_status":"closed","template":"","meta":[],"product_brand":[],"product_cat":[15,32],"product_tag":[],"class_list":{"0":"post-2546","1":"product","2":"type-product","3":"status-publish","4":"has-post-thumbnail","6":"product_cat-artistic-design-plastic-tube","7":"product_cat-pointed-mouth-series","9":"first","10":"instock","11":"shipping-taxable","12":"product-type-simple"},"_links":{"self":[{"href":"https:\/\/www.hongyitube.com\/pt\/wp-json\/wp\/v2\/product\/2546","targetHints":{"allow":["GET"]}}],"collection":[{"href":"https:\/\/www.hongyitube.com\/pt\/wp-json\/wp\/v2\/product"}],"about":[{"href":"https:\/\/www.hongyitube.com\/pt\/wp-json\/wp\/v2\/types\/product"}],"replies":[{"embeddable":true,"href":"https:\/\/www.hongyitube.com\/pt\/wp-json\/wp\/v2\/comments?post=2546"}],"wp:featuredmedia":[{"embeddable":true,"href":"https:\/\/www.hongyitube.com\/pt\/wp-json\/wp\/v2\/media\/2548"}],"wp:attachment":[{"href":"https:\/\/www.hongyitube.com\/pt\/wp-json\/wp\/v2\/media?parent=2546"}],"wp:term":[{"taxonomy":"product_brand","embeddable":true,"href":"https:\/\/www.hongyitube.com\/pt\/wp-json\/wp\/v2\/product_brand?post=2546"},{"taxonomy":"product_cat","embeddable":true,"href":"https:\/\/www.hongyitube.com\/pt\/wp-json\/wp\/v2\/product_cat?post=2546"},{"taxonomy":"product_tag","embeddable":true,"href":"https:\/\/www.hongyitube.com\/pt\/wp-json\/wp\/v2\/product_tag?post=2546"}],"curies":[{"name":"wp","href":"https:\/\/api.w.org\/{rel}","templated":true}]}}