{"id":2542,"date":"2025-08-21T16:34:41","date_gmt":"2025-08-21T08:34:41","guid":{"rendered":"https:\/\/www.hongyitube.com\/?post_type=product&#038;p=2542"},"modified":"2025-09-17T11:17:41","modified_gmt":"2025-09-17T03:17:41","slug":"16-gauge-small-diameter-split-tip-pe-white-soft-tube-hongyi-plastic","status":"publish","type":"product","link":"https:\/\/www.hongyitube.com\/pt\/product\/16-gauge-small-diameter-split-tip-pe-white-soft-tube-hongyi-plastic\/","title":{"rendered":"16-Gauge Small-Diameter Split Tip PE Tube Branco Soft &#8211; Hongyi Plastic"},"content":{"rendered":"<ul>\n<li><b><\/b><span style=\"font-family: arial, helvetica, sans-serif;\"><strong><b>Design de Tube Body<\/b><\/strong>.<\/span><\/li>\n<\/ul>\n<p><span style=\"font-family: arial, helvetica, sans-serif;\">Este tubo apresenta bonecas de Matryoshka russas bem impressas, com 7 cores vibrantes que recriam vivamente a ess\u00eancia da arte tradicional. O design \u00e9 atraente e c\u00f3mico, tornando-a altamente reconhec\u00edvel e atraente para coletores. Tecnologia avan\u00e7ada de impress\u00e3o assegura cores vibrantes e de corpo inteiro, detalhes claros nos padr\u00f5es, e uma representa\u00e7\u00e3o perfeita dos padr\u00f5es complexos e camadas encontrados em roupas de Matryoshka. O fim do tubo \u00e9 projetado como um tubo mole de fim aberto, permitindo o preenchimento f\u00e1cil do conte\u00fado com a tampa interior trancada seguramente no lugar.<\/span><\/p>\n<ul>\n<li><span style=\"font-family: arial, helvetica, sans-serif;\"><strong><b> Um forte apelo \u00e0 prateleira<\/b><\/strong><b><\/b><\/span><\/li>\n<\/ul>\n<p><span style=\"font-family: arial, helvetica, sans-serif;\">O \u00fanico tema IP russo Matryoshka e cores vibrantes podem instantaneamente captar a aten\u00e7\u00e3o das crian\u00e7as e dos jovens consumidores, separando-o de concorrentes e estimulando o desejo de compra.<\/span><\/p>\n<ul>\n<li><span style=\"font-family: arial, helvetica, sans-serif;\"><strong><b> Design emocionalmente envolvido<\/b><\/strong>Desenhos bonitos e interessantes podem evocar resson\u00e2ncia emocional e prazer nos usu\u00e1rios, melhorando a marca&#8217; apelo e fazer os itens di\u00e1rios se sentirem cheios de surpresas.<\/span><\/li>\n<li><span style=\"font-family: arial, helvetica, sans-serif;\"><strong><b> Qualidade e divertimento v\u00e3o m\u00e3o em m\u00e3o<\/b><\/strong><b><\/b><\/span><\/li>\n<\/ul>\n<p><span style=\"font-family: arial, helvetica, sans-serif;\">N\u00e3o s\u00f3 se destaca em termos de apar\u00eancia, mas tamb\u00e9m n\u00e3o compromete caracter\u00edsticas pr\u00e1ticas como selagem, sa\u00edda e prote\u00e7\u00e3o, assegurando a seguran\u00e7a do conte\u00fado dentro.<\/span><\/p>\n<ul>\n<li><span style=\"font-family: arial, helvetica, sans-serif;\"><strong><b> Criar uma sensa\u00e7\u00e3o de m\u00eddia social<\/b><\/strong><b><\/b><\/span><\/li>\n<\/ul>\n<p><span style=\"font-family: arial, helvetica, sans-serif;\"><strong><b>\u00a0<\/b><\/strong>Desenhos altamente atraentes e interessantes s\u00e3o altamente prov\u00e1veis para se tornarem virales em plataformas de m\u00eddia social.<\/span><\/p>\n<ul>\n<li><span style=\"font-family: arial, helvetica, sans-serif;\"><strong><b> Produtos de toda linha para crian\u00e7as:<\/b><\/strong><b><\/b><\/span><\/li>\n<\/ul>\n<p><span style=\"font-family: arial, helvetica, sans-serif;\">A embalagem preferida para crian\u00e7as a corte de pele, cuidado pessoal, pasta dental e outros produtos, com uma apar\u00eancia que coincide estreitamente com as prefer\u00eancias dos usu\u00e1rios alvo.<\/span><\/p>\n<ul>\n<li><span style=\"font-family: arial, helvetica, sans-serif;\"><strong><b> Colabora\u00e7\u00e3o entre categorias de marcas<\/b><\/strong><\/span><\/li>\n<\/ul>\n<p><span style=\"font-family: arial, helvetica, sans-serif;\">Embalagem ideal para produtos de edi\u00e7\u00e3o limitada lan\u00e7ados em colabora\u00e7\u00e3o com o anime, ind\u00fastrias culturais e criativas, e propriedades intelectuais de arte.<\/span><\/p>\n<ul>\n<li><span style=\"font-family: arial, helvetica, sans-serif;\"><strong><b> Marketing de f\u00e9rias (Natal, Ano Novo, Dia das Crian\u00e7as em 1 de junho)<\/b><\/strong><b><\/b><\/span><\/li>\n<\/ul>\n<p><span style=\"font-family: arial, helvetica, sans-serif;\">Como uma embalagem exclusiva de f\u00e9rias, ela cria uma atmosfera festiva e tem um forte apelo de presente.<\/span><\/p>\n<ul>\n<li><span style=\"font-family: arial, helvetica, sans-serif;\"><strong><b> Dessert\/Baking Brand<\/b><\/strong><\/span><\/li>\n<\/ul>\n<p><span style=\"font-family: arial, helvetica, sans-serif;\">Usado para embalar a\u00e7\u00facar congelado e congelado, adicionando um toque art\u00edstico \u00e0 cozinha.<\/span><\/p>\n<ul>\n<li><span style=\"font-family: arial, helvetica, sans-serif;\"><strong><b> D\u00eanios Creativos de \u00c1rea Esc\u00eanica <\/b><\/strong><b><\/b><\/span><\/li>\n<\/ul>\n<p><span style=\"font-family: arial, helvetica, sans-serif;\">Estas s\u00e3o op\u00e7\u00f5es de embalagem \u00fanicas e distintas para souvenirs em atra\u00e7\u00f5es tur\u00edsticas, museus e exposi\u00e7\u00f5es de arte.<\/span><\/p>\n<ul>\n<li><span style=\"font-family: arial, helvetica, sans-serif;\"><strong><b> Mostras e tamanhos de ensaios<\/b><\/strong><b><\/b><\/span><\/li>\n<\/ul>\n<p><span style=\"font-family: arial, helvetica, sans-serif;\">Devido ao tamanho compacto e controle preciso da sa\u00edda, eles fazem uma excelente escolha para criar vers\u00f5es de ensaio.<\/span><\/p>","protected":false},"excerpt":{"rendered":"<p><span style=\"font-family: arial, helvetica, sans-serif;\">Hongyi[UNK]Plastic 16-gauge, all-in-one\/separate-body tip-style inner nozzle, PE material, [UNK]tube-2 [UNK]filling Capacity[UNK]10-15ml\/0,34-0,51fl.0z.<\/span><\/p>\n<p><span style=\"font-family: arial, helvetica, sans-serif;\">Nosso tubo mole \u00e9 feito de materiais de polietileno de alta qualidade (PE) ou polipropileno (PP). \u00c9 limpo, n\u00e3o t\u00f3xico, qu\u00edmicamente est\u00e1vel, e tem boa compatibilidade com o conte\u00fado, protegendo efetivamente a qualidade do produto.<\/span><\/p>\n<p><span style=\"font-family: arial, helvetica, sans-serif;\"><strong><b>Aplica\u00e7\u00f5es recomendadas<\/b><\/strong><strong><b>\u00a0\"<\/b><\/strong><\/span><\/p>\n<ul>\n<li><span style=\"font-family: arial, helvetica, sans-serif;\">Crian\u00e7as s creme de rosto, creme de erup\u00e7\u00e3o de fralda, shampoo e lavagem de corpo, pasta de dentes.<\/span><\/li>\n<li><span style=\"font-family: arial, helvetica, sans-serif;\">Produtos de beleza divertidos: creme de m\u00e3o, balme de l\u00e1bios, maquilhagem, creme de m\u00e1scara de rosto.<\/span><\/li>\n<li><span style=\"font-family: arial, helvetica, sans-serif;\">Sector aliment\u00edcio: congela\u00e7\u00e3o de a\u00e7\u00facar, salsa de chocolate, mel, congela\u00e7\u00e3o (deve satisfazer padr\u00f5es de contato com alimentos).<\/span><\/li>\n<li><span style=\"font-family: arial, helvetica, sans-serif;\">Gifts and Promotions: Edi\u00e7\u00e3o limitada de produtos de f\u00e9rias, ofertas promocionais, presentes criativos.<\/span><\/li>\n<li><span style=\"font-family: arial, helvetica, sans-serif;\">Obras artesanais e produtos culturais e criativos: pinturas, adesivos e revestimentos especializados.<\/span><\/li>\n<\/ul>","protected":false},"featured_media":2544,"comment_status":"closed","ping_status":"closed","template":"","meta":[],"product_brand":[],"product_cat":[15,32],"product_tag":[],"class_list":{"0":"post-2542","1":"product","2":"type-product","3":"status-publish","4":"has-post-thumbnail","6":"product_cat-artistic-design-plastic-tube","7":"product_cat-pointed-mouth-series","9":"first","10":"instock","11":"shipping-taxable","12":"product-type-simple"},"_links":{"self":[{"href":"https:\/\/www.hongyitube.com\/pt\/wp-json\/wp\/v2\/product\/2542","targetHints":{"allow":["GET"]}}],"collection":[{"href":"https:\/\/www.hongyitube.com\/pt\/wp-json\/wp\/v2\/product"}],"about":[{"href":"https:\/\/www.hongyitube.com\/pt\/wp-json\/wp\/v2\/types\/product"}],"replies":[{"embeddable":true,"href":"https:\/\/www.hongyitube.com\/pt\/wp-json\/wp\/v2\/comments?post=2542"}],"wp:featuredmedia":[{"embeddable":true,"href":"https:\/\/www.hongyitube.com\/pt\/wp-json\/wp\/v2\/media\/2544"}],"wp:attachment":[{"href":"https:\/\/www.hongyitube.com\/pt\/wp-json\/wp\/v2\/media?parent=2542"}],"wp:term":[{"taxonomy":"product_brand","embeddable":true,"href":"https:\/\/www.hongyitube.com\/pt\/wp-json\/wp\/v2\/product_brand?post=2542"},{"taxonomy":"product_cat","embeddable":true,"href":"https:\/\/www.hongyitube.com\/pt\/wp-json\/wp\/v2\/product_cat?post=2542"},{"taxonomy":"product_tag","embeddable":true,"href":"https:\/\/www.hongyitube.com\/pt\/wp-json\/wp\/v2\/product_tag?post=2542"}],"curies":[{"name":"wp","href":"https:\/\/api.w.org\/{rel}","templated":true}]}}