{"id":2535,"date":"2025-08-21T16:32:04","date_gmt":"2025-08-21T08:32:04","guid":{"rendered":"https:\/\/www.hongyitube.com\/?post_type=product&#038;p=2535"},"modified":"2025-09-17T10:46:59","modified_gmt":"2025-09-17T02:46:59","slug":"25-transparent-detachable-pointed-tip-oval-shaped-tube-2-hongyi-plastic","status":"publish","type":"product","link":"https:\/\/www.hongyitube.com\/pt\/product\/25-transparent-detachable-pointed-tip-oval-shaped-tube-2-hongyi-plastic\/","title":{"rendered":"25 Transparente, Detachable, Pointed Tip, Oval-Shaped Tube-2 &#8211; Hongyi Plastic"},"content":{"rendered":"<h2><strong>Caracter\u00edsticas<\/strong><\/h2>\n<ul>\n<li><b><\/b><strong><b>Design de Tube Body<\/b><\/strong>.<\/li>\n<\/ul>\n<p>Nossa impress\u00e3o corporal emprega uma t\u00e9cnica \u00fanica de impress\u00e3o gradiente de uma \u00fanica cor. Essa s\u00e9rie apresenta uma impress\u00e3o de gradiente de cor \u00fanica em azul, rosa-vermelho, vermelho e amarelo, com cores vibrantes e fluentes que criam um forte impacto visual e um senso de alta moda. Isso permite que seu produto se destaque na prateleira! O texto e as instru\u00e7\u00f5es de uso s\u00e3o impressas usando tecnologia de tela de seda, assegurando durabilidade, clareza e resist\u00eancia ao uso e l\u00e1grima, garantindo que a informa\u00e7\u00e3o permanece leg\u00edvel ao longo do tempo. Nosso logotipo de marca central \u00e9 impresso usando um processo de marca quente, o que lhe d\u00e1 uma folha met\u00e1lica e uma apar\u00eancia impressionante, aumentando grandemente a imagem da marca e elevando o produto&#8217; s status.<\/p>\n<p>&nbsp;<\/p>\n<h2><strong>Avantagens de Produtos<\/strong><\/h2>\n<p><strong><b>1.conveniente e control\u00e1vel <\/b><\/strong><strong><b>\u00a0<\/b><\/strong><\/p>\n<p>O design da tampa interior de corpo dividido, ponta ponta, assegura um selo apertado, evitando efetivamente vazamento e destrui\u00e7\u00e3o do conte\u00fado. Quando usado, \u00e9 conveniente abrir o buraco, e a sa\u00edda \u00e9 precisa e control\u00e1vel, reduzindo os res\u00edduos.<\/p>\n<p>Sentimento confort\u00e1vel: A tampa de mat\u00e9 em forma oval correspondente tem uma textura delicada e alta, \u00e9 resistente ao deslizamento e f\u00e1cil de girar. - Opera\u00e7\u00f5es de abertura e fechamento s\u00e3o suaves e sem esfor\u00e7o. Specifica\u00e7\u00f5es exactas: di\u00e2metro padr\u00e3o de tubo de 25 mm, op\u00e7\u00f5es de capacidade flex\u00edveis para satisfazer v\u00e1rias necessidades de preenchimento.<\/p>\n<p><strong><b>2.Seguran\u00e7a material <\/b><\/strong><strong><b>\u00a0<\/b><\/strong><\/p>\n<p>O material principal pode ser personalizado de acordo com as necessidades do cliente e cumpre os padr\u00f5es de seguran\u00e7a da ind\u00fastria relevantes.<\/p>\n<p><strong><b>3.Design flex\u00edvel<\/b><\/strong><strong><b>\u00a0<\/b><\/strong><\/p>\n<p>suporta padr\u00f5es personalizados de impress\u00e3o e desenho, tornando-o um meio ideal para sua identidade de marca.<\/p>\n<p><strong><b>4.Conveniente usar<\/b><\/strong><\/p>\n<p>O design pontuado combinado com uma tampa desligada torna f\u00e1cil operar com apenas uma m\u00e3o, proporcionando uma excelente experi\u00eancia de usu\u00e1rio. Apela\u00e7\u00e3o visual: O esquema de cores de gradiente inovador parejado com o selo de folha de ouro cria um &#8220; primeira impress\u00e3o atraente Na prateleira, influenciando as decis\u00f5es de compra dos consumidores.<\/p>\n<p><strong><b>5.Qualidade e confiabilidade<\/b><\/strong><strong><b>\u00a0<\/b><\/strong><\/p>\n<p>Uma artesania excepcional e materiais robustos transmitem a marca \u00e9 aten\u00e7\u00e3o rigorosa \u00e0 qualidade, estabelecendo assim confian\u00e7a com os consumidores.<\/p>\n<p><strong><b>6.Funcionalidade pr\u00e1tica<\/b><\/strong><strong><b>\u00a0<\/b><\/strong><\/p>\n<p>Excelentes propriedades de selagem protegem a atividade do produto, controle preciso da ponta melhora a experi\u00eancia do usu\u00e1rio, equilibrar a est\u00e9tica com a pr\u00e1tica.<\/p>\n<p><strong><b>7.Brand Elevation<\/b><\/strong><strong><b>\u00a0<\/b><\/strong><\/p>\n<p>Tratamentos detalhados como logotipos de ouro s\u00e3o efetivos para estabelecer uma imagem de marca de alto n\u00edvel e melhorar o produto&#8217; o valor percebido.<\/p>\n<p><strong><b>8.Versatilidade da aplica\u00e7\u00e3o<\/b><\/strong><strong><b>\u00a0<\/b><\/strong><\/p>\n<p>De produtos de cuidado pessoal a farmac\u00eauticos, de laborat\u00f3rios a casas, ele serve m\u00faltiplos prop\u00f3sitos, atendendo \u00e0s necessidades de embalagem de v\u00e1rias ind\u00fastrias e cen\u00e1rios.<\/p>\n<p>&nbsp;<\/p>\n<h2><strong>Scen\u00e1rios de aplica\u00e7\u00e3o de produtos<\/strong><\/h2>\n<p><strong><b>Brand New Product Launch<\/b><\/strong><strong><b>\u00a0<\/b><\/strong><\/p>\n<p>Captura de pele de alto n\u00edvel e produtos de maquilhagem que pretendem fazer um espinho com seu design \u00fanico de embalagem.<\/p>\n<p><strong><b>Dois e itens promocionais<\/b><\/strong><strong><b>\u00a0<\/b><\/strong><\/p>\n<p>Produtos exclusivos para f\u00e9rias e colabora\u00e7\u00e3o requerem embalagens que t\u00eam uma apar\u00eancia semelhante ao presente.<\/p>\n<p><strong><b>\u00a0Produtos de linha profissional<\/b><\/strong><strong><b>\u00a0<\/b><\/strong><\/p>\n<p>produtos est\u00e9ticos de linha m\u00e9dica, ingr\u00e9deas especializadas, produtos qu\u00edmicos de alto n\u00edvel - eles requerem estabelecer uma imagem profissional e confi\u00e1vel.<\/p>\n<p><strong><b>DIY manufacturado e marcas de nicho<\/b><\/strong><strong><b>\u00a0<\/b><\/strong><\/p>\n<p>Entreprenedores que buscam oferecer produtos personalizados e estilados e esperam transmitir o car\u00e1cter \u00fanico de sua marca atrav\u00e9s da embalagem.<\/p>\n<p><strong><b>Empaquetamento de Viagens e Mostras<\/b><\/strong><strong><b>\u00a0<\/b><\/strong><\/p>\n<p>Compacto e port\u00e1til, com excelentes propriedades de selagem, tornando-o ideal para criar embalagens de tamanho de viagem e amostras.<\/p>","protected":false},"excerpt":{"rendered":"<p>Hongyi[UNK]Plastic 25 transparent, detachable, pointed tip, oval-shaped tube[UNK]filling Capacity20-25ml\/0,68-0,85fl.0z. Os tubos desta s\u00e9rie s\u00e3o feitos de pl\u00e1stico de polietileno de alta densidade (HDPE) ou de polietileno de baixa densidade (LDPE), assegurando que os tubos s\u00e3o limpos e sem odor, com excelentes propriedades de compatibilidade e barreira. O design de tubos em forma oval tem uma estrutura est\u00e1vel, espessura uniforme e excelentes propriedades de barreira. A tampa \u00e9 feita de um novo material PP texturado com mat\u00e9 que completa perfeitamente a forma oval do tubo. A inser\u00e7\u00e3o interna tem um design desligado e apurado que equilibra tanto o desempenho de selagem como a facilidade de uso.<\/p>\n<p>&nbsp;<\/p>\n<p><strong><b>Aplica\u00e7\u00f5es recomendadas<\/b><\/strong><strong><b>\u00a0\"<\/b><\/strong><\/p>\n<ul>\n<li>Beauty and skincare: Essence, gel, lotion, pre-makeup base, sunscreen, mask cream.<\/li>\n<li>Fornecimentos m\u00e9dicos: manteigas, cremas, lot\u00f5es, agentes de acoplamento m\u00e9dico, gel desinfectante.<\/li>\n<li>Produtos qu\u00edmicos finos: adesivos, lubricantes, cores, pigmentos e agentes qu\u00edmicos eletr\u00f4nicos de precis\u00e3o.<\/li>\n<li>Ess\u00eancia l\u00edquida de alto desempenho<\/li>\n<li>Revitalizing Eyebody Essence<\/li>\n<li>Lot\u00e3o de Repara\u00e7\u00e3o de Fortalecimento<\/li>\n<li>Produtos essenciais do petr\u00f3leo<\/li>\n<\/ul>","protected":false},"featured_media":2539,"comment_status":"closed","ping_status":"closed","template":"","meta":[],"product_brand":[],"product_cat":[15,32],"product_tag":[],"class_list":{"0":"post-2535","1":"product","2":"type-product","3":"status-publish","4":"has-post-thumbnail","6":"product_cat-artistic-design-plastic-tube","7":"product_cat-pointed-mouth-series","9":"first","10":"instock","11":"shipping-taxable","12":"product-type-simple"},"_links":{"self":[{"href":"https:\/\/www.hongyitube.com\/pt\/wp-json\/wp\/v2\/product\/2535","targetHints":{"allow":["GET"]}}],"collection":[{"href":"https:\/\/www.hongyitube.com\/pt\/wp-json\/wp\/v2\/product"}],"about":[{"href":"https:\/\/www.hongyitube.com\/pt\/wp-json\/wp\/v2\/types\/product"}],"replies":[{"embeddable":true,"href":"https:\/\/www.hongyitube.com\/pt\/wp-json\/wp\/v2\/comments?post=2535"}],"wp:featuredmedia":[{"embeddable":true,"href":"https:\/\/www.hongyitube.com\/pt\/wp-json\/wp\/v2\/media\/2539"}],"wp:attachment":[{"href":"https:\/\/www.hongyitube.com\/pt\/wp-json\/wp\/v2\/media?parent=2535"}],"wp:term":[{"taxonomy":"product_brand","embeddable":true,"href":"https:\/\/www.hongyitube.com\/pt\/wp-json\/wp\/v2\/product_brand?post=2535"},{"taxonomy":"product_cat","embeddable":true,"href":"https:\/\/www.hongyitube.com\/pt\/wp-json\/wp\/v2\/product_cat?post=2535"},{"taxonomy":"product_tag","embeddable":true,"href":"https:\/\/www.hongyitube.com\/pt\/wp-json\/wp\/v2\/product_tag?post=2535"}],"curies":[{"name":"wp","href":"https:\/\/api.w.org\/{rel}","templated":true}]}}