{"id":2479,"date":"2025-08-21T15:43:08","date_gmt":"2025-08-21T07:43:08","guid":{"rendered":"https:\/\/www.hongyitube.com\/?post_type=product&#038;p=2479"},"modified":"2025-09-17T10:45:53","modified_gmt":"2025-09-17T02:45:53","slug":"25-transparent-detachable-pointed-tip-oval-shaped-tube-hongyi-plastic","status":"publish","type":"product","link":"https:\/\/www.hongyitube.com\/pt\/product\/25-transparent-detachable-pointed-tip-oval-shaped-tube-hongyi-plastic\/","title":{"rendered":"25 Tubo transparente, separado, pontuado, tubo de forma oval &#8211; Hongyi Plastic"},"content":{"rendered":"<h2><strong>Caracter\u00edsticas<\/strong><\/h2>\n<ul>\n<li><b><\/b><strong><b>Design de Tube Body<\/b><\/strong>.<\/li>\n<\/ul>\n<p>Nossa linha de tubos apresenta um vibrante processo de marca\u00e7\u00e3o quente, utilizando uma variedade de designs coloridos para se separar dos tons tradicionais de ouro e prata. - Cores cuidadosamente projetados e selecionados como vermelho apaixonado, verde vibrante, azul futurista e vermelho rosa modal s\u00e3o destacados no tubo&#8217; logo e padr\u00f5es. O resultado \u00e9 um material de embalagem de tubos que parece ainda mais colorido e saturado, com uma folha met\u00e1lica impressionante que exude tanto impacto visual como estilo moderno.<\/p>\n<p>Nossa informa\u00e7\u00e3o sobre o produto de mangueira \u00e9 apresentada atrav\u00e9s de impress\u00e3o de tela de seda de alta precis\u00e3o, com tipografia afiada e clara que \u00e9 duradoura e resistente ao uso. Ela brilha ao lado de um vibrante selo quente, criando um efeito claro e camada!<\/p>\n<p>&nbsp;<\/p>\n<h2><strong>Avantagens de Produtos<\/strong><\/h2>\n<p><strong><b>Preserva\u00e7\u00e3o funcional: <\/b><\/strong><\/p>\n<p>Extremamente apertado para fechar fresco e atividade. Utiliza um sistema de dupla selagem composto por um &#8220; capa interior de ponta dividida e um &#8220; cobertura exterior precisa dos dentes pequenos - proporcionar prote\u00e7\u00e3o extremamente apertada ao ar, isolar eficazmente o ar e prevenir a degrada\u00e7\u00e3o de componentes altamente ativos e facilmente oxidados (como vitamina C e retinol), assegurando que o produto permane\u00e7a fresco da primeira gota at\u00e9 a \u00faltima gota<\/p>\n<p><strong><b>Experi\u00eancia de uso: <\/b><\/strong><strong><b>\u00a0<\/b><\/strong><\/p>\n<p>Controlo preciso da quantidade, higiene e seguran\u00e7a. O design de ponta suave e pontuada permite dispensa\u00e7\u00e3o extremamente precisa, tornando-o perfeito para usar produtos caros como ess\u00eancias e cremas oculares, evitando assim res\u00edduos. O conte\u00fado n\u00e3o flui de volta ou entra em contato com a abertura do tubo, eliminando o risco de contamina\u00e7\u00e3o secund\u00e1ria. Isso resulta em uma experi\u00eancia de uso mais limpa e segura.<\/p>\n<p><strong><b>Experi\u00eancia do Utilizador:<\/b><\/strong><\/p>\n<p>Sentimento confort\u00e1vel e opera\u00e7\u00e3o agrad\u00e1vel. O di\u00e2metro do tubo de 25 mm proporciona uma captura plena. O fio fino e de dentes pequenos permite uma opera\u00e7\u00e3o suave e fluid a, dando ao produto um sentimento mec\u00e2nico de alto n\u00edvel. A forma da tampa de yuanbao \u00e9 arredondada e f\u00e1cil de abrir e fechar, refor\u00e7ando o sentido da cerim\u00f4nia em uso.<\/p>\n<p><strong><b>Apela\u00e7\u00e3o est\u00e9tica: <\/b><\/strong><strong><b>\u00a0<\/b><\/strong><\/p>\n<p>Apar\u00eancia transparente, sensa\u00e7\u00e3o de alto n\u00edvel O corpo de tubo de alta transpar\u00eancia fornece uma visualiza\u00e7\u00e3o intuitiva do produto&#8217; s textura e quantidade restante, promovendo um sentido de &#8220; composi\u00e7\u00e3o transparente. &#8221; O material transparente serve como uma tela pura para processos subsequentes, aumentando o efeito decorativo.<\/p>\n<p><strong><b>Apela\u00e7\u00e3o est\u00e9tica: <\/b><\/strong><strong><b>\u00a0<\/b><\/strong><\/p>\n<p>Vibrante e atraente, capturando aten\u00e7\u00e3o na prateleira. Se separar dos tons tradicionais de ouro e prata, este produto apresenta um selo quente colorido (vermelho, verde, azul e rosa-rosa). O logotipo da marca tem uma folha altamente met\u00e1lica e um impacto visual impressionante, instantaneamente atraindo a aten\u00e7\u00e3o dos consumidores e destacando-se na prateleira do ponto final.<\/p>\n<p><strong><b>Est\u00e9tica visual, personaliza\u00e7\u00e3o do estilo, definindo o tom: <\/b><\/strong><strong><b>\u00a0<\/b><\/strong><\/p>\n<p>oferece duas op\u00e7\u00f5es: cobertura de yuanbao de ouro eletropla\u00e7ada (moderna, tecnol\u00f3gica-sabedoria) e cobertura de yuanbao de madeira (vibra\u00e7\u00e3o natural, curadora). Isso permite que a embalagem serve como uma extens\u00e3o da marca&#8217; a alma, exatamente correspondendo \u00e0 posi\u00e7\u00e3o do estilo de diferentes linhas de produtos.<\/p>\n<p>Melhoria do valor do mercado de marcas, apoio ao pre\u00e7o de pr\u00e9mios: A complexa artesanidade e estrutura (selo quente, inser\u00e7\u00e3o interna, pequenas indenta\u00e7\u00f5es, capa distintiva) representam inerentemente alto custo e qualidade de alto n\u00edvel, proporcionando forte apoio \u00e0 pre\u00e7o de pr\u00e9mios do produto e melhorando sua percep\u00e7\u00e3o de valor de marca.<\/p>\n<p>Mercado de marcas, atributos sociais, arma de auto-propaga\u00e7\u00e3o, alta apar\u00eancia, embalagens distintos \u00e9 f\u00e1cil estimular os consumidores&#8217; o desejo de tirar fotos e compartilhar em plataformas sociais como Xiaohongshu e Douyin, formando o efeito de &#8220; cuidando das plantas,&#8221; que \u00e9 um recurso de marketing gratuito.<\/p>\n<p>O artesanato \u00e9 de alta qualidade, caracterizado pela sua durabilidade e aten\u00e7\u00e3o aos detalhes. O texto com tela de seda \u00e9 robusto, resistente ao uso e l\u00e1grima, e a informa\u00e7\u00e3o permanece clara e duradoura. Os padr\u00f5es impressos de transfer \u00eancia de calor n\u00e3o desaparecem facilmente. A embalagem global \u00e9 meticulosamente constru\u00edda, com at\u00e9 os menores detalhes refletindo qualidade superior que pode resistir ao exame repetido pelos consumidores.<\/p>\n<p>&nbsp;<\/p>\n<h2><strong>Scen\u00e1rios de aplica\u00e7\u00e3o de produtos<\/strong><\/h2>\n<ol>\n<li><strong><b>S\u00e9rios de alto n\u00edvel (S\u00e9rios de alto n\u00edvel)<\/b><\/strong><\/li>\n<\/ol>\n<ul>\n<li>\u00a0Di\u00e2metro de 25 mm adequado para 30-50 ml de capacidade de ess\u00eancia padr\u00e3o, corpo de tubo transparente pode mostrar a ess\u00eancia pr\u00f3pria textura ou cor (como ess\u00eancia VC amarela).<\/li>\n<li>A ponta dividida pode ser inserida na preserva\u00e7\u00e3o extrema de ingredientes antioxidantes (como vitamina C, vitamina E, astaxantina), e controlar exatamente a quantidade de ess\u00eancia de alta concentra\u00e7\u00e3o para evitar res\u00edduos.<\/li>\n<li>A impress\u00e3o de cores brilhantes (por exemplo, azul, verde) pode enfatizar o sentimento tecnol\u00f3gico do produto ou o conceito de ingredientes vegetais.<\/li>\n<\/ul>\n<ol start=\"2\">\n<li><strong><b> Professional Eye Care<\/b><\/strong><\/li>\n<\/ol>\n<ul>\n<li>O design do nozzle \u00e9 uma combina\u00e7\u00e3o perfeita para produtos de crema ocular, permitindo o uso higi\u00e9nico e preciso de uma quantidade de arroz de tamanho de gr\u00e3os para ser aplicado diretamente ao redor do olho, perfeitamente atendendo \u00e0s necessidades de uso.<\/li>\n<li>A pequena cobertura de yuanbao \u00e9 bem projetada e atende \u00e0 posi\u00e7\u00e3o de alto n\u00edvel dos produtos oculares.<\/li>\n<li>A impress\u00e3o vermelha rosa e champanhe de ouro aquecida \u00e9 perfeita para mulheres. os cremes oculares que apresentam um conceito antienvelhecimento e refinado.<\/li>\n<\/ul>\n<ol start=\"3\">\n<li><strong><b> Produtos de ingredientes altos ativos (f\u00f3rmulas de alta atividade)<\/b><\/strong><\/li>\n<\/ol>\n<ul>\n<li>Adequado para a ess\u00eancia de retinol (um \u00e1lcool), produtos \u00e1cidos de reanima\u00e7\u00e3o da pele, produtos de pept\u00eddeos de alta concentra\u00e7\u00e3o, etc.<\/li>\n<li>Esses ingredientes s\u00e3o extremamente sens\u00edveis ao ar e \u00e0 luz. O separador - cobertura opaca fornece o maior n\u00edvel de prote\u00e7\u00e3o de selagem, assegurando a atividade e efic\u00e1cia dos ingredientes.<\/li>\n<\/ul>\n<ol start=\"4\">\n<li><strong><b> Natural, Organic &amp; Uma beleza limpa<\/b><\/strong><\/li>\n<\/ol>\n<ul>\n<li>A cobertura do tesouro de madeira \u00e9 a escolha perfeita para este cen\u00e1rio, transmitindo diretamente o conceito de marca da natureza, prote\u00e7\u00e3o ambiental e sustentabilidade.<\/li>\n<li>Pare com um selo de ouro verde ou brilhante para enfatizar os atributos de formula\u00e7\u00e3o pura do produto baseado em plantas.<\/li>\n<li>O organismo transparente responde \u00e0s exig\u00eancias do consumidor por &#8220; transpar\u00eancia dos ingredientes. &#8221;<\/li>\n<\/ul>\n<ol start=\"5\">\n<li><strong><b> Dermocosm\u00e9ticos &amp; Linhas Profissionais<\/b><\/strong><\/li>\n<\/ol>\n<ul>\n<li>A cobertura eletropl\u00e1tida de Yuanbao (especialmente cor de prata e arma) com impress\u00f5es quentes azuis e vermelhos pode criar uma profissional, cient\u00edfica, e todo o pacote se sente menos como cosm\u00e9ticos tradicionais, e mais como um &#8220; instrumento de precis\u00e3o ou &#8220; farmac\u00eautico de alta efici\u00eancia,&#8221; que atende \u00e0 posi\u00e7\u00e3o profissional da marca farmac\u00eautica.<\/li>\n<\/ul>\n<p>&nbsp;<\/p>","protected":false},"excerpt":{"rendered":"<p>Hongyi[UNK]Plastic 25 transparent, detachable, pointed tip, oval-shaped tube[UNK]filling Capacity25-35ml\/0,85-1,18fl.0z<\/p>\n<p>Com um di\u00e2metro espacial de tubo de 25 mm, exude um senso de grandeza e oferece maior capacidade para o conte\u00fado, tornando-o adequado para produtos como ess\u00eancias e lot\u00f5es. O material \u00e9 altamente transparente e brilhante, transformando o produto s textura e cor em uma parte integral da embalagem, criando um efeito visual puro e alto. O tubo a forma do nozzle apresenta um design de textura fina, fornecendo uma sensa\u00e7\u00e3o de giro suave e fluido quando girada, assegurando uma adapta\u00e7\u00e3o estreita. Isto n\u00e3o s\u00f3 destaca o processo de fabrica\u00e7\u00e3o superior e a aten\u00e7\u00e3o ao detalhe, mas tamb\u00e9m inclui um inserimento de ponta detachable para proteger os ingredientes de alta atividade da oxida\u00e7\u00e3o e contamina\u00e7\u00e3o, garantindo que cada gota de produto permanece t\u00e3o fresca quanto a primeira. O design de ponta suave permite aplica\u00e7\u00e3o precisa, perfeitamente adequada para formula\u00e7\u00f5es de alta concentra\u00e7\u00e3o, minimizar os res\u00edduos e melhorar o luxuoso sentimento de rituais de corte de pele.<\/p>\n<p>&nbsp;<\/p>\n<p><strong><b>Aplica\u00e7\u00f5es recomendadas<\/b><\/strong><strong><b>\u00a0\"<\/b><\/strong><\/p>\n<ul>\n<li>Ess\u00eancia l\u00edquida de alto desempenho<\/li>\n<li>Revitalizing Eyebody Essence<\/li>\n<li>Lot\u00e3o de Repara\u00e7\u00e3o de Fortalecimento<\/li>\n<li>Produtos essenciais do petr\u00f3leo<\/li>\n<\/ul>","protected":false},"featured_media":2532,"comment_status":"closed","ping_status":"closed","template":"","meta":[],"product_brand":[],"product_cat":[15,32],"product_tag":[],"class_list":{"0":"post-2479","1":"product","2":"type-product","3":"status-publish","4":"has-post-thumbnail","6":"product_cat-artistic-design-plastic-tube","7":"product_cat-pointed-mouth-series","9":"first","10":"instock","11":"shipping-taxable","12":"product-type-simple"},"_links":{"self":[{"href":"https:\/\/www.hongyitube.com\/pt\/wp-json\/wp\/v2\/product\/2479","targetHints":{"allow":["GET"]}}],"collection":[{"href":"https:\/\/www.hongyitube.com\/pt\/wp-json\/wp\/v2\/product"}],"about":[{"href":"https:\/\/www.hongyitube.com\/pt\/wp-json\/wp\/v2\/types\/product"}],"replies":[{"embeddable":true,"href":"https:\/\/www.hongyitube.com\/pt\/wp-json\/wp\/v2\/comments?post=2479"}],"wp:featuredmedia":[{"embeddable":true,"href":"https:\/\/www.hongyitube.com\/pt\/wp-json\/wp\/v2\/media\/2532"}],"wp:attachment":[{"href":"https:\/\/www.hongyitube.com\/pt\/wp-json\/wp\/v2\/media?parent=2479"}],"wp:term":[{"taxonomy":"product_brand","embeddable":true,"href":"https:\/\/www.hongyitube.com\/pt\/wp-json\/wp\/v2\/product_brand?post=2479"},{"taxonomy":"product_cat","embeddable":true,"href":"https:\/\/www.hongyitube.com\/pt\/wp-json\/wp\/v2\/product_cat?post=2479"},{"taxonomy":"product_tag","embeddable":true,"href":"https:\/\/www.hongyitube.com\/pt\/wp-json\/wp\/v2\/product_tag?post=2479"}],"curies":[{"name":"wp","href":"https:\/\/api.w.org\/{rel}","templated":true}]}}