{"id":2474,"date":"2025-08-21T15:35:54","date_gmt":"2025-08-21T07:35:54","guid":{"rendered":"https:\/\/www.hongyitube.com\/?post_type=product&#038;p=2474"},"modified":"2025-09-17T10:44:04","modified_gmt":"2025-09-17T02:44:04","slug":"22-transparent-detachable-pointed-tip-oval-shaped-tube-hongyi-plastic","status":"publish","type":"product","link":"https:\/\/www.hongyitube.com\/pt\/product\/22-transparent-detachable-pointed-tip-oval-shaped-tube-hongyi-plastic\/","title":{"rendered":"22 Tubo transparente, separado, pontuado, tubo de forma oval &#8211; Hongyi Plastic"},"content":{"rendered":"<h2><strong>Caracter\u00edsticas<\/strong><\/h2>\n<ul>\n<li><b><\/b><strong><b>Design de Tube Body<\/b><\/strong>.<\/li>\n<\/ul>\n<p>Nosso corpo de tubo emprega tecnologia avan\u00e7ada de impress\u00e3o de gradiente de uma \u00fanica cor, resultando em uma apar\u00eancia sonhada e ethereal que transita suavemente da luz suave do amanhecer para as cores suaves de uma gal\u00e1xia escurada. A intera\u00e7\u00e3o entre luz e sombra cria um sentimento art\u00edstico altamente moderno, trazendo um sentido de vitalidade din\u00e2mica \u00e0 embalagem est\u00e1tica.<\/p>\n<p>Nossa marca logo e padr\u00e3o de n\u00facleo s\u00e3o emboscados com folha eletrofotogr\u00e1fica de alum\u00ednio de alta qualidade, mostrando um lustro met\u00e1lico cheio e brilhante. Para esta s\u00e9rie, escolhemos ouro cl\u00e1ssico de champanhe, vermelho de rosa elegante, vermelho cl\u00e1ssico ardente e azul misterioso para apresentar aos usu\u00e1rios. Essas cores t\u00eam um sentimento tridimensional e uma apar\u00eancia radiante, tornando-as o s\u00edmbolo perfeito de luxo e estado!<\/p>\n<p>Nosso produto s informa\u00e7\u00e3o textual \u00e9 impressa usando tinta de alta ades\u00e3o, resultando em texto claro e afiado que \u00e9 tanto duradouro quanto de longa dura\u00e7\u00e3o. Isto contrasta belamente com o brilhante padr\u00e3o de folha de ouro, criando um efeito visual sofisticado com camadas ricas e durabilidade excepcional!<\/p>\n<p>&nbsp;<\/p>\n<h2><strong>Avantagens de Produtos<\/strong><\/h2>\n<p><strong><b>Preserva\u00e7\u00e3o extrema:<\/b><\/strong><\/p>\n<p>O sistema de inser\u00e7\u00e3o compartimental proporciona prote\u00e7\u00e3o de alto n\u00edvel e selada para os ingredientes altamente ativos, assegurando a efic\u00e1cia do produto.<\/p>\n<p><strong><b>Experi\u00eancia Precisa:<\/b><\/strong><\/p>\n<p>O design da ponta apontada incorpora perfeitamente o conceito de &#8220; carne de pele precisa,&#8221; - atender \u00e0s exig\u00eancias rigorosas dos usu\u00e1rios de alto n\u00edvel em rela\u00e7\u00e3o \u00e0 dose e higiene.<\/p>\n<p><strong><b>Sentimento Luxurioso:<\/b><\/strong><strong><b>\u00a0<\/b><\/strong><\/p>\n<p>Desde o corpo do tubo oval at\u00e9 o selo de ouro gradiente, cada detalhe exude alto e luxo, aumentando significativamente o produto&#8217; s valor acrescentado e imagem de marca.<\/p>\n<p><strong><b>Apela\u00e7\u00e3o \u00e0 plataforma:<\/b><\/strong><strong><b>\u00a0<\/b><\/strong><\/p>\n<p>Seu design \u00fanico e artesanato complexo o separaram de outros concorrentes e o tornaram o ponto focal da aten\u00e7\u00e3o.<\/p>\n<p>&nbsp;<\/p>\n<h2><strong>Scen\u00e1rios de aplica\u00e7\u00e3o de produtos<\/strong><\/h2>\n<p>Luxurosa Creme de Olhos Anti-Wrinkle<\/p>\n<ul>\n<li>Ess\u00eancia de reparo de alta concentra\u00e7\u00e3o (por exemplo, ess\u00eancia de retinol, ess\u00eancia de pept\u00eddeo)<\/li>\n<li>Produtos localizados de precis\u00e3o da pele (por exemplo, caneta de redu\u00e7\u00e3o de pontos, ess\u00eancia de luta contra acne)<\/li>\n<li>Edi\u00e7\u00e3o marca limitada, produtos comemorativos e colet\u00edveis<\/li>\n<\/ul>\n<p>&nbsp;<\/p>","protected":false},"excerpt":{"rendered":"<p>Hongyi[UNK]Plastic22 transparent, detachable, pointed tip, oval-shaped tube[UNK]filling Capacity15-20m l[UNK]0,51-0,68 fl.0z.<\/p>\n<p>Nossa s\u00e9rie de tubos apresenta um material composto pl\u00e1stico\/alum\u00ednio de alta transpar\u00eancia. O conte\u00fado \u00e9 claramente vis\u00edvel, assegurando transpar\u00eancia na qualidade. Al\u00e9m disso, o design da elipse \u00e9 ergonomicamente amig\u00e1vel, fornecendo uma agarra confort\u00e1vel e est\u00e1vel. Ela se destaca entre outros tubos redondos, mostrando uma identidade \u00fanica de marca. O design de fios de pequeno dente de precis\u00e3o, parejado com um tamp\u00e3o interior detachable, assegura prote\u00e7\u00e3o a \u00e9rea apertada, prevenindo efetivamente a oxida\u00e7\u00e3o e contamina\u00e7\u00e3o dos ingredientes ativos. A tampa exterior \u00e9 refor\u00e7ada para selagem segura, garantindo que nada vai mal. A ponta suave permite a administra\u00e7\u00e3o precisa de pequenas doses, tirando o m\u00e1ximo da f\u00f3rmula preciosa e prevenindo res\u00edduos. O produto s\u00f3 flui pela ponta, eliminando qualquer contato secund\u00e1rio com a boca ou pele da garrafa, garantindo assim muito a higiene do produto.<\/p>\n<p><strong><b>Aplica\u00e7\u00f5es recomendadas<\/b><\/strong><strong><b>\u00a0\"<\/b><\/strong>Essa s\u00e9rie de embalagens \u00e9 especificamente projetada para criar uma experi\u00eancia de produto de alto n\u00edvel e \u00e9 ideal para produtos como Hua Anti-Wrinkle Eye Cream, essen\u00e7as de repara\u00e7\u00e3o de alta concentra\u00e7\u00e3o (por exemplo, ess\u00eancia retinol, ess\u00eancia pept\u00eddeo), produtos de cuidado localizado preciso (por exemplo, caneta de luz, ess\u00eancia de combate acne), edi\u00e7\u00e3o limitada e coletivos comemorativos, e mais!<\/p>","protected":false},"featured_media":2524,"comment_status":"closed","ping_status":"closed","template":"","meta":[],"product_brand":[],"product_cat":[15,32],"product_tag":[],"class_list":{"0":"post-2474","1":"product","2":"type-product","3":"status-publish","4":"has-post-thumbnail","6":"product_cat-artistic-design-plastic-tube","7":"product_cat-pointed-mouth-series","9":"first","10":"instock","11":"shipping-taxable","12":"product-type-simple"},"_links":{"self":[{"href":"https:\/\/www.hongyitube.com\/pt\/wp-json\/wp\/v2\/product\/2474","targetHints":{"allow":["GET"]}}],"collection":[{"href":"https:\/\/www.hongyitube.com\/pt\/wp-json\/wp\/v2\/product"}],"about":[{"href":"https:\/\/www.hongyitube.com\/pt\/wp-json\/wp\/v2\/types\/product"}],"replies":[{"embeddable":true,"href":"https:\/\/www.hongyitube.com\/pt\/wp-json\/wp\/v2\/comments?post=2474"}],"wp:featuredmedia":[{"embeddable":true,"href":"https:\/\/www.hongyitube.com\/pt\/wp-json\/wp\/v2\/media\/2524"}],"wp:attachment":[{"href":"https:\/\/www.hongyitube.com\/pt\/wp-json\/wp\/v2\/media?parent=2474"}],"wp:term":[{"taxonomy":"product_brand","embeddable":true,"href":"https:\/\/www.hongyitube.com\/pt\/wp-json\/wp\/v2\/product_brand?post=2474"},{"taxonomy":"product_cat","embeddable":true,"href":"https:\/\/www.hongyitube.com\/pt\/wp-json\/wp\/v2\/product_cat?post=2474"},{"taxonomy":"product_tag","embeddable":true,"href":"https:\/\/www.hongyitube.com\/pt\/wp-json\/wp\/v2\/product_tag?post=2474"}],"curies":[{"name":"wp","href":"https:\/\/api.w.org\/{rel}","templated":true}]}}