{"id":2473,"date":"2025-08-21T15:33:45","date_gmt":"2025-08-21T07:33:45","guid":{"rendered":"https:\/\/www.hongyitube.com\/?post_type=product&#038;p=2473"},"modified":"2025-09-17T10:42:15","modified_gmt":"2025-09-17T02:42:15","slug":"19mm-pe-pointed-small-mouth-tube-2-hongyi-plastic","status":"publish","type":"product","link":"https:\/\/www.hongyitube.com\/pt\/product\/19mm-pe-pointed-small-mouth-tube-2-hongyi-plastic\/","title":{"rendered":"19 mm PE Puntado Tubo de boca Pequena-2 &#8211; Hongyi Plastic"},"content":{"rendered":"<h2><strong>Caracter\u00edsticas<\/strong><\/h2>\n<ul>\n<li><b><\/b><strong><b>Design de Tube Body<\/b><\/strong>.<\/li>\n<\/ul>\n<p>Para esta s\u00e9rie de tubos, optamos por um tubo transparente que foi revestido com uma camada de verniz brilhante. Inicialmente, um processo de selo quente foi usado para transferir diferentes folhas met\u00e1licas coloridas para a superf\u00edcie do tubo. Ap\u00f3s o selo quente foi completado, a impress\u00e3o de tela foi aplicada para cobrir outras cores de tinta (texto e padr\u00f5es). A tinta da tela de seda pode cobrir exatamente \u00e1reas fora da camada de selagem quente ou cobrir parcialmente a camada de selagem quente, possibilitando assim combina\u00e7\u00f5es complexas de cores. Depois da impress\u00e3o da tela de seda foi completada, a tinta foi completamente secada e endurecida usando UV (para tinta UV) ou calor (para tinta baseada em solvente).<\/p>\n<p><strong><b>Por que foi &#8220; marca\u00e7\u00e3o quente seguida de impress\u00e3o de tela de seda escolhido? <\/b><\/strong><\/p>\n<p>As vantagens essenciais desta sequ\u00eancia de processos est\u00e3o em sua apar\u00eancia camada, qualidade t\u00e1ctil e confiabilidade.<\/p>\n<ul>\n<li><strong><b> Destacando o sentimento met\u00e1lico:<\/b><\/strong>A f\u00f3lia de ouro aplicada primeiro tem um forte lustro met\u00e1lico e um efeito tridimensional que n\u00e3o \u00e9 compat\u00edvel com qualquer tinta de cor met\u00e1lica.<\/li>\n<li><strong><b>cobertura forte:<\/b><\/strong>A impress\u00e3o posterior da tela de seda pode usar tintas de cor escura com alta opacidade (como azul negro ou profundo) para cobrir a camada de f\u00f3lia de ouro, definindo assim bordos claros do design e texto sem comprometer o efeito da f\u00f3lia de ouro.<\/li>\n<li><strong><b>Mais durabilidade: <\/b><\/strong>Quando a impress\u00e3o de tela de seda \u00e9 seguida de foliagem de ouro, a alta temperatura (geralmente acima de 100\u00b0C) e a alta press\u00e3o durante o processo de foliagem de ouro podem facilmente causar a tinta j\u00e1 impressa mudar de cor, formar bolhas, ou descompor. Em contraste, quando a foliagem de ouro \u00e9 feita primeiro e depois a impress\u00e3o de tela de seda \u00e9 feita, a tinta que j\u00e1 foi secada pode aderir bem \u00e0 superf\u00edcie foliagem de ouro, resultando em uma estrutura global mais est\u00e1vel.<\/li>\n<li><strong><b> Efeito visual de alto n\u00edvel:<\/b><\/strong>Combina uma folha met\u00e1lica brilhante com madeira ou tintas coloridas brilhantes, criando um contraste impressionante e um senso de qualidade prim\u00e1ria.<\/li>\n<\/ul>\n<p>&nbsp;<\/p>\n<h2><strong>Avantagens de Produtos<\/strong><\/h2>\n<p><strong><b>Sealing Extreme:<\/b><\/strong><\/p>\n<p>O mecanismo de duplo selagem proporciona o maior n\u00edvel de prote\u00e7\u00e3o entre todas as op\u00e7\u00f5es de embalagem de tubos suaves, tornando-o ideal para proteger ingredientes altamente ativos sens\u00edveis ao ar e \u00e0 umidade, como Vitamina C, retinol e pept\u00eddeos.<\/p>\n<p><strong><b>Preserva\u00e7\u00e3o de conte\u00fados: <\/b><\/strong><\/p>\n<p>Efeito na preven\u00e7\u00e3o da oxida\u00e7\u00e3o, destrui\u00e7\u00e3o e secagem do produto, assegurando que a efic\u00e1cia permanece fresca desde a primeira aplica\u00e7\u00e3o at\u00e9 a \u00faltima.<\/p>\n<p><strong><b>Controlo preciso do uso:<\/b><\/strong><\/p>\n<p>O pequeno nozzle \u00e9 ideal para controlar exatamente a produ\u00e7\u00e3o de produtos de alta concentra\u00e7\u00e3o, de alto valor, evitando assim res\u00edduos.<\/p>\n<p><strong><b>\u00a0Sentimento de alta qualidade: <\/b><\/strong><\/p>\n<p>O meticuloso processo de fio de &#8220; Pequeno Dente \u00e9 um testemunho da artesanidade envolvida na sua cria\u00e7\u00e3o.<\/p>\n<p>O uso do selo interno d\u00e1 aos usu\u00e1rios um senso de &#8220; brand-new, never opened&#8221; - tranquilidade e experi\u00eancia ritualista, que \u00e9 uma pr\u00e1tica comum entre marcas de alto n\u00edvel.<\/p>\n<p><strong><b>Prova\u00e7\u00e3o de vazamento e resist\u00eancia ao choque: \u00a0<\/b><\/strong><\/p>\n<p>Perfeito para viajar, reduzindo significativamente o risco de vazamento devido \u00e0 compress\u00e3o dentro do saco.<\/p>\n<p>&nbsp;<\/p>\n<h2><strong>Scen\u00e1rios de aplica\u00e7\u00e3o de produtos<\/strong><\/h2>\n<p>Usamos folhas de ouro de cor diferentes marcando esta s\u00e9rie de tubos, que podem formar diferentes imagens de marca e transmitir diferentes ess\u00eancias de produto. Cada cor dar\u00e1 aos usu\u00e1rios uma experi\u00eancia visual e psicol\u00f3gica completamente distinta!<\/p>\n<p>Por exemplo, nosso Ouro Cl\u00e1ssico \u00e9 luxoso, nobre e cl\u00e1ssico. Tem uma reflexividade extremamente forte e \u00e9 o mais brilhante e atraente. Ela se destaca especialmente bem em tubos de cor escura (como preto e azul profundo). Ela transmite um senso de luxo duradouro e confi\u00e1vel. Super s\u00e9rie antienvelhecimento, creme luxuoso e lot\u00e3o, perfume cl\u00e1ssico, conjunto de presentes.<\/p>\n<p>Luz \/ Ouro de champanhe: Elegante, refinado e moderno. - Mais suave e menos brilhante do que ouro cl\u00e1ssico, com um sentimento quente e refinado. Gentile, elegante, sofisticado e luxuoso. Mais jovens e modernos do que ouro, adequados para marcas que querem transmitir qualidade de alto n\u00edvel mas n\u00e3o n\u00e3o querem parecer muito antigos. Ess\u00eancia, creme ocular, linha de corte de meio a alto n\u00edvel, mulheres a frag\u00e2ncia, marcas de nicho.<\/p>\n<p>Rose Gold: moda, suave e rom\u00e2ntica. Combina o luxo do ouro com a suavidade do rosa, tornando-o muito estilo e feminino. Sweet, romantic, modern, and friendly. Pode instantaneamente atrair jovens clientes e transmitir calor, aproximabilidade e um sentido de estilo. Produtos de fabrica\u00e7\u00e3o (labirinto, vermelho), produtos de cuidado corporal, produtos de corte de pele destinados ao mercado jovem, edi\u00e7\u00f5es limitadas com temas de f\u00e9rias.<\/p>\n<p>prata: Dormir, moderno e futurista. Tem uma camada fria e met\u00e1lica que lhe d\u00e1 uma apar\u00eancia muito limpa e racionalizada. Puro, simples, de alta tecnologia e moderno. Frequentemente usado para enfatizar o &#8220; aspecto tecnol\u00f3gico,&#8221; &#8220; f\u00f3rmula pura,&#8221; ou &#8220; sensa\u00e7\u00e3o de gelo de um produto. S\u00e9rias de branqueamento, homens s pele, cosm\u00e9ticos medicamentos (foca nos \u00e1cidos e reparos), produtos de limpeza.<\/p>\n<p>Ouro Negro \/ Gunmetal: misterioso, poderoso e extremo. Esta \u00e9 uma cor muito profunda, subestimada, mas tamb\u00e9m incrivelmente poderosa. Parece escuro de uma dist\u00e2ncia mas tem uma camada met\u00e1lica sutil quando vista de perto. Mysterious, high-end, hardcore, effective. - Ele transmite um sentido de &#8220; luxo subestimado e &#8220; um desempenho poderoso, tornando-o altamente sofisticado e atraente. Ess\u00eancia de alto n\u00edvel, ampulha, produtos de repara\u00e7\u00e3o nocturna, marcas de luxo, homens \u00e9 uma linha de alto n\u00edvel.<\/p>\n<p>Cor e folha hologr\u00e1fica: brilhante, tendente e \u00fanico. Inclui folhas de cor pura como vermelho, azul e verde, bem como os efeitos hologr\u00e1ficos imprevis\u00edveis do laser. Vibrante, criativo, brincante e avan\u00e7ado. Captura a aten\u00e7\u00e3o instantaneamente e \u00e9 perfeito para marcas que procuram se afastar da norma. - Marcas de maquilhagem tendenciais, lan\u00e7amentos de f\u00e9rias de edi\u00e7\u00e3o limitada, projetos colaborativos e marcas \u00fanicas adaptadas para a gera\u00e7\u00e3o Z.<\/p>\n<p>Primeiro, \u00e9 essencial esclarecer que tipo de personalidade de marca voc\u00ea quer transmitir atrav\u00e9s da embalagem: \u00e9 luxo cl\u00e1ssico ou tecnologia moderna? \u00c9 uma abordagem suave, feminina ou um estilo tendente e avan\u00e7ado? Podemos fornecer amostras f\u00edsicas para avaliar qualquer desvio de cores: a cor da folha de ouro pode mostrar efeitos muito diferentes dependendo da fonte de luz e do material de base. Pode haver uma discrep\u00e2ncia entre a cor como mostrada no cart\u00e3o de cores e o efeito final impresso no tubo. Voc\u00ea pode escolher e confirmar o efeito desejado baseado na inspec\u00e7\u00e3o visual e experi\u00eancia t\u00e1ctil.<\/p>\n<p>N\u00f3s tamb\u00e9m podemos ajudar voc\u00ea a experimentar com diferentes combina\u00e7\u00f5es de t\u00e9cnicas. Que tal uma f\u00f3lia de ouro emparelada com a cor de tela posterior? Por exemplo, &#8220; Folha de ouro negra, marca, cor clara de seda vermelha, pode criar um efeito muito poderoso e misterioso. O custo de diferentes t\u00e9cnicas tamb\u00e9m variar\u00e1, e podemos ajud\u00e1-los a considerar os custos e recomendar uma t\u00e9cnica adequada para seu produto. Em resumo, a escolha do processamento de tubos n\u00e3o \u00e9 apenas sobre &#8220; selecionando uma t\u00e9cnica \u00c9 uma importante comunica\u00e7\u00e3o visual entre a marca e o consumidor. Ela forma a primeira impress\u00e3o do produto e determina seu apelo na prateleira. Este \u00e9 o valor que a Ind\u00fastria de P\u00e1stico de Hongyi pode criar!<\/p>","protected":false},"excerpt":{"rendered":"<p>Hongyi Plastic Pointed Small Mouth series Tube-2 5-10ml\/0.17-0.34fl.0z , O corpo do tubo em nossa s\u00e9rie de embalagens de tubos moles \u00e9 feito de materiais PE e PP. A forma de dente fechador foi projetada com um dente pequeno e um tamp\u00e3o interior mais um tamp\u00e3o externo. Esta \u00e9 uma estrutura espec\u00edfica do nosso nozzle de tubos suaves e seu componente de selagem acompanhante. \u00c9 um m\u00e9todo de embalagem muito cl\u00e1ssico e de alto padr\u00e3o para produtos de cuidado localizados de tubos moles cosm\u00e9ticos. atrav\u00e9s de seus finos fios e a conex\u00e3o el\u00e1stica incorporada, constitui conjuntamente o padr\u00e3o de ouro para proteger a qualidade do produto. Comparado aos f\u00edos grossos de um tubo mole de topo aberto, os f\u00edos finos de &#8220; dentes pequenos pode ter mais viragens e requerer equipamento preciso com uma tampa que tamb\u00e9m tem um fio interno fino. Este design faz com que toda a montagem da boca do tubo pare\u00e7a mais compacta, refinada e de alto n\u00edvel. Se voc\u00ea est\u00e1 desenvolvendo esses produtos, escolher essa configura\u00e7\u00e3o \u00e9 uma decis\u00e3o muito s\u00e1bia.<\/p>\n<p><strong><b>Aplica\u00e7\u00f5es recomendadas<\/b><\/strong><strong><b>\u00a0\"<\/b><\/strong>Cremas para olhos que requerem aplica\u00e7\u00e3o precisa e cont\u00eam ingredientes preciosos, l\u00edquidos de ess\u00eancia concentrados e de alto pre\u00e7o, e ingr\u00e9deas de grado m\u00e9dico que precisam ser estritamente fechadas pelo ar.<\/p>","protected":false},"featured_media":2519,"comment_status":"closed","ping_status":"closed","template":"","meta":[],"product_brand":[],"product_cat":[15,32],"product_tag":[],"class_list":{"0":"post-2473","1":"product","2":"type-product","3":"status-publish","4":"has-post-thumbnail","6":"product_cat-artistic-design-plastic-tube","7":"product_cat-pointed-mouth-series","9":"first","10":"instock","11":"shipping-taxable","12":"product-type-simple"},"_links":{"self":[{"href":"https:\/\/www.hongyitube.com\/pt\/wp-json\/wp\/v2\/product\/2473","targetHints":{"allow":["GET"]}}],"collection":[{"href":"https:\/\/www.hongyitube.com\/pt\/wp-json\/wp\/v2\/product"}],"about":[{"href":"https:\/\/www.hongyitube.com\/pt\/wp-json\/wp\/v2\/types\/product"}],"replies":[{"embeddable":true,"href":"https:\/\/www.hongyitube.com\/pt\/wp-json\/wp\/v2\/comments?post=2473"}],"wp:featuredmedia":[{"embeddable":true,"href":"https:\/\/www.hongyitube.com\/pt\/wp-json\/wp\/v2\/media\/2519"}],"wp:attachment":[{"href":"https:\/\/www.hongyitube.com\/pt\/wp-json\/wp\/v2\/media?parent=2473"}],"wp:term":[{"taxonomy":"product_brand","embeddable":true,"href":"https:\/\/www.hongyitube.com\/pt\/wp-json\/wp\/v2\/product_brand?post=2473"},{"taxonomy":"product_cat","embeddable":true,"href":"https:\/\/www.hongyitube.com\/pt\/wp-json\/wp\/v2\/product_cat?post=2473"},{"taxonomy":"product_tag","embeddable":true,"href":"https:\/\/www.hongyitube.com\/pt\/wp-json\/wp\/v2\/product_tag?post=2473"}],"curies":[{"name":"wp","href":"https:\/\/api.w.org\/{rel}","templated":true}]}}