{"id":2460,"date":"2025-08-21T15:24:35","date_gmt":"2025-08-21T07:24:35","guid":{"rendered":"https:\/\/www.hongyitube.com\/?post_type=product&#038;p=2460"},"modified":"2025-09-17T10:35:57","modified_gmt":"2025-09-17T02:35:57","slug":"50-customized-empty-packaging-for-high-end-cosmeti-hongyi-plastic","status":"publish","type":"product","link":"https:\/\/www.hongyitube.com\/pt\/product\/50-customized-empty-packaging-for-high-end-cosmeti-hongyi-plastic\/","title":{"rendered":"50 embalagens vazios personalizados para cosm\u00e9ticos de alta finalidade &#8211; Hongyi Plastic"},"content":{"rendered":"<h2><strong>Caracter\u00edsticas<\/strong><\/h2>\n<ul>\n<li><b><\/b><strong><b>Design de Tube Body<\/b><\/strong>.<\/li>\n<\/ul>\n<p>O corpo de tubo de nosso tubo mole foi submetido a tratamento especial, o que d\u00e1 ao corpo de tubo pl\u00e1stico uma sensa\u00e7\u00e3o sutil cresada ou texturada semelhante \u00e0 de papel ou velvet quebrado. O toque \u00e9 extremamente delicado, gentil e amig\u00e1vel da pele, com um forte final de mat\u00e9. Tamb\u00e9m \u00e9 completamente resistente \u00e0s impress\u00f5es digitais. Em uma superf\u00edcie de mat\u00e9 com texturas finas, o design parece suave, brilhante e ligeiramente elevado. O contraste entre mat\u00e9 e brilhante, e entre texturado e liso, cria um efeito visualmente impressionante e camada.<\/p>\n<p>Para o processo de impress\u00e3o de texto desta s\u00e9rie de tubos, adotamos impress\u00e3o de tela de seda. Este m\u00e9todo produz texto claro e tridimensional com forte impacto visual. Quando os usu\u00e1rios tocam nas mangueiras, eles podem sentir a ligeira protru\u00e7\u00e3o do texto na superf\u00edcie da mangueira, melhorando a experi\u00eancia interativa entre o usu\u00e1rio e o produto. Al\u00e9m disso, o texto impresso usando a impress\u00e3o de tela de seda tem uma forte ades\u00e3o e est\u00e1 firmemente ligado ao material de nossas mangueiras pl\u00e1sticas, tornando-o resistente ao corte, arranho e abra\u00e7\u00e3o. Uma vez que nossas mangueiras s\u00e3o usadas como itens cotidianos, os usu\u00e1rios podem lidar com elas v\u00e1rias vezes. Isso assegura que o texto permane\u00e7a claro mesmo ap\u00f3s tratamento repetido. Comparado a outros processos como marca\u00e7\u00e3o de ouro UV, a impress\u00e3o de tela de seda \u00e9 particularmente adequada para produ\u00e7\u00e3o em massa, o que pode ajudar a reduzir os custos. \u00c9 um dos m\u00e9todos de impress\u00e3o preferidos para materiais de embalagem cosm\u00e9tica.<\/p>\n<p>&nbsp;<\/p>\n<h2><strong>Avantagens de Produtos<\/strong><\/h2>\n<p><strong><b>Extremamente luxuosa experi\u00eancia de toque<\/b><\/strong><\/p>\n<p>O toque \u00fanico que vem com o &#8220; Julienne o processo \u00e9 o maior ponto de venda, permitindo aos consumidores sentir um pr\u00e9mio distinto no momento em que eles pegam o produto.<\/p>\n<p>V<strong><b>a hierarquia isual \u00e9 rica e de alto n\u00edvel <\/b><\/strong><\/p>\n<p>A textura arrumada do mat\u00e9 faz um forte contraste com o padr\u00e3o de petr\u00f3leo brilhante, mostrando refinamento de uma forma de baixa chave, o que \u00e9 muito atraente.<\/p>\n<p><strong><b>\u00a0Prova das impress\u00f5es digitais, resistente ao arranho<\/b><\/strong><\/p>\n<p>A textura especial da superf\u00edcie esconde os rastos de uso muito bem e mant\u00e9m sempre a limpeza e a novidade da embalagem.<\/p>\n<p><strong><b>Alto ponto de reconhecimento e mem\u00f3ria<\/b><\/strong><\/p>\n<p>O processo Qualcomm \u00e9 complexo, alto custo, geralmente usado apenas para produtos de alta linha, pode efetivamente melhorar a imagem da marca, fazer o produto destacar na concorr\u00eancia.<\/p>\n<p>&nbsp;<\/p>\n<h2><strong>Scen\u00e1rios de aplica\u00e7\u00e3o de produtos<\/strong><\/h2>\n<p><strong><b>\u00a0M\u00e1scara de cabelo de alto n\u00edvel em sal\u00e3o e produtos de cuidado de cabelo<\/b><\/strong><\/p>\n<p>Mascas de cabelo geralmente t\u00eam uma grande capacidade (150 ml-200 ml) e requerem uso extenso. A sensa\u00e7\u00e3o luxuosa desta embalagem alinha perfeitamente com a posi\u00e7\u00e3o da linha de sal\u00e3o de alto n\u00edvel, e a textura \u00fanica melhora significativamente o consumidor&#8217; o sentido de cuidado ritual.<\/p>\n<ol start=\"2\">\n<li><strong><b> Produtos de cuidado corporal de marca luxuosa<\/b><\/strong><\/li>\n<\/ol>\n<p>Creme corporal, Ess\u00eancia corporal, Creme de Massagem corporal.<\/p>\n<p>O grande di\u00e2metro \u00e9 perfeito para aplicar lot\u00e3o a grandes \u00e1reas do corpo. A experi\u00eancia t\u00e1ctil de massagem da lot\u00e3o na pele complementa a experi\u00eancia do cuidado corporal, transformando o cuidado p\u00f3s-banho cotidiano em uma indul\u00eancia luxuosa.<\/p>\n<ol start=\"3\">\n<li><strong><b> M\u00e1scara de rosto de alto desempenho<\/b><\/strong><\/li>\n<\/ol>\n<p>M\u00e1scara de sono de alta umidade, m\u00e1scara de lama limpa, m\u00e1scara refrescante da pele.<\/p>\n<p>Esse tipo de produto tem uma grande capacidade e \u00e9 tipicamente posicionado como alto n\u00edvel. A embalagem t\u00e1ctil pode refor\u00e7ar o produto o conceito de ser &#8220; altamente nutritivo e &#8220; poderosos em seus efeitos. &#8221;<\/p>\n<ol start=\"4\">\n<li><strong><b> Tratamentos prim\u00e1rios de assist\u00eancia \u00e0 m\u00e3o<\/b><\/strong><\/li>\n<\/ol>\n<p>Creme de m\u00e3o (grande capacidade), Creme de M\u00e1scara de m\u00e3o.<\/p>\n<p>Embora seja um produto de cuidado \u00e0 m\u00e3o, a embalagem de alto n\u00edvel \u00e9 semelhante a um item de luxo, tornando-o adequado como um presente ou para consumidores que buscam o m\u00e1ximo na qualidade de vida.<\/p>\n<ol start=\"5\">\n<li><strong><b> Edi\u00e7\u00e3o limitada e produtos comemorativos<\/b><\/strong><\/li>\n<\/ol>\n<p>O artesanato e textura \u00fanicos fazem com que seja perfeito para lan\u00e7ar edi\u00e7\u00f5es limitadas, caixas de presente de f\u00e9rias, ou produtos celebrando uma marca&#8217; s<!--StartFragment --><span class=\"cf0\">anivers\u00e1rio, assim<\/span><!--EndFragment --><strong><b>\u00a0<\/b><\/strong>melhorando sua coletividade e singularidade.<\/p>\n<p>&nbsp;<\/p>\n<h2><strong>Servi\u00e7os personalizados<\/strong><\/h2>\n<p><strong><b>Fase 1: Pesquisa e comunica\u00e7\u00e3o<\/b><\/strong><\/p>\n<p>&nbsp;<\/p>\n<p>\u2460 Receber uma investiga\u00e7\u00e3o e atribuir ao gerente de neg\u00f3cios contato<\/p>\n<p>\u2461 N\u00f3s entendemos preliminarmente os requisitos da investiga\u00e7\u00e3o<\/p>\n<p>&nbsp;<\/p>\n<p><strong><b>Detalles de comunica\u00e7\u00e3o do r<\/b><\/strong><strong><b>s\u00e9rie de focos de arco<\/b><\/strong><strong><b>\u00a0<\/b><\/strong><strong><b>T<\/b><\/strong><strong><b>ub<\/b><\/strong><strong><b>e<\/b><\/strong><\/p>\n<p>&nbsp;<\/p>\n<p>\u2460 Capacidade de tubo: Quantos mililitros voc\u00ea precisa preencher?<\/p>\n<p>\u2461 Tamanho do tubo:<\/p>\n<p>\u2462 Longitude do tubo: o comprimento do tubo \u00e9 determinado de acordo com a capacidade e di\u00e2metro do tubo.<\/p>\n<p>\u2463 Confirma\u00e7\u00e3o da forma de fechamento da cauda.<\/p>\n<p>\u2464 Determina\u00e7\u00e3o do conte\u00fado do produto: Por exemplo, se cont\u00e9m componentes como \u00f3leos, \u00e1cidos ou \u00e1lcool? Eles s\u00e3o corrosivos ou perme\u00e1veis? Determinar o n\u00edvel de pH tamb\u00e9m desempenha um papel na sele\u00e7\u00e3o de materiais de mangueira. Esses fatores determinam coletivamente se uma camada de barreira \u00e9 necess\u00e1ria durante a produ\u00e7\u00e3o.<\/p>\n<p>\u2465  Mercado alvo e confirma\u00e7\u00e3o regulamentar:<\/p>\n<p>Onde \u00e9 vendido o produto? - Est\u00e1 em conformidade com as regras locais? Voc\u00ea precisa fornecer provas de conformidade com materiais.<\/p>\n<p>\u2466 Confirme a cor do corpo do tubo.<\/p>\n<p>Por exemplo, voc\u00ea precisa personalizar tubos coloridos ou tubos transparentes ou tubos brancos? Voc\u00ea precisa ter efeitos de perlas e assim por diante? Confirme o \u00f3leo ligeiro: \u00f3leo brilhante, congelado e suave.<\/p>\n<p>\u2467 Processo de impress\u00e3o determinado:<\/p>\n<p>Se a impress\u00e3o offset \u00e9 necess\u00e1ria, quantas cores s\u00e3o necess\u00e1rias e qual parte do texto e padr\u00e3o \u00e9 necess\u00e1ria?<\/p>\n<p>Se \u00e9 necess\u00e1rio imprimir a tela, qual parte do texto e padr\u00e3o \u00e9 necess\u00e1rio para imprimir a tela?<\/p>\n<p>Se voc\u00ea precisa de marca\u00e7\u00e3o quente, qual parte do texto e padr\u00e3o \u00e9 necess\u00e1rio para marca\u00e7\u00e3o quente?<\/p>\n<p>Se \u00e9 necess\u00e1rio etiquetar, quais s\u00e3o os requisitos de qualidade para o papel alvo? Quais s\u00e3o os melhores? Quais s\u00e3o os gerais?<\/p>\n<p>Ou os processos acima mencionados podem ser combinados, especificando qual parte \u00e9 o processo.<\/p>\n<p>\u2468 M\u00e9todo de selagem<\/p>\n<p>Cauda de selagem: Esta mangueira \u00e9 caracterizada por um design irregular de cauda. Geralmente, esta mangueira \u00e9 selecionada como o selo predeterminado da cauda. A cauda de selagem geralmente tem textura reta, forma irregular, arco, textura diagonal, etc. Confirme se a boca da garrafa precisa ser ligada com f\u00f3sforo de alum\u00ednio.<\/p>\n<p>\u2469 Determina\u00e7\u00e3o de mangueira com cobertura: Voc\u00ea precisa de um tamp\u00e3o de screw ou de um tamp\u00e3o de flip? - \u00c9 necess\u00e1rio posicionar? Determine o tamanho, tipo, cor e processo de fabrica\u00e7\u00e3o do tamp\u00e3o. Pare para a boca da garrafa de mangueira: Este design n\u00e3o precisa de uma parede para a boca da garrafa de mangueira.<\/p>\n<p>\u246a Determinar o m\u00e9todo de embalagem.<\/p>\n<p>\u246b Determinar o canal de entrega: mar, ar ou outro?<\/p>\n<p>1.Comunicar para determinar se \u00e9 necess\u00e1rio desenvolver moldes.<\/p>\n<p>2.Dependendo de se o perfil de dentes de mangueira confirmado e o design de selos de cola requerem desenvolvimento adicional de moldes personalizados, a s\u00e9rie de desenhos de selos de cola em forma de cart\u00e3o nesta cadeia \u00e9 para o desenvolvimento de novas moldes<\/p>\n<p>3.De acordo com o plano acima referido, ser\u00e1 fornecida uma cita\u00e7\u00e3o detalhada, incluindo: taxa de abertura de molho, taxa de amostra, pre\u00e7o unit \u00e1rio de produto e taxa de transporte.<\/p>\n<p><strong><b>Fase 2: Design e produ\u00e7\u00e3o de amostras<\/b><\/strong><\/p>\n<p>Ap\u00f3s o acompanhamento de neg\u00f3cios confirma a inten\u00e7\u00e3o de coopera\u00e7\u00e3o, entra no est\u00e1gio de transformar os requisitos em objetos f\u00edsicos.<\/p>\n<p>A marca paga o custo da moldura que projetamos e desenvolvemos de acordo com o tamanho confirmado do design de tubo e cauda este passo normalmente leva 20-30 dias.<\/p>\n<p>Confirma\u00e7\u00e3o do manuscrito de projeto<\/p>\n<ol>\n<li>A marca fornece o manuscrito de design em AI ou PDF, etc. Nossos engenheiros verificar\u00e3o se o tamanho, cor, tamanho, processo, linha de sangramento e outros requisitos do manuscrito de design s\u00e3o cumpridos, e fornecer\u00e3o sugest\u00f5es e ajustes para modifica\u00e7\u00e3o.<\/li>\n<li>Se n\u00e3o, um conjunto de tubos de amostra e cobertura de amostra ser\u00e1 fornecido para nosso designer para referir o design<\/li>\n<li>Depois do desenvolvimento do molde de produ\u00e7\u00e3o de amostras, vamos organizar a produ\u00e7\u00e3o e fazer amostras o mais pr\u00f3ximas poss\u00edvel \u00e0 grande produ\u00e7\u00e3o de lote de acordo com o manuscrito de design confirmado para a marca para finalmente confirmar todos os detalhes.<\/li>\n<\/ol>\n<p>Confirma\u00e7\u00e3o de amostra A marca precisa revisar estritamente a amostra e assinar de volta o livro de amostra ap\u00f3s confirma\u00e7\u00e3o. Usaremos este documento como padr\u00e3o de aceita\u00e7\u00e3o para a produ\u00e7\u00e3o subsequente de grandes bens.<\/p>\n<p><strong><b>Fase 3: Produ\u00e7\u00e3o em massa (Produ\u00e7\u00e3o e Controlo da Qualidade)<\/b><\/strong>\u00a0<strong><b>Produ\u00e7\u00e3o<\/b><\/strong>: Ao receber a ordem oficial e o dep\u00f3sito da marca, procuramos mat\u00e9rias-primas e iniciamos a produ\u00e7\u00e3o em massa. Durante a fabrica\u00e7\u00e3o, os inspectores de qualidade realizam amostragem aleat\u00f3ria para assegurar padr\u00f5es de qualidade consistentes em todos os processos. Inspec\u00e7\u00e3o Completa: Ap\u00f3s a conclus\u00e3o da produ\u00e7\u00e3o, os inspectores realizam controles de qualidade completos de produtos acabados e emitem um relat\u00f3rio de inspec\u00e7\u00e3o de qualidade.<\/p>\n<p><strong><b>\u00a0Fase 4: Transporte e - embalagem de entrega:<\/b><\/strong>\u00a0Os produtos s\u00e3o embalados de acordo com especifica\u00e7\u00f5es e rotulados com marcas de transporte. Pagamento de marca: Ap\u00f3s receber o pagamento final, organizamos o transporte log\u00edstico de acordo com o hor\u00e1rio de entrega do contrato. Fase 5: Servi\u00e7o de Depois de Vendas N\u00f3s abordamos o feedback dos clientes e resolvemos problemas potenciais relacionados ao servi\u00e7o.<\/p>\n<p><strong><b>\u00a0<\/b><\/strong><\/p>\n<p>&nbsp;<\/p>\n<p>&nbsp;<\/p>","protected":false},"excerpt":{"rendered":"<p>Hongyi[UNK]Plastic[UNK]Round arc seals series[UNK]Tube120-350ml\/4.06-11.84fl.0z[UNK]O fim de nosso tubo apresenta uma forma suave e curva em vez de um \u00e2ngulo direito.<\/p>\n<p>Elegante e suave apar\u00eancia, sentimento confort\u00e1vel; o movimento mais f\u00e1cil do material para a abertura do tubo quando apertado, reduzindo os res\u00edduos.<\/p>\n<p>Aplica\u00e7\u00e3o recomendada: Edi\u00e7\u00e3o limitada, caderno de f\u00e9rias, ou produtos de anivers\u00e1rio de marca: m\u00e1scara de cabelo, creme corporal, ess\u00eancia corporal, creme de massagem corporal, creme de m\u00e3o (grande capacidade), creme de m\u00e1scara de m\u00e3o.<\/p>","protected":false},"featured_media":2509,"comment_status":"closed","ping_status":"closed","template":"","meta":[],"product_brand":[],"product_cat":[30,15],"product_tag":[],"class_list":{"0":"post-2460","1":"product","2":"type-product","3":"status-publish","4":"has-post-thumbnail","6":"product_cat-arc-series","7":"product_cat-artistic-design-plastic-tube","9":"first","10":"instock","11":"shipping-taxable","12":"product-type-simple"},"_links":{"self":[{"href":"https:\/\/www.hongyitube.com\/pt\/wp-json\/wp\/v2\/product\/2460","targetHints":{"allow":["GET"]}}],"collection":[{"href":"https:\/\/www.hongyitube.com\/pt\/wp-json\/wp\/v2\/product"}],"about":[{"href":"https:\/\/www.hongyitube.com\/pt\/wp-json\/wp\/v2\/types\/product"}],"replies":[{"embeddable":true,"href":"https:\/\/www.hongyitube.com\/pt\/wp-json\/wp\/v2\/comments?post=2460"}],"wp:featuredmedia":[{"embeddable":true,"href":"https:\/\/www.hongyitube.com\/pt\/wp-json\/wp\/v2\/media\/2509"}],"wp:attachment":[{"href":"https:\/\/www.hongyitube.com\/pt\/wp-json\/wp\/v2\/media?parent=2460"}],"wp:term":[{"taxonomy":"product_brand","embeddable":true,"href":"https:\/\/www.hongyitube.com\/pt\/wp-json\/wp\/v2\/product_brand?post=2460"},{"taxonomy":"product_cat","embeddable":true,"href":"https:\/\/www.hongyitube.com\/pt\/wp-json\/wp\/v2\/product_cat?post=2460"},{"taxonomy":"product_tag","embeddable":true,"href":"https:\/\/www.hongyitube.com\/pt\/wp-json\/wp\/v2\/product_tag?post=2460"}],"curies":[{"name":"wp","href":"https:\/\/api.w.org\/{rel}","templated":true}]}}