{"id":2456,"date":"2025-08-21T15:15:50","date_gmt":"2025-08-21T07:15:50","guid":{"rendered":"https:\/\/www.hongyitube.com\/?post_type=product&#038;p=2456"},"modified":"2025-09-17T10:34:24","modified_gmt":"2025-09-17T02:34:24","slug":"40-plastic-tube-packaging-for-empty-bottles-hongyi-plastic","status":"publish","type":"product","link":"https:\/\/www.hongyitube.com\/pt\/product\/40-plastic-tube-packaging-for-empty-bottles-hongyi-plastic\/","title":{"rendered":"40 embalagens de tubos de pl\u00e1stico para garrafas vazias Hongyi Plastic"},"content":{"rendered":"<h2><strong>Caracter\u00edsticas<\/strong><\/h2>\n<ul>\n<li><b><\/b><strong><b>Design de Tube Body<\/b><\/strong>.<\/li>\n<\/ul>\n<p>Nossa mangueira de selagem curva de di\u00e2metro de 40 mm apresenta impress\u00e3o de tela brilhante com selo de folha de ouro. O logotipo da marca \u00e9 revestido de uma tinta brilhante transparente que cria uma sutil textura tridimensional, oferecendo qualidade t\u00e1ctil prim\u00e1ria. Quando iluminado, reflete a lustra suave, fazendo com que a embalagem se destaque em prateleiras. Com efetividade de custo excepcional, esta garrafa de mangueira \u00e9 a sua escolha superior para elaborar detalhes sofisticados e de aspecto prim\u00e1rio!<\/p>\n<p>Nosso outro produto apresenta uma mangueira negra semi-transparente com embalagem de folha de ouro esculpida de matte. A superf\u00edcie do tubo especialmente tratada fornece uma textura suave e suave com um final de mat\u00e9 que resiste \u00e0s impress\u00f5es digitais enquanto exuda eleg\u00e2ncia sofisticada. atrav\u00e9s do calor e da press\u00e3o aplicadas a tubos de mat\u00e9 pr\u00e9-formados, f\u00f3lia eletropl\u00e1tida de alum\u00ednio (comumente conhecida como &#8220;f\u00f3lia de ouro &#8221;) \u00e9 emboscada em padr\u00f5es espec\u00edficos ou texto. Isto cria um contraste impressionante entre a finalidade de mat\u00e9 abaixo e os acentos met\u00e1licos brilhantes, produzindo um luxo visual instant \u00e2neo e t\u00e1ctil que eleva o apelo global para novas alturas!<\/p>\n<p>&nbsp;<\/p>\n<h2><strong>Avantagens de Produtos<\/strong><\/h2>\n<ol>\n<li><b><\/b><strong><b>Aplica\u00e7\u00e3o padr\u00e3o de ouro, vers\u00e1til<\/b><\/strong><\/li>\n<\/ol>\n<p>O di\u00e2metro do tubo de 40 mm \u00e9 amplamente reconhecido como o &#8216; padr\u00e3o universal no mercado. De cremas de rosto para shampoos, \u00e9 poss\u00edvel encontrar o volume e comprimento mais adequados para quase todos os produtos, tornando-o altamente aceito pelo mercado.<\/p>\n<ol start=\"2\">\n<li><b><\/b><strong><b>Experi\u00eancia melhorada, escolha prim\u00e1ria \u00a0<\/b><\/strong><\/li>\n<\/ol>\n<p>A curva redondada no final do produto n\u00e3o s\u00f3 tem uma apar\u00eancia suave e sofisticada, mas tamb\u00e9m proporciona uma agarra confort\u00e1vel, aumentando significativamente o usu\u00e1rio&#8217; o sentido de prazer e melhorar a marca a imagem como um produto prim\u00e1rio.<\/p>\n<ol start=\"3\">\n<li><b><\/b><strong><b>O equil\u00edbrio perfeito entre a pr\u00e1tica e a est\u00e9tica<\/b><\/strong><\/li>\n<\/ol>\n<p>N\u00e3o s\u00f3 assegura capacidade suficiente de produto para atender \u00e0s necessidades de uso di\u00e1rio, mas tamb\u00e9m evita o olhar barato de tubos tradicionais de cauda plana atrav\u00e9s de seu design inteligente, tornando-o uma das op\u00e7\u00f5es mais rentavelmente dispon\u00edveis.<\/p>\n<ol start=\"4\">\n<li><b><\/b><strong><b>Prote\u00e7\u00e3o forte, res\u00edduos reduzidos \u00a0<\/b><\/strong><\/li>\n<\/ol>\n<p>Excelentes propriedades de barreira e compressibilidade permitem melhor prote\u00e7\u00e3o do conte\u00fado, e praticamente n\u00e3o h\u00e1 pontos mortos durante o uso, resultando em uma taxa de utiliza\u00e7\u00e3o de produtos superior a 95%. Isso aumenta o sentido de valor para os clientes.<\/p>\n<p>&nbsp;<\/p>\n<h2><strong>Scen\u00e1rios de aplica\u00e7\u00e3o de produtos<\/strong><\/h2>\n<p><strong><b>Linha de produtos de alto n\u00edvel<\/b><\/strong><\/p>\n<p>Creme de cara de marca luxuosa, ess\u00eancia, creme de olho; Produtos de corte de pele de alto n\u00edvel, ess\u00eancia anti-envelhecimento, produtos de cuidado de cabelo prim\u00e1rio.<\/p>\n<p><strong><b>Festive Limited Edition &amp; Vers\u00e3o Commorativa <\/b><\/strong><\/p>\n<p>Costumava criar embalagens especiais que destacam sua singularidade e coletividade.<\/p>\n<p><strong><b>Marca Elemento Ic\u00f4nico <\/b><\/strong><\/p>\n<p>O &#8220; produto estrelar&#8221; ou &#8220; ace produto&#8221; - da marca, que \u00e9 refor\u00e7ada pela embalagem para enfatizar sua posi\u00e7\u00e3o central.<\/p>\n<p><strong><b>\u00eanfase no conceito de &#8220; ingredientes luxuosos <\/b><\/strong><\/p>\n<p>Produtos contendo ouro, platina e extra\u00e7\u00f5es de plantas raras, com f\u00f3lia de ouro marcada para representar visualmente o valor desses ingredientes.<strong><b>\u00a0\u00a0<\/b><\/strong><\/p>\n<p><strong><b>Identidade de marca refor\u00e7ada<\/b><\/strong><\/p>\n<p>Usar uma impress\u00e3o de tela de seda brilhante no logotipo da marca no tubo \u00e9 a maneira mais eficaz de mostrar a marca.<\/p>\n<p>&nbsp;<\/p>\n<h2><strong>Servi\u00e7os personalizados<\/strong><\/h2>\n<p><strong><b>Fase 1: Pesquisa e comunica\u00e7\u00e3o<\/b><\/strong><\/p>\n<p>&nbsp;<\/p>\n<p>\u2460 Receber uma investiga\u00e7\u00e3o e atribuir o gerente de neg\u00f3cios a contato.<\/p>\n<p>\u2461 N\u00f3s entendemos preliminarmente os requisitos da investiga\u00e7\u00e3o.<\/p>\n<p>&nbsp;<\/p>\n<p><strong><b>Detalles de comunica\u00e7\u00e3o do r<\/b><\/strong><strong><b>s\u00e9rie de focos de arco<\/b><\/strong><strong><b>\u00a0<\/b><\/strong><strong><b>T<\/b><\/strong><strong><b>ub<\/b><\/strong><strong><b>e<\/b><\/strong><\/p>\n<p>&nbsp;<\/p>\n<p>\u2460 Capacidade de tubo: Quantos mililitros voc\u00ea precisa preencher?<\/p>\n<p>\u2461 Tamanho do tubo:<\/p>\n<p>\u2462 Longitude do tubo: o comprimento do tubo \u00e9 determinado de acordo com a capacidade e di\u00e2metro do tubo.<\/p>\n<p>\u2463 Confirma\u00e7\u00e3o da forma de fechamento da cauda<\/p>\n<p>\u2464 Determina\u00e7\u00e3o do conte\u00fado do produto: Por exemplo, se cont\u00e9m componentes como \u00f3leos, \u00e1cidos ou \u00e1lcool? Eles s\u00e3o corrosivos ou perme\u00e1veis? Determinar o n\u00edvel de pH tamb\u00e9m desempenha um papel na sele\u00e7\u00e3o de materiais de mangueira. Esses fatores determinam coletivamente se uma camada de barreira \u00e9 necess\u00e1ria durante a produ\u00e7\u00e3o.<\/p>\n<p>\u2465  Mercado alvo e confirma\u00e7\u00e3o regulamentar:<\/p>\n<p>Onde \u00e9 vendido o produto? - Est\u00e1 em conformidade com as regras locais? Voc\u00ea precisa fornecer provas de conformidade com materiais.<\/p>\n<p>\u2466 Confirme a cor do corpo do tubo<\/p>\n<p>Por exemplo, voc\u00ea precisa personalizar tubos coloridos ou tubos transparentes ou tubos brancos? Voc\u00ea precisa ter efeitos de perlas e assim por diante? Confirme o \u00f3leo ligeiro: \u00f3leo brilhante, congelado e suave.<\/p>\n<p>\u2467 Processo de impress\u00e3o determinado:<\/p>\n<p>Se a impress\u00e3o offset \u00e9 necess\u00e1ria, quantas cores s\u00e3o necess\u00e1rias e qual parte do texto e padr\u00e3o \u00e9 necess\u00e1ria?<\/p>\n<p>Se \u00e9 necess\u00e1rio imprimir a tela, qual parte do texto e padr\u00e3o \u00e9 necess\u00e1rio para imprimir a tela?<\/p>\n<p>Se voc\u00ea precisa de marca\u00e7\u00e3o quente, qual parte do texto e padr\u00e3o \u00e9 necess\u00e1rio para marca\u00e7\u00e3o quente?<\/p>\n<p>Se \u00e9 necess\u00e1rio etiquetar, quais s\u00e3o os requisitos de qualidade para o papel alvo? Quais s\u00e3o os melhores? Quais s\u00e3o os gerais?<\/p>\n<p>Ou os processos acima mencionados podem ser combinados, especificando qual parte \u00e9 o processo.<\/p>\n<p>\u2468 M\u00e9todo de selagem<\/p>\n<p>Cauda de selagem: Esta mangueira \u00e9 caracterizada por um design irregular de cauda. Geralmente, esta mangueira \u00e9 selecionada como o selo predeterminado da cauda. A cauda de selagem geralmente tem textura reta, forma irregular, arco, textura diagonal, etc. Confirme se a boca da garrafa precisa ser ligada com f\u00f3sforo de alum\u00ednio.<\/p>\n<p>\u2469 Determina\u00e7\u00e3o de mangueira com cobertura: Voc\u00ea precisa de um tamp\u00e3o de screw ou de um tamp\u00e3o de flip? - \u00c9 necess\u00e1rio posicionar? Determine o tamanho, tipo, cor e processo de fabrica\u00e7\u00e3o do tamp\u00e3o. Pare para a boca da garrafa de mangueira: Este design n\u00e3o precisa de uma parede para a boca da garrafa de mangueira.<\/p>\n<p>\u246a Determinar o m\u00e9todo de embalagem<\/p>\n<p>\u246b Determinar o canal de entrega: mar, ar ou outro?<\/p>\n<p>1.Comunicar para determinar se \u00e9 necess\u00e1rio desenvolver moldes.<\/p>\n<p>2.Dependendo de se o perfil de dente da mangueira confirmado e o design do selo da cauda requerem desenvolvimento adicional de moldes personalizados, a s\u00e9rie de design do selo da cauda em forma de cart\u00e3o nesta cadeia \u00e9 para desenvolvimento de moldes novos.<\/p>\n<p>3.De acordo com o plano acima referido, ser\u00e1 fornecida uma cita\u00e7\u00e3o detalhada, incluindo: taxa de abertura de molho, taxa de amostra, pre\u00e7o unit \u00e1rio de produto e taxa de transporte.<\/p>\n<p><strong><b>Fase 2: Design e produ\u00e7\u00e3o de amostras<\/b><\/strong><\/p>\n<p>Ap\u00f3s o acompanhamento de neg\u00f3cios confirma a inten\u00e7\u00e3o de coopera\u00e7\u00e3o, entra no est\u00e1gio de transformar os requisitos em objetos f\u00edsicos.<\/p>\n<p>A marca paga o custo da moldura que projetamos e desenvolvemos de acordo com o tamanho confirmado do design de tubo e cauda este passo normalmente leva 20-30 dias.<\/p>\n<p>1 Confirma\u00e7\u00e3o do manuscrito de design<\/p>\n<ol>\n<li>A marca fornece o manuscrito de design em AI ou PDF, etc. Nossos engenheiros verificar\u00e3o se o tamanho, cor, tamanho, processo, linha de sangramento e outros requisitos do manuscrito de design s\u00e3o cumpridos, e fornecer\u00e3o sugest\u00f5es e ajustes para modifica\u00e7\u00e3o.<\/li>\n<li>Se n\u00e3o, um conjunto de tubos de amostra e cobertura de amostra ser\u00e1 fornecido para nosso designer para referir o design.<\/li>\n<li>Depois do desenvolvimento do molde de produ\u00e7\u00e3o de amostras, vamos organizar a produ\u00e7\u00e3o e fazer amostras o mais pr\u00f3ximas poss\u00edvel \u00e0 grande produ\u00e7\u00e3o de lote de acordo com o manuscrito de design confirmado para a marca para finalmente confirmar todos os detalhes.<\/li>\n<\/ol>\n<p>Confirma\u00e7\u00e3o de amostra A marca precisa revisar estritamente a amostra e assinar de volta o livro de amostra ap\u00f3s confirma\u00e7\u00e3o. Usaremos este documento como padr\u00e3o de aceita\u00e7\u00e3o para a produ\u00e7\u00e3o subsequente de grandes bens.<\/p>\n<p><strong><b>Fase 3: Produ\u00e7\u00e3o em massa (Produ\u00e7\u00e3o e Controlo da Qualidade)<\/b><\/strong>\u00a0<strong><b>Produ\u00e7\u00e3o<\/b><\/strong>: Ao receber a ordem oficial e o dep\u00f3sito da marca, procuramos mat\u00e9rias-primas e iniciamos a produ\u00e7\u00e3o em massa. Durante a fabrica\u00e7\u00e3o, os inspectores de qualidade realizam amostragem aleat\u00f3ria para assegurar padr\u00f5es de qualidade consistentes em todos os processos. Inspec\u00e7\u00e3o Completa: Ap\u00f3s a conclus\u00e3o da produ\u00e7\u00e3o, os inspectores realizam controles de qualidade completos de produtos acabados e emitem um relat\u00f3rio de inspec\u00e7\u00e3o de qualidade.<\/p>\n<p><strong><b>\u00a0Fase 4: Transporte e - embalagem de entrega:<\/b><\/strong>\u00a0Os produtos s\u00e3o embalados de acordo com especifica\u00e7\u00f5es e rotulados com marcas de transporte. Pagamento de marca: Ap\u00f3s receber o pagamento final, organizamos o transporte log\u00edstico de acordo com o hor\u00e1rio de entrega do contrato. Fase 5: Servi\u00e7o de Depois de Vendas N\u00f3s abordamos o feedback dos clientes e resolvemos problemas potenciais relacionados ao servi\u00e7o.<\/p>","protected":false},"excerpt":{"rendered":"<p>A cauda \u00e9 suave e redonda, com uma apar\u00eancia grande e elegante, sensa\u00e7\u00e3o confort\u00e1vel da m\u00e3o, press\u00e3o uniforme de aperto, e pode maximizar o uso do produto para reduzir res\u00edduos.<\/p>\n<p>Aplica\u00e7\u00f5es recomendadas: shampoo, condicionador, m\u00e1scara de cabelo, creme de cuidado do cabelo, gel de chuveiro e lot\u00e3o corporal, limpeza de m\u00e1scaras de lama, m\u00e1scaras de sono h\u00famidas), m\u00e1scaras de descomposi\u00e7\u00e3o, lot\u00e3o de prote\u00e7\u00e3o solar, bloqueio solar, homens&#8217; s produtos de corte de pele, creme de erup\u00e7\u00e3o de fralda, balme de l\u00e1bios, creme de massagem, ingr\u00e9deas t\u00f3picas.<\/p>","protected":false},"featured_media":2508,"comment_status":"closed","ping_status":"closed","template":"","meta":[],"product_brand":[],"product_cat":[30,15],"product_tag":[],"class_list":{"0":"post-2456","1":"product","2":"type-product","3":"status-publish","4":"has-post-thumbnail","6":"product_cat-arc-series","7":"product_cat-artistic-design-plastic-tube","9":"first","10":"instock","11":"shipping-taxable","12":"product-type-simple"},"_links":{"self":[{"href":"https:\/\/www.hongyitube.com\/pt\/wp-json\/wp\/v2\/product\/2456","targetHints":{"allow":["GET"]}}],"collection":[{"href":"https:\/\/www.hongyitube.com\/pt\/wp-json\/wp\/v2\/product"}],"about":[{"href":"https:\/\/www.hongyitube.com\/pt\/wp-json\/wp\/v2\/types\/product"}],"replies":[{"embeddable":true,"href":"https:\/\/www.hongyitube.com\/pt\/wp-json\/wp\/v2\/comments?post=2456"}],"wp:featuredmedia":[{"embeddable":true,"href":"https:\/\/www.hongyitube.com\/pt\/wp-json\/wp\/v2\/media\/2508"}],"wp:attachment":[{"href":"https:\/\/www.hongyitube.com\/pt\/wp-json\/wp\/v2\/media?parent=2456"}],"wp:term":[{"taxonomy":"product_brand","embeddable":true,"href":"https:\/\/www.hongyitube.com\/pt\/wp-json\/wp\/v2\/product_brand?post=2456"},{"taxonomy":"product_cat","embeddable":true,"href":"https:\/\/www.hongyitube.com\/pt\/wp-json\/wp\/v2\/product_cat?post=2456"},{"taxonomy":"product_tag","embeddable":true,"href":"https:\/\/www.hongyitube.com\/pt\/wp-json\/wp\/v2\/product_tag?post=2456"}],"curies":[{"name":"wp","href":"https:\/\/api.w.org\/{rel}","templated":true}]}}