{"id":2357,"date":"2025-08-20T14:35:07","date_gmt":"2025-08-20T06:35:07","guid":{"rendered":"https:\/\/www.hongyitube.com\/?post_type=product&#038;p=2357"},"modified":"2025-09-17T10:13:51","modified_gmt":"2025-09-17T02:13:51","slug":"30-pe-round-arc-seals-series-plastic-tube-hongyi-plastic","status":"publish","type":"product","link":"https:\/\/www.hongyitube.com\/pt\/product\/30-pe-round-arc-seals-series-plastic-tube-hongyi-plastic\/","title":{"rendered":"30 PE Round Arc Seals Series Plastic Tube &#8211; Hongyi Plastic"},"content":{"rendered":"<h2><strong>Caracter\u00edsticas<\/strong><\/h2>\n<ul>\n<li><b><\/b><strong><b>Design de Tube Body<\/b><\/strong>.<\/li>\n<\/ul>\n<p>Di\u00e2metro 30 mm: Este \u00e9 um tubo de m\u00e9dio a ligeiramente fino, tornando f\u00e1cil controlar a quantidade extra\u00edda de uma vez, e o produto&#8217; o tamanho s \u00e9 adequado para exporta\u00e7\u00e3o.<\/p>\n<p>Para o tubo a qualidade material, n\u00f3s implementaram a constru\u00e7\u00e3o pl\u00e1stica completa. O tratamento da superf\u00edcie do tubo apresenta um final ligeiro de beige. Este modelo adota um design de alto dente para a cabe\u00e7a de inje\u00e7\u00e3o, compat\u00edvel com v\u00e1rios capos de screw electroplated de alto dente, capos PP e capos de screw acr\u00edlico. A superf\u00edcie impressa emprega revestimento de \u00f3leo brilhante de mat\u00e9, enquanto a impress\u00e3o de texto e padr\u00e3o utiliza tecnologia de impress\u00e3o de tela vermelha. A textura t\u00e1ctil melhora a experi\u00eancia dos usu\u00e1rios atrav\u00e9s de um refor\u00e7o t\u00e1ctil melhorado.<\/p>\n<p>&nbsp;<\/p>\n<h2><strong>Avantagens de Produtos<\/strong><\/h2>\n<ol>\n<li><b><\/b><strong><b>Precisas e control\u00e1veis \u00a0\u00a0\u00a0\u00a0\u00a0\u00a0\u00a0\u00a0\u00a0\u00a0\u00a0\u00a0\u00a0\u00a0\u00a0\u00a0\u00a0\u00a0\u00a0\u00a0\u00a0\u00a0\u00a0\u00a0\u00a0\u00a0\u00a0\u00a0\u00a0\u00a0\u00a0\u00a0\u00a0\u00a0\u00a0\u00a0\u00a0\u00a0\u00a0<\/b><\/strong><\/li>\n<\/ol>\n<p>Este tubo o di\u00e2metro s \u00e9 perfeitamente adequado para sua ess\u00eancia ou produto de creme ocular, permitindo aos consumidores dispensar precisamente cada vez que o usam, assegurando que nenhum ingrediente precioso \u00e9 desperdi\u00e7ado.<\/p>\n<ol start=\"2\">\n<li><b><\/b><strong><b>Experi\u00eancia de alto n\u00edvel<\/b><\/strong><\/li>\n<\/ol>\n<p>O design final curvo apresenta linhas suaves e um sentimento confort\u00e1vel, aumentando significativamente o produto&#8217; s atra\u00e7\u00e3o visual e atra\u00e7\u00e3o, tornando-a perfeita para marcas que visam o mercado de meio a alto n\u00edvel.<\/p>\n<ol start=\"3\">\n<li><b><\/b><strong><b>Prote\u00e7\u00e3o forte<\/b><\/strong><\/li>\n<\/ol>\n<p>Excelentes propriedades de selagem proporcionam melhor prote\u00e7\u00e3o para o conte\u00fado, reduzindo oxida\u00e7\u00e3o e contamina\u00e7\u00e3o. Isto \u00e9 particularmente adequado para formula\u00e7\u00f5es que cont\u00eam ingredientes ativos ou aqueles com altos requisitos para sistemas de preserva\u00e7\u00e3o.<\/p>\n<p>&nbsp;<\/p>\n<h2><strong>Scen\u00e1rios de aplica\u00e7\u00e3o de produtos<\/strong><\/h2>\n<p><strong>As vantagens da marca de produtos<\/strong><\/p>\n<ol>\n<li><strong><b> Produtos de ess\u00eancia de alto n\u00edvel<\/b><\/strong><\/li>\n<\/ol>\n<p>Os produtos do tipo essencial geralmente t\u00eam elevadas concentra\u00e7\u00f5es de ingredientes ativos e s\u00e3o caros por unidade. Os consumidores precisam de um controle preciso sobre a quantidade utilizada (1-2 gr\u00e3os de tamanho de soja cada vez). A sa\u00edda de di\u00e2metro de 30 gauge \u00e9 bem adaptada para satisfazer esse requisito e evita res\u00edduos. O sentimento refinado do extremo arredondado e selado tamb\u00e9m se alinha com a posi\u00e7\u00e3o de alto n\u00edvel dos produtos essenciais.<\/p>\n<p><strong><b>2.Produtos de cuidado ocular<\/b><\/strong><\/p>\n<p>Creme para olhos, ess\u00eancia para olhos, gel de m\u00e1scara para olhos.<\/p>\n<p>A \u00e1rea ocular \u00e9 fr\u00e1gil, e apenas uma quantidade muito pequena \u00e9 necess\u00e1ria (apenas o tamanho de um gr\u00e3o de arroz por uso). O di\u00e2metro do tubo fino impede efetivamente tomar muito, assegurando higiene e controle de custos. O design arredondado tem um sentimento suave e se alinha com a natureza suave dos produtos de cuidado ocular.<\/p>\n<ol start=\"3\">\n<li><strong><b> Produtos de assist\u00eancia local<\/b><\/strong><\/li>\n<\/ol>\n<ul>\n<li>Produtos: Acne Gel, Local Spot Lightening Essence, Nose Fissure Care Products, Scar Repair Cream.<\/li>\n<li>Raz\u00e3o: Estes produtos podem ser aplicados em uma \u00e1rea localizada e pequena, e o nozzle de 30 mm permite dispensar precisamente a quantidade requerida, prevenir a contamina\u00e7\u00e3o da pele ao redor e reduzir os res\u00edduos.<\/li>\n<\/ul>\n<ol start=\"4\">\n<li>Produtos de alta viscosidade\/pasta<\/li>\n<\/ol>\n<ul>\n<li>Produtos: Ess\u00eancia de Vitamin a C de alta concentra\u00e7\u00e3o (f\u00f3rmula anidra), M\u00e1scara de Dormir, Primeiro de Makeup, Creme de Creme Solar (em forma s\u00f3lida).<\/li>\n<\/ul>\n<p>&nbsp;<\/p>\n<h2><strong>Servi\u00e7os personalizados<\/strong><\/h2>\n<p><strong><b>Fase 1: Pesquisa e comunica\u00e7\u00e3o Contado inicial<\/b><\/strong><\/p>\n<p>&nbsp;<\/p>\n<p>\u2460 Receber uma investiga\u00e7\u00e3o e atribuir ao gerente de neg\u00f3cios contato<\/p>\n<p>\u2461 N\u00f3s entendemos preliminarmente os requisitos da investiga\u00e7\u00e3o<\/p>\n<p>&nbsp;<\/p>\n<p><strong><b>Detalles de comunica\u00e7\u00e3o do r<\/b><\/strong><strong><b>s\u00e9rie de focos de arco<\/b><\/strong><strong><b>\u00a0<\/b><\/strong><strong><b>T<\/b><\/strong><strong><b>ub<\/b><\/strong><strong><b>e<\/b><\/strong><\/p>\n<p>&nbsp;<\/p>\n<p>\u2460 Capacidade de tubo: Quantos mililitros voc\u00ea precisa preencher?<\/p>\n<p>\u2461 Tamanho do tubo:<\/p>\n<p>\u2462 Longitude do tubo: o comprimento do tubo \u00e9 determinado de acordo com a capacidade e di\u00e2metro do tubo.<\/p>\n<p>\u2463 Confirma\u00e7\u00e3o da forma de fechamento da cauda.<\/p>\n<p>\u2464 Determina\u00e7\u00e3o do conte\u00fado do produto: Por exemplo, se cont\u00e9m componentes como \u00f3leos, \u00e1cidos ou \u00e1lcool? Eles s\u00e3o corrosivos ou perme\u00e1veis? Determinar o n\u00edvel de pH tamb\u00e9m desempenha um papel na sele\u00e7\u00e3o de materiais de mangueira. Esses fatores determinam coletivamente se uma camada de barreira \u00e9 necess\u00e1ria durante a produ\u00e7\u00e3o.<\/p>\n<p>\u2465  Mercado alvo e confirma\u00e7\u00e3o regulamentar:<\/p>\n<p>Onde \u00e9 vendido o produto? - Est\u00e1 em conformidade com as regras locais? Voc\u00ea precisa fornecer provas de conformidade com materiais.<\/p>\n<p>\u2466 Confirme a cor do corpo do tubo<\/p>\n<p>Por exemplo, voc\u00ea precisa personalizar tubos coloridos ou tubos transparentes ou tubos brancos? Voc\u00ea precisa ter efeitos de perlas e assim por diante? Confirme o \u00f3leo ligeiro: \u00f3leo brilhante, congelado e suave.<\/p>\n<p>\u2467 Processo de impress\u00e3o determinado:<\/p>\n<p>Se a impress\u00e3o offset \u00e9 necess\u00e1ria, quantas cores s\u00e3o necess\u00e1rias e qual parte do texto e padr\u00e3o \u00e9 necess\u00e1ria?<\/p>\n<p>Se \u00e9 necess\u00e1rio imprimir a tela, qual parte do texto e padr\u00e3o \u00e9 necess\u00e1rio para imprimir a tela?<\/p>\n<p>Se voc\u00ea precisa de marca\u00e7\u00e3o quente, qual parte do texto e padr\u00e3o \u00e9 necess\u00e1rio para marca\u00e7\u00e3o quente?<\/p>\n<p>Se \u00e9 necess\u00e1rio etiquetar, quais s\u00e3o os requisitos de qualidade para o papel alvo? Quais s\u00e3o os melhores? Quais s\u00e3o os gerais?<\/p>\n<p>Ou os processos acima mencionados podem ser combinados, especificando qual parte \u00e9 o processo.<\/p>\n<p>\u2468 M\u00e9todo de selagem<\/p>\n<p>Cauda de selagem: Esta mangueira \u00e9 caracterizada por um design irregular de cauda. Geralmente, esta mangueira \u00e9 selecionada como o selo predeterminado da cauda. A cauda de selagem geralmente tem textura reta, forma irregular, arco, textura diagonal, etc. Confirme se a boca da garrafa precisa ser ligada com f\u00f3sforo de alum\u00ednio.<\/p>\n<p>\u2469 Determina\u00e7\u00e3o de mangueira com cobertura: Voc\u00ea precisa de um tamp\u00e3o de screw ou de um tamp\u00e3o de flip? - \u00c9 necess\u00e1rio posicionar? Determine o tamanho, tipo, cor e processo de fabrica\u00e7\u00e3o do tamp\u00e3o. Pare para a boca da garrafa de mangueira: Este design n\u00e3o precisa de uma parede para a boca da garrafa de mangueira.<\/p>\n<p>\u246a Determinar o m\u00e9todo de embalagem<\/p>\n<p>\u246b Determinar o canal de entrega: mar, ar ou outro?<\/p>\n<ol>\n<li>Comunique para determinar se \u00e9 necess\u00e1rio desenvolver moldes.<\/li>\n<\/ol>\n<p>2.Dependendo de se o perfil de dente da mangueira confirmado e o design do selo da cauda requerem desenvolvimento adicional de moldes personalizados, a s\u00e9rie de design do selo da cauda em forma de cart\u00e3o nesta cadeia \u00e9 para desenvolvimento de moldes novos.<\/p>\n<p>3.De acordo com o plano acima referido, ser\u00e1 fornecida uma cita\u00e7\u00e3o detalhada, incluindo: taxa de abertura de molho, taxa de amostra, pre\u00e7o unit \u00e1rio de produto e taxa de transporte.<\/p>\n<p><strong><b>Fase 2: Design e produ\u00e7\u00e3o de amostras<\/b><\/strong><\/p>\n<p>Ap\u00f3s o acompanhamento de neg\u00f3cios confirma a inten\u00e7\u00e3o de coopera\u00e7\u00e3o, entra no est\u00e1gio de transformar os requisitos em objetos f\u00edsicos.<\/p>\n<p>A marca paga o custo da moldura que projetamos e desenvolvemos de acordo com o tamanho confirmado do design de tubo e cauda este passo normalmente leva 20-30 dias.<\/p>\n<p>1 Confirma\u00e7\u00e3o do manuscrito de design<\/p>\n<ol>\n<li>A marca fornece o manuscrito de design em AI ou PDF, etc. Nossos engenheiros verificar\u00e3o se o tamanho, cor, tamanho, processo, linha de sangramento e outros requisitos do manuscrito de design s\u00e3o cumpridos, e fornecer\u00e3o sugest\u00f5es e ajustes para modifica\u00e7\u00e3o.<\/li>\n<li>Se n\u00e3o, um conjunto de tubos de amostra e cobertura de amostra ser\u00e1 fornecido para nosso designer para referir o design.<\/li>\n<li>Depois do desenvolvimento do molde de produ\u00e7\u00e3o de amostras, vamos organizar a produ\u00e7\u00e3o e fazer amostras o mais pr\u00f3ximas poss\u00edvel \u00e0 grande produ\u00e7\u00e3o de lote de acordo com o manuscrito de design confirmado para a marca para finalmente confirmar todos os detalhes.<\/li>\n<\/ol>\n<p>Confirma\u00e7\u00e3o de amostra A marca precisa revisar estritamente a amostra e assinar de volta o livro de amostra ap\u00f3s confirma\u00e7\u00e3o. Usaremos este documento como padr\u00e3o de aceita\u00e7\u00e3o para a produ\u00e7\u00e3o subsequente de grandes bens.<\/p>\n<p><strong><b>Fase 3: Produ\u00e7\u00e3o em massa (Produ\u00e7\u00e3o e Controlo da Qualidade)<\/b><\/strong>\u00a0<strong><b>Produ\u00e7\u00e3o<\/b><\/strong>: Ao receber a ordem oficial e o dep\u00f3sito da marca, procuramos mat\u00e9rias-primas e iniciamos a produ\u00e7\u00e3o em massa. Durante a fabrica\u00e7\u00e3o, os inspectores de qualidade realizam amostragem aleat\u00f3ria para assegurar padr\u00f5es de qualidade consistentes em todos os processos. Inspec\u00e7\u00e3o Completa: Ap\u00f3s a conclus\u00e3o da produ\u00e7\u00e3o, os inspectores realizam controles de qualidade completos de produtos acabados e emitem um relat\u00f3rio de inspec\u00e7\u00e3o de qualidade.<\/p>\n<p><strong><b>\u00a0Fase 4: Transporte e - embalagem de entrega:<\/b><\/strong>\u00a0Os produtos s\u00e3o embalados de acordo com especifica\u00e7\u00f5es e rotulados com marcas de transporte. Pagamento de marca: Ap\u00f3s receber o pagamento final, organizamos o transporte log\u00edstico de acordo com o hor\u00e1rio de entrega do contrato. Fase 5: Servi\u00e7o de Depois de Vendas N\u00f3s abordamos o feedback dos clientes e resolvemos problemas potenciais relacionados ao servi\u00e7o.<\/p>\n<h2><\/h2>\n<p>&nbsp;<\/p>\n<p>&nbsp;<\/p>","protected":false},"excerpt":{"rendered":"<p>Hongyi Plastic Round arc seals series Tube 30-40ml\/1.00-1.35fl.0z Ela tem uma apar\u00eancia elegante e refinada, se sente confort\u00e1vel ao toque, e quase n\u00e3o tem pontos mortos quando apertados ao final, resultando em alta utiliza\u00e7\u00e3o do produto.<\/p>\n<p>Aplica\u00e7\u00f5es recomendadas:[UNK][UNK][UNK][UNK][UNK][UNK][UNK][UNK][UNK][UNK][UNK][UNK][UNK][UNK][UNK][UNK][UNK][UNK][UNK][UNK][UNK][UNK][UNK][UNK][UNK][UNK][UNK][UNK][UNK][UNK][UNK][UNK][UNK][UNK][UNK][UNK][UNK][UNK][UNK][UNK][UNK][UNK][UNK][UNK][UNK][UNK][UNK][UNK][UNK][UNK][UNK][UNK][UNK][UNK][UNK][UNK][UNK][UNK][UNK][UNK][UNK][UNK][UNK][UNK][UNK][UNK][UNK][UNK][UNK][UNK][UNK][UNK][UNK][UNK][UNK][UNK][UNK]<\/p>","protected":false},"featured_media":2504,"comment_status":"closed","ping_status":"closed","template":"","meta":[],"product_brand":[],"product_cat":[30,15],"product_tag":[],"class_list":{"0":"post-2357","1":"product","2":"type-product","3":"status-publish","4":"has-post-thumbnail","6":"product_cat-arc-series","7":"product_cat-artistic-design-plastic-tube","9":"first","10":"instock","11":"shipping-taxable","12":"product-type-simple"},"_links":{"self":[{"href":"https:\/\/www.hongyitube.com\/pt\/wp-json\/wp\/v2\/product\/2357","targetHints":{"allow":["GET"]}}],"collection":[{"href":"https:\/\/www.hongyitube.com\/pt\/wp-json\/wp\/v2\/product"}],"about":[{"href":"https:\/\/www.hongyitube.com\/pt\/wp-json\/wp\/v2\/types\/product"}],"replies":[{"embeddable":true,"href":"https:\/\/www.hongyitube.com\/pt\/wp-json\/wp\/v2\/comments?post=2357"}],"wp:featuredmedia":[{"embeddable":true,"href":"https:\/\/www.hongyitube.com\/pt\/wp-json\/wp\/v2\/media\/2504"}],"wp:attachment":[{"href":"https:\/\/www.hongyitube.com\/pt\/wp-json\/wp\/v2\/media?parent=2357"}],"wp:term":[{"taxonomy":"product_brand","embeddable":true,"href":"https:\/\/www.hongyitube.com\/pt\/wp-json\/wp\/v2\/product_brand?post=2357"},{"taxonomy":"product_cat","embeddable":true,"href":"https:\/\/www.hongyitube.com\/pt\/wp-json\/wp\/v2\/product_cat?post=2357"},{"taxonomy":"product_tag","embeddable":true,"href":"https:\/\/www.hongyitube.com\/pt\/wp-json\/wp\/v2\/product_tag?post=2357"}],"curies":[{"name":"wp","href":"https:\/\/api.w.org\/{rel}","templated":true}]}}