{"id":2322,"date":"2025-07-11T18:20:45","date_gmt":"2025-07-11T10:20:45","guid":{"rendered":"https:\/\/www.hongyitube.com\/product\/%cf%8616-lip-care-soft-tube-packaging-bottle-lip-gloss-lip-oil-lip-gloss-lip-glaze-soft-tube-packaging-bottle-soft-tube-bottle-packaging-bottle-1-3\/"},"modified":"2026-01-14T11:14:08","modified_gmt":"2026-01-14T03:14:08","slug":"19-ceramic-massage-head-plastic-tube","status":"publish","type":"product","link":"https:\/\/www.hongyitube.com\/pt\/product\/19-ceramic-massage-head-plastic-tube\/","title":{"rendered":"\u03a619 tubo pl\u00e1stico de massagem de cer\u00e2mica na cabe\u00e7a &#8211; Hongyi Plastic"},"content":{"rendered":"<p>Hongyi[UNK]Plastic\u03a619 ceramic massage head plastic tube [UNK][UNK]filling Capacity3ml-15ml\/0,10-0,51fl.oz.<\/p>\n<p>&nbsp;<\/p>\n<p>Esse tubo suave de cuidado l\u00e1bio de 19 mm de alto n\u00edvel, que mistura de forma inesperada arte tradicional russa com tecnologia moderna de beleza. Est\u00e1 dispon\u00edvel em corpos de tubos brancos e transparentes, ambos com padr\u00f5es vibrantes e coloridos de bonecas russas, criados usando tecnologia de impress\u00e3o de tela de alta defini\u00e7\u00e3o. A combina\u00e7\u00e3o inovadora de uma ponta de l\u00e1bios cer\u00e2micos proporciona uma experi\u00eancia de aplica\u00e7\u00e3o fria e suave, enquanto uma tampa externa transparente assegura higiene. O design de limite aberto permite preencher exatamente 15-20 ml, tornando-o uma embalagem de classe profissional para um produto l\u00e1bio que \u00e9 tanto um trabalho de arte como excepcional em termos de experi\u00eancia de usu\u00e1rio.<\/p>\n<p>Material corporal:<\/p>\n<ul>\n<li>Op\u00e7\u00e3o A: Material de PE branco (branco de alta pureza)<\/li>\n<li>Op\u00e7\u00e3o B: Material PETG transparente (alta transpar\u00eancia)<\/li>\n<li>Processo de forma\u00e7\u00e3o: corpo de tubo redondo de 19 mm com controle de volume preciso<\/li>\n<li>artesanato decorativo:<\/li>\n<li>Impress\u00e3o offset de alta defini\u00e7\u00e3o com design de bonecas ninhadas (impress\u00e3o de cores precisa e vibrante)<\/li>\n<li>Uma camada de prote\u00e7\u00e3o UV brilhante<\/li>\n<li>Sistema de Liphead:<\/li>\n<li>Tipo especial de l\u00e1bios feitos de cer\u00e2mica<\/li>\n<li>Fin de superf\u00edcie suave, excelente condutividade t\u00e9rmica<\/li>\n<li>Sistema de selagem:<\/li>\n<li>Cobertura externa acr\u00edlica transparente<\/li>\n<li>Design Open-end (OFC)<\/li>\n<\/ul>\n<p><strong><b>Aplica\u00e7\u00f5es recomendadas<\/b><\/strong><\/p>\n<ol>\n<li>Sele\u00e7\u00e3o de Vis\u00e3o Dopla<\/li>\n<\/ol>\n<ul>\n<li>Tubo branco: Resaltar a vividade da boneca padr\u00e3o s<\/li>\n<li>Um tubo transparente: uma representa\u00e7\u00e3o f\u00edsica do conte\u00fado<\/li>\n<\/ul>\n<ol start=\"2\">\n<li>As vantagens das cabe\u00e7as de l\u00e1bios cer\u00e2micos<\/li>\n<\/ol>\n<ul>\n<li>O toque frio acalma os l\u00e1bios<\/li>\n<li>Aplicar suavemente sem tirar<\/li>\n<li>F\u00e1cil de limpar e n\u00e3o residual<\/li>\n<\/ul>\n<ol start=\"3\">\n<li>Design de capacidade de precis\u00e3o<\/li>\n<\/ol>\n<ul>\n<li>15-20 ml de Capacidade de Melhor Uso<\/li>\n<li>Design de fim aberto para assegurar a precis\u00e3o de preenchimento<\/li>\n<\/ul>\n<ol start=\"4\">\n<li>Valor da cole\u00e7\u00e3o de arte<\/li>\n<\/ol>\n<ul>\n<li>Elementos culturais tradicionais das bonecas russas<\/li>\n<li>Os padr\u00f5es bonitos s\u00e3o colet\u00e1veis<\/li>\n<\/ul>\n<h3><strong><b>\u00a0Atributos do produto\u00a0<\/b><\/strong><\/h3>\n<ol>\n<li>Sele\u00e7\u00e3o de Vis\u00e3o Dopla<\/li>\n<\/ol>\n<ul>\n<li>Tubo branco: Resaltar a vividade da boneca padr\u00e3o s<\/li>\n<li>Um tubo transparente: uma representa\u00e7\u00e3o f\u00edsica do conte\u00fado<\/li>\n<\/ul>\n<ol start=\"2\">\n<li>As vantagens das cabe\u00e7as de l\u00e1bios cer\u00e2micos<\/li>\n<\/ol>\n<ul>\n<li>O toque frio acalma os l\u00e1bios<\/li>\n<li>Aplicar suavemente sem tirar<\/li>\n<li>F\u00e1cil de limpar e n\u00e3o residual<\/li>\n<\/ul>\n<ol start=\"3\">\n<li>Design de capacidade de precis\u00e3o<\/li>\n<\/ol>\n<ul>\n<li>15-20 ml de Capacidade de Melhor Uso<\/li>\n<li>Design de fim aberto para assegurar a precis\u00e3o de preenchimento<\/li>\n<\/ul>\n<ol start=\"4\">\n<li>Valor da cole\u00e7\u00e3o de arte<\/li>\n<\/ol>\n<ul>\n<li>Elementos culturais tradicionais das bonecas russas<\/li>\n<li>Os padr\u00f5es bonitos s\u00e3o colet\u00e1veis<\/li>\n<\/ul>","protected":false},"excerpt":{"rendered":"<ul>\n<li><b><\/b><strong><b>Design de Tube Body<\/b><\/strong>.<\/li>\n<\/ul>\n<p>O conceito de design da embalagem de mangueiras \u00e9 integrar &#8220; arte tradicional - com &#8220; tecnologia moderna. &#8221;<\/p>\n<ul>\n<li>Pattern Design:<\/li>\n<li>O padr\u00e3o cl\u00e1ssico de design do estilo de boneca<\/li>\n<li>Impress\u00e3o multicolorida e de alta qualidade<\/li>\n<li>Design Estrutural:<\/li>\n<li>Tip de Lip Cer\u00e2mico: design angular de 45 graus<\/li>\n<li>Cobertura externa transparente: Design de Panorama Display<\/li>\n<li>Sistema de Cores:<\/li>\n<li>Vers\u00e3o do Tubo Branco: Cores vivas e brilhantes no design<\/li>\n<li>Vers\u00e3o transparente: textura fresca, brilhante e transparente<\/li>\n<\/ul>\n<p><strong>Avantagens do produto:<\/strong><\/p>\n<ol>\n<li>Experi\u00eancia de usu\u00e1rio melhorada<\/li>\n<\/ol>\n<ul>\n<li>A cabe\u00e7a cer\u00e2mica fornece uma sensa\u00e7\u00e3o fria refrescante, aumentando o conforto geral de uso.<\/li>\n<li>Aplica\u00e7\u00e3o suave reduz a fric\u00e7\u00e3o nos l\u00e1bios<\/li>\n<\/ul>\n<ol start=\"2\">\n<li>Visualmente impressionante<\/li>\n<\/ol>\n<ul>\n<li>O conjunto de bonecas ninhadas apresenta um design \u00fanico e atraente.<\/li>\n<li>Dois tipos de tubos est\u00e3o dispon\u00edveis para atender \u00e0s necessidades diversas.<\/li>\n<\/ul>\n<ol start=\"3\">\n<li>Performa\u00e7\u00e3o excepcional de higiene<\/li>\n<\/ol>\n<ul>\n<li>Cabe\u00e7a cer\u00e2mica, antibacterial e f\u00e1cil de limpar<\/li>\n<li>Cobertura externa para prote\u00e7\u00e3o contra poeira e contamina\u00e7\u00e3o<\/li>\n<\/ul>\n<ol start=\"4\">\n<li>Valor melhorado do produto<\/li>\n<\/ol>\n<ul>\n<li>A embalagem artificial eleva o produto s status.<\/li>\n<li>O material cer\u00e2mico incorpora uma busca de qualidade.<\/li>\n<\/ul>\n<p><b><\/b><strong>Scen\u00e1rios de aplica\u00e7\u00e3o para o produto:<\/strong><\/p>\n<p>Marca de fabrica\u00e7\u00e3o: embalagem especializada de produtos l\u00e1bios garrafa\/recipiente\/garrafa de embalagem miniatura<\/p>\n<ul>\n<li>Festive Limited Edition: Christmas and New Year Limited-Edition Lip Care Packaging Bottle\/Container\/Miniature Bottle<\/li>\n<li>Mercado de regalos: Lipstick, embalagem de presente cosm\u00e9tico, garrafa\/embalagem de garrafa\/garrafa de embalagem miniatura<\/li>\n<\/ul>\n<p>Canal de alto n\u00edvel: contador de cosm\u00e9ticos, loja de boutiques, embalagem de l\u00e1bios garrafa\/recipiente\/garrafa miniatura<\/p>","protected":false},"featured_media":2610,"comment_status":"closed","ping_status":"closed","template":"","meta":[],"product_brand":[],"product_cat":[33,27],"product_tag":[],"class_list":{"0":"post-2322","1":"product","2":"type-product","3":"status-publish","4":"has-post-thumbnail","6":"product_cat-lip-care","7":"product_cat-makeup-plastic-tube","9":"first","10":"instock","11":"shipping-taxable","12":"purchasable","13":"product-type-simple"},"_links":{"self":[{"href":"https:\/\/www.hongyitube.com\/pt\/wp-json\/wp\/v2\/product\/2322","targetHints":{"allow":["GET"]}}],"collection":[{"href":"https:\/\/www.hongyitube.com\/pt\/wp-json\/wp\/v2\/product"}],"about":[{"href":"https:\/\/www.hongyitube.com\/pt\/wp-json\/wp\/v2\/types\/product"}],"replies":[{"embeddable":true,"href":"https:\/\/www.hongyitube.com\/pt\/wp-json\/wp\/v2\/comments?post=2322"}],"wp:featuredmedia":[{"embeddable":true,"href":"https:\/\/www.hongyitube.com\/pt\/wp-json\/wp\/v2\/media\/2610"}],"wp:attachment":[{"href":"https:\/\/www.hongyitube.com\/pt\/wp-json\/wp\/v2\/media?parent=2322"}],"wp:term":[{"taxonomy":"product_brand","embeddable":true,"href":"https:\/\/www.hongyitube.com\/pt\/wp-json\/wp\/v2\/product_brand?post=2322"},{"taxonomy":"product_cat","embeddable":true,"href":"https:\/\/www.hongyitube.com\/pt\/wp-json\/wp\/v2\/product_cat?post=2322"},{"taxonomy":"product_tag","embeddable":true,"href":"https:\/\/www.hongyitube.com\/pt\/wp-json\/wp\/v2\/product_tag?post=2322"}],"curies":[{"name":"wp","href":"https:\/\/api.w.org\/{rel}","templated":true}]}}