{"id":2246,"date":"2025-07-11T18:21:21","date_gmt":"2025-07-11T10:21:21","guid":{"rendered":"https:\/\/www.hongyitube.com\/product\/%cf%8645-pe-plastic-tube-refilling-bottle-skin-care-cosmetics-lotion-special-refilling-bottle-colored-transparent-skin-care-plastic-tube-3-2\/"},"modified":"2026-01-10T16:06:59","modified_gmt":"2026-01-10T08:06:59","slug":"%cf%8650-pe-plastic-tube-refilling-bottle-skin-care-cosmetics-lotion-special-refilling-bottle-colored-transparent-skin-care-plastic-tube-1","status":"publish","type":"product","link":"https:\/\/www.hongyitube.com\/pt\/product\/%cf%8650-pe-plastic-tube-refilling-bottle-skin-care-cosmetics-lotion-special-refilling-bottle-colored-transparent-skin-care-plastic-tube-1\/","title":{"rendered":"200 ml, di\u00e2metro de 50 mm, port\u00e1til, multifuncional, azul e branco PE padr\u00e3o de porcelana-"},"content":{"rendered":"<p><strong><b>Descri\u00e7\u00e3o do produto<\/b><\/strong><\/p>\n<p>Este produto \u00e9 um recipiente de mangueira PE de 45 di\u00e2metros projetado para necessidades diversificadas de embalagem, o corpo do tubo adota cor de gradiente vermelho e cinzento moda, a superf\u00edcie \u00e9 aplicada com verniz de textura de matte matte matte, delicado e avan\u00e7ado toque. O corpo \u00e9 impresso com um logotipo de impress\u00e3o de seda negra e branca ao contr\u00e1rio, parejado com a mesma coroa de cinza e vermelho com dentes curtos, e o design geral \u00e9 simples e moderno. O processo de selagem rectangular \u00e9 usado para fornecer uma boa selagem, e o design do tanque frontal assegura que os conte\u00fados s\u00e3o apertados de forma uniforme. O tubo \u00e9 ligeiro e port\u00e1til, adequado para viajar e carregar, pode ser repetidamente apertado para usar e n\u00e3o \u00e9 facilmente deformado, e \u00e9 adequado para dividir v\u00e1rias emuls\u00f5es, gelos e l\u00edquidos.<\/p>\n<p>Material do produto<\/p>\n<ul>\n<li>Material principal: polietileno de classe alimentar (PE), em conformidade com padr\u00f5es internacionais de seguran\u00e7a, n\u00e3o t\u00f3xico e sem gosto, alta estabilidade qu\u00edmica, compat\u00edvel com uma variedade de conte\u00fados.<\/li>\n<li>Coating Light Oil: Um \u00f3leo ligeiro ecol\u00f3gico, com mat\u00e9 e areia que n\u00e3o colore as impress\u00f5es digitais e melhora a qualidade da vis\u00e3o e do toque.<\/li>\n<li>Processo de impress\u00e3o: impress\u00f5es de seda branca e negra, resistentes ao uso e f\u00e1ceis de cair.<\/li>\n<li>Material de captura: material PP com a mesma cor do corpo do tubo, abertura e fechamento suaves, forte selagem.<\/li>\n<\/ul>\n<p>Ind\u00fastria e popula\u00e7\u00f5es recomendadas para uso<\/p>\n<p>A ind\u00fastria da beleza e do cuidado da pele<\/p>\n<ul>\n<li>Senhoras: Adequada para embalagem \u00f3leos essenciais, cremes, protetores solares, pr\u00e9-cosm\u00e9ticos, etc. O design progressivo de matte encontra mulheres s duas buscas de est\u00e9tica e pr\u00e1tica.<\/li>\n<li>Homens: Pode ser dividido em creme de rasagem, lot\u00e3o de cuidado da pele, cera de cabelo, etc. O tom cinzento e vermelho n\u00e3o perde car\u00e1ter, conhecendo homens. \u00e9 necessidade de cuidados simple s e eficientes.<\/li>\n<li>Crian\u00e7as: Para crian\u00e7as o material \u00e9 seguro e leve, e o tubo pequeno \u00e9 f\u00e1cil para os pais de carregar.<\/li>\n<\/ul>\n<p>A ind\u00fastria farmac\u00eautica de engrenagens<\/p>\n<ul>\n<li>\u00c9 adequado para viajar ing\u00eancias, agentes de cuidado da pele, gelos t\u00f3picos anti-inflamat\u00f3rios, etc. O selo \u00e9 bom para garantir higiene, e o design port\u00e1til \u00e9 conveniente para uso di\u00e1rio.<\/li>\n<\/ul>\n<p>A ind\u00fastria de agentes de manuten\u00e7\u00e3o mec\u00e2nica<\/p>\n<ul>\n<li>Pode ser dividido em \u00f3leo lubrificante, cola de limpeza, pasta anti-rosa, resist\u00eancia \u00e0 corros\u00e3o qu\u00edmica do material PE, precis\u00e3o da dose de controle da extrus\u00e3o, adequada para a oficina ou para a manuten\u00e7\u00e3o.<\/li>\n<\/ul>\n<p>Ind\u00fastria industrial de pigmentos qu\u00edmicos<\/p>\n<ul>\n<li>Para a montagem de pinturas, adesivos, parches, etc., o corpo do tubo \u00e9 resistente \u00e0 deforma\u00e7\u00e3o e f\u00e1cil de apertar, a superf\u00edcie do mat\u00e9 \u00e9 resistente \u00e0 terra, e \u00e9 adequada para uso de est\u00fadio ou campo.<\/li>\n<\/ul>\n<p><strong><b>\u00a0Caracter\u00edsticas do produto<\/b><\/strong><\/p>\n<ol>\n<li>N\u00e3o-deforma\u00e7\u00e3o duradoura: material PE forte dura\u00e7\u00e3o, suporte m\u00faltiplo rebound de extrus\u00e3o, n\u00e3o f\u00e1cil de quebrar ou deformar.<\/li>\n<li>Seal to prevent leakage: The rectangular seal end and the short-tooth screw cover are double sealed to prevent leaks or oxidation.<\/li>\n<li>Controlo de precis\u00e3o da quantidade: O tanque frontal \u00e9 combinado com um design de di\u00e2metro de tubo fino para permitir controle preciso da quantidade de extrus\u00e3o.<\/li>\n<li>Luz e port\u00e1til: O peso pr\u00f3prio \u00e9 apenas alguns gramas, e n\u00e3o h\u00e1 carga para carregar com voc\u00ea para viajar ou uso cotidiano.<\/li>\n<li>Seguran\u00e7a e prote\u00e7\u00e3o ambiental: em conformidade com o REACH, o FDA e outros padr\u00f5es internacionais, reciclables.<\/li>\n<\/ol>","protected":false},"excerpt":{"rendered":"<p><strong><b>Design corporal de tubos de produto<\/b><\/strong><\/p>\n<ul>\n<li>Cor de fundo: corpo de tubo branco puro, real\u00e7ando a fresca e eleg\u00e2ncia do padr\u00e3o de porcelana azul e branco.<\/li>\n<li>Processo padr\u00e3o: A tela de seda imprime padr\u00f5es de porcelana azul e branco, incluindo elementos cl\u00e1ssicos como os padr\u00f5es de l\u00f3to e paisagem entwinged, e o texto \u00e9 a tela de seda imprimida na mesma cor, e o estilo geral \u00e9 coordenado.<\/li>\n<li>\u00c1rea de identifica\u00e7\u00e3o: Reservar uma \u00e1rea de colagem de etiquetas para facilitar os usu\u00e1rios marcarem a informa\u00e7\u00e3o sobre conte\u00fado.<\/li>\n<li>Design de cauda: selagem de cauda reta de gr\u00e3os para refor\u00e7ar a selagem; - Cofre de bloqueio de filmes opcional para melhorar o efeito de prova de vazamento.<\/li>\n<\/ul>\n<p><strong><b>\u00a0Avantagens do produto<\/b><\/strong><\/p>\n<ul>\n<li>Combina\u00e7\u00e3o de est\u00e9tica e pr\u00e1tica: Incorporar elementos de arte oriental em embalagens apelos aos consumidores que prestam aten\u00e7\u00e3o ao design.<\/li>\n<li>Adequado entre as ind\u00fastrias: De cuidado pessoal a uso industrial, um tubo para m\u00faltiplas fun\u00e7\u00f5es, reduzindo desperd\u00edcios de embalagem.<\/li>\n<li>Compatibilidade com viagens: cumprir as regras das companhias a\u00e9reas sobre o transporte de l\u00edquidos, adequados para viagens, acampamentos e outros cen\u00e1rios.<\/li>\n<li>Ambientalmente amig\u00e1vel e econ\u00f4mico: Refil\u00e1vel e \u00fatil, reduzindo o consumo de embalagens dispon\u00edveis.<\/li>\n<li>F\u00e1cil de operar: o volume de extrus\u00e3o \u00e9 control\u00e1vel, o corpo de tampa \u00e9 f\u00e1cil de abrir e fechar, e \u00e9 adequado para diferentes l\u00edquidos de viscosidade<\/li>\n<\/ul>\n<p><strong><b>\u00a0Xenarios de uso de produtos<\/b><\/strong><\/p>\n<ul>\n<li>Viagens e neg\u00f3cios: Produtos separados de cuidado da pele, pasta de dentes e poma para reduzir o peso das bagagens.<\/li>\n<li>Deportes externos: Carre creme de repara\u00e7\u00e3o, prote\u00e7\u00e3o solar, lubrificante, e lev\u00e1-los a qualquer momento.<\/li>\n<li>Almacenamento di\u00e1rio: organizar o contratopo e dividir grandes produtos embalados em tubos port\u00e1tiis.<\/li>\n<li>Areas de especializa\u00e7\u00e3o: engenheiros, artistas e pessoal de laborat\u00f3rio s\u00e3o usados para dispensar agentes profissionais.<\/li>\n<li>Cadeios e promo\u00e7\u00f5es: Personalizar logos ou padr\u00f5es corporativos como cadernos de marca ou exposi\u00e7\u00f5es.<\/li>\n<\/ul>","protected":false},"featured_media":4013,"comment_status":"closed","ping_status":"closed","template":"","meta":[],"product_brand":[],"product_cat":[29,49],"product_tag":[],"class_list":{"0":"post-2246","1":"product","2":"type-product","3":"status-publish","4":"has-post-thumbnail","6":"product_cat-skin-care-plastic-tube","7":"product_cat-50-pe-plastic-tube","9":"first","10":"instock","11":"shipping-taxable","12":"product-type-simple"},"_links":{"self":[{"href":"https:\/\/www.hongyitube.com\/pt\/wp-json\/wp\/v2\/product\/2246","targetHints":{"allow":["GET"]}}],"collection":[{"href":"https:\/\/www.hongyitube.com\/pt\/wp-json\/wp\/v2\/product"}],"about":[{"href":"https:\/\/www.hongyitube.com\/pt\/wp-json\/wp\/v2\/types\/product"}],"replies":[{"embeddable":true,"href":"https:\/\/www.hongyitube.com\/pt\/wp-json\/wp\/v2\/comments?post=2246"}],"wp:featuredmedia":[{"embeddable":true,"href":"https:\/\/www.hongyitube.com\/pt\/wp-json\/wp\/v2\/media\/4013"}],"wp:attachment":[{"href":"https:\/\/www.hongyitube.com\/pt\/wp-json\/wp\/v2\/media?parent=2246"}],"wp:term":[{"taxonomy":"product_brand","embeddable":true,"href":"https:\/\/www.hongyitube.com\/pt\/wp-json\/wp\/v2\/product_brand?post=2246"},{"taxonomy":"product_cat","embeddable":true,"href":"https:\/\/www.hongyitube.com\/pt\/wp-json\/wp\/v2\/product_cat?post=2246"},{"taxonomy":"product_tag","embeddable":true,"href":"https:\/\/www.hongyitube.com\/pt\/wp-json\/wp\/v2\/product_tag?post=2246"}],"curies":[{"name":"wp","href":"https:\/\/api.w.org\/{rel}","templated":true}]}}