{"id":2173,"date":"2025-07-11T18:21:21","date_gmt":"2025-07-11T10:21:21","guid":{"rendered":"https:\/\/www.hongyitube.com\/product\/%cf%8635-pe-plastic-tube-refilling-bottle-skin-care-cosmetics-lotion-special-refilling-bottle-colored-transparent-skin-care-plastic-tube-1-3\/"},"modified":"2026-01-09T20:40:36","modified_gmt":"2026-01-09T12:40:36","slug":"35-pe-plastic-tube-refilling-bottle-skin-care-cosmetics-lotion-special-refilling-bottle-colored-transparent-skin-care-plastic-tube-4","status":"publish","type":"product","link":"https:\/\/www.hongyitube.com\/pt\/product\/35-pe-plastic-tube-refilling-bottle-skin-care-cosmetics-lotion-special-refilling-bottle-colored-transparent-skin-care-plastic-tube-4\/","title":{"rendered":"35 garrafas de refilhamento de tubos pl\u00e1sticos de PE, lot\u00e3o de cuidados de pele, garrafa de refilhamento especial, tubo de pl\u00e1stico transparente colorido de cuidados de pele-4"},"content":{"rendered":"<p>\"Eleg\u00e2ncia Oriental\" com di\u00e2metro de 35mm de Hongyi, tem um tubo mole de 100 ml de PE.<\/p>\n<p>&nbsp;<\/p>\n<ol>\n<li>Di\u00e2metro 35 mm \u201cEleg\u00e2ncia Oriental\u201d tem\u00e1tica descri\u00e7\u00e3o de tubo mole PE de 100ml.<\/li>\n<\/ol>\n<p>&nbsp;<\/p>\n<p>O di\u00e2metro 35 mm \u201cEleg\u00e2ncia Oriental\u201d tem um tubo mole de PE de 100ml \u00e9 um recipiente de embalagem de tubos moles de PE de 35mm de di\u00e2metro centrado em torno do tema \u201cEst\u00e9tica Oriental e Interpreta\u00e7\u00f5es Modernas\u201d. O design utiliza inteligentemente a simetria de revers\u00e3o de cores e padr\u00f5es: o lado anterior do tubo apresenta uma base azul de c\u00e9u matte com padr\u00f5es de flores de pluma impressas complexos; A \u00e1rea restante \u00e9 adornada com cores de flores de pluma (presumivelmente rosa ou branca elegante). O lado inverso do tubo forma uma imagem de espelho: a se\u00e7\u00e3o da cauda tem uma base de flores de pluma com texto azul do c\u00e9u; A \u00e1rea restante apresenta uma base azul do c\u00e9u com texto de flor de plum a. Este design de \"reverso de cores e texto complementar imagens\" cria um efeito delicado e po\u00e9tico semelhante a uma embroideria de dois lados. A embalagem apresenta um design de cap a de screw de alta qualidade, que pode ser parejado com capas de screw de alta qualidade em porcelana branca, porcelana azul, ouro de matte, ou finais de cinza no espa\u00e7o profundo, melhorando a est\u00e9tica elegante em geral.<\/p>\n<p>2,35 mm de di\u00e2metro, \"Eleg\u00eancia Oriental\", 100 ml de tubo mole PE. Material principal: Material composto de PE de alta rigidez. Especificamente formulada para alcan\u00e7ar uma finaliza\u00e7\u00e3o sofisticada de mat\u00e9, assegurando cores mesmo e saturadas de padr\u00f5es azuis do c\u00e9u e plum a, com uma textura suave. Ela pode perfeitamente acomodar a impress\u00e3o complexa de padr\u00f5es de pluma.<\/p>\n<ul>\n<li>Processo de Impress\u00e3o: Utiliza tecnologia de impress\u00e3o offset de alta precis\u00e3o para assegurar que padr\u00f5es e texto em ambos os lados se alinham exatamente quando as cores se invertem, resultando em imagens claras e cores puras, refletindo a natureza meticulosa do processo.<\/li>\n<li>Seguran\u00e7a: Conformidade com regulamentos internacionais para materiais usados em contato com alimentos e farmac\u00eauticos. Todas as tintas e materiais foram submetidas a certifica\u00e7\u00f5es de seguran\u00e7a, garantindo a paz mental ao us\u00e1-las.<\/li>\n<\/ul>\n<p><strong><b>Aplica\u00e7\u00f5es recomendadas <\/b><\/strong>\"<\/p>\n<p>Di\u00e2metro 35 mm, \"Eleg\u00eancia Oriental\", tubo mole de 100 ml PE. Recomendado para uso na ind\u00fastria da beleza e pele.<\/p>\n<ul>\n<li>Mercado das Mulheres: Concentre-se em toneres que cont\u00eam ingredientes herbales ou vegetais tradicionais chineses, balmas aromatizados de edi\u00e7\u00e3o temporal limitada\/cremas de m\u00e3o com conceitos como \"Plum Blossom\" ou \"Neve\", e produtos de corte de pele enfatizando repara\u00e7\u00e3o e resili\u00eancia. A imagem das flores de pluma se alinha profundamente com a est\u00e9tica oriental, apelando a mulheres bem informadas que valorizam a import\u00e2ncia cultural e a pele natural.<\/li>\n<li>Mercado masculino: balmas de fragra\u00e7\u00e3o e produtos de p\u00f3s-rasagem de alto n\u00edvel para homens, caracterizados por conceitos como \u201cgra\u00e7a\u201d e \u201celeg\u00e2ncia\u201d. A escolha de capas negras e cinzentas escuras pode ajudar a transmitir um senso de compostura e sofistica\u00e7\u00e3o cultural, t\u00edpico de homens modernos da \u00c1sia Oriental.<\/li>\n<li>Mercado infantil: N\u00e3o \u00e9 aplic\u00e1vel. Essa est\u00e9tica de design \u00e9 muito refinada e elegante, o que n\u00e3o se alinha com a necessidade de brincadeira intuitiva nos produtos infantis.<\/li>\n<\/ul>\n<p>&nbsp;<\/p>\n<p>Ind\u00fastria de lubrificantes de dispositivos m\u00e9dicos.<\/p>\n<ul>\n<li>Mercado de assist\u00eancia pessoal de alto n\u00edvel e aromaterapia: meios de massagem usados em conjunto com terapias tradicionais de medicina chinesa, rolos tranquilizantes para aromaterapia e gelos de alta \u00e1rea ocular tranquilizantes. A embalagem transmite os conceitos de \u201cnatureza\u201d, \u201cequil\u00edbrio\u201d e \u201csabedoria tradicional\u201d, que podem apelar aos consumidores que se identificam com filosofias do bem-estar oriental.<\/li>\n<\/ul>\n<p>A ind\u00fastria industrial de pigmentos qu\u00edmicos.<\/p>\n<ul>\n<li>Industrias criativas e mercado de acess\u00f3rio luxuoso: solu\u00e7\u00e3o adesiva especializada e alum para restaura\u00e7\u00e3o de pintura de alto n\u00edvel, agentes de limpeza para artigos de escrit\u00f3rio e cremes de condicionamento para bens de couro luxuoso (como aqueles com projetos de estilo chin\u00eas). Devido ao seu forte simbolismo cultural, esses produtos s\u00e3o particularmente adequados para mercados de nichos relacionados \u00e0 cultura, arte e personaliza\u00e7\u00e3o de alto n\u00edvel.<\/li>\n<\/ul>\n<h3><strong><b>Atributos de produto<\/b><\/strong><\/h3>\n<p>Caracter\u00edsticas do di\u00e2metro 35 mm \u201cEleg\u00e2ncia Oriental\u201d com tema de tubo mole PE de 100ml.<\/p>\n<p>&nbsp;<\/p>\n<ul>\n<li>Sistema visual inovador de \"espelho de dois lados\": Os lados de frente e de tr\u00e1s apresentam projetos onde cores e gr\u00e1ficos s\u00e3o completamente invertidos, semelhantes a admirar um trabalho de arte de ambos os lados. Esse design \u00e9 altamente engenhoso e possui valor significativo para cole\u00e7\u00e3o e brincadeira, aumentando grandemente a interatividade e sofistica\u00e7\u00e3o da embalagem.<\/li>\n<li>Simbolismo cultural rico: Flores de pluma, como s\u00edmbolo central de resili\u00eancia, pureza, esperan\u00e7a e anuncia\u00e7\u00e3o da primavera na cultura da \u00c1sia Oriental, possuem connota\u00e7\u00f5es espirituais que v\u00e3o al\u00e9m de sua mera apar\u00eancia, infuzindo marcas com profundidade narrativa e significado filos\u00f3fico.<\/li>\n<li>Um esquema de cores refinado e moderno: a combina\u00e7\u00e3o de Matte Sky Blue e elegante Plum Blossom, que exude fresco e eleg\u00e2ncia. Combina encanto cl\u00e1ssico com est\u00e9tica minimalista moderna, evitando a pesadoria associada aos elementos orientais tradicionais.<\/li>\n<li>Uma artesanidade e textura excepcionais: Fin de mat\u00e9ria e impress\u00e3o de precis\u00e3o dupla-lateral se combinam para criar uma experi\u00eancia de usu\u00e1rio sofisticada, serena e culturalmente rica, tanto visualmente como t\u00e1cticamente.<\/li>\n<\/ul>","protected":false},"excerpt":{"rendered":"<p><b><\/b><strong><b>Design de Tube Body<\/b><\/strong>.<\/p>\n<p>O design do corpo de tubo para o di\u00e2metro de 35 mm \u201cEleg\u00eancia Oriental\u201d tem tema de tubo mole de 100 ml PE.<\/p>\n<p>&nbsp;<\/p>\n<ul>\n<li>Filosofia Oriental de Cores e S\u00edmbolos:<\/li>\n<li>O design de flores de plum a: \u00c9 mais do que um motivo decorativo; \u00c9 um s\u00edmbolo do esp\u00edrito cultural. Ele transmite aos consumidores globais a artesanato, car\u00e1ter, qualidade testada e desejo de uma linda primavera que a marca incorpora. Essa \u00e9 uma form a sofisticada de comunica\u00e7\u00e3o emocional.<\/li>\n<li>Matte Sky Blue: Simboliza os c\u00e9us, a tranquilidade, a clareza e as possibilidades sem limites. Quando combinado com flores de plum a (s\u00edmbolo da primavera na terra), ela cria uma atmosfera filos\u00f3fica de \"c\u00e9u e terra\", \"calma e movimento\", elevando assim o n\u00edvel intelectual do design.<\/li>\n<li>A sabedoria art\u00edstica de \u201cequil\u00edbrio entre yin e yang\u201d: a invers\u00e3o das cores e a troca de imagens e texto em ambos os lados, incorporando os princ\u00edpios est\u00e9ticos orientais de \u201cyin e yang complementando um ao outro\u201d e \u201crealidade e ilus\u00e3o co-existentes\u201d. O projeto n\u00e3o \u00e9 mais um r\u00f3tulo est\u00e1tico, mas um sistema din\u00e2mico e gir\u00e1vel cheio de intriga e sabedoria.<\/li>\n<li>Espa\u00e7o Branco e Respirabilidade: O uso extenso de blocos de cores monocrom\u00e1ticos cria amplo \"espa\u00e7o branco\" na composi\u00e7\u00e3o, permitindo que o design de flores de plum a e a informa\u00e7\u00e3o textual se destaquem, dando ao efeito visual geral um senso de abertura, eleg\u00e2ncia e respirabilidade.<\/li>\n<\/ul>\n<p><strong>Avantagens dos produtos<\/strong><\/p>\n<p>As vantagens do di\u00e2metro 35 mm \"Eleg\u00e2ncia Oriental\" com tema de tubo mole de 100 ml PE.<\/p>\n<p>&nbsp;<\/p>\n<ul>\n<li>Estabelecer uma identidade distinta de marca cultural: Em um mercado dominado por estilos de arte minimalist a ou pop ocidental, a interpreta\u00e7\u00e3o moderna da est\u00e9tica oriental oferece uma enorme escassez e distin\u00e7\u00e3o, permitindo \u00e0s marcas construir rapidamente um moat cultural \u00fanico.<\/li>\n<li>Atirando clientes de alto valor: Este design \u00e9 altamente atraente para indiv\u00edduos que apreciam a filosofia oriental, valorizam a profundidade espiritual e buscam aspectos art\u00edsticos e \u00fanicos da vida. Isto inclui consumidores chineses e mundiais estrangeiros curiosos sobre a cultura oriental.<\/li>\n<li>Achar altos pre\u00e7os prim\u00e1rios e qualidades semelhantes ao presente: O forte valor acrescentado art\u00edstico e cultural pode facilmente apoiar pre\u00e7os de alto n\u00edvel e tornar-lo um exquisito presente de neg\u00f3cios ou f\u00e9rias, mostrando a sofistica\u00e7\u00e3o cultural do doador.<\/li>\n<li>Criar hist\u00f3rias e conte\u00fados profundos da marca: A imagem de flores de plum a e o design de dois lados fornecem amplo material para o marketing da marca, permitindo contar hist\u00f3rias da filosofia da marca e facilitando um profundo di\u00e1logo espiritual com os consumidores atrav\u00e9s do conte\u00fado.<\/li>\n<li><b><\/b><strong>Scen\u00e1rios de aplica\u00e7\u00e3o para o produto<\/strong><\/li>\n<\/ul>\n<p><strong><b>Escen\u00e1rios onde pode ser usado um tubo mole de 100 ml de PE com di\u00e2metro de 35 mm \u201cEleg\u00e2ncia Oriental\u201d:<\/b><\/strong><\/p>\n<p>Casos de uso para o di\u00e2metro de 35 mm \u201cEleg\u00e2ncia Oriental\u201d tematizado tubo mole de 100ml PE \u00b7 \u201cPastimes Intelectuais\u201d: Os consumidores que valorizam a est\u00e9tica da vida o mostrar\u00e3o junto com conjuntos de ch\u00e1, incensos queimadores e livros em seu estudo ou sala de estar, usando-o como um item cultural decorativo para melhorar seu espa\u00e7o de morada.<\/p>\n<ul>\n<li>\"Healing Est\u00e9tico\" em centros de spa de alto n\u00edvel: Em spas luxuosos ou hot\u00e9is que enfatizam filosofias de cura oriental, utilizar produtos de cuidado embalados desta forma pode fortalecer grandemente a imers\u00e3o cultural e a experi\u00eancia \u00fanica das sess\u00f5es de tratamento.<\/li>\n<li>\u201cElementos populares\u201d da loja cultural e criativa do Museu: Na loja de mercadorias do museu ou da galeria de arte, esta embalagem serve como meio perfeito para bridge arte cl\u00e1ssica com a vida moderna, atraindo visitantes a comprar e coletar itens.<\/li>\n<li>\"Unique Gift Items\" para celebra\u00e7\u00f5es: Durante festivales como o Festival de Primavera e o Festival de M\u00e9dio Outono na China, ou como presentes distintos para amigos internacionais, esses itens t\u00eam significado cultural significativo, tornando-os uma escolha digna e corajosa.<\/li>\n<li>Um \u201ccompanheiro para tranquilidade\u201d para meditadores e praticadores de yoga: Seus tonos serenos e a imagem de flores de pluma \u201cflorescendo calmamente em tempo duro\u201d podem se integrar de forma uniforme em ambientes favor\u00e1veis \u00e0 medita\u00e7\u00e3o, yoga e outras pr\u00e1ticas introspectivas, tornando-a adequada como um balmo de l\u00e1bio ou creme de m\u00e3o.<\/li>\n<\/ul>","protected":false},"featured_media":2178,"comment_status":"closed","ping_status":"closed","template":"","meta":[],"product_brand":[],"product_cat":[29,46],"product_tag":[],"class_list":{"0":"post-2173","1":"product","2":"type-product","3":"status-publish","4":"has-post-thumbnail","6":"product_cat-skin-care-plastic-tube","7":"product_cat-35-pe-plastic-tube","9":"first","10":"instock","11":"shipping-taxable","12":"purchasable","13":"product-type-simple"},"_links":{"self":[{"href":"https:\/\/www.hongyitube.com\/pt\/wp-json\/wp\/v2\/product\/2173","targetHints":{"allow":["GET"]}}],"collection":[{"href":"https:\/\/www.hongyitube.com\/pt\/wp-json\/wp\/v2\/product"}],"about":[{"href":"https:\/\/www.hongyitube.com\/pt\/wp-json\/wp\/v2\/types\/product"}],"replies":[{"embeddable":true,"href":"https:\/\/www.hongyitube.com\/pt\/wp-json\/wp\/v2\/comments?post=2173"}],"wp:featuredmedia":[{"embeddable":true,"href":"https:\/\/www.hongyitube.com\/pt\/wp-json\/wp\/v2\/media\/2178"}],"wp:attachment":[{"href":"https:\/\/www.hongyitube.com\/pt\/wp-json\/wp\/v2\/media?parent=2173"}],"wp:term":[{"taxonomy":"product_brand","embeddable":true,"href":"https:\/\/www.hongyitube.com\/pt\/wp-json\/wp\/v2\/product_brand?post=2173"},{"taxonomy":"product_cat","embeddable":true,"href":"https:\/\/www.hongyitube.com\/pt\/wp-json\/wp\/v2\/product_cat?post=2173"},{"taxonomy":"product_tag","embeddable":true,"href":"https:\/\/www.hongyitube.com\/pt\/wp-json\/wp\/v2\/product_tag?post=2173"}],"curies":[{"name":"wp","href":"https:\/\/api.w.org\/{rel}","templated":true}]}}