{"id":2157,"date":"2025-07-11T18:21:21","date_gmt":"2025-07-11T10:21:21","guid":{"rendered":"https:\/\/www.hongyitube.com\/product\/%cf%8635-pe-plastic-tube-refilling-bottle-skin-care-cosmetics-lotion-special-refilling-bottle-colored-transparent-skin-care-plastic-tube-1-2\/"},"modified":"2026-01-09T17:16:16","modified_gmt":"2026-01-09T09:16:16","slug":"35-pe-plastic-tube-refilling-bottle-skin-care-cosmetics-lotion-special-refilling-bottle-colored-transparent-skin-care-plastic-tube-2","status":"publish","type":"product","link":"https:\/\/www.hongyitube.com\/pt\/product\/35-pe-plastic-tube-refilling-bottle-skin-care-cosmetics-lotion-special-refilling-bottle-colored-transparent-skin-care-plastic-tube-2\/","title":{"rendered":"35 garrafas de refilhamento de tubos pl\u00e1sticos de PE, cosm\u00e9ticos de cuidado da pele lot\u00e3o garrafa especial de refilhamento, tubo pl\u00e1stico de cuidado da pele transparente colorido-2"},"content":{"rendered":"<p>Hongyi[UNK]Plastic35mm diameter, white and red checked, matte finish, PE flexible tubing.<\/p>\n<ol>\n<li>Descri\u00e7\u00e3o do di\u00e2metro de 35mm, branco e vermelho comprovado, acabamento de mat\u00e9, tubo flex\u00edvel PE \".<\/li>\n<\/ol>\n<p>O tubo de PE com ponto vermelho e branco de di\u00e2metro de 35mm \u00e9 um recipiente de embalagem de tubos de PE de alto tamanho com um conceito de n\u00facleo de di\u00e2metro de 35mm centrado em torno de \u201cPop Art and Modern Aesthetics.\u201d Tem uma capacidade de 65 mililitros. A caracter\u00edstica central do design \u00e9 a colis\u00e3o vibrante e art\u00edstica de pontos de duas core s: um com uma base de mat\u00e9 vermelho, com pontos circulares brancos de tamanhos variados impressos em ambos os lados do tubo; O outro com uma base de mat\u00e9 branco, com pontos circulares vermelhos impressos nele. Este forte contraste de cores e padr\u00e3o repetitivo criam um estilo de Pop Art impressionante visualmente. A embalagem apresenta um design de cap a de screw de alta qualidade que pode ser parejado com cores moldadas por inje\u00e7\u00e3o (como negro puro, branco brilhante), cores eletropladadas (prata crom\u00e1tica, ouro de champanhe), e cap as de screw acr\u00edlico de alta transpar\u00eancia, infuzindo a artesanidade moderna com texturas diversas e sofisticadas.<\/p>\n<ol start=\"2\">\n<li>Material de di\u00e2metro de 35mm, branco e vermelho comprovado, acabado de mat\u00e9ria, tubos flex\u00edveis de PE<\/li>\n<\/ol>\n<p>O material com di\u00e2metro de 35 mm de tubo PE de ponto vermelho e branco de mat\u00e9. O material prim\u00e1rio: material composto de mat\u00e9 PE de alta tenacidade. atrav\u00e9s do uso de formula\u00e7\u00f5es especiais e t\u00e9cnicas de tratamento de superf\u00edcie, este material alcan\u00e7a uma finaliza\u00e7\u00e3o uniforme, fina e resistente ao arranho de mat\u00e9, fornecendo uma tela ideal para vermelhos altamente saturados e brancos puros.<\/p>\n<ul>\n<li>Processo de Impress\u00e3o: Utilizar tinta ecol\u00f3gica com alta capacidade de ades\u00e3o e cobertura, assegurando que os pontos brancos pare\u00e7am vibrantes e claros em um fundo vermelho, e os pontos vermelhos destacam prominentemente em um fundo branco. O design \u00e9 duradouro e resistente a desgaste e l\u00e1grima, sem risco de descomposi\u00e7\u00e3o.<\/li>\n<li>Seguran\u00e7a: Conformidade com regulamentos que regem materiais de contato alimentar e farmac\u00eautico em grandes mercados mundiais. A tinta passou por testes de migra\u00e7\u00e3o relevantes, assegurando a seguran\u00e7a.<\/li>\n<\/ul>\n<p>&nbsp;<\/p>\n<p>&nbsp;<\/p>\n<p><strong><b>Aplica\u00e7\u00f5es recomendadas <\/b><\/strong>\"<\/p>\n<p>Utiliza\u00e7\u00e3o recomendada do di\u00e2metro de 35mm, branco e vermelho comprovado, fini\u00e7\u00e3o de mat\u00e9, tubos flex\u00edveis de PE:<\/p>\n<p>A ind\u00fastria da beleza e da pele.<\/p>\n<p>&nbsp;<\/p>\n<ul>\n<li>O mercado feminino: produtos de maquilhagem tendentes (como umidificadores pr\u00e9-maquilhagem e l\u00edquidos destacadores), cremes colaborativos de edi\u00e7\u00e3o limitada e sab\u00f5es de banho vibrantes. Os pontos de polka vermelho e branco transmitem uma imagem moda, brincante e confiante das mulheres, particularmente atraente aos consumidores de mil\u00eanios e gerais Z.<\/li>\n<li>Mercado masculino: Sport Energy Wake-Up Gel, Trendy Brand Collaboration Aftershave Water, Fragrance Shower Gel. Escolha a vers\u00e3o com pontos vermelhos e brancos parejados com uma tampa escura ou met\u00e1lica para transmitir uma personalidade masculina moderna ousada, energ\u00e9tica e desconventional.<\/li>\n<li>Mercado das Crian\u00e7as: Gel de chuveira para crian\u00e7as, Liquido de Bate de Bolhas, Creme de Creme para Crian\u00e7as. O padr\u00e3o de pontos polka traz inerentemente um sentido de brincadeira e alegria, efetivamente atraindo as crian\u00e7as. A combina\u00e7\u00e3o de cores vermelha e branca \u00e9 brilhante e segura.<\/li>\n<\/ul>\n<p>&nbsp;<\/p>\n<p>Ind\u00fastria de lubrificantes de dispositivos m\u00e9dicos.<\/p>\n<p>&nbsp;<\/p>\n<ul>\n<li>Mercados de sa\u00fade profissionais e consumidores: gel de recupera\u00e7\u00e3o esportiva de calor, creme de massagem para al\u00edvio da ferida muscular, lubricantes de cuidado pessoal. O estilo Pop Art pode se afastar da atmosfera fria e formal da embalagem tradicional de dispositivos m\u00e9dicos, incorporando os produtos com conceitos modernos de sa\u00fade de \u201crestaura\u00e7\u00e3o da vitalidade\u201d e \u201ccuidado positivo\u201d. Isto \u00e9 adequado para centros de aptid\u00e3o e reabilita\u00e7\u00e3o ou marcas de dispositivos m\u00e9dicos de alto n\u00edvel que visam diretamente os consumidores (DTC).<\/li>\n<\/ul>\n<p>&nbsp;<\/p>\n<p>A ind\u00fastria industrial de pigmentos qu\u00edmicos.<\/p>\n<p>&nbsp;<\/p>\n<ul>\n<li>Mercado Criativo e Design: adesivos aplicados \u00e0 m\u00e3o, pinturas de modelagem criativa e m\u00eddia especializada para est\u00fadios de arte. Sua embalagem \u00fanica e art\u00edstica faz dele um objeto de design em seu pr\u00f3prio direito, apelando aos designers, artistas e entusiastas de artesanato e integrando-se sem problemas em ambientes de trabalho criativos.<\/li>\n<\/ul>\n<h3>1. <strong><b>Atributos do produto<\/b><\/strong><\/h3>\n<p>Caracter\u00edsticas do tubo flex\u00edvel PE de mat\u00e9 vermelho e branco de di\u00e2metro de 35 mm.<\/p>\n<ul>\n<li>Marca visual fortemente art\u00edstica: O estilo Pop Art o separa de in\u00fameras op\u00e7\u00f5es minimalist a s ou luxuosas de embalagem, oferecendo alto potencial de reconhecimento e compromisso, possibilitando o r\u00e1pido estabelecimento de uma personagem de moda e avan\u00e7ada de uma marca.<\/li>\n<li>A flexibilidade oferecida pelo sistema de duas cores: Os dois projetos com fundos vermelhos com pontos brancos e fundos brancos com pontos vermelhos fornecem \u00e0 marca op\u00e7\u00f5es para estrat\u00e9gias de cores que podem ser aplicadas em diferentes linhas de produtos ou g\u00eaneros, mantendo uma linguagem unificada de design de estilo familiar.<\/li>\n<li>Tectura t\u00e1ctil e visual superior: A finaliza\u00e7\u00e3o do mat\u00e9 fornece um sentimento suave e apertado, evitando res\u00edduos de impress\u00f5es digitais; Colores de alta satura\u00e7\u00e3o e impress\u00e3o precisa oferecem uma experi\u00eancia visual agrad\u00e1vel.<\/li>\n<li>Durabilidade e pr\u00e1tica excepcionais: O design de alta qualidade do screw top assegura selagem confi\u00e1vel, e sua capacidade de 65ml faz com que seja conveniente tanto para uso dom\u00e9stico quanto para viagens curtas.<\/li>\n<\/ul>","protected":false},"excerpt":{"rendered":"<p><b><\/b><strong><b>Design de Tube Body<\/b><\/strong>.<\/p>\n<ul>\n<li>Psicologia de Cor e Estilo:<\/li>\n<li>Puntos polka vermelho e branco: Estes s\u00e3o entre os s\u00edmbolos visuais mais ic\u00f4nicos da Pop Art. O vermelho representa energia, paix\u00e3o, confian\u00e7a e a\u00e7\u00e3o; O branco simboliza pureza, simplicidade e modernidade. A intera\u00e7\u00e3o dessas duas cores cria um esp\u00edrito din\u00e2mico, otimista, modal e inconvencional que ressona com os jovens consumidores que valorizam individualidade e auto-express\u00e3o.<\/li>\n<li>Asimetria e Composi\u00e7\u00e3o Din\u00e2mica: O arranjo irregular de \u201cc\u00edrculos de tamanhos variados\u201d se separa de simetria r\u00edgida, criando um ritmo visual din\u00e2mico e din\u00e2mico que traz movimento e vitalidade para a embalagem.<\/li>\n<li>Coes\u00e3o estilistica n\u00e3o paralela: O design integra uniformemente elementos art\u00edsticos em todo, desde os padr\u00f5es corporais at\u00e9 os capos interc\u00e2mbios (como a escolha de prata branca brilhante ou eletropl\u00e1tida), refor\u00e7ando o sentimento global moderno e avan\u00e7ado.<\/li>\n<\/ul>\n<p><strong>Avantagens dos produtos<\/strong><\/p>\n<p>As vantagens do di\u00e2metro de 35 mm, branco e vermelho comprovado, acabamento de mat\u00e9, tubos flex\u00edveis de PE:<\/p>\n<ul>\n<li>Criar uma personalidade distinta de marca e elementos memor\u00e1veis: Em um mercado altamente competitivo, embalagens art\u00edsticos s\u00e3o uma das melhores maneiras de estabelecer um alto reconhecimento a baixo custo, permitindo que a marca se diferencie rapidamente das descri\u00e7\u00f5es funcionais e captura as mentes dos consumidores.<\/li>\n<li>Profundamente atraente para audi\u00eancias jovens e tendentes: O design efetivamente atende aos jovens consumidores que valorizam a auto-express\u00e3o, s\u00e3o entusiasmados em compartilhar m\u00eddia social, e favorecem colabora\u00e7\u00f5es entre marcas. Isso pode aumentar significativamente a visibilidade e o envolvimento da marca nas plataformas sociais.<\/li>\n<li>Obter um alto pr\u00e9mio para \"valor emocional\": Essa embalagem vende mais do que apenas as funcionalidades do produto; representa um estilo de vida, est\u00e9tica art\u00edstica, e uma identidade pessoal, proporcionando um forte apoio para maiores pre\u00e7os de produtos e valor acrescentado de marca.<\/li>\n<li>Potencial forte para colabora\u00e7\u00f5es interind\u00fastrias: O estilo Pop Art se presta excecionalmente bem a colabora\u00e7\u00f5es com marcas de moda, artistas e propriedades intelectuais tendentes. A embalagem pode servir como uma plataforma ideal para essas colabora\u00e7\u00f5es.<\/li>\n<\/ul>\n<p>&nbsp;<\/p>\n<p>&nbsp;<\/p>\n<p><b><\/b><strong>Avantagens dos produtos<\/strong><\/p>\n<p><strong><b>Escen\u00e1rios em que o di\u00e2metro de 35mm, branco e vermelho comprovado, acabado de mat\u00e9, tubos flex\u00edveis de PE podem ser usados:<\/b><\/strong><\/p>\n<ul>\n<li>\u201cBathroom Decor\u201d por um influenciador de moda: Na exposi\u00e7\u00e3o dos influentes do Instagram de banho essenciais, este produto se destaca devido ao seu atraente design e apelo est\u00e9tico, tornando-o um ponto focal em fotos e um t\u00f3pico frequente de investiga\u00e7\u00e3o entre os seguidores.<\/li>\n<li>\u201cAcess\u00f3rios de casa modernos\u201d para apartamentos urbanos: Os consumidores que valorizam a est\u00e9tica em seus espa\u00e7os de vida provavelmente apreciar\u00e3o ter uma mangueira t\u00e3o estilo projetada em seu lavabo ou prateleira de banho, servindo como um item decorativo art\u00edstico que melhora o espa\u00e7o.<\/li>\n<li>Uma \"Esta\u00e7\u00e3o de Inspira\u00e7\u00e3o de Poder\" para profissionais criativos: Usa-a para manter creme de m\u00e3o ou balme de l\u00e1bio na mesa de um designer ou artista. Seu design vibrante proporciona um toque de relaxamento visual e inspira\u00e7\u00e3o em meio a uma carga de trabalho ocupada.<\/li>\n<li>\"Energy Boost Kit\" dos entusiastas de fitness: Dentro de um saco de fitness, h\u00e1 um gel esportivo e tranquilizante embalado em pontos de polka vermelho e branco. S\u00f3 as cores transmitem uma mensagem psicol\u00f3gica de energia e vitalidade.<\/li>\n<li>\"Momentos Feliz\" para banhos de pais e crian\u00e7a s: A embalagem de polka-dot jogadora durante banhos de crian\u00e7as pode faz\u00ea-los esperar com ansiedade para o tempo de banho, transformando o cuidado de rotina em uma experi\u00eancia divertida.<\/li>\n<\/ul>","protected":false},"featured_media":3645,"comment_status":"closed","ping_status":"closed","template":"","meta":[],"product_brand":[],"product_cat":[29,46],"product_tag":[],"class_list":{"0":"post-2157","1":"product","2":"type-product","3":"status-publish","4":"has-post-thumbnail","6":"product_cat-skin-care-plastic-tube","7":"product_cat-35-pe-plastic-tube","9":"first","10":"instock","11":"shipping-taxable","12":"purchasable","13":"product-type-simple"},"_links":{"self":[{"href":"https:\/\/www.hongyitube.com\/pt\/wp-json\/wp\/v2\/product\/2157","targetHints":{"allow":["GET"]}}],"collection":[{"href":"https:\/\/www.hongyitube.com\/pt\/wp-json\/wp\/v2\/product"}],"about":[{"href":"https:\/\/www.hongyitube.com\/pt\/wp-json\/wp\/v2\/types\/product"}],"replies":[{"embeddable":true,"href":"https:\/\/www.hongyitube.com\/pt\/wp-json\/wp\/v2\/comments?post=2157"}],"wp:featuredmedia":[{"embeddable":true,"href":"https:\/\/www.hongyitube.com\/pt\/wp-json\/wp\/v2\/media\/3645"}],"wp:attachment":[{"href":"https:\/\/www.hongyitube.com\/pt\/wp-json\/wp\/v2\/media?parent=2157"}],"wp:term":[{"taxonomy":"product_brand","embeddable":true,"href":"https:\/\/www.hongyitube.com\/pt\/wp-json\/wp\/v2\/product_brand?post=2157"},{"taxonomy":"product_cat","embeddable":true,"href":"https:\/\/www.hongyitube.com\/pt\/wp-json\/wp\/v2\/product_cat?post=2157"},{"taxonomy":"product_tag","embeddable":true,"href":"https:\/\/www.hongyitube.com\/pt\/wp-json\/wp\/v2\/product_tag?post=2157"}],"curies":[{"name":"wp","href":"https:\/\/api.w.org\/{rel}","templated":true}]}}