{"id":2149,"date":"2025-07-11T18:21:21","date_gmt":"2025-07-11T10:21:21","guid":{"rendered":"https:\/\/www.hongyitube.com\/product\/%cf%8630-pe-plastic-tube-refilling-bottle-skin-care-cosmetics-lotion-special-refilling-bottle-colored-transparent-skin-care-plastic-tube-6-2\/"},"modified":"2026-01-09T17:06:53","modified_gmt":"2026-01-09T09:06:53","slug":"35-pe-plastic-tube-refilling-bottle-skin-care-cosmetics-lotion-special-refilling-bottle-colored-transparent-skin-care-plastic-tube-1","status":"publish","type":"product","link":"https:\/\/www.hongyitube.com\/pt\/product\/35-pe-plastic-tube-refilling-bottle-skin-care-cosmetics-lotion-special-refilling-bottle-colored-transparent-skin-care-plastic-tube-1\/","title":{"rendered":"35 garrafas de remplimento de tubos pl\u00e1sticos de PE, lot\u00e3o de cuidados de pele, garrafa de remplimento especial, tubo de remplimento de pele transparente colorido, pl\u00e1stico de remplimento de pele-1"},"content":{"rendered":"<p>Hongyi[UNK]Plastic55-60 ml \u201cGold Label Premium\u201d tem um tubo mole de di\u00e2metro alto de 35 mm.<\/p>\n<p>1.Descri\u00e7\u00e3o do \"Gold Label Premium\" de 55-60 ml de tubo mole de di\u00e2metro alto de 35 mm.<\/p>\n<p>Nosso tubo mole de di\u00e2metro alto de 35 mm com 55ml de \"Gold Label Premium\" \u00e9 um recipiente de embalagem de tubos moles de PE com di\u00e2metro de 35 mm, centrado em torno dos conceitos de \"est\u00e9tica dorada e declara\u00e7\u00e3o final.\" Tem uma capacidade de 55 mililitros. O corpo do tubo \u00e9 colorido com uma cor de ouro de alta satura\u00e7\u00e3o, dando-lhe uma lenha met\u00e1lica brilhante e luxuosa. A caracter\u00edstica central do design \u00e9 um bloco negro de 1*2,8 cm impresso centralmente na superf\u00edcie frontal do tubo, com a palavra \u201cGOLD\u201d intricamente emboscada neste bloco, revelando inteligentemente o ouro perlicente subjacente, criando um contraste visual impressionante e uma declara\u00e7\u00e3o de \u201cidentidade oura\u201d. Os ombros e \u00e1reas traseiras do tubo apresentam par\u00e2metros de produto negro e texto explicativo, garantindo clareza. A embalagem apresenta um design de cap a de screw de alta qualidade, compat\u00edvel com cores moldadas por inje\u00e7\u00e3o, cores eletropl\u00e1ticas (como ouro de champanhe e gris de platina), e cap as de screw acr\u00edlico de alta transpar\u00eancia, todos trabalhando juntos para criar uma gama de produtos abrangente, variando de brilhante brilhante a luxo subestimado.<\/p>\n<ol start=\"2\">\n<li>Material do \"Pr\u00eamio de Etiqueta de Ouro\".<\/li>\n<\/ol>\n<p>&nbsp;<\/p>\n<ul>\n<li>Material prim\u00e1rio: material composto de PE de alta for\u00e7a, de alta lustra especializado. O padr\u00e3o de ouro especial e agentes de refor\u00e7o s\u00e3o adicionados para alcan\u00e7ar uma textura met\u00e1lica e for\u00e7a de tens\u00e3o que s\u00e3o dif\u00edceis de alcan\u00e7ar com pl\u00e1sticos comuns, ao mesmo tempo que asseguram excelente flexibilidade e estabilidade qu\u00edmica. Isto impede que o tubo se deforma ou afunda devido ao preenchimento do conte\u00fado.<\/li>\n<li>Seguran\u00e7a: Conformidade com os padr\u00f5es globais para alimentos e materiais de contato farmac\u00eautico estabelecidos por organiza\u00e7\u00f5es como a FDA dos EUA e a UE 10\/2011, cumprindo os rigorosos requisitos de entrada para produtos de assist\u00eancia pessoal de alto n\u00edvel e equipamentos m\u00e9dicos especializados consum\u00edveis.<\/li>\n<li>Propriedades chave: Mostra excelente resist\u00eancia ao arranho e resist\u00eancia meteorol\u00f3gica, assegurando que o ouro perlelescente permanece vibrante e nova, mesmo durante o uso e o transporte cotidianos, sem mostrar sinais de uso ou desaparecimento.<\/li>\n<\/ul>\n<p>&nbsp;<\/p>\n<p><strong><b>Aplica\u00e7\u00f5es recomendadas <\/b><\/strong>\"<\/p>\n<p>Utiliza\u00e7\u00e3o recomendada da 55ml \u201cGold Label Premium\u201d tem\u00e1tica tubo mole de di\u00e2metro alto de 35mm: Ind\u00fastria da beleza e pele.<\/p>\n<ul>\n<li>Mercado das Mulheres: S\u00e9rumes antienvelhecimento de alto n\u00edvel, m\u00e1scaras de repara\u00e7\u00e3o nocturna, fragran\u00e7as de edi\u00e7\u00e3o limitada. O ouro simboliza luxo, efic\u00e1cia e recompensa, perfeitamente alinhando-se com a posi\u00e7\u00e3o de linhas antienvelhecimento de alto n\u00edvel ou produtos de edi\u00e7\u00e3o limitada de f\u00e9rias, atendendo ao desejo das mulheres de \"auto-recompensa\".<\/li>\n<li>Mercado masculino: A Edi\u00e7\u00e3o Prestige inclui um umidificador p\u00f3s-tratamento, um balmo de fragran\u00e7a luxuoso para homens e uma ess\u00eancia de cuidado de cabelo de alto n\u00edvel. A tampa anodita escura (como arma negra ou cinza espacial profunda) \u00e9 parejada com um corpo de tubo de cor ouro, criando uma imagem de um homem composto, bem sucedido e consciente de qualidade.<\/li>\n<li>Mercado infantil: N\u00e3o \u00e9 aplic\u00e1vel. Os tons dourados transmitem um senso de luxo, que n\u00e3o se alinha com a natureza inocente e brincante dos produtos infantis.<\/li>\n<\/ul>\n<p>Ind\u00fastria de lubrificantes de dispositivos m\u00e9dicos.<\/p>\n<ul>\n<li>Mercado Profissional de Alto final: lubricantes de aten\u00e7\u00e3o privada de alto n\u00edvel, gelos de repara\u00e7\u00e3o especializados para procedimentos de laser da pele, engrenagens condutivas avan\u00e7adas para terapia de reabilita\u00e7\u00e3o. A embalagem de ouro transmite sinais fortes de \u201cgrau profissional\u201d, \u201cf\u00f3rmula de alto n\u00edvel\u201d e \u201ccuidado excepcional\u201d, atendendo ao mercado de sa\u00fade de alto n\u00edvel do consumidor e cl\u00ednica profissional que valoriza experi\u00eancias e qualidade \u00f3ptimas.<\/li>\n<\/ul>\n<p>A ind\u00fastria industrial de pigmentos qu\u00edmicos.<\/p>\n<ul>\n<li>Mercados de alto n\u00edvel profissionais e de presente: pintura modelo de efeito metal \u00fargico precioso (como ouro, prata, cobre), limpezas especializadas\/cremas de cuidado para manuten\u00e7\u00e3o de objetos de luxo, \u00f3leos de manuten\u00e7\u00e3o de instrumentos de alto n\u00edvel. A embalagem sugere subtilmente que os produtos cont\u00eam \u201cmateriais verdadeiros\u201d ou podem alcan\u00e7ar \u201cresultados de alto n\u00edvel\u201d, atraindo jogadores profissionais, artistas e marcas de alto n\u00edvel como produtos complementares.<\/li>\n<\/ul>","protected":false},"excerpt":{"rendered":"<p><b><\/b><strong><b>Design de Tube Body<\/b><\/strong>.<\/p>\n<p>O design do corpo do 55-60 ml \"Gold Label Premium\" tem\u00e1tico tubo mole de di\u00e2metro alto de 35 mm:<\/p>\n<ul>\n<li>Psicologia de cores e s\u00edmbolos:<\/li>\n<li>Pearl Gold: Este \u00e9 o s\u00edmbolo final de sucesso, realiza\u00e7\u00e3o, imortalidade, sabedoria e luxo. N\u00e3o tem como objetivo subtilidade ou subestima\u00e7\u00e3o; Em vez disso, declara confiantemente a posi\u00e7\u00e3o superior do produto e promessa excepcional.<\/li>\n<li>O logotipo \"GOLD\": Isso n\u00e3o \u00e9 apenas uma palavra; \u00e9 um s\u00edmbolo de marca poderoso e um distintivo de qualidade. Refor\u00e7a a proposi\u00e7\u00e3o de valor do produto de uma forma confiante, simples e mesmo um pouco orgulhosa, atendendo ao desejo dos consumidores de mostrar seu gosto e status, possuindo um produto com a \u201cEtiqueta de Ouro\u201d.<\/li>\n<li>Design visual minimalista, mas poderoso: O design emprega uma estrat\u00e9gia de foco-igni\u00e7\u00e3o. A \u00e1rea negra central perforada serve como ponto focal visual absoluto, relegando todas as outras informa\u00e7\u00f5es (nomes de produtos, par\u00e2metros) ao estado secund\u00e1rio. Isso assegura a transmiss\u00e3o sem compromisso do manifesto \"GOLD\", caracterizado por estilo forte e confiante.<\/li>\n<li>Percep\u00e7\u00e3o de material e peso: A tampa de screw de alta qualidade n\u00e3o s \u00f3 oferece selagem superior e durabilidade, mas seu tamanho maior e fios mais profundos tamb\u00e9m fornecem um sentimento mais substancial quando screwed in, refor\u00e7ando fisicamente a percep\u00e7\u00e3o do usu\u00e1rio de \u201cpesadoria\u201d e \u201calta qualidade\u201d.<\/li>\n<\/ul>\n<p>&nbsp;<\/p>\n<p><strong>Avantagens dos produtos<\/strong><\/p>\n<p>&nbsp;<\/p>\n<p>As vantagens do pr\u00e9mio de 55-60 ml \u201cEtiqueta de Ouro\u201d tematizado tubo mole de di\u00e2metro alto de 35 mm:<\/p>\n<ul>\n<li>Estabelecer uma posi\u00e7\u00e3o indisput\u00e1vel de marca de alto n\u00edvel: Esta embalagem serve como a \u201cmoeda dura\u201d e o \u201cbilhete de entrada\u201d para o produto entrar no segmento de pre\u00e7os pr\u00e9mios. Ela efetivamente analisa segmentos de clientes alvo e suporta pr\u00e9mios de marca mais elevados.<\/li>\n<li>Criar uma forte coletividade e apelo de presente: A cor de ouro e o logotipo \u201cGOLD\u201d inerentemente tornam-na adequada para uso como uma edi\u00e7\u00e3o limitada, edi\u00e7\u00e3o de anivers\u00e1rio, ou presente de pr\u00e9mio, incorporando-a com um forte sentido de ritualismo e coletividade, que pode estimular o desejo dos consumidores de comprar e dar como presente.<\/li>\n<li>Unificar a experi\u00eancia \u201cexclusiva\u201d em v\u00e1rias ind\u00fastrias: Esta embalagem pode proporcionar uma experi\u00eancia coerente de usu\u00e1rios \u201cexclusivos, de alto n\u00edvel, profissionais\u201d para produtos que v\u00e3o desde corte de pele e dispositivos m\u00e9dicos de alto n\u00edvel at\u00e9 bens industriais especializados, ajudando marcas a estabelecer uma imagem de alto n\u00edvel que se estende em diferentes categorias.<\/li>\n<li>Maximizar o alcance da m\u00eddia social: O desenho impressionante, simples e simb\u00f3lico faz com que seja altamente valioso para \u201cmostrar\u201d e participar em plataformas como Instagram e TikTok, gerando facilmente compartilhamento gerado pelos usu\u00e1rios e tornando-se parte integrante da sua identidade.<\/li>\n<\/ul>\n<p>&nbsp;<\/p>\n<p>&nbsp;<\/p>\n<ul>\n<li><b><\/b>Scen\u00e1rios de aplica\u00e7\u00e3o para o produto<\/li>\n<\/ul>\n<p><strong><b>Escen\u00e1rios em que pode ser usado o tubo mole de 35 mm de identifica\u00e7\u00e3o com 55-60 ml de \u201cGold Label Premium\u201d:<\/b><\/strong><\/p>\n<ul>\n<li>A \u201cMedalha da Esta\u00e7\u00e3o de Makeup\u201d para indiv\u00edduos de elite: Na casa de banho ou na mesa de vestir de indiv\u00edduos bem sucedidos, este tubo de ouro n\u00e3o \u00e9 apenas um produto de corte de pele; serve como um s\u00edmbolo tang\u00edvel de conquista pessoal e gosto refinado, juntamente com rel\u00f3gios de alto n\u00edvel e canetas de fonte.<\/li>\n<li>A \u201cculmina\u00e7\u00e3o do servi\u00e7o\u201d para sal\u00f5es de beleza de alto n\u00edvel: Em spas de beleza luxuosos ou centros de bem-estar, usando este produto exclusivo embalado em ouro para fornecer tratamentos para os convidados aumenta muito o sentido de luxo e cerim\u00f4nia, tornando o produto parte integrante da experi\u00eancia.<\/li>\n<li>\u201cA Ultimate Tool\u201d para est\u00fadios profissionais: Utilizar os produtos de cuidado especializado inclu\u00eddos neste pacote em lojas de personaliza\u00e7\u00e3o de autom\u00f3veis de alto n\u00edvel, estabelecimentos de cuidado de couro de luxo, ou est\u00fadios de modelos profissionais sublinha o compromisso inesperado do est\u00fadio com excel\u00eancia em ferramentas e materiais, aumentando assim a confian\u00e7a dos clientes.<\/li>\n<li>Um \"recompensa\" para ocasi\u00f5es especiais: Como presente para celebrar promo\u00e7\u00f5es, metas de anivers\u00e1rio, ou festas significativas, sua embalagem dorada e o s\u00edmbolo \"GOLD\" falam volumes, transmitindo diretamente o sentimento de \"voc\u00ea merece o melhor\".<\/li>\n<li>O \u201csinaliza\u00e7\u00e3o de identidade\u201d da viagem de neg\u00f3cios: Usar produtos de cuidado pessoal embalados em ouro nos banheiros de hot\u00e9is de cinco estrelas ou instala\u00e7\u00f5es de sala de primeira classe se tornou uma maneira sutil, mas eficaz de sinalizar a identidade pessoal e sofistica\u00e7\u00e3o cultural.<\/li>\n<\/ul>","protected":false},"featured_media":3643,"comment_status":"closed","ping_status":"closed","template":"","meta":[],"product_brand":[],"product_cat":[29,46],"product_tag":[],"class_list":{"0":"post-2149","1":"product","2":"type-product","3":"status-publish","4":"has-post-thumbnail","6":"product_cat-skin-care-plastic-tube","7":"product_cat-35-pe-plastic-tube","9":"first","10":"instock","11":"shipping-taxable","12":"purchasable","13":"product-type-simple"},"_links":{"self":[{"href":"https:\/\/www.hongyitube.com\/pt\/wp-json\/wp\/v2\/product\/2149","targetHints":{"allow":["GET"]}}],"collection":[{"href":"https:\/\/www.hongyitube.com\/pt\/wp-json\/wp\/v2\/product"}],"about":[{"href":"https:\/\/www.hongyitube.com\/pt\/wp-json\/wp\/v2\/types\/product"}],"replies":[{"embeddable":true,"href":"https:\/\/www.hongyitube.com\/pt\/wp-json\/wp\/v2\/comments?post=2149"}],"wp:featuredmedia":[{"embeddable":true,"href":"https:\/\/www.hongyitube.com\/pt\/wp-json\/wp\/v2\/media\/3643"}],"wp:attachment":[{"href":"https:\/\/www.hongyitube.com\/pt\/wp-json\/wp\/v2\/media?parent=2149"}],"wp:term":[{"taxonomy":"product_brand","embeddable":true,"href":"https:\/\/www.hongyitube.com\/pt\/wp-json\/wp\/v2\/product_brand?post=2149"},{"taxonomy":"product_cat","embeddable":true,"href":"https:\/\/www.hongyitube.com\/pt\/wp-json\/wp\/v2\/product_cat?post=2149"},{"taxonomy":"product_tag","embeddable":true,"href":"https:\/\/www.hongyitube.com\/pt\/wp-json\/wp\/v2\/product_tag?post=2149"}],"curies":[{"name":"wp","href":"https:\/\/api.w.org\/{rel}","templated":true}]}}