{"id":2143,"date":"2025-07-11T18:21:21","date_gmt":"2025-07-11T10:21:21","guid":{"rendered":"https:\/\/www.hongyitube.com\/product\/%cf%8630-pe-plastic-tube-refilling-bottle-skin-care-cosmetics-lotion-special-refilling-bottle-colored-transparent-skin-care-plastic-tube-5-2\/"},"modified":"2025-09-15T17:50:15","modified_gmt":"2025-09-15T09:50:15","slug":"30-pe-plastic-tube-refilling-bottle-skin-care-cosmetics-lotion-special-refilling-bottle-colored-transparent-skin-care-plastic-tube-6","status":"publish","type":"product","link":"https:\/\/www.hongyitube.com\/pt\/product\/30-pe-plastic-tube-refilling-bottle-skin-care-cosmetics-lotion-special-refilling-bottle-colored-transparent-skin-care-plastic-tube-6\/","title":{"rendered":"30 garrafas de remplimento de tubos pl\u00e1sticos de PE, lot\u00e3o de cuidados de pele, garrafa de remplimento especial, tubo de remplimento de pele transparente colorido"},"content":{"rendered":"<p>Caracter\u00edsticas e Avan\u00e7as do Produto:<\/p>\n<p>1. Peso ligeiro, port\u00e1til, reutiliz\u00e1vel, suave e duradouro.<\/p>\n<p>2. Fogo sem ar para seguran\u00e7a de prova de vazamento.<\/p>\n<p>3. Caps podem ser projetados com uma variedade de padr\u00f5es e cores, deixando nenhum res\u00edduo ap\u00f3s lavar.<\/p>\n<p>4. Extrus\u00e3o suave e controlada elimina res\u00edduos.<\/p>\n<p>5. Pronto para usar um screw-on ou um flip-top para opera\u00e7\u00e3o conveniente e f\u00e1cil preenchimento e repackagem.<\/p>","protected":false},"excerpt":{"rendered":"<p>&nbsp;<\/p>\n<p>Flascos flex\u00edveis para distribui\u00e7\u00e3o de tubos para cortes de pele e lot\u00f5es cosm\u00e9ticas. tubos coloridos e transparentes de corte cut\u00e2nea. Tubos de silicone de grande capacidade para lot\u00f5es, cremas, limpezas faciais, cremas para olhos, cremas para m\u00e3os e cremas para p\u00e9s.<br \/>\nFerramenta de distribui\u00e7\u00e3o de amostras cosm\u00e9ticas para viagens e viagens de neg\u00f3cios, adequada para avi\u00f5es e comboios de alta velocidade, conjuntos de distribui\u00e7\u00e3o de tamanho de viagens.<br \/>\ngarrafas de tubos flex\u00edveis de 3 ml-55 ml de PE para embalagem e apertar garrafas.<\/p>","protected":false},"featured_media":2145,"comment_status":"closed","ping_status":"closed","template":"","meta":[],"product_brand":[],"product_cat":[29,45],"product_tag":[],"class_list":{"0":"post-2143","1":"product","2":"type-product","3":"status-publish","4":"has-post-thumbnail","6":"product_cat-skin-care-plastic-tube","7":"product_cat-30-pe-plastic-tube","9":"first","10":"instock","11":"shipping-taxable","12":"product-type-simple"},"_links":{"self":[{"href":"https:\/\/www.hongyitube.com\/pt\/wp-json\/wp\/v2\/product\/2143","targetHints":{"allow":["GET"]}}],"collection":[{"href":"https:\/\/www.hongyitube.com\/pt\/wp-json\/wp\/v2\/product"}],"about":[{"href":"https:\/\/www.hongyitube.com\/pt\/wp-json\/wp\/v2\/types\/product"}],"replies":[{"embeddable":true,"href":"https:\/\/www.hongyitube.com\/pt\/wp-json\/wp\/v2\/comments?post=2143"}],"wp:featuredmedia":[{"embeddable":true,"href":"https:\/\/www.hongyitube.com\/pt\/wp-json\/wp\/v2\/media\/2145"}],"wp:attachment":[{"href":"https:\/\/www.hongyitube.com\/pt\/wp-json\/wp\/v2\/media?parent=2143"}],"wp:term":[{"taxonomy":"product_brand","embeddable":true,"href":"https:\/\/www.hongyitube.com\/pt\/wp-json\/wp\/v2\/product_brand?post=2143"},{"taxonomy":"product_cat","embeddable":true,"href":"https:\/\/www.hongyitube.com\/pt\/wp-json\/wp\/v2\/product_cat?post=2143"},{"taxonomy":"product_tag","embeddable":true,"href":"https:\/\/www.hongyitube.com\/pt\/wp-json\/wp\/v2\/product_tag?post=2143"}],"curies":[{"name":"wp","href":"https:\/\/api.w.org\/{rel}","templated":true}]}}