{"id":2134,"date":"2025-07-11T18:21:21","date_gmt":"2025-07-11T10:21:21","guid":{"rendered":"https:\/\/www.hongyitube.com\/product\/%cf%8630-pe-plastic-tube-refilling-bottle-skin-care-cosmetics-lotion-special-refilling-bottle-colored-transparent-skin-care-plastic-tube-3-2\/"},"modified":"2026-01-09T12:58:57","modified_gmt":"2026-01-09T04:58:57","slug":"30-pe-plastic-tube-refilling-bottle-skin-care-cosmetics-lotion-special-refilling-bottle-colored-transparent-skin-care-plastic-tube-5","status":"publish","type":"product","link":"https:\/\/www.hongyitube.com\/pt\/product\/30-pe-plastic-tube-refilling-bottle-skin-care-cosmetics-lotion-special-refilling-bottle-colored-transparent-skin-care-plastic-tube-5\/","title":{"rendered":"30 garrafas de remplimento de tubos pl\u00e1sticos de PE, lot\u00e3o de cuidados de pele, garrafa de remplimento especial, tubo de remplimento de pele transparente colorido, pl\u00e1stico de remplimento de pele-5"},"content":{"rendered":"<p>Hongyi[UNK]Plastic[UNK]30-60ml 1,00 -2,00fl.oz 30-60g, 30-60 ml capacidade, Vitalidade Natural Series, tubo mole PE de alta qualidade, multicor.<\/p>\n<ol>\n<li>Descri\u00e7\u00e3o do produto<\/li>\n<\/ol>\n<p>&nbsp;<\/p>\n<p>Vitalidade Natural Collection, tubos moles de alta qualidade multicores.<\/p>\n<p>Este tubo PE, com uma capacidade de 30-60 mililitros, apresenta um corpo de tubo branco que serve como tela, utilizando at\u00e9 cinco cores de tecnologia de impress\u00e3o offset. Os blocos de cores principais s\u00e3o vermelho e amarelo laranja, criando um tom visual quente e energ\u00e9tico. O design incorpora inteligentemente elementos naturais como p\u00eassegos rosas, folhas e flores amarelas na frente, trazendo um senso de doce e vitalidade. O corpo do tubo apresenta um design \u00fanico de altos dentes, dando-lhe um forte sentimento estrutural e aumentando sua sofistica\u00e7\u00e3o. A informa\u00e7\u00e3o do produto \u00e9 claramente impressa em texto amarelo brilhante nos blocos vermelho-laranja, assegurando que os par\u00e2metros chave sejam facilmente vis\u00edveis. A \u00e1rea do ombro do tubo at\u00e9 o fim medi 120 mm de comprimento e \u00e9 designada como zona de embalagem. Ela est\u00e1 equipada com dentes padr\u00e3o de 6 mm, permitindo parejar flex\u00edvel com v\u00e1rias cores eletropl\u00e1sticas, cores moldadas por inje\u00e7\u00e3o, termina\u00e7\u00f5es de mat\u00e9\/brilho, e capas de parafuso de alto dente de forma personalizada, permitindo altos n\u00edveis de personaliza\u00e7\u00e3o personalizada.<\/p>\n<p>&nbsp;<\/p>\n<ol start=\"2\">\n<li>Material do produto.<\/li>\n<\/ol>\n<p>&nbsp;<\/p>\n<ul>\n<li>Corpo: Polietileno de alta qualidade (PE). Esse material tem excelente flexibilidade, resist\u00eancia \u00e0 compress\u00e3o e estabilidade qu\u00edmica, tornando-o adequado para acomodar seguramente uma vasta gama de conte\u00fados, desde emuls\u00f5es e gelos at\u00e9 cremas e lot\u00f5es. assegura a pureza da qualidade ao mesmo tempo que se alinha com a tend\u00eancia em mat\u00e9rias ecol\u00f3gicas e reciclables.<\/li>\n<li>Cap body: Oferece uma gama incrivelmente diversa de op\u00e7\u00f5es, incluindo v\u00e1rias cores eletropl\u00e1tadas, cores moldadas por inje\u00e7\u00e3o, acabamentos de matte\/brilho, e capas de screw de alto dente em forma personalizada feitas de materiais como PP e ABS, atendendo a diferentes identidades de marca e requisitos funcionais.<\/li>\n<\/ul>\n<p><strong><b>Aplica\u00e7\u00f5es recomendadas <\/b><\/strong>\"<\/p>\n<p>Utiliza\u00e7\u00e3o recomendada do produto.<\/p>\n<ul>\n<li>Uma linha de produtos de carne de pele com ingredientes naturais de frutas (como p\u00eassego e extratos de citro).<\/li>\n<li>Produtos energ\u00e9ticos de maquilhagem e corte de pele adaptados \u00e0s gera\u00e7\u00f5es Z e Millennial (por exemplo, primer, m\u00e1scaras de rosto coloridas).<\/li>\n<li>Produtos de tamanho de viagem e de tamanho de ensaio promocional, que s\u00e3o projetados para apelar aos consumidores com sua apar\u00eancia atraente, encorajando-os a fazer sua primeira compra.<\/li>\n<li>Uma gama de produtos de cuidado infantil que tornam o cuidado di\u00e1rio uma experi\u00eancia agrad\u00e1vel.<\/li>\n<li>Produtos de estilo de sal\u00e3o profissional ou ser\u00f5es de cuidado da pele.<\/li>\n<\/ul>","protected":false},"excerpt":{"rendered":"<p><b><\/b><strong><b>Design de Tube Body<\/b><\/strong>.<\/p>\n<p>Design de garrafas de produto \u00b7 Hierarquia visual: Blocos laranjas e vermelhos brilhantes criam o primeiro impacto visual, enquanto delicados p\u00eassecos rosas e flores amarelas adicionam uma segunda camada de sofistica\u00e7\u00e3o e encanto, atraindo os consumidores a peg\u00e1-lo e examin\u00e1-lo de perto.<\/p>\n<ul>\n<li>Integra\u00e7\u00e3o da funcionalidade e est\u00e9tica: A impress\u00e3o de texto amarelo em blocos vermelhos-laranja cria uma experi\u00eancia de leitura de alto contraste, satisfazendo requisitos regulamentares para a clareza da informa\u00e7\u00e3o enquanto integrando sem problemas a \u00e1rea da informa\u00e7\u00e3o no design geral.<\/li>\n<li>Design centro-humano: O design de alto perfil oferece uma melhor resist\u00eancia \u00e0 agarra e deslizamento, enquanto o comprimento de embalagem de 120mm assegura estabilidade na produ\u00e7\u00e3o e confiabilidade da selagem.<\/li>\n<\/ul>\n<p><strong>Avantagens do produto:<\/strong><\/p>\n<ul>\n<li>Mulheres s Cole\u00e7\u00e3o: Peaches rosas e flores tocam mulheres s emo\u00e7\u00f5es diretamente. Os tons vermelhos e amarelos de laranja transmitem paix\u00e3o e vitalidade. \u00c9 muito adequado para produtos naturais de cuidado da pele, extrato de vitamina C, creme ativo e s\u00e9rie de cuidados \u00e0 m\u00e3o.<\/li>\n<li>Homens s: Ao parejar com capas azuis de garrafa negra, madeira ou met\u00e1lica escura, ela pode equilibrar a doce de p\u00eassegos e destacar a energia e movimento de laranja e amarelo. \u00c9 adequado para homens os gelos tranquilizantes p\u00f3s-exerc\u00edcio, limpezas de controle de petr\u00f3leo ou ceras de cabelo.<\/li>\n<li>Crian\u00e7as: Cores brilhantes e bonitos padr\u00f5es de fruta e flores que apelam \u00e0s crian\u00e7as instantaneamente. Combinada com uma cobertura ex\u00f3tica de altos dentes em forma de p\u00eassego ou flor, aumenta muito o produto&#8217; s amabilidade e \u00e9 adequada para crian\u00e7as&#8217; \u00e9 shamp\u00f3, protetor solar ou umidificador.<\/li>\n<li>Aplica\u00e7\u00f5es interind\u00fastrias extensas:<\/li>\n<li>Beauty &amp; Cuidado da pele: m\u00e1scaras de rosto com temas de frutas, prote\u00ednas solares, ser\u00f5es ricos em vitaminas, balmas corporais. Uma imagem vibrant e ajuda a se espalhar na m\u00eddia social (por exemplo Instagram, TikTok).<\/li>\n<li>A ind\u00fastria farmac\u00eautica: Usada em cremes de cuidado de quadril com ingredientes leves, balmas de l\u00e1bios e gelos de al\u00edvio de mosquitos. Uma apar\u00eancia amig\u00e1vel pode facilitar as crian\u00e7as s e pais - nervosidade sobre drogas.<\/li>\n<li>Ind\u00fastria industrial: Pode ser usada para montar colas amostrais, modelos espec\u00edficos de gordura ou tintura. Cores brilhantes e designs \u00fanicos facilitam a identifica\u00e7\u00e3o r\u00e1pida no ch\u00e3o da loja e evitam uso abusivo.<\/li>\n<li>Consistente com tend\u00eancias de consumo estrangeiro: Os consumidores na Europa e nos Estados Unidos preferem embalagens que transmitem emo\u00e7\u00f5es positivas e inspira\u00e7\u00e3o natural. A natureza solar e aberta deste design pode efetivamente construir uma conex\u00e3o emocional entre a marca e o consumidor.<\/li>\n<\/ul>\n<p>&nbsp;<\/p>\n<p>&nbsp;<\/p>\n<p><b><\/b><strong>Scen\u00e1rios de aplica\u00e7\u00e3o para o produto:<\/strong><\/p>\n<p>Essa mangueira multicolorida de altos dentes com p\u00eassegos rosas e flores amarelas em tom de laranja e amarelo, tem um design vibrante que se adapta precisamente aos h\u00e1bitos de usu\u00e1rio e \u00e0s necessidades emocionais de diferentes grupos de usu\u00e1rios.<\/p>\n<p>&nbsp;<\/p>\n<ol>\n<li>A ind\u00fastria da beleza e do cuidado da pele<\/li>\n<\/ol>\n<p>&nbsp;<\/p>\n<ol>\n<li>Mulheres (adolescentes e adultos)<\/li>\n<\/ol>\n<p>&nbsp;<\/p>\n<ul>\n<li>Usar cen\u00e1rios:<\/li>\n<li>Rutina di\u00e1ria \u00e0 mesa de vestimentos: usada como parte de uma rotina di\u00e1ria para colocar um dia\/noite creme ou pr\u00e9-creme de maquilhagem. A embalagem vibrante injeta energia no cuidado da pele da manh\u00e3, enquanto os elementos de p\u00eassego suave acrescentam um ritual agrad\u00e1vel ao cuidado da noite.<\/li>\n<li>companheiro de carregamento de sacos: 30-60 ml de capacidade perfeita para carregar com voc\u00ea. Voc\u00ea pode usar cremas de m\u00e3o ou umidificadores em embalagens separados, prontos para ser levados no escrit\u00f3rio, num caf\u00e9 ou no in \u00edcio, e num belo embalagem que revela seu gosto pessoal.<\/li>\n<li>Experi\u00eancia refrescante do banho: Como um vestido de viagem para um gel de banho ou lot\u00e3o corporal, usado durante o banho, os elementos visuais das flores de fruta complementam a frag\u00e2ncia fresca para melhorar a experi\u00eancia de banho.<\/li>\n<li>Adapta\u00e7\u00e3o da ind\u00fastria: ingredientes naturais produtos de cuidado da pele, lot\u00e3o corporal de fragran\u00e7a, amostras port\u00e1tiis de cuidado da pele.<\/li>\n<\/ul>\n<p>&nbsp;<\/p>\n<ol start=\"2\">\n<li>Homens (jovens e adultos)<\/li>\n<\/ol>\n<p>&nbsp;<\/p>\n<ul>\n<li>Usar cen\u00e1rios:<\/li>\n<li>Pacote de assist\u00eancia ao gin\u00e1sio: Par com uma garrafa azul ou preta brilhante para um gel tranquilizante p\u00f3s-treinamento ou creme de controle do petr\u00f3leo. Os dentes altos s\u00e3o projetados para facilitar a seguran\u00e7a ap\u00f3s suor, e as cores cheias de energia s\u00e3o adequadas para uma cena esportiva.<\/li>\n<li>Viagem de neg\u00f3cios: Usada como um creme de pele multifuncional (tanto face como p\u00f3s-cuidado) ou carregador de cera, colocado em sua bagagem de carregamento para atender \u00e0s necessidades essenciais de cuidado durante viagem, o que \u00e9 simples e eficiente.<\/li>\n<li>Aten\u00e7\u00e3o minimalista do banho: Para homens com limpezas especiais ou shampoos, as cores brilhantes tornam f\u00e1cil se identificar rapidamente na casa de banho para evitar confus\u00e3o.<\/li>\n<li>Adapta\u00e7\u00e3o industrial: Homens s cuidados de pele e produtos de cuidados pessoais, gels de recupera\u00e7\u00e3o esportiva, produtos de cuidados multiprop\u00f3sitos.<\/li>\n<\/ul>\n<p>&nbsp;<\/p>\n<ol start=\"3\">\n<li>Crian\u00e7as s Pagamentos (crian\u00e7as e crian\u00e7as jovens)<\/li>\n<\/ol>\n<p>&nbsp;<\/p>\n<ul>\n<li>Usar cen\u00e1rios:<\/li>\n<li>Crian\u00e7as s guia de lavagem: pares com uma capa de garrafa ex\u00f3tica em forma de p\u00eassego ou flor para crian\u00e7as&#8217; o shamp\u00f3 ou a lavagem de corpo. Uma embalagem bonita pode efetivamente incentivar as crian\u00e7as a se lavarem de forma proativa e feliz e evitar chorar.<\/li>\n<li>Atividades externas para pais e crian\u00e7as: Como crian\u00e7as \u00e9 protetor solar ou repelente de mosquito s, se aplicam com a ajuda dos pais quando v\u00e3o ao parque ou praia. Uma apar\u00eancia amig\u00e1vel pode facilitar as crian\u00e7as \u00e9 resist\u00eancia aos produtos de cuidado da pele.<\/li>\n<li>Jardim de crian\u00e7as ou crian\u00e7as: umidificador exclusivo para crian\u00e7as&#8217; nomes, f\u00e1cil de administrar em uma forma encantadora e um sentimento de afeto para a crian\u00e7a.<\/li>\n<li>Adapta\u00e7\u00e3o industrial: crian\u00e7as s produtos de lavagem, produtos de prote\u00e7\u00e3o solar leves, equipamento de prote\u00e7\u00e3o para pais e crian\u00e7as.<\/li>\n<\/ul>\n<p>&nbsp;<\/p>\n<ol>\n<li>Ind\u00fastria industrial<\/li>\n<\/ol>\n<p>&nbsp;<\/p>\n<ol>\n<li>Profissionais (engenheiros, t\u00e9cnicos)<\/li>\n<\/ol>\n<p>&nbsp;<\/p>\n<ul>\n<li>Usar cen\u00e1rios:<\/li>\n<li>Banco de trabalho de manuten\u00e7\u00e3o eletr\u00f4nica: Cont\u00e9m poma de soldamento de precis\u00e3o ou cola condutiva. Blocos laranjas e vermelhos brilhantes e etiquetas de texto personalizados permitem identifica\u00e7\u00e3o r\u00e1pida e precisa de muitos materiais semelhantes, evitam uso errado e melhoram a produtividade.<\/li>\n<li>Local de manuten\u00e7\u00e3o do equipamento: usado para montar modelos espec\u00edficos de agentes de bloqueio de gordura ou screw. O design de altos dentes \u00e9 f\u00e1cil de capturar e apertar mesmo quando usar luvas, e a resist\u00eancia qu\u00edmica do material PE garante a estabilidade do conte\u00fado.<\/li>\n<li>Gest\u00e3o e rotulagem de amostras: Como embalagem para tintura industrial ou amostras adesivas, diferentes tamp\u00f5es ou rotulagens de garrafas de cor podem ser usados para distinguir entre diferentes formula\u00e7\u00f5es ou lotes para uma gest\u00e3o eficiente de amostras.<\/li>\n<li>Adapta\u00e7\u00e3o Industrial: Electronic-Chemical, manuten\u00e7\u00e3o de m\u00e1quinas, pesquisa e desenvolvimento de laborat\u00f3rios.<\/li>\n<\/ul>\n<p>&nbsp;<\/p>\n<p>III. A ind\u00fastria de suprimentos escolares<\/p>\n<p>&nbsp;<\/p>\n<ol>\n<li>Crian\u00e7as e estudantes de idade escolar<\/li>\n<\/ol>\n<p>&nbsp;<\/p>\n<ul>\n<li>Usar cen\u00e1rios:<\/li>\n<li>Ferramentas criativas de classe de arte bonita: cola branca ou pintura de cor de \u00e1gua. Embalagem viva e linda do que a escrit\u00f3ria comum pode estimular crian\u00e7as pequenas. \u00e9 um interesse criativo, para que a bela classe de arte se torne mais interessante.<\/li>\n<li>absor\u00e7\u00e3o de escrit\u00f3rio de estudantes: para gel s\u00f3lido ou fluido de corre\u00e7\u00e3o. Um olhar vibrante pode ser integrado em um ambiente de aprendizagem colorido e se tornar um destaque em um saco de mochila e caneta.<\/li>\n<li>Grupo extracurricular: Como divis\u00e3o de argila criativa ou materiais manuais, distribuir em um evento de grupo. A embalagem bonita pode trazer um bom humor.<\/li>\n<li>Adapta\u00e7\u00e3o industrial: crian\u00e7as s suprimentos de arte, materiais criativos feitos \u00e0 m\u00e3o, escrit\u00f3rio divertido para estudantes.<\/li>\n<\/ul>\n<p>&nbsp;<\/p>\n<ol start=\"2\">\n<li>Estudantes universit\u00e1rios e trabalhadores de escrit\u00f3rio<\/li>\n<\/ol>\n<p>&nbsp;<\/p>\n<ul>\n<li>Usar cen\u00e1rios:<\/li>\n<li>Escolas de design e est\u00fadios: usados para cola especializada ou ressurrei\u00e7\u00e3o de pintura de modelos para montagem. Excelente reconhecimento permite rapidamente encontrar as ferramentas que voc\u00ea precisa em um banco de trabalho agitado.<\/li>\n<li>S\u00e9ria de escrit\u00f3rio de escrit\u00f3rio: Como embalagem de cola altamente viscosa, colocada em uma mesa, o sentimento de design n\u00e3o \u00e9 abrupto, mas reflete o usu\u00e1rio&#8217; a personalidade.<\/li>\n<li>Adapta\u00e7\u00e3o industrial: ferramentas de fabrica\u00e7\u00e3o de modelos profissionais, suprimentos de escrit\u00f3rio de design.<\/li>\n<\/ul>","protected":false},"featured_media":3553,"comment_status":"closed","ping_status":"closed","template":"","meta":[],"product_brand":[],"product_cat":[29,45],"product_tag":[],"class_list":{"0":"post-2134","1":"product","2":"type-product","3":"status-publish","4":"has-post-thumbnail","6":"product_cat-skin-care-plastic-tube","7":"product_cat-30-pe-plastic-tube","9":"first","10":"instock","11":"shipping-taxable","12":"product-type-simple"},"_links":{"self":[{"href":"https:\/\/www.hongyitube.com\/pt\/wp-json\/wp\/v2\/product\/2134","targetHints":{"allow":["GET"]}}],"collection":[{"href":"https:\/\/www.hongyitube.com\/pt\/wp-json\/wp\/v2\/product"}],"about":[{"href":"https:\/\/www.hongyitube.com\/pt\/wp-json\/wp\/v2\/types\/product"}],"replies":[{"embeddable":true,"href":"https:\/\/www.hongyitube.com\/pt\/wp-json\/wp\/v2\/comments?post=2134"}],"wp:featuredmedia":[{"embeddable":true,"href":"https:\/\/www.hongyitube.com\/pt\/wp-json\/wp\/v2\/media\/3553"}],"wp:attachment":[{"href":"https:\/\/www.hongyitube.com\/pt\/wp-json\/wp\/v2\/media?parent=2134"}],"wp:term":[{"taxonomy":"product_brand","embeddable":true,"href":"https:\/\/www.hongyitube.com\/pt\/wp-json\/wp\/v2\/product_brand?post=2134"},{"taxonomy":"product_cat","embeddable":true,"href":"https:\/\/www.hongyitube.com\/pt\/wp-json\/wp\/v2\/product_cat?post=2134"},{"taxonomy":"product_tag","embeddable":true,"href":"https:\/\/www.hongyitube.com\/pt\/wp-json\/wp\/v2\/product_tag?post=2134"}],"curies":[{"name":"wp","href":"https:\/\/api.w.org\/{rel}","templated":true}]}}