{"id":2119,"date":"2025-07-11T18:21:21","date_gmt":"2025-07-11T10:21:21","guid":{"rendered":"https:\/\/www.hongyitube.com\/product\/%cf%8630-pe-plastic-tube-refilling-bottle-skin-care-cosmetics-lotion-special-refilling-bottle-colored-transparent-skin-care-plastic-tube-1-2\/"},"modified":"2026-01-09T12:57:23","modified_gmt":"2026-01-09T04:57:23","slug":"30-pe-plastic-tube-refilling-bottle-skin-care-cosmetics-lotion-special-refilling-bottle-colored-transparent-skin-care-plastic-tube-3","status":"publish","type":"product","link":"https:\/\/www.hongyitube.com\/pt\/product\/30-pe-plastic-tube-refilling-bottle-skin-care-cosmetics-lotion-special-refilling-bottle-colored-transparent-skin-care-plastic-tube-3\/","title":{"rendered":"30 garrafas de remplimento de tubos pl\u00e1sticos de PE, tratamento de pele cosm\u00e9ticos lot\u00e3o garrafa de remplimento especial, tratamento de pele transparente colorido tubo pl\u00e1stico-3"},"content":{"rendered":"<p>Hongyi[UNK]Plastic25-30ml[UNK]0,85 -1,00fl.oz[UNK]25-30g,30mm di\u00e2metro, material de embalagem flex\u00edvel de tubos PE de cor clara e gradiente.<\/p>\n<ol>\n<li>Descri\u00e7\u00e3o do produto [UNK] Este tubo mole PE de di\u00e2metro de 30 mm claro e gradiente \u00e9 um recipiente de embalagem de tubos moles PE de alto tamanho com um conceito de n\u00facleo de di\u00e2metro de 30 mm centrado em torno de \u201cest\u00e9tica clara e natural\u201d. Ele tem uma capacidade de 25-30 ml. A ess\u00eancia de seu design est\u00e1 na \u201cfus\u00e3o po\u00e9tica de transpar\u00eancia e cor\u201d: o corpo do tubo \u00e9 feito de material altamente transparente, apresentando uma transi\u00e7\u00e3o gradual do final do tubo para a sec\u00e7\u00e3o m\u00e9dia com um gradiente de cor \u00fanica \u201cverde rosa clara\u201d suave e suave, semelhante \u00e0 sombra natural. Os extremos do gradiente s\u00e3o marcados com uma faixa de \"verde rosa clara\" com cores de 5 mm, que serve como um toque fin\u00e1rio refinado e um divididor visual. Abaixo da linha, at\u00e9 o ombro do tubo, h\u00e1 uma \u00e1rea pura e completamente transparente, criando uma estrutura visual transparente-cor-gradiente-transparente de tr\u00eas partes. O padr\u00e3o central da marca \u00e9 emboscado com prata laser nas se\u00e7\u00f5es gradientes, produzindo efeitos din\u00e2micos e mudantes com a refra\u00e7\u00e3o da luz. Todo texto funcional \u00e9 impresso com um final negro levantado e texturado para garantir alta visibilidade e t\u00e1ctilidade. A embalagem apresenta um design de cap a de screw de alta qualidade, compat\u00edvel com capas de screw acr\u00edlico de forma de inje\u00e7\u00e3o, eletropladas e de alta transpar\u00eancia, permitindo uma gama de estilos de claro a luxuoso.<\/li>\n<\/ol>\n<p>&nbsp;<\/p>\n<ol start=\"2\">\n<li>Material do produto.<\/li>\n<\/ol>\n<p>&nbsp;<\/p>\n<ul>\n<li>Material prim\u00e1rio: Polietileno de baixa densidade (LDPE) de grado m\u00e9dico altamente transparente. Sua pureza e transpar\u00eancia excepcionais servem como base para alcan\u00e7ar uma apar\u00eancia transl\u00facida \u201ccristal-tipo\u201d, ao mesmo tempo que possuem excelente iner\u00eancia qu\u00edmica.<\/li>\n<li>Seguran\u00e7a: Conformidade com as normas mais rigorosas que regem materiais de contato alimentar e farmac\u00eautico nos mercados principais mundiais, incluindo a FDA 21 CFR dos EUA, a UE 10\/2011 e os padr\u00f5es JHOSPA do Jap\u00e3o. Isso assegura compatibilidade com v\u00e1rios conte\u00fados sens\u00edveis.<\/li>\n<li>Propriedades chave: Excelente flexibilidade (m\u00f3dulo flexural &gt; 800%), baixa taxa de migra\u00e7\u00e3o e resist\u00eancia ao cracking de estresse ambiental, tornando-a perfeitamente adequada para mostrar conte\u00fados e requisitos de armazenamento a longo prazo.<\/li>\n<\/ul>\n<p><strong><b>Aplica\u00e7\u00f5es recomendadas <\/b><\/strong>\"<\/p>\n<p>Este tubo mole de PE de di\u00e2metro de 30 mm claro e gradiente \u00e9 recomendado para uso nas ind\u00fastrias de beleza e pele.<\/p>\n<p>&nbsp;<\/p>\n<ul>\n<li>Mercado feminino: Ess\u00eancia de repara\u00e7\u00e3o tranquilizante, Gelo Moisturizante Aloe Vera, \u00f3leos extra\u00eddos de plantas naturais. A cor rosa-verde clara transmite sinais psicol\u00f3gicos de \u201ctranquilidade, pureza e tranquilidade\u201d, tornando-a ideal para produtos focados em cuidados sens\u00edveis da pele, repara\u00e7\u00e3o de danos p\u00f3s-sol e outros conceitos enfatizando a gentileza natural.<\/li>\n<li>Mercado masculino: Gelo de toner controlante do petr\u00f3leo, creme tranquilizante com sabor de menta. As cores frescas transmitem um senso de limpeza e fresca, evitando a impress\u00e3o de pesadoria associada aos produtos masculinos tradicionais e apelando aos homens mais jovens e aos que se preocupam com sua apar\u00eancia.<\/li>\n<li>Mercado das Crian\u00e7as: shampoo livre de fragra\u00e7\u00e3o e lot\u00e3o de banho para crian\u00e7as, gel repelente de insetos suave. As cores suaves e a textura transparente fazem com que os pais vejam o que est\u00e1 dentro, aumentando grandemente os sentimentos de seguran\u00e7a e confian\u00e7a.<\/li>\n<\/ul>\n<p>&nbsp;<\/p>\n<p>Ind\u00fastria de lubrificantes de dispositivos m\u00e9dicos.<\/p>\n<p>&nbsp;<\/p>\n<ul>\n<li>Mercados especializados: agente de acoplamento de ultrassonos sol\u00favel em \u00e1gua, lubricante endosc\u00f3pico, gel de refrigera\u00e7\u00e3o f\u00edsica. O corpo do tubo transparente permite aos profissionais de sa\u00fade observar diretamente as caracter\u00edsticas do conte\u00fado e as quantidades restantes. A cor rosa-verde luz transmite um senso de gentileza e baixa sensibilidade, dando uma impress\u00e3o profissional. O cap \u00edtulo acr\u00edlico de alta transpar\u00eancia aumenta ainda mais a percep\u00e7\u00e3o visual da limpeza e esterilidade.<\/li>\n<\/ul>\n<p>&nbsp;<\/p>\n<p>A ind\u00fastria industrial de pigmentos qu\u00edmicos.<\/p>\n<p>&nbsp;<\/p>\n<ul>\n<li>Mercado criativo de alto n\u00edvel: sab\u00e3o\/fragran\u00e7as de vela manuais, adesivos especializados para itens culturais e criativos de presente, modelos de prote\u00e7\u00e3o de pinturas finantes. A embalagem transparente permite uma representa\u00e7\u00e3o visual imediata da cor e pureza do conte\u00fado. As cores elegantes fazem destacar-se em lojas culturais e criativas, refor\u00e7ando o sentido de refinamento e valor do produto como um \u201cmaterial criativo\u201d.<\/li>\n<\/ul>\n<h3>1.\u00a0 <strong><b>Atributos do produto\u00a0<\/b><\/strong><\/h3>\n<p>Essa mangueira de 30 tubos transparente de gradiente PE tem caracter\u00edsticas:<\/p>\n<ul>\n<li>O sistema de vis\u00e3o transparente inovador: &#8220; base transparente, gradiente claro, duas vezes transparente  &#8220; sandu\u00edche o design, criando um senso tridimensional \u00fanico de permeabilidade e senso puramente avan\u00e7ado, o conte\u00fado torna-se parte do design.<\/li>\n<li>Fus\u00e3o de processo sensorial de alto n\u00edvel: a impress\u00e3o gradiente atinge uma respira\u00e7\u00e3o natural de cor; A impress\u00e3o de mesma cor de precis\u00e3o estabelece limites delicados; A prata laser altamente refinada cria um foco din\u00e2mico da marca; - Touch printing melhora a experi\u00eancia de intera\u00e7\u00e3o de informa\u00e7\u00e3o.<\/li>\n<li>Focaliza\u00e7\u00e3o funcional superior: O design da tampa de screw com altos dentes proporciona maior \u00e1rea de mordida de screw e pontos de aplica\u00e7\u00e3o, assegurando um desempenho mais confi\u00e1vel de selagem e um sentimento mais confort\u00e1vel e sofisticado para o momento aberto e aperto.<\/li>\n<li>Comunica\u00e7\u00e3o no prateleiro n\u00e3o paralelo: O uso inteligente da transpar\u00eancia e cor permite aos produtos transmitir a dupla mensagem de &#8220; ingredientes puros  and &#8220; design \u00fanico Na prateleira, e quando sentado como arte.<\/li>\n<\/ul>\n<p>&nbsp;<\/p>","protected":false},"excerpt":{"rendered":"<p><b><\/b><strong><b>Design de Tube Body<\/b><\/strong>.<\/p>\n<p>O design do corpo do tubo para este tubo mole de PE de 30 mm de di\u00e2metro claro e gradiente. - Psicologia de cores e posicionamento do mercado:<\/p>\n<ul>\n<li>Rosa-verde claro: Essa cor representa a tend\u00eancia de cura atualmente favorecida pelos mercados mundiais de consumo, particularmente pelos mil\u00eanios e pelo geral Z. Ele combina as min\u00fasculas qualidades de rosa com os aspectos naturais e seguros do verde, simbolizando relaxamento, equil\u00edbrio, rejuvena\u00e7\u00e3o e liberdade de cargas. Ela ressona amplamente com consumidores que priorizam bem-estar f\u00edsico e mental, bem como estilos de vida sustent\u00e1veis.<\/li>\n<li>A filosofia de \"senso de respira\u00e7\u00e3o\" espacial:<\/li>\n<li>O design deliberadamente deixa uma grande \u00e1rea de \"espa\u00e7o respirat\u00f3rio\" transparente acima das zonas de cores. Isto n\u00e3o s\u00f3 proporciona o contexto mais claro e n\u00e3o perturbado para a informa\u00e7\u00e3o textual requerida pelas regulamenta\u00e7\u00f5es, mas tamb\u00e9m tem um significado mais profundo na transmiss\u00e3o de uma filosofia sofisticada de design de \"deixar espa\u00e7o\" e \"modestia\", que contrasta fortemente com embalagens excessivas e alinha-se com as prefer\u00eancias est\u00e9ticas dos consumidores de alto n\u00edvel.<\/li>\n<li>A intera\u00e7\u00e3o de materiais e luz: O corpo do tubo transparente, tintas gradientes, desenhos gravados por laser, e combina\u00e7\u00f5es com v\u00e1rias capas materiais criam uma rica intera\u00e7\u00e3o de luz e sombra quando vistas de diferentes \u00e2ngulos, tornando a embalagem altamente interessante e valiosa para compartilhar.<\/li>\n<\/ul>\n<p><strong>Avantagens dos produtos<\/strong><\/p>\n<p>As vantagens desta mangueira de PE gradiente transparente de 30 di\u00e2metros \u00b7 Estabelecimento &#8220; Tecnologia Pura Identidade da marca: Este design \u00e9 a \u00faltima express\u00e3o visual de &#8220; Belleza Limpa,&#8221;  &#8220; Dispositivos M\u00e9dicos Gentiles,&#8221;  and &#8220; \u00d3ptimos Qu\u00edmicos conceitos, que podem instantaneamente diferenciar a marca de concorrentes semelhantes e estabelecer uma imagem pioneira da ind\u00fastria.<\/p>\n<ul>\n<li>Obter confian\u00e7a definitiva com &#8220; a visibilidade dos ingredientes : Design transparente permite aos consumidores ver diretamente a subst\u00e2ncia, cor e capacidade dos ingredientes, que \u00e9 a prova mais direta e poderosa do compromisso de &#8220; transpar\u00eancia dos ingredientes,&#8221; - reduzindo grandes d\u00favidas sobre decis\u00f5es de compra.<\/li>\n<li>D\u00e1 o conte\u00fado um segundo valor est\u00e9tico: embalagem j\u00e1 n\u00e3o est\u00e1 cobrindo, mas complementando e melhorando. O elegante fundo gradiente pode fazer o conte\u00fado (como \u00f3leo de ess\u00eancia dourada, gel azul) apresentar um efeito visual mais bonito.<\/li>\n<li>Fornecer o sentido da cerim\u00f4nia de abertura e fechamento de alto n\u00edvel: O momento de apertura suave e est\u00e1vel de momentos trazido pela capa de torno de dentes altos, combinado com a textura da capa acr\u00edlica ou platejada, fornece satisfa\u00e7\u00e3o desde o momento em que a capa \u00e9 aberta, aumentando o sentido da cerim\u00f4nia de uso inteiro.<\/li>\n<li>Tem genes fortes da m\u00eddia social: Efeitos visuais transparentes, frescos e orientados ao design s\u00e3o naturalmente adequados para dissemina\u00e7\u00e3o em plataformas visuais como Instagram e Xiaohongshu, tornando f\u00e1cil para os usu\u00e1rios compartilhar espontaneamente e formar &#8220; \u00e1gua do tap - tr\u00e2nsito.<\/li>\n<li><b><\/b><strong><b>Scen\u00e1rios de aplica\u00e7\u00e3o para o produto<\/b><\/strong><\/li>\n<\/ul>\n<p>Escen\u00e1rios para usar este tubo mole de PE de di\u00e2metro de 30 mm claro e gradiente:<\/p>\n<p>\u201cO ritual de cura\u201d para meditadores urbanos: Quando os consumidores aplicam produtos de corte de pele de manh\u00e3 ou antes da cama, eles podem pegar essa embalagem, que se sente como uma brisa suave, e usar sua ess\u00eancia tranquilizante. A embalagem em si ajuda a criar uma atmosfera pac\u00edfica e relaxante para autocuidado.<\/p>\n<ul>\n<li>\"Refreshing Supplies\" no Gym\/Yoga Studio: Ap\u00f3s exerc\u00edcios, os consumidores tiram os produtos leves de hidrata\u00e7\u00e3o rosa-verde ou tranquilizantes de suas bolsas de fitness. O apelo visual refrescante e a experi\u00eancia dos usu\u00e1rios s\u00e3o altamente consistentes, trazendo instantaneamente um senso de limpeza mental e relaxamento.<\/li>\n<li>\"Paz da Divulga\u00e7\u00e3o da Mente\" por cl\u00ednicas profissionais: Em cl\u00ednicas de dermatologia ou centros de controle de sa\u00fade, embalagens completamente transparentes para agentes de acoplamento ou lubricantes permitem aos pacientes ver claramente o estado do meio com o qual em breve entrar\u00e3o em contato, transmitindo silenciosamente a import\u00e2ncia da seguran\u00e7a e transpar\u00eancia por institui\u00e7\u00f5es profissionais.<\/li>\n<li>\"Tesouros de captura de olhos\" em mercados criativos: Em mercados de artesanato de fim de semana ou coletivas de designers, este item, adornado com fragran\u00e7as naturais ou adesivos especializados, destaca-se devido a sua est\u00e9tica \u00fanica e transparente, capturando rapidamente a aten\u00e7\u00e3o dos profissionais criativos.<\/li>\n<li>\u201cPaz visual de mente\u201d para fam\u00edlias com crian\u00e7as: Quando compram produtos de cuidado para seus filhos, as m\u00e3es est\u00e3o extremamente preocupadas com os ingredientes e seguran\u00e7a. Essa embalagem, que permite que o conte\u00fado seja \u201ccompletamente transparente\u201d, pode muito aliviar a ansiedade e servir como um s\u00edmbolo de \u201cpaz mental\u201d que as m\u00e3es podem confiar.<\/li>\n<\/ul>\n<p>&nbsp;<\/p>","protected":false},"featured_media":2122,"comment_status":"closed","ping_status":"closed","template":"","meta":[],"product_brand":[],"product_cat":[29,45],"product_tag":[],"class_list":{"0":"post-2119","1":"product","2":"type-product","3":"status-publish","4":"has-post-thumbnail","6":"product_cat-skin-care-plastic-tube","7":"product_cat-30-pe-plastic-tube","9":"first","10":"instock","11":"shipping-taxable","12":"purchasable","13":"product-type-simple"},"_links":{"self":[{"href":"https:\/\/www.hongyitube.com\/pt\/wp-json\/wp\/v2\/product\/2119","targetHints":{"allow":["GET"]}}],"collection":[{"href":"https:\/\/www.hongyitube.com\/pt\/wp-json\/wp\/v2\/product"}],"about":[{"href":"https:\/\/www.hongyitube.com\/pt\/wp-json\/wp\/v2\/types\/product"}],"replies":[{"embeddable":true,"href":"https:\/\/www.hongyitube.com\/pt\/wp-json\/wp\/v2\/comments?post=2119"}],"wp:featuredmedia":[{"embeddable":true,"href":"https:\/\/www.hongyitube.com\/pt\/wp-json\/wp\/v2\/media\/2122"}],"wp:attachment":[{"href":"https:\/\/www.hongyitube.com\/pt\/wp-json\/wp\/v2\/media?parent=2119"}],"wp:term":[{"taxonomy":"product_brand","embeddable":true,"href":"https:\/\/www.hongyitube.com\/pt\/wp-json\/wp\/v2\/product_brand?post=2119"},{"taxonomy":"product_cat","embeddable":true,"href":"https:\/\/www.hongyitube.com\/pt\/wp-json\/wp\/v2\/product_cat?post=2119"},{"taxonomy":"product_tag","embeddable":true,"href":"https:\/\/www.hongyitube.com\/pt\/wp-json\/wp\/v2\/product_tag?post=2119"}],"curies":[{"name":"wp","href":"https:\/\/api.w.org\/{rel}","templated":true}]}}