{"id":2111,"date":"2025-07-11T18:20:45","date_gmt":"2025-07-11T10:20:45","guid":{"rendered":"https:\/\/www.hongyitube.com\/product\/%cf%8616-lip-care-soft-tube-packaging-bottle-lip-gloss-lip-oil-lip-gloss-lip-glaze-soft-tube-packaging-bottle-soft-tube-bottle-packaging-bottle-1-2\/"},"modified":"2026-01-09T13:03:33","modified_gmt":"2026-01-09T05:03:33","slug":"30-pe-plastic-tube-refilling-bottle-skin-care-cosmetics-lotion-special-refilling-bottle-colored-transparent-skin-care-plastic-tube-2","status":"publish","type":"product","link":"https:\/\/www.hongyitube.com\/pt\/product\/30-pe-plastic-tube-refilling-bottle-skin-care-cosmetics-lotion-special-refilling-bottle-colored-transparent-skin-care-plastic-tube-2\/","title":{"rendered":"30 garrafas de remplimento de tubos pl\u00e1sticos de PE, lot\u00e3o de cuidados de pele, garrafa de remplimento especial, tubo de remplimento de pele transparente colorido"},"content":{"rendered":"<p><span dir=\"auto\" style=\"vertical-align: inherit;\"><span dir=\"auto\" style=\"vertical-align: inherit;\">Hongyi Plastic 30-45 mililitros 1,00-1,52 on\u00e7as l\u00edquidas 30-45 gramas, embalados em tubos flex\u00edveis de transi\u00e7\u00e3o de gradiente PE de di\u00e2metro de 30 mm, com um design de baixo flap.<\/span><\/span><\/p>\n<ol>\n<li><b><\/b><strong><b><span dir=\"auto\" style=\"vertical-align: inherit;\"><span dir=\"auto\" style=\"vertical-align: inherit;\">Descri\u00e7\u00e3o do produto \u00a0<\/span><\/span><\/b><\/strong><\/li>\n<\/ol>\n<p><span dir=\"auto\" style=\"vertical-align: inherit;\"><span dir=\"auto\" style=\"vertical-align: inherit;\">Essa mangueira de PE gradiente de di\u00e2metro de 30 mm \u00e9 uma mangueira de PE de alto n\u00edvel com \"cor de gradiente natural\" e \"est\u00e9tica funcional minimalist a\" como seu n\u00facleo. Tem um di\u00e2metro de 30 mil\u00edmetros e uma capacidade de 30-45 mil\u00edmetros, projetado para embalagem precisa e uso eficiente. O corpo do tubo \u00e9 feito de branco puro como base, e um efeito de gradiente monocromo \u00e9 usado da cauda ao meio do corpo do tubo, apresentando cores como rosa, amarelo do sol ou azul do c\u00e9u. O gradiente \u00e9 visualmente separado e fechado em ambos os extremos com faixas de 5 mm de largura da mesma cor. Sobre as linhas at\u00e9 que o ombro do tubo seja puramente branco, criando um triplo efeito visual de gradiente, transi\u00e7\u00e3o e puridade. O logotipo central da marca \u00e9 o laser gravado na se\u00e7\u00e3o gradiente, apresentando um efeito din\u00e2mico sob a luz. Todo texto funcional \u00e9 imprimido em negro encantado para garantir clareza, leitabilidade e toque confort\u00e1vel. A embalagem adota uma tampa de parede reta com uma boca inferior da garrafa e est\u00e1 equipada com uma tampa de viragem colorida moldada que pode ser operada com uma m\u00e3o, alcan\u00e7ando uma transi\u00e7\u00e3o sem problemas de apelo visual para experi\u00eancia de usu\u00e1rio.<\/span><\/span><\/p>\n<p>&nbsp;<\/p>\n<ol start=\"2\">\n<li><strong><b><span dir=\"auto\" style=\"vertical-align: inherit;\"><span dir=\"auto\" style=\"vertical-align: inherit;\">Material de produto.<\/span><\/span><\/b><\/strong><\/li>\n<\/ol>\n<p>&nbsp;<\/p>\n<ul>\n<li><span dir=\"auto\" style=\"vertical-align: inherit;\"><span dir=\"auto\" style=\"vertical-align: inherit;\">Material principal: alimento\/polietileno de baixa densidade m\u00e9dica (LDPE). Sua excelente flexibilidade, estabilidade qu\u00edmica e alta transpar\u00eancia o tornam um substrato ideal para alcan\u00e7ar efeitos puros brancos e gradientes.<\/span><\/span><\/li>\n<li><span dir=\"auto\" style=\"vertical-align: inherit;\"><span dir=\"auto\" style=\"vertical-align: inherit;\">Seguran\u00e7a: Conformidade com as principais regulamenta\u00e7\u00f5es do mercado mundial para materiais de contato com alimentos e drogas, como o 21 CFR da FDA dos EUA e o 10\/2011 da UE, assegurando a seguran\u00e7a absoluta dos cuidados pessoais e produtos de dispositivos m\u00e9dicos.<\/span><\/span><\/li>\n<li><span dir=\"auto\" style=\"vertical-align: inherit;\"><span dir=\"auto\" style=\"vertical-align: inherit;\">Funda\u00e7\u00e3o t\u00e9cnica: O corpo do tubo branco \u00e9 feito de di\u00f3xido de tit\u00e2nio de alta qualidade e masterbatch especial perla\/matte, assegurando cor pura de base e forte cobertura, fornecendo uma tela ideal para impress\u00e3o gradiente.<\/span><\/span><\/li>\n<li><span dir=\"auto\" style=\"vertical-align: inherit;\"><span dir=\"auto\" style=\"vertical-align: inherit;\">Propriedades f\u00edsicas: Tem excelente resist\u00eancia \u00e0 compress\u00e3o e elasticidade, assegurando que o conte\u00fado seja plenamente utilizado. Materiales ligeiros atendem \u00e0s necessidades de viagem e carregamento.<\/span><\/span><\/li>\n<\/ul>\n<p><strong><b><span dir=\"auto\" style=\"vertical-align: inherit;\"><span dir=\"auto\" style=\"vertical-align: inherit;\">Aplica\u00e7\u00f5es recomendadas<\/span><\/span><\/b><\/strong><span dir=\"auto\" style=\"vertical-align: inherit;\"><span dir=\"auto\" style=\"vertical-align: inherit;\">\"<\/span><\/span><\/p>\n<p><span dir=\"auto\" style=\"vertical-align: inherit;\"><span dir=\"auto\" style=\"vertical-align: inherit;\">Esta mangueira de PE gradiente de di\u00e2metro de 30 mm \u00e9 recomendada para as seguintes aplica\u00e7\u00f5es:<\/span><\/span><\/p>\n<p>&nbsp;<\/p>\n<p><span dir=\"auto\" style=\"vertical-align: inherit;\"><span dir=\"auto\" style=\"vertical-align: inherit;\">Ind\u00fastria da beleza e da pele.<\/span><\/span><\/p>\n<p>&nbsp;<\/p>\n<ul>\n<li><span dir=\"auto\" style=\"vertical-align: inherit;\"><span dir=\"auto\" style=\"vertical-align: inherit;\">Mercado feminino: creme de ess\u00eancia, lot\u00e3o de prote\u00e7\u00e3o solar, lot\u00e3o de maquilhagem. O esquema de cores gradiente de rosa e amarelo ao p\u00f4r do sol mostra delicadeza e vitalidade, tornando-o perfeito para a corte de pele di\u00e1ria e aplica\u00e7\u00e3o pr\u00e9-maquilhagem. O azul celeste \u00e9 adequado para produtos com textura leve e controle do petr\u00f3leo.<\/span><\/span><\/li>\n<li><span dir=\"auto\" style=\"vertical-align: inherit;\"><span dir=\"auto\" style=\"vertical-align: inherit;\">Mercado masculino: lot\u00e3o h\u00famida, depois tem creme tranquilizante, prote\u00e7\u00e3o solar. Os tons azuis do c\u00e9u e amarelo do p\u00f4r do sol s \u00e3o mais neutros, tecnol\u00f3gicos e exudam a vitalidade natural, evitando a aburrida das embalagens tradicionais de homens.<\/span><\/span><\/li>\n<li><span dir=\"auto\" style=\"vertical-align: inherit;\"><span dir=\"auto\" style=\"vertical-align: inherit;\">Mercado infantil: protec\u00e7\u00e3o solar para crian\u00e7as, li\u00e7\u00e3o leve umidora. Tonos rosas brilhantes e azuis do c\u00e9u naturalmente atraem crian\u00e7as, e imagens suaves tamb\u00e9m s\u00e3o facilmente aceitadas pelos pais.<\/span><\/span><\/li>\n<\/ul>\n<p>&nbsp;<\/p>\n<p><span dir=\"auto\" style=\"vertical-align: inherit;\"><span dir=\"auto\" style=\"vertical-align: inherit;\">Ind\u00fastria de lubrificantes de dispositivos m\u00e9dicos.<\/span><\/span><\/p>\n<p>&nbsp;<\/p>\n<ul>\n<li><span dir=\"auto\" style=\"vertical-align: inherit;\"><span dir=\"auto\" style=\"vertical-align: inherit;\">Mercado geral: agentes de acoplamento ultrass\u00f4nicos, lubricantes cir\u00fargicos est\u00e9riis, meios de comunica\u00e7\u00e3o para exames cut\u00e2neos. O gradiente azul do c\u00e9u transmite um senso de limpeza, profissionalismo e tecnologia; A parte superior branca pura aumenta a credibilidade da esterilidade e seguran\u00e7a. O design de uma solta de m\u00e3o melhora consideravelmente o n\u00edvel de conveni\u00eancia e higiene de opera\u00e7\u00e3o em ambientes m\u00e9dicos.<\/span><\/span><\/li>\n<\/ul>\n<p>&nbsp;<\/p>\n<p><span dir=\"auto\" style=\"vertical-align: inherit;\"><span dir=\"auto\" style=\"vertical-align: inherit;\">Ind\u00fastria industrial de pigmentos qu\u00edmicos.<\/span><\/span><\/p>\n<p>&nbsp;<\/p>\n<ul>\n<li><span dir=\"auto\" style=\"vertical-align: inherit;\"><span dir=\"auto\" style=\"vertical-align: inherit;\">Mercado de alto n\u00edvel: lubrificantes de instrumentos de precis\u00e3o, consum\u00e1veis de canetas de impress\u00e3o 3D, pigmentos especializados, tintas manuais de alto n\u00edvel. A cor do gradiente amarelo do sol \u00e9 adequada para produtos oleosos, enquanto a cor do gradiente azul do c\u00e9u \u00e9 adequada para produtos baseados em \u00e1gua ou de alta tecnologia. Essa embalagem pode aumentar significativamente o valor acrescentado dos produtos industriais, tornando-o adequado para est\u00fadios criativos, mercados de alto n\u00edvel DIY e canais de retalho boutiques.<\/span><\/span><\/li>\n<\/ul>\n<h3><span dir=\"auto\" style=\"vertical-align: inherit;\"><span dir=\"auto\" style=\"vertical-align: inherit;\">1.\u00a0 <\/span><\/span><strong><b><span dir=\"auto\" style=\"vertical-align: inherit;\"><span dir=\"auto\" style=\"vertical-align: inherit;\">atributos de produto<\/span><\/span><\/b><\/strong><\/h3>\n<p><span dir=\"auto\" style=\"vertical-align: inherit;\"><span dir=\"auto\" style=\"vertical-align: inherit;\">As caracter\u00edsticas do produto desta mangueira PE de design de gradiente de di\u00e2metro de 30 mm incluem design visual revolucion\u00e1rio: um design de tr\u00eas partes que combina linhas de cores gradientes naturais com espa\u00e7o branco puro, criando um espa\u00e7o branco visualmente din\u00e2mico e exquisito que ultrapassa muito as embalagens impressas comuns.<\/span><\/span><\/p>\n<ul>\n<li><span dir=\"auto\" style=\"vertical-align: inherit;\"><span dir=\"auto\" style=\"vertical-align: inherit;\">Processo de fabrica\u00e7\u00e3o superior: impress\u00e3o brilhante gradiente, atingindo transi\u00e7\u00f5es naturais de cores; A mesma barra de marca\u00e7\u00e3o quente melhora detalhes finos; A marca de f\u00f3lia de prata gravada por laser assigura que o logotipo da marca brilhe dinamicamente em diferentes condi\u00e7\u00f5es de ilumina\u00e7\u00e3o; A impress\u00e3o de tela de seda embasada melhora o feedback t\u00e1ctil e a durabilidade da informa\u00e7\u00e3o.<\/span><\/span><\/li>\n<li><span dir=\"auto\" style=\"vertical-align: inherit;\"><span dir=\"auto\" style=\"vertical-align: inherit;\">Design ergon\u00f4mico final: O baixo perfil assegura um encaixamento mais estreito entre o quebra-cabe\u00e7a e a cobertura de invers\u00e3o. Uma m\u00e3o pode facilmente abrir a cobertura de invers\u00e3o, libertar a outra m\u00e3o, tornando-a particularmente conveniente para usar ferramentas manuais, trabalho de alta intensidade, ou segurar crian\u00e7as. Isso representa uma verdadeira inova\u00e7\u00e3o na experi\u00eancia dos usu\u00e1rios.<\/span><\/span><\/li>\n<li><span dir=\"auto\" style=\"vertical-align: inherit;\"><span dir=\"auto\" style=\"vertical-align: inherit;\">Excelente experi\u00eancia de selagem e extrus\u00e3o: A cobertura reta da parede garante selagem confi\u00e1vel; O nozzle baixo de 6 mm considera extrus\u00e3o suave e controle preciso, tornando-o adequado para l\u00edquidos, gel e pastas de v\u00e1rias viscosidades.<\/span><\/span><\/li>\n<\/ul>","protected":false},"excerpt":{"rendered":"<p><b><\/b><strong><b><span dir=\"auto\" style=\"vertical-align: inherit;\"><span dir=\"auto\" style=\"vertical-align: inherit;\">Design do corpo tubular<\/span><\/span><\/b><\/strong><span dir=\"auto\" style=\"vertical-align: inherit;\"><span dir=\"auto\" style=\"vertical-align: inherit;\">(Risos)<\/span><\/span><\/p>\n<p><span dir=\"auto\" style=\"vertical-align: inherit;\"><span dir=\"auto\" style=\"vertical-align: inherit;\">O design corporal desta mangueira de PE gradiente de 30 mm de di\u00e2metro. \u00b7Cor e Narrativa Emotional:<\/span><\/span><\/p>\n<ul>\n<li><span dir=\"auto\" style=\"vertical-align: inherit;\"><span dir=\"auto\" style=\"vertical-align: inherit;\">Gradiente rosa: simboliza romance, tenderness, and care, directly touching the emotional core of women and the mother and baby market.<\/span><\/span><\/li>\n<li><span dir=\"auto\" style=\"vertical-align: inherit;\"><span dir=\"auto\" style=\"vertical-align: inherit;\">O amarelo do sol gradualmente muda cor: simbolizando vitalidade, calor e criatividade, misturando natureza e vitalidade. Adequado para m\u00faltiplos g\u00eaneros, especialmente para ingredientes naturais ou produtos criativos.<\/span><\/span><\/li>\n<li><span dir=\"auto\" style=\"vertical-align: inherit;\"><span dir=\"auto\" style=\"vertical-align: inherit;\">Gradiente azul do c\u00e9u: simbolizar pureza, confian\u00e7a, tecnologia e tranquilidade, \u00e9 uma escolha ideal para dispositivos m\u00e9dicos e produtos de cuidado para homens, transmitindo um senso de profissionalismo e confiabilidade.<\/span><\/span><\/li>\n<li><span dir=\"auto\" style=\"vertical-align: inherit;\"><span dir=\"auto\" style=\"vertical-align: inherit;\">Zonagem funcional e orienta\u00e7\u00e3o visual: O design utiliza inteligentemente barras de cores para dividir \u00e1reas funcionais. Por baixo da barra de cores (\u00e1rea gradiente) est\u00e1 a \u00e1rea de comunica\u00e7\u00e3o emocional e marca, que pode atrair aten\u00e7\u00e3o pela primeira vez. Sobre a barra de cores (\u00e1rea branca pura) est\u00e1 a \u00e1rea de informa\u00e7\u00e3o e funcionalidade, onde todo texto explicativo \u00e9 claramente arranjado sem interfer\u00eancia de fundos gradientes, alcan\u00e7ando um equil\u00edbrio perfeito entre est\u00e9tica e pr\u00e1tica.<\/span><\/span><\/li>\n<li><span dir=\"auto\" style=\"vertical-align: inherit;\"><span dir=\"auto\" style=\"vertical-align: inherit;\">Estrutura de textura multidimensional: Combinando elementos visuais (gradiente, laser) e sensa\u00e7\u00f5es t\u00e1ctiles (impress\u00e3o elevada, mecanismo aberto invertido), criando texturas exquisitas que atendem \u00e0s prefer\u00eancias dos consumidores estrangeiros para \"experi\u00eancia sensorial\".<\/span><\/span><\/li>\n<\/ul>\n<p>30\/50 ml Multi-purpose Gradient Glitter Soft Tube Body Design \u00b7 Visual Focus: Gradient Glitter Tube Body \u00b7 Laser Silver Brand \u00b7 Central Embossed Decorative Stripes; Juntos, eles criam um array visual poderoso e harmonioso que \u00e9 altamente impactante na prateleira.<\/p>\n<ul>\n<li>Informa\u00e7\u00e3o clara: O texto explicativo de ambos os lados \u00e9 impresso usando tinta preta duradoura, tornando a informa\u00e7\u00e3o funcional facilmente compreens\u00edvel e em conformidade com os requisitos regulamentares da ind\u00fastria.<\/li>\n<li>Design favor\u00e1vel ao homem: A abertura dent\u00e1ria padr\u00e3o de 6 mm \u00e9 vers\u00e1til, e o fim do tubo com parede reta facilita opera\u00e7\u00f5es de selagem eficientes e fechadas em linhas de produ\u00e7\u00e3o automatizadas.<\/li>\n<\/ul>\n<p><strong>Avantagens dos produtos\u00a0<\/strong><\/p>\n<p>As vantagens deste tubo de PE de transi\u00e7\u00e3o gradual de di\u00e2metro de 30 mm.<\/p>\n<p>&nbsp;<\/p>\n<ul>\n<li>Estabelecer uma imagem de marca da ind\u00fastria de refer\u00eancia: A linguagem \u00fanica de design separa o produto em prateleiras de lojas, posicionando instantaneamente a marca como l\u00edder na ind\u00fastria conhecida pela sua \u00eanfase no design, qualidade e experi\u00eancia de usu\u00e1rio.<\/li>\n<li>Capacidades fortes de pre\u00e7os pr\u00e9mios de categoria cruzada: O mesmo design de embalagem pode ser usado para produtos de corte de pele de alto alcance, equipamentos m\u00e9dicos especializados consum\u00edveis e materiais industriais pr\u00e9mios, permitindo que as marcas se expandam em diferentes setores, mantendo uma imagem consistente de alto alcance.<\/li>\n<li>Um aumento significativo na lealdade dos usu\u00e1rios: A cobertura de uma sola m\u00e3o n\u00e3o apenas aborda pontos de dor funcionais, mas tamb\u00e9m proporciona uma experi\u00eancia de usu\u00e1rios pensados. Essa conveni\u00eancia se traduz em fortes prefer\u00eancias para o produto e sentimento positivo da marca.<\/li>\n<li>Comunica\u00e7\u00e3o precisa do mercado global: varia\u00e7\u00f5es de cores graduales inspiradas pela imagem natural servem como uma linguagem visual universalmente compreendida, mitigando assim o risco de diferen\u00e7as culturais. Nosso artesanato meticuloso e design funcional se alinham com as expectativas dos consumidores globais de qualidade.<\/li>\n<li>Optimiza\u00e7\u00e3o da efici\u00eancia da cadeia de abastecimento: Com a mesma moldura corporal de tubo e linha de preenchimento, diferentes produtos com posicionamento diferente podem ser produzidos simplesmente mudando as cores gradientes de tinta e capa, aumentando muito a flexibilidade de produ\u00e7\u00e3o.<\/li>\n<\/ul>\n<p>&nbsp;<\/p>\n<ul>\n<li><b><\/b><strong><b>Scen\u00e1rios de aplica\u00e7\u00e3o para o produto<\/b><\/strong><\/li>\n<\/ul>\n<p>O design de tubo mole PE de transi\u00e7\u00e3o gradual com di\u00e2metro de 30 mm \u00e9 adequado para os seguintes cen\u00e1rios: \u201cEsta\u00e7\u00e3o de Carga R\u00e1pida Comutadora\u201d para mulheres urbanas. Com apenas uma m\u00e3o, as mulheres podem facilmente abrir e usar protec\u00e7\u00e3o solar ou produtos umidificadores no banheiro de escrit\u00f3rio ou no metro, tornando-o elegante e conveniente.<\/p>\n<ul>\n<li>\u201cKit de prote\u00e7\u00e3o pessoal para entusiastas externos\u201d: Ideal para uso durante caminhada ou ciclismo, este kit permite aplica\u00e7\u00e3o f\u00e1cil de prote\u00e7\u00e3o solar ou lubricante com uma m\u00e3o, sem necessidade de parar. A embalagem apresenta uma cor azul do c\u00e9u que se mistura sem problemas com o ambiente exterior.<\/li>\n<li>\u201cFluxo de trabalho eficiente\u201d em cl\u00ednicas m\u00e9dicas: Quando m\u00e9dicos ou t\u00e9cnicos realizam exames sobre pacientes, eles podem aplicar efortosamente agente de acoplamento com uma m\u00e3o, assegurando um processo liso e higi\u00e9nico que melhora a efici\u00eancia diagn\u00f3stica e profissionalismo.<\/li>\n<li><span dir=\"auto\" style=\"vertical-align: inherit;\"><span dir=\"auto\" style=\"vertical-align: inherit;\">\"Ferramenta de Inspira\u00e7\u00e3o Creativa\": Este lubrificante amarelo ao p\u00f4r do sol ou pigmento \u00e9 uma escolha ideal para designers ou modelos entusiastas para usar em suas esta\u00e7\u00f5es de trabalho. Sua conveni\u00eancia e seu pr\u00f3prio senso de design ajudam a estimular a criatividade.<\/span><\/span><\/li>\n<li><span dir=\"auto\" style=\"vertical-align: inherit;\"><span dir=\"auto\" style=\"vertical-align: inherit;\">Um companheiro confi\u00e1vel para sa\u00eddas familiares: Os pais podem facilmente aplicar protec\u00e7\u00e3o solar a seus filhos na praia ou no parque com apenas uma m\u00e3o. O produto \u00e9 embalado em rosa ou azul e \u00e9 amado pelas crian\u00e7as. O design de invers\u00e3o tamb\u00e9m efetivamente impede a areia entrar.<\/span><\/span><\/li>\n<\/ul>\n<p>&nbsp;<\/p>","protected":false},"featured_media":3566,"comment_status":"closed","ping_status":"closed","template":"","meta":[],"product_brand":[],"product_cat":[29,45],"product_tag":[],"class_list":{"0":"post-2111","1":"product","2":"type-product","3":"status-publish","4":"has-post-thumbnail","6":"product_cat-skin-care-plastic-tube","7":"product_cat-30-pe-plastic-tube","9":"first","10":"instock","11":"shipping-taxable","12":"purchasable","13":"product-type-simple"},"_links":{"self":[{"href":"https:\/\/www.hongyitube.com\/pt\/wp-json\/wp\/v2\/product\/2111","targetHints":{"allow":["GET"]}}],"collection":[{"href":"https:\/\/www.hongyitube.com\/pt\/wp-json\/wp\/v2\/product"}],"about":[{"href":"https:\/\/www.hongyitube.com\/pt\/wp-json\/wp\/v2\/types\/product"}],"replies":[{"embeddable":true,"href":"https:\/\/www.hongyitube.com\/pt\/wp-json\/wp\/v2\/comments?post=2111"}],"wp:featuredmedia":[{"embeddable":true,"href":"https:\/\/www.hongyitube.com\/pt\/wp-json\/wp\/v2\/media\/3566"}],"wp:attachment":[{"href":"https:\/\/www.hongyitube.com\/pt\/wp-json\/wp\/v2\/media?parent=2111"}],"wp:term":[{"taxonomy":"product_brand","embeddable":true,"href":"https:\/\/www.hongyitube.com\/pt\/wp-json\/wp\/v2\/product_brand?post=2111"},{"taxonomy":"product_cat","embeddable":true,"href":"https:\/\/www.hongyitube.com\/pt\/wp-json\/wp\/v2\/product_cat?post=2111"},{"taxonomy":"product_tag","embeddable":true,"href":"https:\/\/www.hongyitube.com\/pt\/wp-json\/wp\/v2\/product_tag?post=2111"}],"curies":[{"name":"wp","href":"https:\/\/api.w.org\/{rel}","templated":true}]}}