{"id":2103,"date":"2025-07-11T18:21:21","date_gmt":"2025-07-11T10:21:21","guid":{"rendered":"https:\/\/www.hongyitube.com\/product\/%cf%8619-pe-plastic-tube-refilling-bottle-skin-care-cosmetics-lotion-special-refilling-bottle-colored-transparent-skin-care-plastic-tube-5-3\/"},"modified":"2026-01-09T13:01:12","modified_gmt":"2026-01-09T05:01:12","slug":"30-pe-plastic-tube-refilling-bottle-skin-care-cosmetics-lotion-special-refilling-bottle-colored-transparent-skin-care-plastic-tube-1","status":"publish","type":"product","link":"https:\/\/www.hongyitube.com\/pt\/product\/30-pe-plastic-tube-refilling-bottle-skin-care-cosmetics-lotion-special-refilling-bottle-colored-transparent-skin-care-plastic-tube-1\/","title":{"rendered":"30-50ml 1,00 -1,69fl.oz 30-50g,30mm di\u00e2metro, branco, perlelescente, tubo mole PE gradiente rosa\/p\u00farpura, de base l\u00edquida, tipo de emuls\u00e3o, ess\u00eancia semelhante ao creme, corte de pele, limpeza facial, recipiente de embalagem individual &#8211; Hongyi Plastic"},"content":{"rendered":"<p>Hongyi[UNK]Plastic30-50ml 1,00 -1,69fl.oz 30-50g,30mm di\u00e2metro, branco, perlelescente, tubo mole PE gradiente rosa\/roxa, de base l\u00edquida, tipo emuls\u00e3o, ess\u00eancia semelhante ao creme, corte de pele, limpeza facial, recipiente de embalagem individual.<\/p>\n<p>ers.<\/p>\n<ol>\n<li>Explica\u00e7\u00e3o do produto O tubo macio Gradiente Glitter Multipurpose 30\/50 mL (com selagem quente e tratamento laser) \u00e9 um tubo macio baseado em PE com di\u00e2metro de 30 mm, com capacidades padr\u00e3o de 30 mL e 50 mL. O corpo do tubo \u00e9 adornado com uma base elegante como perla branca, complementado por um efeito gradiente rosa sonhado ou misterioso violeta, aumentando instantaneamente o apelo visual do produto. O nome de marca prominente \u00e9 mostrado usando uma t\u00e9cnica de selo quente de prata laser, que brilha com mudan\u00e7as na luz&#8217; o \u00e2ngulo, tornando-o altamente atraente. A sec\u00e7\u00e3o m\u00e9dia do corpo do tubo apresenta linhas radiais rosas ou roxas, adicionando profundidade e qualidade t\u00e1ctil ao design. Todos os textos explicativos e par\u00e2metros s\u00e3o impressos em tinta negra clara, assegurando que a informa\u00e7\u00e3o permanece leg\u00edvel ao longo do tempo. Al\u00e9m disso, um logotipo especialmente concebido de marca de 60 mm de comprimento, emboscado em ouro, \u00e9 colocado na frente do tubo, refor\u00e7ando ainda mais a imagem da marca. O tubo o ombro at\u00e9 o fim \u00e9 projetado com linhas retas, facilitando a selagem f\u00e1cil, e vem com um fio padr\u00e3o de 6 mm para compatibilidade com v\u00e1rios tamp\u00f5es de garrafas criativas.<\/li>\n<\/ol>\n<p>&nbsp;<\/p>\n<ol start=\"2\">\n<li>Material de Produtos<\/li>\n<\/ol>\n<p>&nbsp;<\/p>\n<ul>\n<li>Tubo corporal: Polietileno de alta qualidade (PE). Esse material possui excelente flexibilidade e resist\u00eancia \u00e0 compress\u00e3o, permitindo um controle f\u00e1cil sobre a quantidade de pasta extra\u00edda. O material PE \u00e9 qu\u00edmicamente est\u00e1vel e compat\u00edvel com uma ampla gama de formula\u00e7\u00f5es, incluindo emuls\u00f5es, gelos, cremas e mais, assegurando que o conte\u00fado seja puro e seguro.<\/li>\n<li>Corpo de cobertura: Diversos tipos de tamp\u00f5es de garrafas feitos de diferentes materiais (como PP, ABS, etc.) e processos de fabrica\u00e7\u00e3o podem ser usados dependendo dos requisitos espec\u00edficos.<\/li>\n<\/ul>\n<p>&nbsp;<\/p>\n<p><strong><b>Aplica\u00e7\u00f5es recomendadas <\/b><\/strong>\"<\/p>\n<p>Nosso produto de 30\/50 ml de mangueira progressiva multiprop\u00f3sito (com processo de queimadura e laser) \u00e9 recomendado para uso<\/p>\n<p>&nbsp;<\/p>\n<ul>\n<li>Produtos de cuidado cut\u00e2neo de alto n\u00edvel: como ess\u00eancia anti-envelhecimento, creme de vitamina C, gel umidor.<\/li>\n<li>Produtos de cuidado alvo: como acne creams, eye care gels, lip balms.<\/li>\n<li>Travel Outfits &amp; Exemplos: O aspecto exquisito faz com que seja um fato ideal de viagem de alto n\u00edvel ou um ensaio promocional.<\/li>\n<li>Produtos de Sal\u00e3o Profissional: Prepara\u00e7\u00f5es t\u00f3picas profissionais usadas em gelas de cabelo, cremas de estilo ou cl\u00ednicas de cuidado da pele.<\/li>\n<li>Manual DIY e mercado de lucro: adequado para produtos naturais de cuidado da pele, marca ou creme de artesanato.<\/li>\n<\/ul>\n<h3>1.\u00a0 <strong><b>Atributos do produto\u00a0<\/b><\/strong><\/h3>\n<p>As caracter\u00edsticas do nosso produto, um tubo mole de perlas gradiente de 30\/50 mililitros a v\u00e1rios prop\u00f3sitos (com marca\u00e7\u00e3o quente e t\u00e9cnicas de grava\u00e7\u00e3o laser) incluem: &#8211; - Design muito atraente: A combina\u00e7\u00e3o de uma cor de base de perlas com cores gradientes encontra os consumidores&#8217; - altas expectativas est\u00e9ticas.<\/p>\n<ul>\n<li>M\u00faltiples t\u00e9cnicas avan\u00e7adas: Combinando diversas t\u00e9cnicas decorativas como impress\u00e3o de tela, impress\u00e3o offset e transfer \u00eancia de calor (prata laser, selo de folha de ouro) cria uma profundidade visual e t\u00e1ctil rico, mostrando a meticulosa artesanidade da marca.<\/li>\n<li>Compatibilidade excepcional: Designada especificamente para produtos como pastas, cremas e gelos, assegurando uma experi\u00eancia de dispensa\u00e7\u00e3o lissa e sem res\u00edduos.<\/li>\n<li>Flexibilidade de personaliza\u00e7\u00e3o robusta: Ofere uma variedade de op\u00e7\u00f5es de gradiente de cores e pode ser parejado com diferentes tipos de cores eletropl\u00e1tadas, cores moldadas por inje\u00e7\u00e3o, termina\u00e7\u00f5es de matte, bem como capas de screw de forma personalizada, de baixo perfil ou capas de flip-top, permitindo possibilidades de personaliza\u00e7\u00e3o virtualmente ilimitadas.<\/li>\n<li>Dur\u00e1vel e robusto: O design do extremo do tubo reta assegura um selo seguro e aperto ao ar, protegendo efetivamente o conte\u00fado.<\/li>\n<\/ul>","protected":false},"excerpt":{"rendered":"<p><b><\/b><strong><b>Design de Tube Body<\/b><\/strong>.<\/p>\n<p>30\/50 ml Multi-purpose Gradient Glitter Soft Tube Body Design \u00b7 Visual Focus: Gradient Glitter Tube Body \u00b7 Laser Silver Brand \u00b7 Central Embossed Decorative Stripes; Juntos, eles criam um array visual poderoso e harmonioso que \u00e9 altamente impactante na prateleira.<\/p>\n<ul>\n<li>Informa\u00e7\u00e3o clara: O texto explicativo de ambos os lados \u00e9 impresso usando tinta preta duradoura, tornando a informa\u00e7\u00e3o funcional facilmente compreens\u00edvel e em conformidade com os requisitos regulamentares da ind\u00fastria.<\/li>\n<li>Design favor\u00e1vel ao homem: A abertura dent\u00e1ria padr\u00e3o de 6 mm \u00e9 vers\u00e1til, e o fim do tubo com parede reta facilita opera\u00e7\u00f5es de selagem eficientes e fechadas em linhas de produ\u00e7\u00e3o automatizadas.<\/li>\n<\/ul>\n<p>Avantagens dos produtos<\/p>\n<p>Avantagens do produto<\/p>\n<ul>\n<li>Aumentar o valor da marca: A combina\u00e7\u00e3o de artesanato avan\u00e7ado e design posiciona instantaneamente o produto como &#8220; pr\u00e9mio  and &#8220; moda,&#8221; - permitindo que a marca comande um pre\u00e7o prim\u00e1rio.<\/li>\n<li>Atirar a base de clientes alvo:<\/li>\n<li>Vers\u00e3o feminina (gradiente rosa): perfeitamente alinha com as qualidades rom\u00e2nticas, suaves e doces caracter\u00edsticas do mercado feminino. \u00c9 ideal para produtos de carne de pele, cremes de m\u00e3o, pot\u00e7\u00f5es de maquilhagem e outros itens semelhantes.<\/li>\n<li>Vers\u00e3o masculina (gradiente roxa\/cobertura escura): O gradiente roxa exude mist\u00e9rio, sofistica\u00e7\u00e3o e individualidade. Combinada com uma cobertura de madeira negra ou metal, ela pode criar uma imagem de corte de pele modern a e minimalista de homens ou produtos de cuidado de cabelo.<\/li>\n<li>Crian\u00e7a vers\u00e3o s (capa rosa\/roxa \u201c em forma incomum): A combina\u00e7\u00e3o de cores brilhantes com capas giras e incomum (como ursos ou estrelas) pode imediatamente captivar tanto crian\u00e7as como pais. \u00c9 adequado para crian\u00e7as s cremas de rosto, lavagem de corpo, prote\u00e7\u00e3o solar e outros produtos.<\/li>\n<li>Aplicabilidade interdisciplinar:<\/li>\n<li>Ind\u00fastria da beleza e da pele: cremes de rosto, primer, m\u00e1scaras de sono, cremes de cuidado localizados, e cremes de remo\u00e7\u00e3o de maquilhagem.<\/li>\n<li>Ind\u00fastria farmac\u00eautica: ingr\u00e9deas externas, cremas de queimadura, gels anest\u00e9sicos locais, ingr\u00e9deas antibacterias. (\u00c9 essencial assegurar que os materiais e embalagens se conformem com as regras de farmacopoeia locais.)<\/li>\n<li>Sectores industriais: Pasta de soldamento de precis\u00e3o, lubricantes, adesivos, revestimentos de amostras. Colores vibrantes e apar\u00eancias profissionais ajudam a distinguir entre diferentes produtos e modelos.<\/li>\n<li>Aten\u00e7\u00e3o \u00e0s prefer\u00eancias dos consumidores estrangeiros: Os consumidores na Europa e nos Estados Unidos colocam uma forte \u00eanfase na natureza personalizada, na amizade ambiental (PE \u00e9 reciclable) e na experi\u00eancia de desboxamento dos produtos. Este design faz um forte impacto visual, e a textura de alta qualidade melhora a experi\u00eancia geral do usu\u00e1rio.<\/li>\n<\/ul>\n<p>&nbsp;<\/p>\n<ul>\n<li><b><\/b><strong><b>Scen\u00e1rios de aplica\u00e7\u00e3o para o produto\u00a0<\/b><\/strong><\/li>\n<\/ul>\n<p>Recomendam-se os cen\u00e1rios de uso deste tubo mole de cor branca de perlelescente de 30\/50 mililitros de PE. \u2022 Rutina de carne diaria: Na esta\u00e7\u00e3o de maquilhagem ou banheiro, o elegante design do tubo acrescenta um toque de beleza.<\/p>\n<ul>\n<li>Conveniente para carregar: O tamanho compacto e a tampa segura tornam f\u00e1cil armazenar em sacos de m\u00e3o, sacos de fitness ou bagagem de viagem, permitindo contactos f\u00e1ceis em qualquer momento.<\/li>\n<li>Esta\u00e7\u00f5es de Trabalho Profissionais: Em oficinas de repara\u00e7\u00e3o eletr\u00f4nica ou laborat\u00f3rios, um projeto claro ajuda a rapidamente identificar e acessar com precis\u00e3o pastas industriais.<\/li>\n<li>Gifts and Sets: O design elegante faz com que seja uma escolha excelente para os presentes de f\u00e9rias, os conjuntos de beleza ou os itens promocionais corporativos.<\/li>\n<li>Visualiza\u00e7\u00e3o de retalho: As cores de gradiente \u00fanicas e a finaliza\u00e7\u00e3o brilhante podem fazer o produto destacar em um ambiente competitivo de retalho, incentivando os clientes a pegar ativamente o produto.<\/li>\n<\/ul>","protected":false},"featured_media":2110,"comment_status":"closed","ping_status":"closed","template":"","meta":[],"product_brand":[],"product_cat":[29,45],"product_tag":[],"class_list":{"0":"post-2103","1":"product","2":"type-product","3":"status-publish","4":"has-post-thumbnail","6":"product_cat-skin-care-plastic-tube","7":"product_cat-30-pe-plastic-tube","9":"first","10":"instock","11":"shipping-taxable","12":"purchasable","13":"product-type-simple"},"_links":{"self":[{"href":"https:\/\/www.hongyitube.com\/pt\/wp-json\/wp\/v2\/product\/2103","targetHints":{"allow":["GET"]}}],"collection":[{"href":"https:\/\/www.hongyitube.com\/pt\/wp-json\/wp\/v2\/product"}],"about":[{"href":"https:\/\/www.hongyitube.com\/pt\/wp-json\/wp\/v2\/types\/product"}],"replies":[{"embeddable":true,"href":"https:\/\/www.hongyitube.com\/pt\/wp-json\/wp\/v2\/comments?post=2103"}],"wp:featuredmedia":[{"embeddable":true,"href":"https:\/\/www.hongyitube.com\/pt\/wp-json\/wp\/v2\/media\/2110"}],"wp:attachment":[{"href":"https:\/\/www.hongyitube.com\/pt\/wp-json\/wp\/v2\/media?parent=2103"}],"wp:term":[{"taxonomy":"product_brand","embeddable":true,"href":"https:\/\/www.hongyitube.com\/pt\/wp-json\/wp\/v2\/product_brand?post=2103"},{"taxonomy":"product_cat","embeddable":true,"href":"https:\/\/www.hongyitube.com\/pt\/wp-json\/wp\/v2\/product_cat?post=2103"},{"taxonomy":"product_tag","embeddable":true,"href":"https:\/\/www.hongyitube.com\/pt\/wp-json\/wp\/v2\/product_tag?post=2103"}],"curies":[{"name":"wp","href":"https:\/\/api.w.org\/{rel}","templated":true}]}}