{"id":2095,"date":"2025-07-11T18:21:21","date_gmt":"2025-07-11T10:21:21","guid":{"rendered":"https:\/\/www.hongyitube.com\/product\/%cf%8622-pe-plastic-tube-refilling-bottle-skin-care-cosmetics-lotion-special-refilling-bottle-colored-transparent-skin-care-plastic-tube-4-2\/"},"modified":"2026-01-08T18:40:10","modified_gmt":"2026-01-08T10:40:10","slug":"%cf%8625-pe-plastic-tube-refilling-bottle-skin-care-cosmetics-lotion-special-refilling-bottle-colored-transparent-skin-care-plastic-tube-1","status":"publish","type":"product","link":"https:\/\/www.hongyitube.com\/pt\/product\/%cf%8625-pe-plastic-tube-refilling-bottle-skin-care-cosmetics-lotion-special-refilling-bottle-colored-transparent-skin-care-plastic-tube-1\/","title":{"rendered":"25 10ml-20ml 0,34-0,68fl.oz S\u00e9ria gradual de cores gradientes de materiais de embalagem de tubos moles pl\u00e1sticos.  &#8211; Hongyi Plastic"},"content":{"rendered":"<p>Hongyi[UNK]Plastic\u03a625 10ml-20mlGradual gradient-colored series of plastic soft tube packaging materials.  &#8211; - Hongyi[UNK]Plastic.<\/p>\n<p>Nossa solu\u00e7\u00e3o de embalagem \u00e9 especificamente projetada para creme fino, de alto n\u00edvel ou produtos l\u00edquidos. O componente central \u00e9 um tubo mole composto com di\u00e2metro interno de 25 mm, um comprimento sem tampa de 68 mm e uma capacidade variando de 10 a 20 ml. Esta solu\u00e7\u00e3o \u00e9 ideal para embalagem produtos de pequena capacidade, de alto valor. O corpo do tubo \u00e9 feito de um tubo b\u00e1sico branco, com um efeito de mudan\u00e7a de cor alcan\u00e7ado atrav\u00e9s da impress\u00e3o de tela, apresentando sombras puras de violeta, azul ou vermelho. Isto cria um atraente visual elegante e moderno. O texto da marca e a informa\u00e7\u00e3o b\u00e1sica s\u00e3o impressos usando a impress\u00e3o de tela de seda, assegurando clareza e durabilidade. A se\u00e7\u00e3o de padr\u00f5es usa um papel gradiente no mesmo esquema de cores para marcar quente, que se integra sem problemas com a cor do corpo do tubo e acrescenta uma textura luxuosa. A abertura do tubo apresenta um pequeno design dental, parejado com um tamp\u00e3o branco, facilitando o controle exato sobre a quantidade utilizada. Finalmente, o tubo est\u00e1 selado com uma tampa branca com moldura de inje\u00e7\u00e3o, resultando em um design simples, harmonioso e altamente funcional.<\/p>\n<p><strong><b>Aplica\u00e7\u00f5es recomendadas <\/b><\/strong>\"<\/p>\n<p>Essa mangueira de embalagem \u00e9 especialmente recomendada para uso com os seguintes tipos de produtos:<\/p>\n<p>&nbsp;<\/p>\n<ul>\n<li>O setor da beleza e cuidado pessoal: l\u00edquidos de ess\u00eancia de alto n\u00edvel, cremes de pr\u00e9-maquilhagem, ess\u00eancia anti-envelhecimento localizada, escondidor, mascara, tinta de marr\u00e3o, l\u00edquidos de destaque, \u00f3leos essenciais de pele e mais.<\/li>\n<li>O campo dos cuidados farmac\u00eauticos e de sa\u00fade: gelas aplicados localmente, engrenagens, cremas de repara\u00e7\u00e3o de cicatrizes, engrenagens nasais e outros produtos semelhantes.<\/li>\n<li>Ind\u00fastria qu\u00edmica fina: Produtos como aderentes fortes, lubricantes e pastas de pigmento que requerem controle preciso sobre a quantidade utilizada.<\/li>\n<\/ul>\n<p>&nbsp;<\/p>\n<h3>1. <strong><b>Atributos do produto\u00a0<\/b><\/strong><\/h3>\n<ol>\n<li>Cores e artesanato excelentes: O corpo do tubo branco \u00e9 parejado com uma tinta gradiente monocrom\u00e1tica, resultando em uma transi\u00e7\u00e3o natural de cores com uma textura de alto n\u00edvel. O texto impresso \u00e9 duradouro, e os padr\u00f5es emboscados aumentam o produto \u00e9 qualidade.<\/li>\n<li>Controlo de Volume Preciso: O pequeno design de volume de 10-20 ml, combinado com a ponta ponta interior, permite uso preciso e medido, prevenindo res\u00edduos.<\/li>\n<li>Propriedades excepcionais de selagem: A combina\u00e7\u00e3o do tamp\u00e3o interior pontuado e do tamp\u00e3o de screw proporciona duas prote\u00e7\u00f5es de selagem, evitando efetivamente vazamento, secagem ou contamina\u00e7\u00e3o do conte\u00fado.<\/li>\n<li>Experi\u00eancia personalizada do usu\u00e1rio: O design de abertura de tubos pequenos assegura rota\u00e7\u00e3o suave e manejo confort\u00e1vel; O design da ponta apontada facilita a aplica\u00e7\u00e3o do produto a \u00e1reas espec\u00edficas ou pequenas regi\u00f5es.<\/li>\n<li>Materiales seguros e confi\u00e1veis: Os tubos e parafusos internos, bem como os tamp\u00f5es, s\u00e3o feitos de materiais que cumprem padr\u00f5es relevantes, assegurando compatibilidade com o conte\u00fado, seguran\u00e7a e higiene.<\/li>\n<\/ol>","protected":false},"excerpt":{"rendered":"<p>&nbsp;<\/p>\n<ul>\n<li><b><\/b><strong><b>Design de Tube Body<\/b><\/strong>.<\/li>\n<li>Cor e Gr\u00e1fica: Adoptar a filosofia do design de &#8220; menos \u00e9 mais. &#8221; O tubo de fundo branco serve como uma tela pura, e o gradiente de uma \u00fanica cor acrescenta profundidade e sentimento din\u00e2mico, evitando a monotonia de cores puras. Os padr\u00f5es emboscados est\u00e3o na mesma paleta de cores que o fundo gradiente, criando varia\u00e7\u00f5es e camadas de luminosidade sutis, exudando um senso de luxo subestimado.<\/li>\n<li>Combina\u00e7\u00e3o tecnol\u00f3gica: Este produto integra tr\u00eas t\u00e9cnicas diferentes: impress\u00e3o offset (para aplica\u00e7\u00f5es de cores em grande escala), impress\u00e3o de tela (para informa\u00e7\u00e3o baseada em texto) e selo quente (para padr\u00f5es decorativos). A impress\u00e3o offset assegura cores vibrantes e uniformes; a impress\u00e3o da tela faz o texto destacar e \u00e9 duradoura; o selo quente serve como um toque final, melhorando tanto o apelo visual como a experi\u00eancia t\u00e1ctil da embalagem.<\/li>\n<li>Estrutura: O corpo cilindrico padr\u00e3o, com um comprimento de 68mm, o torna compacto e elegante, facilitando facilidade de manejo e carregamento.<\/li>\n<\/ul>\n<p>Avantagens dos produtos<\/p>\n<ol>\n<li>Apela\u00e7\u00e3o visual forte: A combina\u00e7\u00e3o de cores gradientes e processo de selo quente torna o produto altamente reconhec\u00edvel e elevado em prateleiras ou em p\u00e1ginas de com\u00e9rcio electr\u00f3nico, capturando efetivamente os consumidores&#8217; aten\u00e7\u00e3o.<\/li>\n<li>Unidade de fun\u00e7\u00e3o e forma: N\u00e3o s\u00f3 tem uma apar\u00eancia exquisita, mas o design da ponta apontada inser\u00e7\u00e3o e dentes pequenos aumenta significativamente a conveni\u00eancia e precis\u00e3o do uso, misturando estetica sem problemas com a pr\u00e1tica.<\/li>\n<li>Melhorar a imagem da marca: Os detalhes meticulosos de embalagem transmitem a marca&#8217; a busca de qualidade, que ajuda a formar uma imagem profissional e de marca de alto n\u00edvel.<\/li>\n<li>Protec\u00e7\u00e3o do conte\u00fado: O produto apresenta excelentes propriedades de selagem e barreira, que efetivamente protegem a pasta\/l\u00edquido da exposi\u00e7\u00e3o \u00e0 luz, ar e contaminantes, garantindo assim a estabilidade e fresca do produto.<\/li>\n<li>Excelente experi\u00eancia de usu\u00e1rio: O processo inteiro, desde abrir o recipiente para usar e ent\u00e3o fech\u00e1-lo, \u00e9 suave, limpo e preciso, aumentando significativamente o consumidor&#8217; \u00e9 satisfa\u00e7\u00e3o com o produto.<\/li>\n<\/ol>\n<ul>\n<li><b><\/b><strong><b>Scen\u00e1rios de aplica\u00e7\u00e3o do produto.\u00a0<\/b><\/strong><\/li>\n<li>Rotinas de carne e maquilhagem di\u00e1rias: Os consumidores podem aplicar exatamente a ess\u00eancia ou o umidificador pr\u00e9-maquilhagem durante a rotina de carne di\u00e1ria; ou quando aplicam maquilhagem, eles podem usar a ponta apontada para aplicar escondidor com precis\u00e3o.<\/li>\n<li>Viagem e Portabilidade: Seu tamanho compacto se ajusta perfeitamente \u00e0s regras para bagagem de carregamento da companhia a \u00e9rea, tornando f\u00e1cil armazenar em um saco de maquilhagem, bolso ou clutch, permitindo comodidades de maquilhagem em marcha ou rotinas de corte de pele.<\/li>\n<li>Sal\u00f5es Profissionais e Esta\u00e7\u00f5es de Trabalho: Estileiros de cabelo podem us\u00e1-lo para conter pequenas quantidades de gel de cabelo ou tintura para estilo preciso; Os profissionais de beleza podem us\u00e1-la para manter produtos localizados de corte de pele.<\/li>\n<li>Gift Sets e Paquetes Promotionais: O design elegante os torna perfeitos para ser usados como presente de f\u00e9rias, recompensas de membro, ou como amostras para mostrar linhas de produtos de alto n\u00edvel, melhorando assim a percep\u00e7\u00e3o global do valor dos presentes.<\/li>\n<\/ul>","protected":false},"featured_media":0,"comment_status":"closed","ping_status":"closed","template":"","meta":[],"product_brand":[],"product_cat":[29,44],"product_tag":[],"class_list":{"0":"post-2095","1":"product","2":"type-product","3":"status-publish","5":"product_cat-skin-care-plastic-tube","6":"product_cat-25-pe-plastic-tube","8":"first","9":"instock","10":"shipping-taxable","11":"purchasable","12":"product-type-simple"},"_links":{"self":[{"href":"https:\/\/www.hongyitube.com\/pt\/wp-json\/wp\/v2\/product\/2095","targetHints":{"allow":["GET"]}}],"collection":[{"href":"https:\/\/www.hongyitube.com\/pt\/wp-json\/wp\/v2\/product"}],"about":[{"href":"https:\/\/www.hongyitube.com\/pt\/wp-json\/wp\/v2\/types\/product"}],"replies":[{"embeddable":true,"href":"https:\/\/www.hongyitube.com\/pt\/wp-json\/wp\/v2\/comments?post=2095"}],"wp:attachment":[{"href":"https:\/\/www.hongyitube.com\/pt\/wp-json\/wp\/v2\/media?parent=2095"}],"wp:term":[{"taxonomy":"product_brand","embeddable":true,"href":"https:\/\/www.hongyitube.com\/pt\/wp-json\/wp\/v2\/product_brand?post=2095"},{"taxonomy":"product_cat","embeddable":true,"href":"https:\/\/www.hongyitube.com\/pt\/wp-json\/wp\/v2\/product_cat?post=2095"},{"taxonomy":"product_tag","embeddable":true,"href":"https:\/\/www.hongyitube.com\/pt\/wp-json\/wp\/v2\/product_tag?post=2095"}],"curies":[{"name":"wp","href":"https:\/\/api.w.org\/{rel}","templated":true}]}}