{"id":2069,"date":"2025-07-11T18:21:21","date_gmt":"2025-07-11T10:21:21","guid":{"rendered":"https:\/\/www.hongyitube.com\/product\/%cf%8619-pe-plastic-tube-refilling-bottle-skin-care-cosmetics-lotion-special-refilling-bottle-colored-transparent-skin-care-plastic-tube-3-3\/"},"modified":"2026-01-08T16:33:12","modified_gmt":"2026-01-08T08:33:12","slug":"19-pe-plastic-tube-refilling-bottle-skin-care-cosmetics-lotion-special-refilling-bottle-colored-transparent-skin-care-plastic-tube-5","status":"publish","type":"product","link":"https:\/\/www.hongyitube.com\/pt\/product\/19-pe-plastic-tube-refilling-bottle-skin-care-cosmetics-lotion-special-refilling-bottle-colored-transparent-skin-care-plastic-tube-5\/","title":{"rendered":"\u03a619 10 ml-15 ml Semi-transparente corte de pele fino dente, maquilhagem e embalagem de tubos moles pl\u00e1sticos cosm\u00e9ticos\/recipiente disposto- Hongyi Plastic"},"content":{"rendered":"<ul>\n<li>HongyiPlastic \u03a619[UNK]10ml-15ml<\/li>\n<li>Esta \u00e9 uma solu\u00e7\u00e3o de embalagem de alto n\u00edvel especificamente projetada para marcas que valorizam tanto eleg\u00e2ncia como divertid\u00e3o. N\u00e3o \u00e9 apenas um tubo de embalagem; \u00e9 uma pe\u00e7a de arte no usu\u00e1rio&#8217; a m\u00e3o. Ao combinar perfeitamente corpo semi-transparente de tubos, finais brilhantes, padr\u00f5es de impress\u00e3o complexos de corte laser, e detalhes elegantes de cera rosa, ele tem como objetivo proporcionar uma experi\u00eancia visual e t\u00e1ctil inequ\u00edvoca para beleza, cuidado pessoal e produtos culturais criativos. O material do corpo do tubo selecionado \u00e9 um tubo pl\u00e1stico de alta qualidade com di\u00e2metro padr\u00e3o de 19 mm. O material \u00e9 seguro, ecol\u00f3gico, tem boas propriedades de barreira, e pode proteger efetivamente os conte\u00fados da contamina\u00e7\u00e3o externa, ampliando assim o produto&#8217; a vida de plataforma. O pr\u00f3prio corpo do tubo tem um efeito semi-transparente, o que permite que a cor do creme seja subtilmente mostrada, proporcionando tamb\u00e9m uma excelente tela para processos de impress\u00e3o subsequentes.<\/li>\n<li>Tratamento de superf\u00edcie avan\u00e7ado: O corpo inteiro do tubo de embalagem de mangueira passa por um tratamento de alto brilho, resultando em uma superf\u00edcie suave e semelhante ao espelho que se sente seda e refinada. Isto n\u00e3o s\u00f3 aumenta a apar\u00eancia luxuosa, mas tamb\u00e9m melhora a durabilidade e resist\u00eancia ao arranque da embalagem.<\/li>\n<li>Processo de Impress\u00e3o Principal &#8211; Intricate Embossed Offset Printing: Esta \u00e9 a ess\u00eancia do nosso design. Utilizando tecnologia de impress\u00e3o offset de alta precis\u00e3o, d\u00fazias de padr\u00f5es miniat\u00f3rios como cor rosa de cireias, estrela de cinco pontos, vidro de vinho, presente, bal\u00e3o, bolo pequeno, nota musical, lollipop, cravata de arco, bouquet de flores, sol subindo e figuras s\u00e3o apresentadas na forma de &#8220; espa\u00e7o branco. &#8221; Esses padr\u00f5es n\u00e3o s\u00e3o blocos s\u00f3lidos de cor, mas s\u00e3o delineados por linhas finas, semelhantes a um lacete exquisito ou arte cortada de papel. atrav\u00e9s das perfura\u00e7\u00f5es nos padr\u00f5es, a textura semi-transparente do pr\u00f3prio tubo \u00e9 vis\u00edvel, criando uma apar\u00eancia camada e din\u00e2mica que \u00e9 viva e encantadora.<\/li>\n<\/ul>\n<p><strong><b>Aplica\u00e7\u00f5es recomendadas <\/b><\/strong>\"<\/p>\n<ul>\n<li>Aplica\u00e7\u00f5es de Produtos:<\/li>\n<li>Contenedores de embalagem para a ind\u00fastria da beleza: Perfeito para produtos de pequena capacidade, de alto valor como creme de m\u00e3o, balme de l\u00e1bios, creme de ess\u00eancia localizada, escondidor, creme de face de tamanho de viagem, etc.<\/li>\n<li>Disprimento de garrafas para cuidado pessoal: adequado para formatos port\u00e1tiis como lot\u00f5es umidificadores, lot\u00f5es perfumadas, cremas funcionais e mais.<\/li>\n<li>No campo dos presentes culturais e criativos, essa embalagem pode ser usada para produtos como garrafas de distribui\u00e7\u00e3o de cola criativa, recipientes de pigmentos especializados, e creme cheiroso, tornando-a altamente adequada para fins de doa\u00e7\u00e3o de presentes.<\/li>\n<\/ul>\n<h3>1.\u00a0 <strong><b>Atributos do produto<\/b><\/strong><\/h3>\n<p>Extremamente visualmente atraente: O padr\u00e3o perforado \u00fanico destaca-se na prateleira, capturando instantaneamente os consumidores&#8217; aten\u00e7\u00e3o e estimula\u00e7\u00e3o de seu desejo de compra.<\/p>\n<ul>\n<li>Textura Pleasurable: A superf\u00edcie, com sua fini\u00e7\u00e3o brilhante e impress\u00e3o complexa, oferece uma experi\u00eancia confort\u00e1vel e agrad\u00e1vel de agarrar e apertar.<\/li>\n<li>Sentimento de qualidade: A combina\u00e7\u00e3o de material semi-transparente e artesanato exquisito transmite silenciosamente a alta qualidade do produto e a marca&#8217; \u00e9 estilo refinado.<\/li>\n<\/ul>","protected":false},"excerpt":{"rendered":"<p>&nbsp;<\/p>\n<ul>\n<li><b><\/b><strong><b>Design de Tube Body<\/b><\/strong>.<\/li>\n<\/ul>\n<ol>\n<li>Pattern Design:<\/li>\n<\/ol>\n<ul>\n<li>Rich in theme: Combining elements such as love, five-point stars, and wine glasses, among more than ten joyful and celebratory small elements, it collectively forms a &#8220; miniatura de uma vida maravilhosa,&#8221; - rico em significado e potencial de contar hist\u00f3rias.<\/li>\n<li>Tamanho miniaturo: Cada design \u00e9 apresentado em tamanho miniaturo, permitindo arranjamento e combina\u00e7\u00e3o flex\u00edveis. Isso n\u00e3o s\u00f3 faz parecer vivo e bonito, mas tamb\u00e9m impede que pare\u00e7a chateado, fazendo com que seja uma alegria explorar.<\/li>\n<li>Tone Rosa Sakura: O esquema uniforme de cores rosas sakura assegura harmonia visual e unidade, adicionando um toque suave e rom\u00e2ntico com um forte apelo est\u00e9tico feminino, tornando-o altamente eficaz em alcan\u00e7ar a audi\u00eancia alvo.<\/li>\n<\/ul>\n<ol start=\"2\">\n<li>Design de texto funcional:<\/li>\n<\/ol>\n<ul>\n<li>Informa\u00e7\u00e3o clara e leg\u00edvel do produto impresso \u00e9 colocada na \u00e1rea transparente em branco do tubo. Esse design assegura que a informa\u00e7\u00e3o \u00e9 f\u00e1cil de ler, ao mesmo tempo que n\u00e3o detra do apelo est\u00e9tico global do design, alcan\u00e7ando um equil\u00edbrio entre funcionalidade e est\u00e9tica.<\/li>\n<\/ul>\n<ol start=\"3\">\n<li>Processo de selagem:<\/li>\n<\/ol>\n<ul>\n<li>Utiliza um projeto avan\u00e7ado de selagem de cauda fina. Comparado ao design tradicional de fios largos, o design de fios finos \u00e9 mais refinado e oferece melhor desempenho de selagem. A linha de selagem \u00e9 suave e est\u00e9ticamente agrad\u00e1vel, garantindo ainda mais a seguran\u00e7a e higiene do produto e refletindo aten\u00e7\u00e3o meticulosa aos detalhes.<\/li>\n<\/ul>\n<p>Avantagens dos produtos<\/p>\n<ul>\n<li>Est\u00e9tica Unica: A combina\u00e7\u00e3o do corpo semi-transparente do tubo, superf\u00edcie brilhante e impress\u00e3o encantada complexa cria uma profundidade visual e uma beleza distintiva que \u00e9 dif\u00edcil de replicar.<\/li>\n<li>Precis\u00e3o em Detalles: Desde o design de lattice miniatura e complexa at\u00e9 o fechamento de tampa de dentes finos e a escolha de uma tampa octagonal, todos os detalhes foram meticulosamente considerados como refletindo qualidade de alto n\u00edvel.<\/li>\n<li>Atributos fortes de presente: O design geral exude uma atmosfera festiva e doadora, com capacidades de compartilhamento social incorporadas, tornando-a perfeita para itens promocionais, presentes ou embalagens de produtos colaborativos.<\/li>\n<li>Adaptabilidade Flex\u00edvel: Ofere v\u00e1rias op\u00e7\u00f5es de cor para o corpo de cobertura, e pode facilmente se adaptar a diferentes hist\u00f3rias de marcas e posicionamento de produtos mudando a combina\u00e7\u00e3o dos padr\u00f5es perforados.<\/li>\n<li>Pr\u00e1tica e confi\u00e1vel: O uso de materiais de alta qualidade e o design de selagem asseguram tanto a pr\u00e1tica da embalagem como a prote\u00e7\u00e3o eficaz do conte\u00fado.<\/li>\n<li><b><\/b><strong><b>Scen\u00e1rios de aplica\u00e7\u00e3o para o produto\u00a0<\/b><\/strong><\/li>\n<\/ul>\n<p>Produtos festivos de edi\u00e7\u00e3o limitada (por exemplo, Dia do Valentino, Natal, Dia da M\u00e3e)<\/p>\n<ul>\n<li>Celebra\u00e7\u00e3o de anivers\u00e1rio de marca ou produto co-marcado<\/li>\n<li>Moda, beleza e produtos de cuidado pessoal adaptados para o mercado feminino<\/li>\n<li>Elementos \u00fanicos vendidos em lojas de alto n\u00edvel<\/li>\n<li>Usado como um favor de casamento ou como parte de uma caixa de presente VIP pr\u00e9mio.<\/li>\n<\/ul>\n<p>Escolhando este 19 mm &#8220; Cherry Blossom Story&#8221; O tubo suave n\u00e3o \u00e9 apenas selecionar uma embalagem; \u00e9 selecionar um &#8220; embaixador de contar hist\u00f3rias que est\u00e1 cheio de surpresas e pode melhorar sua marca a imagem.<\/p>","protected":false},"featured_media":2070,"comment_status":"closed","ping_status":"closed","template":"","meta":[],"product_brand":[],"product_cat":[29,42],"product_tag":[],"class_list":{"0":"post-2069","1":"product","2":"type-product","3":"status-publish","4":"has-post-thumbnail","6":"product_cat-skin-care-plastic-tube","7":"product_cat-19-pe-plastic-tube","9":"first","10":"instock","11":"shipping-taxable","12":"purchasable","13":"product-type-simple"},"_links":{"self":[{"href":"https:\/\/www.hongyitube.com\/pt\/wp-json\/wp\/v2\/product\/2069","targetHints":{"allow":["GET"]}}],"collection":[{"href":"https:\/\/www.hongyitube.com\/pt\/wp-json\/wp\/v2\/product"}],"about":[{"href":"https:\/\/www.hongyitube.com\/pt\/wp-json\/wp\/v2\/types\/product"}],"replies":[{"embeddable":true,"href":"https:\/\/www.hongyitube.com\/pt\/wp-json\/wp\/v2\/comments?post=2069"}],"wp:featuredmedia":[{"embeddable":true,"href":"https:\/\/www.hongyitube.com\/pt\/wp-json\/wp\/v2\/media\/2070"}],"wp:attachment":[{"href":"https:\/\/www.hongyitube.com\/pt\/wp-json\/wp\/v2\/media?parent=2069"}],"wp:term":[{"taxonomy":"product_brand","embeddable":true,"href":"https:\/\/www.hongyitube.com\/pt\/wp-json\/wp\/v2\/product_brand?post=2069"},{"taxonomy":"product_cat","embeddable":true,"href":"https:\/\/www.hongyitube.com\/pt\/wp-json\/wp\/v2\/product_cat?post=2069"},{"taxonomy":"product_tag","embeddable":true,"href":"https:\/\/www.hongyitube.com\/pt\/wp-json\/wp\/v2\/product_tag?post=2069"}],"curies":[{"name":"wp","href":"https:\/\/api.w.org\/{rel}","templated":true}]}}